{"id":18729,"date":"2022-09-27T22:42:43","date_gmt":"2022-09-27T22:42:43","guid":{"rendered":"https:\/\/photographer.lu\/erstattungs-und-rueckgabebestimmungen\/"},"modified":"2022-10-11T23:45:58","modified_gmt":"2022-10-11T23:45:58","slug":"erstattungs-und-rueckgabebestimmungen","status":"publish","type":"page","link":"https:\/\/photographer.lu\/de\/erstattungs-und-rueckgabebestimmungen\/","title":{"rendered":"Erstattungs- und R\u00fcckgabebestimmungen"},"content":{"rendered":"\n<p>Willkommen bei my Photographer.LU, der Heimat des <a href=\"https:\/\/photographer.lu\/de\/\" data-type=\"URL\" data-id=\"https:\/\/photographer.lu\/de\/\">luxemburgischen Fotografen Vio Dudau<\/a>. Mit der Bestellung von Luxemburg-Fotos, Luxemburg-Kunstdrucken, Luxemburg-Kalendern oder anderen Luxemburg-Geschenken erkl\u00e4ren Sie sich mit diesen Richtlinien einverstanden, die f\u00fcr meinen Online-Shop gelten.<\/p>\n\n<h2 class=\"wp-block-heading\"><strong>Stornierung einer irrt\u00fcmlich aufgegebenen Bestellung<\/strong><\/h2>\n\n<p>Wenn Sie ein falsches Produkt oder eine falsche Gr\u00f6\u00dfe bestellt haben, <a href=\"https:\/\/photographer.lu\/de\/?page_id=18719\">lassen Sie es mich<\/a> innerhalb von 15 Tagen <a href=\"https:\/\/photographer.lu\/de\/?page_id=18719\">wissen<\/a> und Ihre Bestellung wird storniert und eine R\u00fcckerstattung wird innerhalb von 2-3 Werktagen erfolgen. Bitte beachten Sie, dass eine Abbuchung auf Ihrer Kreditkartenabrechnung erscheinen kann, da sie sofort bei der Bestellung erfolgt. Eine Kredittransaktion wird in ein paar Tagen folgen.<\/p>\n\n<p>Wenn Sie das Produkt bereits erhalten haben oder die 15 Tage seit der Bestellung vergangen sind, kommen wir zum n\u00e4chsten Schritt:<\/p>\n\n<h2 class=\"wp-block-heading\"><strong>R\u00fcckgabe und R\u00fcckerstattung<\/strong><\/h2>\n\n<p>Wenn Sie ein auf dieser Website bestelltes Fotoprodukt oder digitales Bild erhalten, k\u00f6nnen Sie es innerhalb von 15 Tagen zur\u00fcckgeben. Um f\u00fcr eine R\u00fcckgabe in Frage zu kommen, muss sich das Produkt in demselben Zustand befinden, in dem Sie es erhalten haben, unbenutzt und vorzugsweise in derselben Verpackung (so weit wie m\u00f6glich). Dies gilt nat\u00fcrlich nur f\u00fcr physische Produkte, nicht f\u00fcr digitale Downloads.  <\/p>\n\n<p>Einige Arten von Waren sind von der R\u00fccksendung ausgenommen. Nur serienm\u00e4\u00dfig hergestellte Produkte k\u00f6nnen zur\u00fcckgegeben und erstattet werden. F\u00fcr Produkte, die auf Bestellung oder nach Ma\u00df gefertigt wurden, besteht kein Anspruch auf R\u00fcckerstattung, es sei denn, die Produkte weisen einen Fehler auf, der dem Verk\u00e4ufer angelastet werden kann.  <\/p>\n\n<p>Zus\u00e4tzliche nicht r\u00fcckgabef\u00e4hige Artikel:<\/p>\n\n<ul class=\"wp-block-list\"><li>Geschenkkarten<\/li><li>Gutscheine<\/li><li>Herunterladbare Software-Produkte<\/li><\/ul>\n\n<p>Es gibt bestimmte Situationen, in denen nur Teilerstattungen gew\u00e4hrt werden:<\/p>\n\n<ul class=\"wp-block-list\"><li>Buch mit deutlichen Gebrauchsspuren<\/li><li>Jeder Artikel, der sich nicht im Originalzustand befindet, besch\u00e4digt ist oder Teile fehlen, die nicht auf meinen Fehler zur\u00fcckzuf\u00fchren sind.<\/li><li>Jeder Artikel, der mehr als 15 Tage nach der Lieferung zur\u00fcckgegeben wird<\/li><\/ul>\n\n<p>Um Ihre R\u00fcckgabe abzuschlie\u00dfen, m\u00fcssen Sie m\u00f6glicherweise eine Quittung oder einen Kaufbeleg vorlegen.<\/p>\n\n<p>Wenn Sie ein auf dieser Website bestelltes Produkt zur\u00fccksenden, verpacken Sie es bitte nach M\u00f6glichkeit in der Originalverpackung.<\/p>\n\n<p>Bevor Sie die Artikel zur\u00fccksenden, kontaktieren Sie mich bitte. Alle Versandkosten gehen zu Lasten des Kunden.  <\/p>\n\n<p>Bitte beachten Sie, dass die R\u00fcckerstattung nur auf Ihre urspr\u00fcngliche Zahlungsmethode (Karte, Paypal, Bank\u00fcberweisung oder Amazon-Konto) erfolgen kann. Es kann einige Tage dauern, bis die Erstattung abgeschlossen ist.<\/p>\n\n<h2 class=\"wp-block-heading\">Versand und Bearbeitung<\/h2>\n\n<p>Alle Bestellungen werden innerhalb von 5 Kalendertagen nach Eingang der Bestellung bearbeitet. Im Falle h\u00f6herer Gewalt kann es zu Verz\u00f6gerungen beim Versand der Produkte kommen (Aussperrungen, Streiks). Die Herstellung von Kunstdrucken, Galeriedrucken, schwebenden Acrylglasdrucken, starren Postern und Schreibtischdrucken kann bis zu 15 Tage dauern.<\/p>\n\n<p>Einige der Bestellungen k\u00f6nnen pers\u00f6nlich zugestellt werden, w\u00e4hrend andere durch verschiedene Postdienste zugestellt werden, je nach meiner Verf\u00fcgbarkeit und Ihrem Standort.<\/p>\n\n<h2 class=\"wp-block-heading\">Austausch  <\/h2>\n\n<p>Wir ersetzen nur Artikel, wenn sie defekt oder besch\u00e4digt sind.<\/p>\n\n<h2 class=\"wp-block-heading\"><strong>Z\u00f6lle, Einfuhrgeb\u00fchren und Mehrwertsteuer<\/strong><\/h2>\n\n<p>Die auf Photographer.Lu verkauften Produkte enthalten die Mehrwertsteuer, die vom Preis abgezogen werden kann, wenn Sie in einem der L\u00e4nder der Europ\u00e4ischen Union au\u00dferhalb Luxemburgs wohnen und eine g\u00fcltige Mehrwertsteuernummer haben. Bitte setzen Sie sich mit mir in Verbindung, bevor Sie Ihre Bestellung aufgeben, um weitere Einzelheiten zu erfahren.<\/p>\n\n<p>Alle Z\u00f6lle und Einfuhrgeb\u00fchren f\u00fcr Bestellungen au\u00dferhalb der EU gehen zu Lasten des Kunden.<\/p>\n\n<p>F\u00fcr Anfragen bez\u00fcglich der Bestellungen <a href=\"https:\/\/photographer.lu\/de\/?page_id=18719\">kontaktieren Sie mich<\/a> bitte.<\/p>\n","protected":false},"excerpt":{"rendered":"<p>Willkommen bei my Photographer.LU, der Heimat des luxemburgischen Fotografen Vio Dudau. Mit der Bestellung von Luxemburg-Fotos, Luxemburg-Kunstdrucken, Luxemburg-Kalendern oder anderen Luxemburg-Geschenken erkl\u00e4ren Sie sich mit diesen Richtlinien einverstanden, die f\u00fcr meinen Online-Shop gelten. Stornierung einer irrt\u00fcmlich aufgegebenen Bestellung Wenn Sie ein falsches Produkt oder eine falsche Gr\u00f6\u00dfe bestellt haben, lassen Sie es mich innerhalb von [&hellip;]<\/p>\n","protected":false},"author":2,"featured_media":0,"parent":0,"menu_order":0,"comment_status":"closed","ping_status":"closed","template":"","meta":{"pgc_sgb_lightbox_settings":"","footnotes":""},"class_list":["post-18729","page","type-page","status-publish","hentry"],"blocksy_meta":{"styles_descriptor":{"styles":{"desktop":"","tablet":"","mobile":""},"google_fonts":[],"version":6}},"featured_image_urls_v2":{"full":"","thumbnail":"","medium":"","medium_large":"","large":"","1536x1536":"","2048x2048":"","woocommerce_archive_thumbnail":"","mailpoet_newsletter_max":"","woocommerce_thumbnail":"","woocommerce_single":"","woocommerce_gallery_thumbnail":"","jetpack-portfolio-admin-thumb":""},"post_excerpt_stackable_v2":"<p>Willkommen bei my Photographer.LU, der Heimat des luxemburgischen Fotografen Vio Dudau. Mit der Bestellung von Luxemburg-Fotos, Luxemburg-Kunstdrucken, Luxemburg-Kalendern oder anderen Luxemburg-Geschenken erkl\u00e4ren Sie sich mit diesen Richtlinien einverstanden, die f\u00fcr meinen Online-Shop gelten. Stornierung einer irrt\u00fcmlich aufgegebenen Bestellung Wenn Sie ein falsches Produkt oder eine falsche Gr\u00f6\u00dfe bestellt haben, lassen Sie es mich innerhalb von 15 Tagen wissen und Ihre Bestellung wird storniert und eine R\u00fcckerstattung wird innerhalb von 2-3 Werktagen erfolgen. Bitte beachten Sie, dass eine Abbuchung auf Ihrer Kreditkartenabrechnung erscheinen kann, da sie sofort bei der Bestellung erfolgt. Eine Kredittransaktion wird in ein paar Tagen folgen. Wenn Sie&hellip;<\/p>\n","category_list_v2":"","author_info_v2":{"name":"Photo Dudau Luxembourg","url":"https:\/\/photographer.lu\/de\/author\/dudau\/"},"comments_num_v2":"0 comments","acf":[],"jetpack_sharing_enabled":true,"_links":{"self":[{"href":"https:\/\/photographer.lu\/de\/wp-json\/wp\/v2\/pages\/18729","targetHints":{"allow":["GET"]}}],"collection":[{"href":"https:\/\/photographer.lu\/de\/wp-json\/wp\/v2\/pages"}],"about":[{"href":"https:\/\/photographer.lu\/de\/wp-json\/wp\/v2\/types\/page"}],"author":[{"embeddable":true,"href":"https:\/\/photographer.lu\/de\/wp-json\/wp\/v2\/users\/2"}],"replies":[{"embeddable":true,"href":"https:\/\/photographer.lu\/de\/wp-json\/wp\/v2\/comments?post=18729"}],"version-history":[{"count":0,"href":"https:\/\/photographer.lu\/de\/wp-json\/wp\/v2\/pages\/18729\/revisions"}],"wp:attachment":[{"href":"https:\/\/photographer.lu\/de\/wp-json\/wp\/v2\/media?parent=18729"}],"curies":[{"name":"wp","href":"https:\/\/api.w.org\/{rel}","templated":true}]}}