{"id":18738,"date":"2022-10-04T09:26:44","date_gmt":"2022-10-04T09:26:44","guid":{"rendered":"https:\/\/photographer.lu\/preise\/"},"modified":"2023-02-19T22:04:24","modified_gmt":"2023-02-19T22:04:24","slug":"preise","status":"publish","type":"page","link":"https:\/\/photographer.lu\/de\/preise\/","title":{"rendered":"Preise"},"content":{"rendered":"\n<p>Bei regelm\u00e4\u00dfigen Fotoshootings mit festem Termin und fester Dauer berechne ich in der Regel nach Stunden, nicht nach Bildern. Das bedeutet, dass Sie nach der Auswahl und Nachbearbeitung die meisten Fotos Ihrer Fotosession oder Ihres Events in digitalem Format und in voller Aufl\u00f6sung erhalten.<\/p>\n\n<p>Die Preise f\u00fcr die meisten meiner <strong>fotografischen Dienstleistungen<\/strong> (Events, Konferenzen, Sportfotografie, Presseinterviews und Fotoreportagen, Gesch\u00e4ftsportr\u00e4ts) beginnen bei <strong>etwa 175 Euro pro Stunde<\/strong> vor Ort. Da jedoch jedes Projekt einzigartig ist, m\u00fcssen wir speziell \u00fcber Ihr Projekt sprechen und entscheiden, welche Formel und welcher Preis am besten geeignet sind.<\/p>\n\n<p>F\u00fcr <strong>Hochzeiten<\/strong>, bei denen die Fotografie intensiver ist und viel mehr Bilder in kurzer Zeit gemacht werden m\u00fcssen, betr\u00e4gt der Preis <strong>200 Euro pro Stunde<\/strong> vor Ort.<\/p>\n\n<p>Wenn Ihr Projekt das Ziel hat, bestimmte Bilder zu erhalten (konzeptionelle Fotografie, Landschaften oder Stadtansichten, Architektur und so weiter), dann k\u00f6nnen wir auch auf einen Preis pro Bild arbeiten, wenn Sie das bevorzugen, in diesem Fall m\u00fcssen Sie sich keine Sorgen dar\u00fcber machen, wie viel Zeit ich f\u00fcr Ihr Projekt aufnehme. Ich werde mir Zeit nehmen und daran arbeiten, die besten Ergebnisse zu erzielen, egal wie lange es dauert.<\/p>\n\n<p>Bitte <strong>\n  <a href=\"https:\/\/maxi.lu\/contact\/\">Kontaktieren Sie mich<\/a>\n<\/strong> und versuchen Sie, so viele Details wie m\u00f6glich \u00fcber Ihr Foto- (oder Video-?) Projekt anzugeben, und ich werde in K\u00fcrze mit einem guten Angebot antworten, damit wir alle zufrieden sein k\u00f6nnen.<\/p>\n\n<p><\/p>\n","protected":false},"excerpt":{"rendered":"<p>Bei regelm\u00e4\u00dfigen Fotoshootings mit festem Termin und fester Dauer berechne ich in der Regel nach Stunden, nicht nach Bildern. Das bedeutet, dass Sie nach der Auswahl und Nachbearbeitung die meisten Fotos Ihrer Fotosession oder Ihres Events in digitalem Format und in voller Aufl\u00f6sung erhalten. Die Preise f\u00fcr die meisten meiner fotografischen Dienstleistungen (Events, Konferenzen, Sportfotografie, [&hellip;]<\/p>\n","protected":false},"author":2,"featured_media":0,"parent":0,"menu_order":0,"comment_status":"closed","ping_status":"closed","template":"","meta":{"pgc_sgb_lightbox_settings":"","footnotes":""},"class_list":["post-18738","page","type-page","status-publish","hentry"],"blocksy_meta":{"styles_descriptor":{"styles":{"desktop":"","tablet":"","mobile":""},"google_fonts":[],"version":6}},"featured_image_urls_v2":{"full":"","thumbnail":"","medium":"","medium_large":"","large":"","1536x1536":"","2048x2048":"","woocommerce_archive_thumbnail":"","mailpoet_newsletter_max":"","woocommerce_thumbnail":"","woocommerce_single":"","woocommerce_gallery_thumbnail":"","jetpack-portfolio-admin-thumb":""},"post_excerpt_stackable_v2":"<p>Bei regelm\u00e4\u00dfigen Fotoshootings mit festem Termin und fester Dauer berechne ich in der Regel nach Stunden, nicht nach Bildern. Das bedeutet, dass Sie nach der Auswahl und Nachbearbeitung die meisten Fotos Ihrer Fotosession oder Ihres Events in digitalem Format und in voller Aufl\u00f6sung erhalten. Die Preise f\u00fcr die meisten meiner fotografischen Dienstleistungen (Events, Konferenzen, Sportfotografie, Presseinterviews und Fotoreportagen, Gesch\u00e4ftsportr\u00e4ts) beginnen bei etwa 175 Euro pro Stunde vor Ort. Da jedoch jedes Projekt einzigartig ist, m\u00fcssen wir speziell \u00fcber Ihr Projekt sprechen und entscheiden, welche Formel und welcher Preis am besten geeignet sind. F\u00fcr Hochzeiten, bei denen die Fotografie intensiver ist&hellip;<\/p>\n","category_list_v2":"","author_info_v2":{"name":"Photo Dudau Luxembourg","url":"https:\/\/photographer.lu\/de\/author\/dudau\/"},"comments_num_v2":"0 comments","acf":[],"jetpack_sharing_enabled":true,"_links":{"self":[{"href":"https:\/\/photographer.lu\/de\/wp-json\/wp\/v2\/pages\/18738","targetHints":{"allow":["GET"]}}],"collection":[{"href":"https:\/\/photographer.lu\/de\/wp-json\/wp\/v2\/pages"}],"about":[{"href":"https:\/\/photographer.lu\/de\/wp-json\/wp\/v2\/types\/page"}],"author":[{"embeddable":true,"href":"https:\/\/photographer.lu\/de\/wp-json\/wp\/v2\/users\/2"}],"replies":[{"embeddable":true,"href":"https:\/\/photographer.lu\/de\/wp-json\/wp\/v2\/comments?post=18738"}],"version-history":[{"count":0,"href":"https:\/\/photographer.lu\/de\/wp-json\/wp\/v2\/pages\/18738\/revisions"}],"wp:attachment":[{"href":"https:\/\/photographer.lu\/de\/wp-json\/wp\/v2\/media?parent=18738"}],"curies":[{"name":"wp","href":"https:\/\/api.w.org\/{rel}","templated":true}]}}