{"id":18747,"date":"2022-10-06T23:35:06","date_gmt":"2022-10-06T23:35:06","guid":{"rendered":"https:\/\/photographer.lu\/allgemeine-geschaeftsbedingungen-fuer-abzuege-und-digitale-downloads\/"},"modified":"2023-01-03T22:49:05","modified_gmt":"2023-01-03T22:49:05","slug":"allgemeine-geschaeftsbedingungen-fuer-abzuege-und-digitale-downloads","status":"publish","type":"page","link":"https:\/\/photographer.lu\/de\/allgemeine-geschaeftsbedingungen-fuer-abzuege-und-digitale-downloads\/","title":{"rendered":"Allgemeine Gesch\u00e4ftsbedingungen f\u00fcr Abz\u00fcge und digitale Downloads"},"content":{"rendered":"\n<p>Die <a href=\"https:\/\/photographer.lu\/de\/datenschutzbestimmungen\/\" data-type=\"URL\" data-id=\"https:\/\/photographer.lu\/privacy-policy\/\">Datenschutzrichtlinie<\/a> finden Sie <a href=\"https:\/\/photographer.lu\/de\/datenschutzbestimmungen\/\" data-type=\"URL\" data-id=\"https:\/\/photographer.lu\/privacy-policy\/\">hier<\/a>. Die <a href=\"https:\/\/photographer.lu\/de\/rechtliche-hinweise\/\" data-type=\"URL\" data-id=\"https:\/\/photographer.lu\/legal-info\/\">rechtlichen Hinweise<\/a> finden Sie <a href=\"https:\/\/photographer.lu\/de\/rechtliche-hinweise\/\" data-type=\"URL\" data-id=\"https:\/\/photographer.lu\/legal-info\/\">hier<\/a>. Die <a href=\"https:\/\/photographer.lu\/de\/erstattungs-und-rueckgabebestimmungen\/\" data-type=\"URL\" data-id=\"https:\/\/photographer.lu\/refund-returns\/\">Richtlinien f\u00fcr R\u00fccksendungen und R\u00fcckerstattungen<\/a> finden Sie <a href=\"https:\/\/photographer.lu\/de\/erstattungs-und-rueckgabebestimmungen\/\" data-type=\"URL\" data-id=\"https:\/\/photographer.lu\/refund-returns\/\">hier<\/a>.<\/p>\n\n<h3 class=\"wp-block-heading\">Hinweis zum Urheberrecht:<\/h3>\n\n<p>&#8211; Die Bilder, Fotos, Videos und Grafiken auf dieser Website sind urheberrechtlich gesch\u00fctzt und d\u00fcrfen ohne die ausdr\u00fcckliche schriftliche Genehmigung des Urheberrechtsinhabers (Vio Dudau, Fotograf) oder ohne die Zahlung eines angemessenen Honorars f\u00fcr die beabsichtigte Nutzung nicht f\u00fcr kommerzielle oder nichtkommerzielle Zwecke verwendet werden, wie in den Preisen angegeben, die neben jedem lizenzierbaren Bild angegeben sind  <\/p>\n\n<p>&#8211; Jegliche unbefugte Nutzung der Fotos, Videos, Bilder oder anderer Kunstwerke auf dieser Website, einschlie\u00dflich, aber nicht beschr\u00e4nkt auf KI-Training, ist strengstens verboten und kann rechtliche Schritte nach sich ziehen.<\/p>\n\n<p>&#8211; Mit dem Zugriff auf diese Website erkl\u00e4ren Sie sich damit einverstanden, diese Bedingungen einzuhalten und das Urheberrecht an den auf dieser Website gezeigten Bildern zu respektieren.<\/p>\n\n<p>&#8211; Der Urheberrechtsinhaber (Vio Dudau) beh\u00e4lt sich das Recht vor, diese Bedingungen jederzeit und ohne Vorank\u00fcndigung zu \u00e4ndern.<\/p>\n\n<h3 class=\"wp-block-heading\">Informationen \u00fcber Lizenzen<\/h3>\n\n<p>Alle digitalen Download-Bilder auf dieser Website werden unter einer  <strong>Lizenzgeb\u00fchrenfrei  <\/strong>Lizenz, d.h. Sie m\u00fcssen nur einmal f\u00fcr den Download eines Bildes bezahlen und k\u00f6nnen es dann unbegrenzt f\u00fcr Ihre Projekte verwenden  <strong>oder f\u00fcr einen einzelnen Kunden<\/strong>Projekte, wenn Sie die Nutzungsbedingungen einhalten. Wenn Sie ein professioneller Designer oder eine (Werbe-\/Design-)Agentur sind und beabsichtigen, ein Bild f\u00fcr mehrere Kunden zu verwenden, m\u00fcssen Sie f\u00fcr jeden einzelnen Kunden eine Lizenz erwerben (nicht f\u00fcr jedes einzelne Projekt desselben Kunden).<\/p>\n\n<p>Ich biete zwei Arten von Bildern an: <strong>Kommerziell<\/strong> und <strong>redaktionell <\/strong>(siehe Beschreibung der einzelnen Bilder).<\/p>\n\n<p>Die <strong>kommerzielle lizenzfreie<\/strong> Lizenz gew\u00e4hrt Ihnen das Recht, die Bilder sowohl in kommerziellen als auch in redaktionellen Projekten zu verwenden, w\u00e4hrend die <strong>redaktionelle lizenzfreie<\/strong> Lizenz Ihnen das Recht gew\u00e4hrt, die Bilder nur in redaktionellen Projekten zu verwenden. F\u00fcr jede dieser Lizenzen sind 3 Gr\u00f6\u00dfen erh\u00e4ltlich:<\/p>\n\n<ul class=\"wp-block-list\">\n<li>Webgr\u00f6\u00dfe: 1200 Pixel auf der langen Seite (normalerweise bedeutet dies 1200X800px), ausreichend f\u00fcr die Verwendung auf einer Website, in einem Blog oder in sozialen Medien.<\/li>\n\n\n\n<li>Mittlere Gr\u00f6\u00dfe: 2500 Pixel auf der langen Seite (in der Regel bedeutet dies 2500x1667px), ausreichend f\u00fcr den Druck im A5-Format (21x15cm) bei 300 dpi<\/li>\n\n\n\n<li>Gro\u00dfformat: etwa 5000 Pixel auf der langen Seite (normalerweise 5000x3333px oder gr\u00f6\u00dfer), ausreichend f\u00fcr den Druck in gro\u00dfen Formaten<\/li>\n<\/ul>\n\n<p>Alle angegebenen Ma\u00dfe sind ungef\u00e4hre Angaben und k\u00f6nnen geringf\u00fcgig abweichen. Wenn Sie sich nicht sicher sind, ob ein Bild in das Layout Ihres Projekts passt, fragen Sie bitte auf der Kontaktseite nach.<\/p>\n\n<p>Zus\u00e4tzlich zu diesen Lizenzen biete ich auch eine Lizenz <strong>mit erweiterten Rechten<\/strong> f\u00fcr jedes Bild (Fotos und Illustrationen) an, die nur in der gr\u00f6\u00dften Gr\u00f6\u00dfe erh\u00e4ltlich ist: etwa 5000 Pixel auf der langen Seite.<\/p>\n\n<p><strong>Die Lizenz f\u00fcr erweiterte Rechte f\u00fcr kommerzielle<\/strong>  images eignet sich f\u00fcr alle, die physische oder digitale Artikel verkaufen wollen, bei denen das Bild eine wesentliche Rolle spielt: Kunstdrucke oder Poster, Mousepads, Tassen, Postkarten\/Gru\u00dfkarten, T-Shirts, Kalender, bedruckte Taschen, aber auch Hintergrundbilder, Website-Vorlagen, Bildschirmschoner, E-Cards, Powerpoint-Pr\u00e4sentationen oder andere digitale Vorlagen, die f\u00fcr den Verkauf an mehr als einen Endkunden bestimmt sind.<\/p>\n\n<p>Die Lizenz f\u00fcr erweiterte Rechte oder die erweiterte Videolizenz wird auch f\u00fcr die Verwendung der Bilder\/Videos auf gro\u00dfen gedruckten oder digitalen Plakatw\u00e4nden, in der Stra\u00dfenwerbung und auf anderen gro\u00dfen Displays mit einer L\u00e4nge von mehr als 100 Zentimetern an \u00f6ffentlichen Orten ben\u00f6tigt, zu denen die \u00d6ffentlichkeit mit oder ohne Eintrittskarte Zugang hat. Diese Lizenz ist jedoch nicht erforderlich f\u00fcr gro\u00dfe Bildschirme an privaten Orten, die nur von befugtem Personal betreten werden k\u00f6nnen (z. B. in den B\u00fcros eines privaten Unternehmens).<\/p>\n\n<p>Die Lizenz f\u00fcr erweiterte Rechte enth\u00e4lt auch die regul\u00e4re lizenzfreie Lizenz, so dass Sie die Bilder sowohl f\u00fcr den Verkauf von physischen oder digitalen Artikeln, die die Bilder enthalten, als auch f\u00fcr die oben beschriebene regul\u00e4re Nutzung verwenden k\u00f6nnen.<\/p>\n\n<p>Ich biete auch die M\u00f6glichkeit einer <strong>Full Exclusive Rights<\/strong> Lizenz f\u00fcr den ersten K\u00e4ufer jedes Bildes, kommerziell oder redaktionell, in voller Gr\u00f6\u00dfe (ca. 5000px auf der langen Seite). Diese Lizenz gew\u00e4hrt Ihnen die exklusiven Nutzungsrechte des gekauften Bildes, einschlie\u00dflich der oben erl\u00e4uterten lizenzfreien und erweiterten Rechte, \u00fcbertr\u00e4gt jedoch nicht das Urheberrecht auf Sie und Sie k\u00f6nnen nicht angeben, dass Sie der Urheber sind. Ich kann das Bild immer noch in meinem Portfolio zeigen, aber ich werde es nie wieder an jemanden lizenzieren. Diese Lizenz eignet sich f\u00fcr gro\u00dfe Kampagnen oder wichtige Buchumschl\u00e4ge\/Dokumentarumschl\u00e4ge, um das Risiko auszuschlie\u00dfen, dass dasselbe Bild von der Konkurrenz zur gleichen Zeit f\u00fcr eine andere Kampagne verwendet wird. Aufgrund ihrer Besonderheit ist diese Lizenz nur f\u00fcr den Erstk\u00e4ufer eines Bildes erh\u00e4ltlich. Nachdem das Bild mindestens einmal von einer anderen Person f\u00fcr eine regul\u00e4re Lizenz in beliebiger Gr\u00f6\u00dfe erworben wurde (Abz\u00fcge sind von der Z\u00e4hlung ausgeschlossen), ist die Option, volle Exklusivrechte zu erwerben, nicht mehr verf\u00fcgbar, es sei denn, Sie  <a href=\"https:\/\/photographer.lu\/contactt\/\" data-type=\"URL\" data-id=\"https:\/\/photographer.lu\/contactt\/\" target=\"_blank\" rel=\"noreferrer noopener\">es anfordern<\/a>Sie wissen, dass das Bild bereits verwendet wurde und von einem fr\u00fcheren K\u00e4ufer erneut verwendet werden kann.<\/p>\n\n<p>Die vollen Exklusivrechte gelten nur f\u00fcr die Lizenzierung, die Bilder bleiben weiterhin als Kunstdrucke in limitierter Auflage erh\u00e4ltlich. Wenn Sie ausschlie\u00dfen m\u00f6chten, dass der Fotograf Abz\u00fcge des Bildes verkauft, sollten Sie auch den Unique Exclusive Print desselben Bildes kaufen.<\/p>\n\n<p><\/p>\n\n<h3 class=\"wp-block-heading\">Informationen \u00fcber Kunstdrucke<\/h3>\n\n<p>Ich biete auch <a href=\"https:\/\/stock.photographer.lu\/image\/category\/prints\/\" target=\"_blank\" rel=\"noreferrer noopener\">\n  <strong>Kunstdrucke<\/strong>\n<\/a> f\u00fcr einige der Fotos auf dieser Website an. Die Abz\u00fcge sind <strong>signiert und nummeriert<\/strong> und werden an die in Ihrem Konto angegebene Adresse geliefert (wenn Sie keine Adresse angegeben haben, <a href=\"https:\/\/stock.photographer.lu\/account\/\">bearbeiten Sie<\/a> bitte <a href=\"https:\/\/stock.photographer.lu\/account\/\">Ihr Profil<\/a>, bevor Sie eine Bestellung aufgeben). Standardm\u00e4\u00dfig sind die Abz\u00fcge ca. 40\u00d760 cm gro\u00df (das Papier ist 42\u00d759,4 cm gro\u00df, aber das eigentliche Bild ist 40\u00d758 cm gro\u00df, damit darunter Platz f\u00fcr die Unterschrift bleibt) und werden mit einem Echtheitszertifikat geliefert. Wenn <strong>Sie in Luxemburg oder Umgebung wohnen<\/strong>, liefere ich <strong>Ihnen die Bilder bereits gerahmt<\/strong>. Wenn Sie in einem anderen Land leben, werden die Drucke standardm\u00e4\u00dfig ungerahmt geliefert. Wenn Sie in einem anderen Land leben und die Abz\u00fcge bereits gerahmt haben m\u00f6chten, kontaktieren Sie mich bitte und ich mache es m\u00f6glich, gegen einen Aufpreis von 50 Euro (der Versand ist wirklich teuer).<\/p>\n\n<p>Einige Bilder k\u00f6nnen als <strong>UNIQUE-Exklusivdrucke<\/strong> bestellt werden, was bedeutet, dass Sie die einzige Person auf der Welt sein werden, die einen signierten Kunstdruck dieses Bildes besitzt. Durch den Kauf eines Unique Exclusive-Drucks wird das Bild nicht von der Lizenzierung ausgeschlossen, aber andere Kunden k\u00f6nnen keine limitierten Kunstdrucke mehr kaufen.<\/p>\n\n<p>Um Abz\u00fcge in einer anderen Gr\u00f6\u00dfe zu bestellen, benutzen Sie bitte die <a href=\"https:\/\/photographer.lu\/de\/kontakt\/\" target=\"_blank\" rel=\"noreferrer noopener\">Kontaktseite<\/a> und teilen Sie mir mit, welche Gr\u00f6\u00dfe Sie w\u00fcnschen, damit ich Ihnen den Preis nennen kann. Alle Preise verstehen sich inklusive Lieferung.<\/p>\n\n<p><em>Copyright-Hinweis f\u00fcr Abz\u00fcge:<\/em> Wenn Sie einen Abzug von mir kaufen, kaufen Sie nur den physischen Abzug und das Recht, ihn auszustellen, Sie kaufen also nicht die Rechte an dem Bild. Das Urheberrecht des Bildes wird immer bei mir liegen. Sie d\u00fcrfen den bei mir gekauften Originaldruck weiterverkaufen, aber niemals Nachdrucke oder Bearbeitungen davon. Sie d\u00fcrfen das Bild ohne meine vorherige schriftliche Genehmigung nicht scannen, fotografieren, vervielf\u00e4ltigen, kopieren, ver\u00f6ffentlichen oder anderweitig nutzen. Wenn Sie das Bild f\u00fcr redaktionelle oder kommerzielle Zwecke verwenden m\u00f6chten, m\u00fcssen Sie trotzdem eine Lizenz erwerben, auch wenn Sie bereits einen Abzug gekauft haben.<\/p>\n\n<p>Im Zweifelsfall nutzen Sie bitte die <a href=\"https:\/\/photographer.lu\/de\/kontakt\/\" target=\"_blank\" rel=\"noreferrer noopener\">Kontaktseite<\/a>, um Ihre Fragen zu stellen, und ich werde in der Regel in weniger als 12 Stunden antworten (ich gehe selten ans Telefon, aber ich lese alle E-Mails, auch die, die nicht im Posteingang landen, also verwenden Sie bitte die E-Mail, wenn Sie mich kontaktieren).<\/p>\n","protected":false},"excerpt":{"rendered":"<p>Die Datenschutzrichtlinie finden Sie hier. Die rechtlichen Hinweise finden Sie hier. Die Richtlinien f\u00fcr R\u00fccksendungen und R\u00fcckerstattungen finden Sie hier. Hinweis zum Urheberrecht: &#8211; Die Bilder, Fotos, Videos und Grafiken auf dieser Website sind urheberrechtlich gesch\u00fctzt und d\u00fcrfen ohne die ausdr\u00fcckliche schriftliche Genehmigung des Urheberrechtsinhabers (Vio Dudau, Fotograf) oder ohne die Zahlung eines angemessenen Honorars [&hellip;]<\/p>\n","protected":false},"author":2,"featured_media":0,"parent":0,"menu_order":0,"comment_status":"closed","ping_status":"closed","template":"","meta":{"pgc_sgb_lightbox_settings":"","footnotes":""},"class_list":["post-18747","page","type-page","status-publish","hentry"],"blocksy_meta":{"styles_descriptor":{"styles":{"desktop":"","tablet":"","mobile":""},"google_fonts":[],"version":6}},"featured_image_urls_v2":{"full":"","thumbnail":"","medium":"","medium_large":"","large":"","1536x1536":"","2048x2048":"","woocommerce_archive_thumbnail":"","mailpoet_newsletter_max":"","woocommerce_thumbnail":"","woocommerce_single":"","woocommerce_gallery_thumbnail":"","jetpack-portfolio-admin-thumb":""},"post_excerpt_stackable_v2":"<p>Die Datenschutzrichtlinie finden Sie hier. Die rechtlichen Hinweise finden Sie hier. Die Richtlinien f\u00fcr R\u00fccksendungen und R\u00fcckerstattungen finden Sie hier. Hinweis zum Urheberrecht: &#8211; Die Bilder, Fotos, Videos und Grafiken auf dieser Website sind urheberrechtlich gesch\u00fctzt und d\u00fcrfen ohne die ausdr\u00fcckliche schriftliche Genehmigung des Urheberrechtsinhabers (Vio Dudau, Fotograf) oder ohne die Zahlung eines angemessenen Honorars f\u00fcr die beabsichtigte Nutzung nicht f\u00fcr kommerzielle oder nichtkommerzielle Zwecke verwendet werden, wie in den Preisen angegeben, die neben jedem lizenzierbaren Bild angegeben sind &#8211; Jegliche unbefugte Nutzung der Fotos, Videos, Bilder oder anderer Kunstwerke auf dieser Website, einschlie\u00dflich, aber nicht beschr\u00e4nkt auf KI-Training, ist&hellip;<\/p>\n","category_list_v2":"","author_info_v2":{"name":"Photo Dudau Luxembourg","url":"https:\/\/photographer.lu\/de\/author\/dudau\/"},"comments_num_v2":"0 comments","acf":[],"jetpack_sharing_enabled":true,"_links":{"self":[{"href":"https:\/\/photographer.lu\/de\/wp-json\/wp\/v2\/pages\/18747","targetHints":{"allow":["GET"]}}],"collection":[{"href":"https:\/\/photographer.lu\/de\/wp-json\/wp\/v2\/pages"}],"about":[{"href":"https:\/\/photographer.lu\/de\/wp-json\/wp\/v2\/types\/page"}],"author":[{"embeddable":true,"href":"https:\/\/photographer.lu\/de\/wp-json\/wp\/v2\/users\/2"}],"replies":[{"embeddable":true,"href":"https:\/\/photographer.lu\/de\/wp-json\/wp\/v2\/comments?post=18747"}],"version-history":[{"count":0,"href":"https:\/\/photographer.lu\/de\/wp-json\/wp\/v2\/pages\/18747\/revisions"}],"wp:attachment":[{"href":"https:\/\/photographer.lu\/de\/wp-json\/wp\/v2\/media?parent=18747"}],"curies":[{"name":"wp","href":"https:\/\/api.w.org\/{rel}","templated":true}]}}