{"id":22584,"date":"2022-10-31T22:49:20","date_gmt":"2022-10-31T22:49:20","guid":{"rendered":"https:\/\/photographer.lu\/zahlungsmoeglichkeiten\/"},"modified":"2022-10-31T22:52:57","modified_gmt":"2022-10-31T22:52:57","slug":"zahlungsmoeglichkeiten","status":"publish","type":"page","link":"https:\/\/photographer.lu\/de\/zahlungsmoeglichkeiten\/","title":{"rendered":"Zahlungsm\u00f6glichkeiten"},"content":{"rendered":"\n<p>Alle Zahlungen auf dieser Website werden von den offiziellen Zahlungsdienstleistern abgewickelt, die w\u00e4hrend der Kaufabwicklung angezeigt werden. Ich bearbeite die Zahlungen weder selbst, noch kann ich Ihre Zahlungsinformationen sehen, die Sie w\u00e4hrend der Kaufabwicklung eingeben. Ich sehe nur den Namen des von Ihnen gew\u00e4hlten Zahlungsdienstleisters (z. B. Payconiq) und nat\u00fcrlich das bestellte Produkt und den bezahlten Preis, nicht aber die Kartendaten oder Ihren Kontostand.  <\/p>\n\n<div class=\"wp-block-stackable-image stk-block-image stk-block stk-6d59823\" data-block-id=\"6d59823\"><style>.stk-6d59823 .stk-img-wrapper{width:50% !important}<\/style><figure class=\"stk-img-wrapper stk-image--shape-stretch\"><img decoding=\"async\" class=\"stk-img wp-image-22578\" src=\"https:\/\/photographer.lu\/wp-content\/uploads\/2022\/10\/payment-methods-luxembourg.webp\" width=\"581\" height=\"40\" alt=\"Zahlungsverfahren\" srcset=\"https:\/\/photographer.lu\/wp-content\/uploads\/2022\/10\/payment-methods-luxembourg.webp 581w, https:\/\/photographer.lu\/wp-content\/uploads\/2022\/10\/payment-methods-luxembourg-300x21.webp 300w, https:\/\/photographer.lu\/wp-content\/uploads\/2022\/10\/payment-methods-luxembourg-550x38.webp 550w\" sizes=\"(max-width: 581px) 100vw, 581px\" \/><\/figure><\/div>\n\n<p>Um den Vorgang zu verstehen, geht das Geld, das Sie bezahlen, direkt an das Zahlungsabwicklungsunternehmen und von dort in ein paar Tagen auf mein Bankkonto. Die einzige Ausnahme ist, wenn Sie per Bank\u00fcberweisung zahlen, und dann m\u00fcssen Sie nat\u00fcrlich die \u00dcberweisung direkt auf mein Bankkonto vornehmen, aber dies ist auch die Zahlungsmethode, die den Versand Ihrer Bestellung oder die M\u00f6glichkeit, die digitalen Dateien herunterzuladen, verz\u00f6gert, bis ich \u00fcberpr\u00fcfen kann, dass das Geld auf meinem Bankkonto eingegangen ist.<\/p>\n\n<p>Ich akzeptiere derzeit die folgenden Zahlungsmethoden, die Ihnen <strong>w\u00e4hrend des Bestellvorgangs<\/strong> zur Verf\u00fcgung stehen (nachdem Sie die Produkte in Ihren Warenkorb gelegt haben und auf die Schaltfl\u00e4che &#8222;Zur Kasse gehen&#8220; klicken). Wenn Sie einen Artikel in Ihren Einkaufswagen legen, sehen Sie einige dieser Zahlungsarten direkt im Einkaufswagen (zur Vereinfachung der Bestellung), aber um Zugang zu allen Zahlungsarten zu haben, m\u00fcssen Sie zur Kasse gehen und eine Zahlungsart unten auf der Seite ausw\u00e4hlen, unter den Details Ihrer Bestellung und dem zu zahlenden Preis.<\/p>\n\n<ol class=\"wp-block-list\"><li><strong>Paypal<\/strong> (verarbeitet von PayPal) &#8211; hier werden Sie zu Paypal weitergeleitet, wo Sie mit dem Geld, das Sie auf Ihrem PayPal-Konto haben, aber auch mit einer Karte oder einem Bankkonto (wenn Sie Ihr Bankkonto mit PayPal verkn\u00fcpft haben) bezahlen k\u00f6nnen.<\/li><li><strong>Amazon-Zahlungen<\/strong> (abgewickelt von Amazon Europe) &#8211; hier werden Sie zu Amazon weitergeleitet, wo Sie mit Ihren bevorzugten Zahlungsmethoden, die Sie in Ihrem Amazon-Konto gespeichert haben, bezahlen k\u00f6nnen.<\/li><li><strong>Payconiq<\/strong> (fr\u00fcher Digicash f\u00fcr luxemburgische Nutzer) &#8211; bei dieser Zahlungsmethode wird nach dem Bezahlvorgang ein QR-Code angezeigt, den Sie mit Ihrer Payconiq-App (oder dem Payconiq-Bereich Ihrer S-net-Mobil-App) scannen k\u00f6nnen, um die Zahlung vorzunehmen<\/li><li><strong>Bank\u00fcberweisung<\/strong> &#8211; damit k\u00f6nnen Sie Ihre Bestellung abschlie\u00dfen, aber Sie erhalten Anweisungen, wohin Sie das Geld \u00fcberweisen sollen, damit die Bestellung abgeschlossen werden kann. Erst wenn das Geld auf meinem Konto eingegangen ist, wird die Bestellung als abgeschlossen markiert und die Produkte werden versandt, oder die digitalen Downloads werden verf\u00fcgbar. Wenn Sie nicht gerne online einkaufen oder Ihre Zahlungsdaten online eingeben, k\u00f6nnen Sie diese Methode w\u00e4hlen, aber bitte haben Sie Verst\u00e4ndnis daf\u00fcr, dass diese Methode auch die langsamste in der Bearbeitung Ihrer Bestellung ist.<\/li><li><strong>Visa, Mastercard und andere wichtige Karten<\/strong> (verarbeitet von Stripe) &#8211; hier k\u00f6nnen Sie einfach Ihre Kreditkartendaten eingeben und die Verifizierung durchlaufen, wenn Sie sie aktiviert haben.<\/li><li>Je nachdem, wie Sie auf dieser Website bestellen, von welchem Ger\u00e4t oder Browser, k\u00f6nnen Sie sehen, verf\u00fcgbar auch <strong>Google Pay<\/strong> oder <strong>Apple Pay<\/strong> &#8211; diese werden von Google oder Apple verarbeitet. Sie m\u00fcssen in Ihrem Google-Konto in diesem Browser angemeldet sein, um Google Pay zu sehen, oder Sie m\u00fcssen in einem Safari-Browser auf Ihrem iPhone einkaufen, um Apple Pay zu sehen.<\/li><\/ol>\n\n<p>Falls Sie Folgendes w\u00fcnschen  <a href=\"https:\/\/photographer.lu\/de\/erstattungs-und-rueckgabebestimmungen\/\" data-type=\"URL\" data-id=\"https:\/\/photographer.lu\/refund-returns\/\">stornieren oder erstatten<\/a>  Bitte haben Sie Verst\u00e4ndnis daf\u00fcr, dass es einige Tage bis zu zwei Wochen dauern kann, bis Sie Ihr Geld zur\u00fcckerhalten, denn wie ich bereits zu Beginn erkl\u00e4rt habe, geht das Geld nicht sofort auf mein Bankkonto, sondern erst an das Zahlungsabwicklungsunternehmen.<\/p>\n\n<p>Hier finden Sie meine <a href=\"https:\/\/photographer.lu\/de\/rechtliche-hinweise\/\" data-type=\"URL\" data-id=\"https:\/\/photographer.lu\/legal-info\/\">rechtlichen Hinweise<\/a>, falls Sie diese ben\u00f6tigen, und hier finden Sie die <a href=\"https:\/\/photographer.lu\/de\/allgemeine-geschaeftsbedingungen-fuer-abzuege-und-digitale-downloads\/\" data-type=\"URL\" data-id=\"https:\/\/photographer.lu\/terms-conditions\/\">Allgemeinen<\/a> Gesch\u00e4ftsbedingungen f\u00fcr Bestellungen auf meiner Website.<\/p>\n\n<p>Das ist alles, <a href=\"https:\/\/photographer.lu\/shop-luxembourg-gifts\/\" data-type=\"URL\" data-id=\"https:\/\/photographer.lu\/shop-luxembourg-gifts\/\">viel Spa\u00df beim Einkaufen<\/a>!<\/p>\n","protected":false},"excerpt":{"rendered":"<p>Alle Zahlungen auf dieser Website werden von den offiziellen Zahlungsdienstleistern abgewickelt, die w\u00e4hrend der Kaufabwicklung angezeigt werden. Ich bearbeite die Zahlungen weder selbst, noch kann ich Ihre Zahlungsinformationen sehen, die Sie w\u00e4hrend der Kaufabwicklung eingeben. Ich sehe nur den Namen des von Ihnen gew\u00e4hlten Zahlungsdienstleisters (z. B. Payconiq) und nat\u00fcrlich das bestellte Produkt und den [&hellip;]<\/p>\n","protected":false},"author":2,"featured_media":0,"parent":0,"menu_order":0,"comment_status":"closed","ping_status":"closed","template":"","meta":{"pgc_sgb_lightbox_settings":"","footnotes":""},"class_list":["post-22584","page","type-page","status-publish","hentry"],"blocksy_meta":{"styles_descriptor":{"styles":{"desktop":"","tablet":"","mobile":""},"google_fonts":[],"version":6}},"featured_image_urls_v2":{"full":"","thumbnail":"","medium":"","medium_large":"","large":"","1536x1536":"","2048x2048":"","woocommerce_archive_thumbnail":"","mailpoet_newsletter_max":"","woocommerce_thumbnail":"","woocommerce_single":"","woocommerce_gallery_thumbnail":"","jetpack-portfolio-admin-thumb":""},"post_excerpt_stackable_v2":"<p>Alle Zahlungen auf dieser Website werden von den offiziellen Zahlungsdienstleistern abgewickelt, die w\u00e4hrend der Kaufabwicklung angezeigt werden. Ich bearbeite die Zahlungen weder selbst, noch kann ich Ihre Zahlungsinformationen sehen, die Sie w\u00e4hrend der Kaufabwicklung eingeben. Ich sehe nur den Namen des von Ihnen gew\u00e4hlten Zahlungsdienstleisters (z. B. Payconiq) und nat\u00fcrlich das bestellte Produkt und den bezahlten Preis, nicht aber die Kartendaten oder Ihren Kontostand. Um den Vorgang zu verstehen, geht das Geld, das Sie bezahlen, direkt an das Zahlungsabwicklungsunternehmen und von dort in ein paar Tagen auf mein Bankkonto. Die einzige Ausnahme ist, wenn Sie per Bank\u00fcberweisung zahlen, und dann&hellip;<\/p>\n","category_list_v2":"","author_info_v2":{"name":"Photo Dudau Luxembourg","url":"https:\/\/photographer.lu\/de\/author\/dudau\/"},"comments_num_v2":"0 comments","acf":[],"jetpack_sharing_enabled":true,"_links":{"self":[{"href":"https:\/\/photographer.lu\/de\/wp-json\/wp\/v2\/pages\/22584","targetHints":{"allow":["GET"]}}],"collection":[{"href":"https:\/\/photographer.lu\/de\/wp-json\/wp\/v2\/pages"}],"about":[{"href":"https:\/\/photographer.lu\/de\/wp-json\/wp\/v2\/types\/page"}],"author":[{"embeddable":true,"href":"https:\/\/photographer.lu\/de\/wp-json\/wp\/v2\/users\/2"}],"replies":[{"embeddable":true,"href":"https:\/\/photographer.lu\/de\/wp-json\/wp\/v2\/comments?post=22584"}],"version-history":[{"count":0,"href":"https:\/\/photographer.lu\/de\/wp-json\/wp\/v2\/pages\/22584\/revisions"}],"wp:attachment":[{"href":"https:\/\/photographer.lu\/de\/wp-json\/wp\/v2\/media?parent=22584"}],"curies":[{"name":"wp","href":"https:\/\/api.w.org\/{rel}","templated":true}]}}