{"id":18797,"date":"2022-09-16T21:18:13","date_gmt":"2022-09-16T21:18:13","guid":{"rendered":"https:\/\/photographer.lu\/photo\/fotobuch-luxemburgs-zauber-die-entdeckung-des-grossherzogtums\/"},"modified":"2023-09-28T10:17:12","modified_gmt":"2023-09-28T10:17:12","slug":"fotobuch-luxemburg-magie-entdecken-grand-duchy","status":"publish","type":"product","link":"https:\/\/photographer.lu\/de\/photo\/fotobuch-luxemburg-magie-entdecken-grand-duchy\/","title":{"rendered":"Fotobuch &#8211; Luxemburgs Zauber: Die Entdeckung des Gro\u00dfherzogtums"},"content":{"rendered":"<p>Der Bildband <strong>Luxembourg Magic: Die Entdeckung des Gro\u00dfherzogtums (D\u00e9couvrir le Grand-Duch\u00e9). <\/strong> <\/p>\n<p>Dieser Bildband enth\u00e4lt <strong>100 Bilder<\/strong> aus der Serie Luxembourg Magic sowie <strong>5000 Texte<\/strong> des Fotografen <a href=\"https:\/\/photographer.lu\/de\/\" target=\"_blank\" rel=\"noopener noreferrer\">Vio Dudau<\/a> in einem gebundenen Buch mit <strong>156 Seiten<\/strong>. Das Buch ist 20x30cm (A4) gro\u00df. Bitte beachten Sie, dass die Seitenzahl 134 betr\u00e4gt, wenn Sie sich f\u00fcr das digitale Format entscheiden, da das digitale Layout f\u00fcr das Lesen auf digitalen Ger\u00e4ten (Computer\/Tablets\/Handys) angepasst ist.<\/p>\n<p>Der Text ist in <strong>zwei Sprachen<\/strong> verfasst <strong>:<\/strong> <strong>Englisch und Franz\u00f6sisch<\/strong>. Das gedruckte Buch ist auch bei <a href=\"https:\/\/www.amazon.de\/gp\/product\/2919960784\/ref=as_li_tl?ie=UTF8&amp;camp=1638&amp;creative=6742&amp;creativeASIN=2919960784&amp;linkCode=as2&amp;tag=pagin-21&amp;linkId=e900a2131c7611b9a7d562437b0ff06a\" target=\"_blank\" rel=\"noopener\">Amazon<\/a> oder <a href=\"https:\/\/letzshop.lu\/fr\/products\/luxembourg-magic-decouvrir-le-grand-duche-cce420\" target=\"_blank\" rel=\"noopener\">Letzshop<\/a> erh\u00e4ltlich.<\/p>\n<p>Dieser Bildband konzentriert sich auf die <strong>Stadt Luxemburg<\/strong>, enth\u00e4lt aber auch Bilder von <strong>St\u00e4dten und D\u00f6rfern<\/strong>, <strong>Landschaften<\/strong> und <strong>Schl\u00f6ssern in Luxemburg<\/strong>. Dies ist das erste Buch einer Serie von 7 B\u00fcchern. Irgendwann werden Sie wahrscheinlich die ganze Sammlung haben wollen, also ist es vielleicht klug, mit dem ersten zu beginnen, falls Sie es sp\u00e4ter nicht mehr finden.<\/p>\n","protected":false},"excerpt":{"rendered":"<p>Der Bildband <strong>Luxembourg Magic: Die Entdeckung des Gro\u00dfherzogtums (D\u00e9couvrir le Grand-Duch\u00e9) <\/strong>des Fotografen Vio Dudau. NEU: auch als ebook erh\u00e4ltlich! Klicken Sie auf das Bild unten, um eine kurze Vorschau zu sehen (1\/3 des Buches):  [real3dflipbook id=\"2\" mode=\"lightbox\"]<\/p>\n","protected":false},"featured_media":18176,"comment_status":"open","ping_status":"closed","template":"","meta":{"pgc_sgb_lightbox_settings":""},"product_brand":[],"product_cat":[623,622],"product_tag":[626,678,625,761],"class_list":{"0":"post-18797","1":"product","2":"type-product","3":"status-publish","4":"has-post-thumbnail","6":"product_cat-bucher","7":"product_cat-luxemburg-geschenke","8":"product_tag-bucher","9":"product_tag-das-grosherzogtum-luxemburg","10":"product_tag-luxemburgische-magie","11":"product_tag-stadt-luxemburg","12":"product_shipping_class-bucher","14":"first","15":"outofstock","16":"taxable","17":"shipping-taxable","18":"purchasable","19":"product-type-variable"},"featured_image_urls_v2":{"full":["https:\/\/photographer.lu\/wp-content\/uploads\/2022\/09\/Luxembourg-Magic-Photo-Book_Discovering-Grand-Duchy_.webp",1500,931,false],"thumbnail":["https:\/\/photographer.lu\/wp-content\/uploads\/2022\/09\/Luxembourg-Magic-Photo-Book_Discovering-Grand-Duchy_.webp",550,341,false],"medium":["https:\/\/photographer.lu\/wp-content\/uploads\/2022\/09\/Luxembourg-Magic-Photo-Book_Discovering-Grand-Duchy_.webp",300,186,false],"medium_large":["https:\/\/photographer.lu\/wp-content\/uploads\/2022\/09\/Luxembourg-Magic-Photo-Book_Discovering-Grand-Duchy_.webp",768,477,false],"large":["https:\/\/photographer.lu\/wp-content\/uploads\/2022\/09\/Luxembourg-Magic-Photo-Book_Discovering-Grand-Duchy_.webp",1200,745,false],"1536x1536":["https:\/\/photographer.lu\/wp-content\/uploads\/2022\/09\/Luxembourg-Magic-Photo-Book_Discovering-Grand-Duchy_.webp",1500,931,false],"2048x2048":["https:\/\/photographer.lu\/wp-content\/uploads\/2022\/09\/Luxembourg-Magic-Photo-Book_Discovering-Grand-Duchy_.webp",1500,931,false],"woocommerce_archive_thumbnail":["https:\/\/photographer.lu\/wp-content\/uploads\/2022\/09\/Luxembourg-Magic-Photo-Book_Discovering-Grand-Duchy_-600x372.webp",600,372,true],"mailpoet_newsletter_max":["https:\/\/photographer.lu\/wp-content\/uploads\/2022\/09\/Luxembourg-Magic-Photo-Book_Discovering-Grand-Duchy_.webp",1320,819,false],"woocommerce_thumbnail":["https:\/\/photographer.lu\/wp-content\/uploads\/2022\/09\/Luxembourg-Magic-Photo-Book_Discovering-Grand-Duchy_-600x372.webp",600,372,true],"woocommerce_single":["https:\/\/photographer.lu\/wp-content\/uploads\/2022\/09\/Luxembourg-Magic-Photo-Book_Discovering-Grand-Duchy_-1200x745.webp",1200,745,true],"woocommerce_gallery_thumbnail":["https:\/\/photographer.lu\/wp-content\/uploads\/2022\/09\/Luxembourg-Magic-Photo-Book_Discovering-Grand-Duchy_-120x120.webp",120,120,true],"jetpack-portfolio-admin-thumb":["https:\/\/photographer.lu\/wp-content\/uploads\/2022\/09\/Luxembourg-Magic-Photo-Book_Discovering-Grand-Duchy_.webp",50,31,false]},"post_excerpt_stackable_v2":"<p>Der Bildband <strong>Luxembourg Magic: Die Entdeckung des Gro\u00dfherzogtums (D\u00e9couvrir le Grand-Duch\u00e9) <\/strong>des Fotografen Vio Dudau. NEU: auch als ebook erh\u00e4ltlich! Klicken Sie auf das Bild unten, um eine kurze Vorschau zu sehen (1\/3 des Buches):  [real3dflipbook id=\"2\" mode=\"lightbox\"]<\/p>\n","category_list_v2":"","author_info_v2":{"name":"","url":""},"comments_num_v2":"0 comments","acf":[],"jetpack_sharing_enabled":true,"_links":{"self":[{"href":"https:\/\/photographer.lu\/de\/wp-json\/wp\/v2\/product\/18797","targetHints":{"allow":["GET"]}}],"collection":[{"href":"https:\/\/photographer.lu\/de\/wp-json\/wp\/v2\/product"}],"about":[{"href":"https:\/\/photographer.lu\/de\/wp-json\/wp\/v2\/types\/product"}],"replies":[{"embeddable":true,"href":"https:\/\/photographer.lu\/de\/wp-json\/wp\/v2\/comments?post=18797"}],"wp:featuredmedia":[{"embeddable":true,"href":"https:\/\/photographer.lu\/de\/wp-json\/wp\/v2\/media\/18176"}],"wp:attachment":[{"href":"https:\/\/photographer.lu\/de\/wp-json\/wp\/v2\/media?parent=18797"}],"wp:term":[{"taxonomy":"product_brand","embeddable":true,"href":"https:\/\/photographer.lu\/de\/wp-json\/wp\/v2\/product_brand?post=18797"},{"taxonomy":"product_cat","embeddable":true,"href":"https:\/\/photographer.lu\/de\/wp-json\/wp\/v2\/product_cat?post=18797"},{"taxonomy":"product_tag","embeddable":true,"href":"https:\/\/photographer.lu\/de\/wp-json\/wp\/v2\/product_tag?post=18797"}],"curies":[{"name":"wp","href":"https:\/\/api.w.org\/{rel}","templated":true}]}}