{"id":18805,"date":"2022-09-17T15:39:06","date_gmt":"2022-09-17T15:39:06","guid":{"rendered":"https:\/\/photographer.lu\/photo\/trilogie-drucken-nebliges-luxemburg\/"},"modified":"2022-10-11T23:47:33","modified_gmt":"2022-10-11T23:47:33","slug":"trilogie-drucken-nebliges-luxemburg","status":"publish","type":"product","link":"https:\/\/photographer.lu\/de\/photo\/trilogie-drucken-nebliges-luxemburg\/","title":{"rendered":"Trilogie drucken: Nebliges Luxemburg"},"content":{"rendered":"<p>Der Trilogie-Druck <strong>Misty Luxembourg. <\/strong>Dieses Set besteht aus drei Drucken im Format 18x25cm (aufgeklappt: 25x55cm), die auf einem Kunstledereinband aufgezogen sind, der sich sehr weich und luxuri\u00f6s anf\u00fchlt. Die drei Drucke zeigen einige der sch\u00f6nsten Ansichten der Stadt Luxemburg, die an nebligen Morgen fotografiert wurden.<\/p>\n<p>Der Trilogie-Druck ist ein gro\u00dfartiges Geschenk f\u00fcr jemanden, der Luxemburg liebt, und kann aufgeklappt als Dekorationsobjekt oder dreifach gefaltet als Buch pr\u00e4sentiert werden.<\/p>\n<p>&nbsp;<\/p>\n","protected":false},"excerpt":{"rendered":"<p>Der Trilogie-Druck <strong>Misty Luxembourg<\/strong><strong> <\/strong>des Fotografen Vio Dudau.<\/p>\n","protected":false},"featured_media":18178,"comment_status":"open","ping_status":"closed","template":"","meta":{"pgc_sgb_lightbox_settings":""},"product_brand":[],"product_cat":[622],"product_tag":[626,625],"class_list":{"0":"post-18805","1":"product","2":"type-product","3":"status-publish","4":"has-post-thumbnail","6":"product_cat-luxemburg-geschenke","7":"product_tag-bucher","8":"product_tag-luxemburgische-magie","9":"product_shipping_class-geschenke","11":"first","12":"outofstock","13":"taxable","14":"shipping-taxable","15":"purchasable","16":"product-type-simple"},"featured_image_urls_v2":{"full":["https:\/\/photographer.lu\/wp-content\/uploads\/2022\/09\/Misty-Luxembourg-Trilogy-Print-gift-VIO_4629.webp",1200,797,false],"thumbnail":["https:\/\/photographer.lu\/wp-content\/uploads\/2022\/09\/Misty-Luxembourg-Trilogy-Print-gift-VIO_4629-550x365.webp",550,365,true],"medium":["https:\/\/photographer.lu\/wp-content\/uploads\/2022\/09\/Misty-Luxembourg-Trilogy-Print-gift-VIO_4629-300x199.webp",300,199,true],"medium_large":["https:\/\/photographer.lu\/wp-content\/uploads\/2022\/09\/Misty-Luxembourg-Trilogy-Print-gift-VIO_4629-768x510.webp",768,510,true],"large":["https:\/\/photographer.lu\/wp-content\/uploads\/2022\/09\/Misty-Luxembourg-Trilogy-Print-gift-VIO_4629.webp",1200,797,false],"1536x1536":["https:\/\/photographer.lu\/wp-content\/uploads\/2022\/09\/Misty-Luxembourg-Trilogy-Print-gift-VIO_4629.webp",1200,797,false],"2048x2048":["https:\/\/photographer.lu\/wp-content\/uploads\/2022\/09\/Misty-Luxembourg-Trilogy-Print-gift-VIO_4629.webp",1200,797,false],"woocommerce_archive_thumbnail":["https:\/\/photographer.lu\/wp-content\/uploads\/2022\/09\/Misty-Luxembourg-Trilogy-Print-gift-VIO_4629-600x399.webp",600,399,true],"mailpoet_newsletter_max":["https:\/\/photographer.lu\/wp-content\/uploads\/2022\/09\/Misty-Luxembourg-Trilogy-Print-gift-VIO_4629.webp",1200,797,false],"woocommerce_thumbnail":["https:\/\/photographer.lu\/wp-content\/uploads\/2022\/09\/Misty-Luxembourg-Trilogy-Print-gift-VIO_4629-600x399.webp",600,399,true],"woocommerce_single":["https:\/\/photographer.lu\/wp-content\/uploads\/2022\/09\/Misty-Luxembourg-Trilogy-Print-gift-VIO_4629.webp",1200,797,false],"woocommerce_gallery_thumbnail":["https:\/\/photographer.lu\/wp-content\/uploads\/2022\/09\/Misty-Luxembourg-Trilogy-Print-gift-VIO_4629-120x120.webp",120,120,true],"jetpack-portfolio-admin-thumb":["https:\/\/photographer.lu\/wp-content\/uploads\/2022\/09\/Misty-Luxembourg-Trilogy-Print-gift-VIO_4629-50x50.webp",50,50,true]},"post_excerpt_stackable_v2":"<p>Der Trilogie-Druck <strong>Misty Luxembourg<\/strong><strong> <\/strong>des Fotografen Vio Dudau.<\/p>\n","category_list_v2":"","author_info_v2":{"name":"","url":""},"comments_num_v2":"0 comments","acf":[],"jetpack_sharing_enabled":true,"_links":{"self":[{"href":"https:\/\/photographer.lu\/de\/wp-json\/wp\/v2\/product\/18805","targetHints":{"allow":["GET"]}}],"collection":[{"href":"https:\/\/photographer.lu\/de\/wp-json\/wp\/v2\/product"}],"about":[{"href":"https:\/\/photographer.lu\/de\/wp-json\/wp\/v2\/types\/product"}],"replies":[{"embeddable":true,"href":"https:\/\/photographer.lu\/de\/wp-json\/wp\/v2\/comments?post=18805"}],"wp:featuredmedia":[{"embeddable":true,"href":"https:\/\/photographer.lu\/de\/wp-json\/wp\/v2\/media\/18178"}],"wp:attachment":[{"href":"https:\/\/photographer.lu\/de\/wp-json\/wp\/v2\/media?parent=18805"}],"wp:term":[{"taxonomy":"product_brand","embeddable":true,"href":"https:\/\/photographer.lu\/de\/wp-json\/wp\/v2\/product_brand?post=18805"},{"taxonomy":"product_cat","embeddable":true,"href":"https:\/\/photographer.lu\/de\/wp-json\/wp\/v2\/product_cat?post=18805"},{"taxonomy":"product_tag","embeddable":true,"href":"https:\/\/photographer.lu\/de\/wp-json\/wp\/v2\/product_tag?post=18805"}],"curies":[{"name":"wp","href":"https:\/\/api.w.org\/{rel}","templated":true}]}}