{"id":18814,"date":"2022-08-21T22:54:40","date_gmt":"2022-08-21T22:54:40","guid":{"rendered":"https:\/\/photographer.lu\/photo\/schloss-vianden\/"},"modified":"2023-09-28T10:21:30","modified_gmt":"2023-09-28T10:21:30","slug":"vianden-schlosser","status":"publish","type":"product","link":"https:\/\/photographer.lu\/de\/photo\/vianden-schlosser\/","title":{"rendered":"Schloss Vianden"},"content":{"rendered":"<p>Burg Vianden, fotografiert an einem nebligen Sommermorgen mit blauem Himmel \u00fcber dem Wald in den Ardennen (\u00c9islek oder \u00d6sling) in Luxemburg.<\/p>\n<p>Dieses Bild kann als digitaler Download lizenziert werden.<\/p>\n<p>Es sind Drucke in limitierter Auflage und in offener Auflage erh\u00e4ltlich.<\/p>\n","protected":false},"excerpt":{"rendered":"<p>Schloss Vianden an einem nebligen Sommermorgen<\/p>\n","protected":false},"featured_media":18156,"comment_status":"open","ping_status":"closed","template":"","meta":{"pgc_sgb_lightbox_settings":""},"product_brand":[],"product_cat":[671,672],"product_tag":[678,674,679,677,676,675],"class_list":{"0":"post-18814","1":"product","2":"type-product","3":"status-publish","4":"has-post-thumbnail","6":"product_cat-kunstdrucke","7":"product_cat-luxemburg-bilder","8":"product_tag-das-grosherzogtum-luxemburg","9":"product_tag-druckt","10":"product_tag-grosherzogtum","11":"product_tag-landschaften","12":"product_tag-luxemburg-schlosser","13":"product_tag-vianden-de","14":"product_shipping_class-drucke","16":"first","17":"instock","18":"taxable","19":"shipping-taxable","20":"purchasable","21":"product-type-variable"},"featured_image_urls_v2":{"full":["https:\/\/photographer.lu\/wp-content\/uploads\/2022\/08\/8402_L_VIO_7091_Vianden-castle-summer.webp",1200,800,false],"thumbnail":["https:\/\/photographer.lu\/wp-content\/uploads\/2022\/08\/8402_L_VIO_7091_Vianden-castle-summer-550x367.webp",550,367,true],"medium":["https:\/\/photographer.lu\/wp-content\/uploads\/2022\/08\/8402_L_VIO_7091_Vianden-castle-summer-300x200.webp",300,200,true],"medium_large":["https:\/\/photographer.lu\/wp-content\/uploads\/2022\/08\/8402_L_VIO_7091_Vianden-castle-summer-768x512.webp",768,512,true],"large":["https:\/\/photographer.lu\/wp-content\/uploads\/2022\/08\/8402_L_VIO_7091_Vianden-castle-summer.webp",1200,800,false],"1536x1536":["https:\/\/photographer.lu\/wp-content\/uploads\/2022\/08\/8402_L_VIO_7091_Vianden-castle-summer.webp",1200,800,false],"2048x2048":["https:\/\/photographer.lu\/wp-content\/uploads\/2022\/08\/8402_L_VIO_7091_Vianden-castle-summer.webp",1200,800,false],"woocommerce_archive_thumbnail":["https:\/\/photographer.lu\/wp-content\/uploads\/2022\/08\/8402_L_VIO_7091_Vianden-castle-summer-600x400.webp",600,400,true],"mailpoet_newsletter_max":["https:\/\/photographer.lu\/wp-content\/uploads\/2022\/08\/8402_L_VIO_7091_Vianden-castle-summer.webp",1200,800,false],"woocommerce_thumbnail":["https:\/\/photographer.lu\/wp-content\/uploads\/2022\/08\/8402_L_VIO_7091_Vianden-castle-summer-600x400.webp",600,400,true],"woocommerce_single":["https:\/\/photographer.lu\/wp-content\/uploads\/2022\/08\/8402_L_VIO_7091_Vianden-castle-summer.webp",1200,800,false],"woocommerce_gallery_thumbnail":["https:\/\/photographer.lu\/wp-content\/uploads\/2022\/08\/8402_L_VIO_7091_Vianden-castle-summer-120x120.webp",120,120,true],"jetpack-portfolio-admin-thumb":["https:\/\/photographer.lu\/wp-content\/uploads\/2022\/08\/8402_L_VIO_7091_Vianden-castle-summer-50x50.webp",50,50,true]},"post_excerpt_stackable_v2":"<p>Schloss Vianden an einem nebligen Sommermorgen<\/p>\n","category_list_v2":"","author_info_v2":{"name":"","url":""},"comments_num_v2":"0 comments","acf":[],"jetpack_sharing_enabled":true,"_links":{"self":[{"href":"https:\/\/photographer.lu\/de\/wp-json\/wp\/v2\/product\/18814","targetHints":{"allow":["GET"]}}],"collection":[{"href":"https:\/\/photographer.lu\/de\/wp-json\/wp\/v2\/product"}],"about":[{"href":"https:\/\/photographer.lu\/de\/wp-json\/wp\/v2\/types\/product"}],"replies":[{"embeddable":true,"href":"https:\/\/photographer.lu\/de\/wp-json\/wp\/v2\/comments?post=18814"}],"wp:featuredmedia":[{"embeddable":true,"href":"https:\/\/photographer.lu\/de\/wp-json\/wp\/v2\/media\/18156"}],"wp:attachment":[{"href":"https:\/\/photographer.lu\/de\/wp-json\/wp\/v2\/media?parent=18814"}],"wp:term":[{"taxonomy":"product_brand","embeddable":true,"href":"https:\/\/photographer.lu\/de\/wp-json\/wp\/v2\/product_brand?post=18814"},{"taxonomy":"product_cat","embeddable":true,"href":"https:\/\/photographer.lu\/de\/wp-json\/wp\/v2\/product_cat?post=18814"},{"taxonomy":"product_tag","embeddable":true,"href":"https:\/\/photographer.lu\/de\/wp-json\/wp\/v2\/product_tag?post=18814"}],"curies":[{"name":"wp","href":"https:\/\/api.w.org\/{rel}","templated":true}]}}