{"id":18815,"date":"2022-09-06T21:46:37","date_gmt":"2022-09-06T21:46:37","guid":{"rendered":"https:\/\/photographer.lu\/photo\/trilogie-druck-luxemburg-bei-nacht\/"},"modified":"2022-10-16T15:58:24","modified_gmt":"2022-10-16T15:58:24","slug":"trilogie-druck-luxemburg-abend","status":"publish","type":"product","link":"https:\/\/photographer.lu\/de\/photo\/trilogie-druck-luxemburg-abend\/","title":{"rendered":"Trilogie Druck: Luxemburg bei Nacht"},"content":{"rendered":"<p>Die Trilogie Druck <strong>Luxemburg bei Nacht. <\/strong>Dieses Set enth\u00e4lt drei Drucke von 18x25cm jeder (ungefaltet Gr\u00f6\u00dfe: 25x55cm), auf einem Kunstledereinband montiert, mit einem sehr weichen und luxuri\u00f6sen. Die drei Drucke zeigen einige der wichtigsten Wahrzeichen Luxemburgs, die bei Nacht fotografiert wurden.<\/p>\n<p>Der Trilogie-Druck ist ein gro\u00dfartiges Geschenk f\u00fcr jemanden, der Luxemburg liebt, und kann aufgeklappt als Dekorationsobjekt oder dreifach gefaltet als Buch pr\u00e4sentiert werden.<\/p>\n","protected":false},"excerpt":{"rendered":"<p>Der Trilogie-Druck<strong> Luxemburg bei Nacht<\/strong><strong> <\/strong>des Fotografen Vio Dudau.<\/p>\n","protected":false},"featured_media":18182,"comment_status":"open","ping_status":"closed","template":"","meta":{"pgc_sgb_lightbox_settings":""},"product_brand":[],"product_cat":[622],"product_tag":[1033,789,790,761],"class_list":{"0":"post-18815","1":"product","2":"type-product","3":"status-publish","4":"has-post-thumbnail","6":"product_cat-luxemburg-geschenke","7":"product_tag-geschenke","8":"product_tag-nacht","9":"product_tag-nachtfotografie","10":"product_tag-stadt-luxemburg","11":"product_shipping_class-geschenke","13":"first","14":"outofstock","15":"taxable","16":"shipping-taxable","17":"purchasable","18":"product-type-simple"},"featured_image_urls_v2":{"full":["https:\/\/photographer.lu\/wp-content\/uploads\/2022\/09\/Luxembourg-Night-Trilogy-Print-gift-VIO_4612.webp",1200,797,false],"thumbnail":["https:\/\/photographer.lu\/wp-content\/uploads\/2022\/09\/Luxembourg-Night-Trilogy-Print-gift-VIO_4612-550x365.webp",550,365,true],"medium":["https:\/\/photographer.lu\/wp-content\/uploads\/2022\/09\/Luxembourg-Night-Trilogy-Print-gift-VIO_4612-300x199.webp",300,199,true],"medium_large":["https:\/\/photographer.lu\/wp-content\/uploads\/2022\/09\/Luxembourg-Night-Trilogy-Print-gift-VIO_4612-768x510.webp",768,510,true],"large":["https:\/\/photographer.lu\/wp-content\/uploads\/2022\/09\/Luxembourg-Night-Trilogy-Print-gift-VIO_4612.webp",1200,797,false],"1536x1536":["https:\/\/photographer.lu\/wp-content\/uploads\/2022\/09\/Luxembourg-Night-Trilogy-Print-gift-VIO_4612.webp",1200,797,false],"2048x2048":["https:\/\/photographer.lu\/wp-content\/uploads\/2022\/09\/Luxembourg-Night-Trilogy-Print-gift-VIO_4612.webp",1200,797,false],"woocommerce_archive_thumbnail":["https:\/\/photographer.lu\/wp-content\/uploads\/2022\/09\/Luxembourg-Night-Trilogy-Print-gift-VIO_4612-600x399.webp",600,399,true],"mailpoet_newsletter_max":["https:\/\/photographer.lu\/wp-content\/uploads\/2022\/09\/Luxembourg-Night-Trilogy-Print-gift-VIO_4612.webp",1200,797,false],"woocommerce_thumbnail":["https:\/\/photographer.lu\/wp-content\/uploads\/2022\/09\/Luxembourg-Night-Trilogy-Print-gift-VIO_4612-600x399.webp",600,399,true],"woocommerce_single":["https:\/\/photographer.lu\/wp-content\/uploads\/2022\/09\/Luxembourg-Night-Trilogy-Print-gift-VIO_4612.webp",1200,797,false],"woocommerce_gallery_thumbnail":["https:\/\/photographer.lu\/wp-content\/uploads\/2022\/09\/Luxembourg-Night-Trilogy-Print-gift-VIO_4612-120x120.webp",120,120,true],"jetpack-portfolio-admin-thumb":["https:\/\/photographer.lu\/wp-content\/uploads\/2022\/09\/Luxembourg-Night-Trilogy-Print-gift-VIO_4612-50x50.webp",50,50,true]},"post_excerpt_stackable_v2":"<p>Der Trilogie-Druck<strong> Luxemburg bei Nacht<\/strong><strong> <\/strong>des Fotografen Vio Dudau.<\/p>\n","category_list_v2":"","author_info_v2":{"name":"","url":""},"comments_num_v2":"0 comments","acf":[],"jetpack_sharing_enabled":true,"_links":{"self":[{"href":"https:\/\/photographer.lu\/de\/wp-json\/wp\/v2\/product\/18815","targetHints":{"allow":["GET"]}}],"collection":[{"href":"https:\/\/photographer.lu\/de\/wp-json\/wp\/v2\/product"}],"about":[{"href":"https:\/\/photographer.lu\/de\/wp-json\/wp\/v2\/types\/product"}],"replies":[{"embeddable":true,"href":"https:\/\/photographer.lu\/de\/wp-json\/wp\/v2\/comments?post=18815"}],"wp:featuredmedia":[{"embeddable":true,"href":"https:\/\/photographer.lu\/de\/wp-json\/wp\/v2\/media\/18182"}],"wp:attachment":[{"href":"https:\/\/photographer.lu\/de\/wp-json\/wp\/v2\/media?parent=18815"}],"wp:term":[{"taxonomy":"product_brand","embeddable":true,"href":"https:\/\/photographer.lu\/de\/wp-json\/wp\/v2\/product_brand?post=18815"},{"taxonomy":"product_cat","embeddable":true,"href":"https:\/\/photographer.lu\/de\/wp-json\/wp\/v2\/product_cat?post=18815"},{"taxonomy":"product_tag","embeddable":true,"href":"https:\/\/photographer.lu\/de\/wp-json\/wp\/v2\/product_tag?post=18815"}],"curies":[{"name":"wp","href":"https:\/\/api.w.org\/{rel}","templated":true}]}}