{"id":18865,"date":"2022-09-06T21:45:54","date_gmt":"2022-09-06T21:45:54","guid":{"rendered":"https:\/\/photographer.lu\/photo\/luxemburg-magische-visitenkarte\/"},"modified":"2022-10-16T16:03:23","modified_gmt":"2022-10-16T16:03:23","slug":"luxembourg-magical-visit-card","status":"publish","type":"product","link":"https:\/\/photographer.lu\/de\/photo\/luxembourg-magical-visit-card\/","title":{"rendered":"Luxemburg Magische Visitenkarte"},"content":{"rendered":"<p>Die Luxembourg Magical Visit Card ist eine kleine Sammlung einiger meiner besten Bilder von Luxemburg, pr\u00e4sentiert in einem quadratischen B\u00fcchlein im Taschenformat. Genau wie Luxemburg erscheint es auf den ersten Blick klein, nur 7,5\u00d77,5 cm, aber es entfaltet sich dem neugierigen Auge, um seine wahre Sch\u00f6nheit im Inneren zu zeigen, wenn es in seiner vollen L\u00e4nge von 70 cm ausgestellt wird.<\/p>\n<p>Die Luxemburg-Visitenkarte zeigt auf der einen Seite 5 der ber\u00fchmtesten Ansichten und Wahrzeichen der Stadt Luxemburg, w\u00e4hrend auf der R\u00fcckseite 8 der sch\u00f6nsten Orte des restlichen Gro\u00dfherzogtums abgebildet sind: Schloss Vianden, Schloss Bourscheid, Mullerthal, Diekirch, Esch-sur-Alzette, Schloss Clervaux, Oberer Sure-See und Hohllay-H\u00f6hle in Berdorf.<\/p>\n<p>Es wird in einer kleinen, eleganten, wei\u00dfen Schachtel geliefert und ist somit ein perfektes Geschenk f\u00fcr Ihre Freunde, Familie oder Gesch\u00e4ftspartner, die Luxemburg besuchen. Garantiert ein toller erster Eindruck!<\/p>\n<p>&nbsp;<\/p>\n","protected":false},"excerpt":{"rendered":"<p>Die Luxembourg Magical Visit Card des Fotografen Vio Dudau.<\/p>\n","protected":false},"featured_media":18184,"comment_status":"open","ping_status":"closed","template":"","meta":{"pgc_sgb_lightbox_settings":""},"product_brand":[],"product_cat":[622],"product_tag":[626,678,1033,625,761],"class_list":{"0":"post-18865","1":"product","2":"type-product","3":"status-publish","4":"has-post-thumbnail","6":"product_cat-luxemburg-geschenke","7":"product_tag-bucher","8":"product_tag-das-grosherzogtum-luxemburg","9":"product_tag-geschenke","10":"product_tag-luxemburgische-magie","11":"product_tag-stadt-luxemburg","12":"product_shipping_class-geschenke","14":"first","15":"outofstock","16":"taxable","17":"shipping-taxable","18":"purchasable","19":"product-type-simple"},"featured_image_urls_v2":{"full":["https:\/\/photographer.lu\/wp-content\/uploads\/2022\/09\/Luxembourg-Magical-Visit-Card_4251_photodudau.webp",1200,800,false],"thumbnail":["https:\/\/photographer.lu\/wp-content\/uploads\/2022\/09\/Luxembourg-Magical-Visit-Card_4251_photodudau-550x367.webp",550,367,true],"medium":["https:\/\/photographer.lu\/wp-content\/uploads\/2022\/09\/Luxembourg-Magical-Visit-Card_4251_photodudau-300x200.webp",300,200,true],"medium_large":["https:\/\/photographer.lu\/wp-content\/uploads\/2022\/09\/Luxembourg-Magical-Visit-Card_4251_photodudau-768x512.webp",768,512,true],"large":["https:\/\/photographer.lu\/wp-content\/uploads\/2022\/09\/Luxembourg-Magical-Visit-Card_4251_photodudau.webp",1200,800,false],"1536x1536":["https:\/\/photographer.lu\/wp-content\/uploads\/2022\/09\/Luxembourg-Magical-Visit-Card_4251_photodudau.webp",1200,800,false],"2048x2048":["https:\/\/photographer.lu\/wp-content\/uploads\/2022\/09\/Luxembourg-Magical-Visit-Card_4251_photodudau.webp",1200,800,false],"woocommerce_archive_thumbnail":["https:\/\/photographer.lu\/wp-content\/uploads\/2022\/09\/Luxembourg-Magical-Visit-Card_4251_photodudau-600x400.webp",600,400,true],"mailpoet_newsletter_max":["https:\/\/photographer.lu\/wp-content\/uploads\/2022\/09\/Luxembourg-Magical-Visit-Card_4251_photodudau.webp",1200,800,false],"woocommerce_thumbnail":["https:\/\/photographer.lu\/wp-content\/uploads\/2022\/09\/Luxembourg-Magical-Visit-Card_4251_photodudau-600x400.webp",600,400,true],"woocommerce_single":["https:\/\/photographer.lu\/wp-content\/uploads\/2022\/09\/Luxembourg-Magical-Visit-Card_4251_photodudau.webp",1200,800,false],"woocommerce_gallery_thumbnail":["https:\/\/photographer.lu\/wp-content\/uploads\/2022\/09\/Luxembourg-Magical-Visit-Card_4251_photodudau-120x120.webp",120,120,true],"jetpack-portfolio-admin-thumb":["https:\/\/photographer.lu\/wp-content\/uploads\/2022\/09\/Luxembourg-Magical-Visit-Card_4251_photodudau-50x50.webp",50,50,true]},"post_excerpt_stackable_v2":"<p>Die Luxembourg Magical Visit Card des Fotografen Vio Dudau.<\/p>\n","category_list_v2":"","author_info_v2":{"name":"","url":""},"comments_num_v2":"0 comments","acf":[],"jetpack_sharing_enabled":true,"_links":{"self":[{"href":"https:\/\/photographer.lu\/de\/wp-json\/wp\/v2\/product\/18865","targetHints":{"allow":["GET"]}}],"collection":[{"href":"https:\/\/photographer.lu\/de\/wp-json\/wp\/v2\/product"}],"about":[{"href":"https:\/\/photographer.lu\/de\/wp-json\/wp\/v2\/types\/product"}],"replies":[{"embeddable":true,"href":"https:\/\/photographer.lu\/de\/wp-json\/wp\/v2\/comments?post=18865"}],"wp:featuredmedia":[{"embeddable":true,"href":"https:\/\/photographer.lu\/de\/wp-json\/wp\/v2\/media\/18184"}],"wp:attachment":[{"href":"https:\/\/photographer.lu\/de\/wp-json\/wp\/v2\/media?parent=18865"}],"wp:term":[{"taxonomy":"product_brand","embeddable":true,"href":"https:\/\/photographer.lu\/de\/wp-json\/wp\/v2\/product_brand?post=18865"},{"taxonomy":"product_cat","embeddable":true,"href":"https:\/\/photographer.lu\/de\/wp-json\/wp\/v2\/product_cat?post=18865"},{"taxonomy":"product_tag","embeddable":true,"href":"https:\/\/photographer.lu\/de\/wp-json\/wp\/v2\/product_tag?post=18865"}],"curies":[{"name":"wp","href":"https:\/\/api.w.org\/{rel}","templated":true}]}}