{"id":18883,"date":"2024-09-18T12:53:38","date_gmt":"2024-09-18T12:53:38","guid":{"rendered":"https:\/\/photographer.lu\/photo\/kalender-luxembourg-magique-2023\/"},"modified":"2024-12-10T10:07:51","modified_gmt":"2024-12-10T10:07:51","slug":"kalender-luxembourg-magique","status":"publish","type":"product","link":"https:\/\/photographer.lu\/de\/photo\/kalender-luxembourg-magique\/","title":{"rendered":"Luxemburg Kalender 2025"},"content":{"rendered":"<p><strong>Luxembourg Magique 2025 Kalender<\/strong> in <strong>2 verschiedenen Gr\u00f6\u00dfen<\/strong>: ein gro\u00dfer und sch\u00f6ner <strong>Wandkalender<\/strong> 40x30cm (A3) und ein gro\u00dfer und sch\u00f6ner <strong>Tischkalender<\/strong> 30x20cm (A4). Ihre Fotos und ihr Layout sind gleich, nur die Gr\u00f6\u00dfe ist anders. Alle Luxemburger Kalender haben 53 Seiten, eine pro Woche, auf 26 beidseitig bedruckten Bl\u00e4ttern.<\/p>\n<p>Der <strong>Luxemburg-Kalender<\/strong> <strong>2025<\/strong> enth\u00e4lt Fotos aus dem gesamten Gro\u00dfherzogtum Luxemburg. Die Ausgabe 2025 enth\u00e4lt 21 Fotos aus Luxemburg-Stadt, 15 Fotos von Luxemburger Schl\u00f6ssern, Stra\u00dfenfotografie, Landschaften, St\u00e4dte und D\u00f6rfer: Mamer, Bertrange, Strassen, Lac Haute S\u00fbre, Esch-sur-S\u00fbre, Kehlen, Ettelbruck, Diekirch, Schengen, Wellenstein, Arsdorf, Munsbach, Niederanven, Beaufort, Machtum, Clervaux, Vianden, Bourscheid, Cruchten, Bettborn, Colpach, Bourglinster, Moselle, Lenningen, Septfontaines, Differdange und Wiltz.<\/p>\n<p>Die Bildunterschriften sind in englischer Sprache verfasst, w\u00e4hrend die Monate, Wochen und Wochentage in Franz\u00f6sisch, Englisch, Deutsch und Luxemburgisch angegeben sind. Es ist ein sch\u00f6nes, internationales, gemeinschaftsorientiertes Produkt.<\/p>\n<p><span style=\"color: #ff0000;\"><strong>Der Verkauf endet am 13. Dezember 2024.<\/strong><\/span><\/p>\n","protected":false},"excerpt":{"rendered":"<p><strong>Luxembourg Magique 2025 Wochenkalender: 53 Seiten, 53 Bilder, eine Seite pro Woche.<\/strong>  Der Luxemburg Kalender 2025 enth\u00e4lt Fotos aus Luxemburg-Stadt und dem Rest des Gro\u00dfherzogtums (Mamer, Bertrange, Strassen, Lac Haute S\u00fbre, Esch-sur-S\u00fbre, Kehlen, Ettelbruck, Diekirch, Schengen, Wellenstein, Arsdorf, Munsbach, Niederanven, Beaufort, Machtum, Clervaux, Vianden, Bourscheid, Cruchten, Bettborn, Colpach, Bourglinster, Moselle, Lenningen, Septfontaines, Differdange und Wiltz). Bezahlen Sie mit Ihrer bevorzugten Zahlungsmethode w\u00e4hrend des Bestellvorgangs.  <span style=\"color: #ff0000;\"><strong>Der Verkauf endet am 13. Dezember 2024.<\/strong><\/span><\/p>\n<p><img decoding=\"async\" class=\"alignnone size-full wp-image-22578\" src=\"https:\/\/photographer.lu\/wp-content\/uploads\/2022\/10\/payment-methods-luxembourg.webp\" alt=\"Zahlungsverfahren\" width=\"581\" height=\"40\" srcset=\"https:\/\/photographer.lu\/wp-content\/uploads\/2022\/10\/payment-methods-luxembourg.webp 581w, https:\/\/photographer.lu\/wp-content\/uploads\/2022\/10\/payment-methods-luxembourg-300x21.webp 300w, https:\/\/photographer.lu\/wp-content\/uploads\/2022\/10\/payment-methods-luxembourg-550x38.webp 550w\" sizes=\"(max-width: 581px) 100vw, 581px\" \/><\/p>\n","protected":false},"featured_media":34606,"comment_status":"open","ping_status":"closed","template":"","meta":{"pgc_sgb_lightbox_settings":""},"product_brand":[],"product_cat":[622],"product_tag":[1044,1566,678,1042,1572,1571,1043,1565,1046,761],"class_list":{"0":"post-18883","1":"product","2":"type-product","3":"status-publish","4":"has-post-thumbnail","6":"product_cat-luxemburg-geschenke","7":"product_tag-calendrier-luxemburg","8":"product_tag-calendrier-luxemburg-2025","9":"product_tag-das-grosherzogtum-luxemburg","10":"product_tag-kalender","11":"product_tag-kalender-luxemburg-de","12":"product_tag-kalenner-letzebuerg-de","13":"product_tag-luxemburg-kalender","14":"product_tag-luxemburg-kalender-2025","15":"product_tag-magisches-luxemburg","16":"product_tag-stadt-luxemburg","17":"product_shipping_class-kalendarien","19":"first","20":"outofstock","21":"taxable","22":"shipping-taxable","23":"purchasable","24":"product-type-variable"},"featured_image_urls_v2":{"full":["https:\/\/photographer.lu\/wp-content\/uploads\/2023\/09\/luxembourg-calendar-2025.webp",1500,1080,false],"thumbnail":["https:\/\/photographer.lu\/wp-content\/uploads\/2023\/09\/luxembourg-calendar-2025-550x396.webp",550,396,true],"medium":["https:\/\/photographer.lu\/wp-content\/uploads\/2023\/09\/luxembourg-calendar-2025-300x216.webp",300,216,true],"medium_large":["https:\/\/photographer.lu\/wp-content\/uploads\/2023\/09\/luxembourg-calendar-2025-768x553.webp",768,553,true],"large":["https:\/\/photographer.lu\/wp-content\/uploads\/2023\/09\/luxembourg-calendar-2025-1200x864.webp",1200,864,true],"1536x1536":["https:\/\/photographer.lu\/wp-content\/uploads\/2023\/09\/luxembourg-calendar-2025.webp",1500,1080,false],"2048x2048":["https:\/\/photographer.lu\/wp-content\/uploads\/2023\/09\/luxembourg-calendar-2025.webp",1500,1080,false],"woocommerce_archive_thumbnail":["https:\/\/photographer.lu\/wp-content\/uploads\/2023\/09\/luxembourg-calendar-2025-600x432.webp",600,432,true],"mailpoet_newsletter_max":["https:\/\/photographer.lu\/wp-content\/uploads\/2023\/09\/luxembourg-calendar-2025-1320x950.webp",1320,950,true],"woocommerce_thumbnail":["https:\/\/photographer.lu\/wp-content\/uploads\/2023\/09\/luxembourg-calendar-2025-600x432.webp",600,432,true],"woocommerce_single":["https:\/\/photographer.lu\/wp-content\/uploads\/2023\/09\/luxembourg-calendar-2025-1200x864.webp",1200,864,true],"woocommerce_gallery_thumbnail":["https:\/\/photographer.lu\/wp-content\/uploads\/2023\/09\/luxembourg-calendar-2025-120x120.webp",120,120,true],"jetpack-portfolio-admin-thumb":["https:\/\/photographer.lu\/wp-content\/uploads\/2023\/09\/luxembourg-calendar-2025-50x50.webp",50,50,true]},"post_excerpt_stackable_v2":"<p><strong>Luxembourg Magique 2025 Wochenkalender: 53 Seiten, 53 Bilder, eine Seite pro Woche.<\/strong>  Der Luxemburg Kalender 2025 enth\u00e4lt Fotos aus Luxemburg-Stadt und dem Rest des Gro\u00dfherzogtums (Mamer, Bertrange, Strassen, Lac Haute S\u00fbre, Esch-sur-S\u00fbre, Kehlen, Ettelbruck, Diekirch, Schengen, Wellenstein, Arsdorf, Munsbach, Niederanven, Beaufort, Machtum, Clervaux, Vianden, Bourscheid, Cruchten, Bettborn, Colpach, Bourglinster, Moselle, Lenningen, Septfontaines, Differdange und Wiltz). Bezahlen Sie mit Ihrer bevorzugten Zahlungsmethode w\u00e4hrend des Bestellvorgangs.  <span style=\"color: #ff0000;\"><strong>Der Verkauf endet am 13. Dezember 2024.<\/strong><\/span><\/p>\n<p><img decoding=\"async\" class=\"alignnone size-full wp-image-22578\" src=\"https:\/\/photographer.lu\/wp-content\/uploads\/2022\/10\/payment-methods-luxembourg.webp\" alt=\"Zahlungsverfahren\" width=\"581\" height=\"40\" srcset=\"https:\/\/photographer.lu\/wp-content\/uploads\/2022\/10\/payment-methods-luxembourg.webp 581w, https:\/\/photographer.lu\/wp-content\/uploads\/2022\/10\/payment-methods-luxembourg-300x21.webp 300w, https:\/\/photographer.lu\/wp-content\/uploads\/2022\/10\/payment-methods-luxembourg-550x38.webp 550w\" sizes=\"(max-width: 581px) 100vw, 581px\" \/><\/p>\n","category_list_v2":"","author_info_v2":{"name":"","url":""},"comments_num_v2":"0 comments","acf":[],"jetpack_sharing_enabled":true,"_links":{"self":[{"href":"https:\/\/photographer.lu\/de\/wp-json\/wp\/v2\/product\/18883","targetHints":{"allow":["GET"]}}],"collection":[{"href":"https:\/\/photographer.lu\/de\/wp-json\/wp\/v2\/product"}],"about":[{"href":"https:\/\/photographer.lu\/de\/wp-json\/wp\/v2\/types\/product"}],"replies":[{"embeddable":true,"href":"https:\/\/photographer.lu\/de\/wp-json\/wp\/v2\/comments?post=18883"}],"wp:featuredmedia":[{"embeddable":true,"href":"https:\/\/photographer.lu\/de\/wp-json\/wp\/v2\/media\/34606"}],"wp:attachment":[{"href":"https:\/\/photographer.lu\/de\/wp-json\/wp\/v2\/media?parent=18883"}],"wp:term":[{"taxonomy":"product_brand","embeddable":true,"href":"https:\/\/photographer.lu\/de\/wp-json\/wp\/v2\/product_brand?post=18883"},{"taxonomy":"product_cat","embeddable":true,"href":"https:\/\/photographer.lu\/de\/wp-json\/wp\/v2\/product_cat?post=18883"},{"taxonomy":"product_tag","embeddable":true,"href":"https:\/\/photographer.lu\/de\/wp-json\/wp\/v2\/product_tag?post=18883"}],"curies":[{"name":"wp","href":"https:\/\/api.w.org\/{rel}","templated":true}]}}