{"id":18924,"date":"2022-09-18T10:48:47","date_gmt":"2022-09-18T10:48:47","guid":{"rendered":"https:\/\/photographer.lu\/photo\/luxemburg-grusskarte-frohe-weihnachten\/"},"modified":"2023-09-28T04:50:42","modified_gmt":"2023-09-28T04:50:42","slug":"luxemburgische-gluckwunschkarte-frohliche-weihnachten","status":"publish","type":"product","link":"https:\/\/photographer.lu\/de\/photo\/luxemburgische-gluckwunschkarte-frohliche-weihnachten\/","title":{"rendered":"Luxemburg Gru\u00dfkarte Frohe Weihnachten"},"content":{"rendered":"<p><strong>Luxemburg-Gru\u00dfkarte<\/strong> im A5-Format (15\u00d721 cm) mit eingedruckter <strong>Weihnachtsbotschaft<\/strong> auf der Innenseite. Die Vorderseite ist ein Mixed-Media-Bild, das auf meinem eigenen Foto des <a href=\"https:\/\/stock.photographer.lu\/image\/luxembourg-city-christmas-market-night\/\">Luxemburger Weihnachtsmarktes<\/a> basiert, w\u00e4hrend die Innenseite die Botschaft &#8222;Frohe Weihnachten&#8220; in verschiedenen Sprachen enth\u00e4lt: Luxemburgisch, Englisch, Portugiesisch, Franz\u00f6sisch, Deutsch, Norwegisch, Slowakisch, Slowenisch, Griechisch, Ungarisch, Rum\u00e4nisch, Schwedisch, Italienisch, Polnisch und Spanisch.<\/p>\n<p>Er wird mit einem roten Umschlag geliefert, den Sie Ihren Lieben \u00fcberreichen k\u00f6nnen.<\/p>\n","protected":false},"excerpt":{"rendered":"<p>Luxemburg-Gru\u00dfkarte im A5-Format (15\u00d721 cm) mit eingedruckter Weihnachtsbotschaft auf der Innenseite. Die Vorderseite ist ein Mixed-Media-Bild, das auf meinem eigenen Foto des Luxemburger Weihnachtsmarktes basiert, w\u00e4hrend die Innenseite die Botschaft &#8222;Frohe Weihnachten&#8220; in verschiedenen Sprachen enth\u00e4lt: Luxemburgisch, Englisch, Portugiesisch, Franz\u00f6sisch, Deutsch, Norwegisch, Slowakisch, Slowenisch, Griechisch, Ungarisch, Rum\u00e4nisch, Schwedisch, Italienisch, Polnisch und Spanisch. Er wird mit [&hellip;]<\/p>\n","protected":false},"featured_media":18348,"comment_status":"open","ping_status":"closed","template":"","meta":{"pgc_sgb_lightbox_settings":""},"product_brand":[],"product_cat":[622],"product_tag":[1353],"class_list":{"0":"post-18924","1":"product","2":"type-product","3":"status-publish","4":"has-post-thumbnail","6":"product_cat-luxemburg-geschenke","7":"product_tag-gruskarten","8":"product_shipping_class-kalendarien","10":"first","11":"outofstock","12":"taxable","13":"shipping-taxable","14":"purchasable","15":"product-type-variable","16":"has-default-attributes"},"featured_image_urls_v2":{"full":["https:\/\/photographer.lu\/wp-content\/uploads\/2022\/09\/Luxembourg-Greeting-Card-Merry-Christmas-front-interior.webp",1080,720,false],"thumbnail":["https:\/\/photographer.lu\/wp-content\/uploads\/2022\/09\/Luxembourg-Greeting-Card-Merry-Christmas-front-interior-550x367.webp",550,367,true],"medium":["https:\/\/photographer.lu\/wp-content\/uploads\/2022\/09\/Luxembourg-Greeting-Card-Merry-Christmas-front-interior-300x200.webp",300,200,true],"medium_large":["https:\/\/photographer.lu\/wp-content\/uploads\/2022\/09\/Luxembourg-Greeting-Card-Merry-Christmas-front-interior-768x512.webp",768,512,true],"large":["https:\/\/photographer.lu\/wp-content\/uploads\/2022\/09\/Luxembourg-Greeting-Card-Merry-Christmas-front-interior.webp",1080,720,false],"1536x1536":["https:\/\/photographer.lu\/wp-content\/uploads\/2022\/09\/Luxembourg-Greeting-Card-Merry-Christmas-front-interior.webp",1080,720,false],"2048x2048":["https:\/\/photographer.lu\/wp-content\/uploads\/2022\/09\/Luxembourg-Greeting-Card-Merry-Christmas-front-interior.webp",1080,720,false],"woocommerce_archive_thumbnail":["https:\/\/photographer.lu\/wp-content\/uploads\/2022\/09\/Luxembourg-Greeting-Card-Merry-Christmas-front-interior-600x400.webp",600,400,true],"mailpoet_newsletter_max":["https:\/\/photographer.lu\/wp-content\/uploads\/2022\/09\/Luxembourg-Greeting-Card-Merry-Christmas-front-interior.webp",1080,720,false],"woocommerce_thumbnail":["https:\/\/photographer.lu\/wp-content\/uploads\/2022\/09\/Luxembourg-Greeting-Card-Merry-Christmas-front-interior-600x400.webp",600,400,true],"woocommerce_single":["https:\/\/photographer.lu\/wp-content\/uploads\/2022\/09\/Luxembourg-Greeting-Card-Merry-Christmas-front-interior.webp",1080,720,false],"woocommerce_gallery_thumbnail":["https:\/\/photographer.lu\/wp-content\/uploads\/2022\/09\/Luxembourg-Greeting-Card-Merry-Christmas-front-interior-120x120.webp",120,120,true],"jetpack-portfolio-admin-thumb":["https:\/\/photographer.lu\/wp-content\/uploads\/2022\/09\/Luxembourg-Greeting-Card-Merry-Christmas-front-interior-50x50.webp",50,50,true]},"post_excerpt_stackable_v2":"<p>Luxemburg-Gru\u00dfkarte im A5-Format (15\u00d721 cm) mit eingedruckter Weihnachtsbotschaft auf der Innenseite. Die Vorderseite ist ein Mixed-Media-Bild, das auf meinem eigenen Foto des Luxemburger Weihnachtsmarktes basiert, w\u00e4hrend die Innenseite die Botschaft &#8222;Frohe Weihnachten&#8220; in verschiedenen Sprachen enth\u00e4lt: Luxemburgisch, Englisch, Portugiesisch, Franz\u00f6sisch, Deutsch, Norwegisch, Slowakisch, Slowenisch, Griechisch, Ungarisch, Rum\u00e4nisch, Schwedisch, Italienisch, Polnisch und Spanisch. Er wird mit einem roten Umschlag geliefert, den Sie Ihren Lieben \u00fcberreichen k\u00f6nnen.<\/p>\n","category_list_v2":"","author_info_v2":{"name":"","url":""},"comments_num_v2":"0 comments","acf":[],"jetpack_sharing_enabled":true,"_links":{"self":[{"href":"https:\/\/photographer.lu\/de\/wp-json\/wp\/v2\/product\/18924","targetHints":{"allow":["GET"]}}],"collection":[{"href":"https:\/\/photographer.lu\/de\/wp-json\/wp\/v2\/product"}],"about":[{"href":"https:\/\/photographer.lu\/de\/wp-json\/wp\/v2\/types\/product"}],"replies":[{"embeddable":true,"href":"https:\/\/photographer.lu\/de\/wp-json\/wp\/v2\/comments?post=18924"}],"wp:featuredmedia":[{"embeddable":true,"href":"https:\/\/photographer.lu\/de\/wp-json\/wp\/v2\/media\/18348"}],"wp:attachment":[{"href":"https:\/\/photographer.lu\/de\/wp-json\/wp\/v2\/media?parent=18924"}],"wp:term":[{"taxonomy":"product_brand","embeddable":true,"href":"https:\/\/photographer.lu\/de\/wp-json\/wp\/v2\/product_brand?post=18924"},{"taxonomy":"product_cat","embeddable":true,"href":"https:\/\/photographer.lu\/de\/wp-json\/wp\/v2\/product_cat?post=18924"},{"taxonomy":"product_tag","embeddable":true,"href":"https:\/\/photographer.lu\/de\/wp-json\/wp\/v2\/product_tag?post=18924"}],"curies":[{"name":"wp","href":"https:\/\/api.w.org\/{rel}","templated":true}]}}