{"id":18928,"date":"2022-10-09T20:46:08","date_gmt":"2022-10-09T20:46:08","guid":{"rendered":"https:\/\/photographer.lu\/photo\/luxemburg-stadt-im-fruehling\/"},"modified":"2023-09-27T06:36:47","modified_gmt":"2023-09-27T06:36:47","slug":"luxemburg-stadt-im-fruehling","status":"publish","type":"product","link":"https:\/\/photographer.lu\/de\/photo\/luxemburg-stadt-im-fruehling\/","title":{"rendered":"Luxemburg Stadt im Fr\u00fchling"},"content":{"rendered":"<p><span style=\"color: #008000;\">Kommerzielles<\/span> Foto von bl\u00fchenden B\u00e4umen in Luxemburg-Stadt w\u00e4hrend der Fr\u00fchlingszeit. Die Kathedrale Notre Dame ist in der Altstadt durch Kirschbaumbl\u00fcten zu sehen.<\/p>\n<p>Dieses Bild kann als digitaler Download lizenziert werden.<\/p>\n<p>Es sind Drucke in limitierter Auflage und in offener Auflage erh\u00e4ltlich.<\/p>\n","protected":false},"excerpt":{"rendered":"<p>Luxemburg Stadt im Fr\u00fchling mit Kirschbaumbl\u00fcten<\/p>\n","protected":false},"featured_media":18612,"comment_status":"open","ping_status":"closed","template":"","meta":{"pgc_sgb_lightbox_settings":""},"product_brand":[],"product_cat":[671,672],"product_tag":[771,772,765,674,773,766,774,775,767,768,764,763,762,761,770,769,760],"class_list":{"0":"post-18928","1":"product","2":"type-product","3":"status-publish","4":"has-post-thumbnail","6":"product_cat-kunstdrucke","7":"product_cat-luxemburg-bilder","8":"product_tag-bluhende","9":"product_tag-bluhender-baum","10":"product_tag-blumen","11":"product_tag-druckt","12":"product_tag-feder","13":"product_tag-fotoen-de","14":"product_tag-fruhlingsbaum","15":"product_tag-fruhlingshaft","16":"product_tag-ikonisch","17":"product_tag-jahreszeiten","18":"product_tag-letzebuerg-de","19":"product_tag-luxemburg-bilder","20":"product_tag-luxemburg-fotos","21":"product_tag-stadt-luxemburg","22":"product_tag-symbole","23":"product_tag-ville-haute-de","24":"product_tag-wahrzeichen","25":"product_shipping_class-drucke","27":"first","28":"instock","29":"taxable","30":"shipping-taxable","31":"purchasable","32":"product-type-variable"},"featured_image_urls_v2":{"full":["https:\/\/photographer.lu\/wp-content\/uploads\/2022\/10\/8488-L-VIO-1009-Luxembourg-city-spring-season.webp",1200,800,false],"thumbnail":["https:\/\/photographer.lu\/wp-content\/uploads\/2022\/10\/8488-L-VIO-1009-Luxembourg-city-spring-season-550x367.webp",550,367,true],"medium":["https:\/\/photographer.lu\/wp-content\/uploads\/2022\/10\/8488-L-VIO-1009-Luxembourg-city-spring-season-300x200.webp",300,200,true],"medium_large":["https:\/\/photographer.lu\/wp-content\/uploads\/2022\/10\/8488-L-VIO-1009-Luxembourg-city-spring-season-768x512.webp",768,512,true],"large":["https:\/\/photographer.lu\/wp-content\/uploads\/2022\/10\/8488-L-VIO-1009-Luxembourg-city-spring-season.webp",1200,800,false],"1536x1536":["https:\/\/photographer.lu\/wp-content\/uploads\/2022\/10\/8488-L-VIO-1009-Luxembourg-city-spring-season.webp",1200,800,false],"2048x2048":["https:\/\/photographer.lu\/wp-content\/uploads\/2022\/10\/8488-L-VIO-1009-Luxembourg-city-spring-season.webp",1200,800,false],"woocommerce_archive_thumbnail":["https:\/\/photographer.lu\/wp-content\/uploads\/2022\/10\/8488-L-VIO-1009-Luxembourg-city-spring-season-600x400.webp",600,400,true],"mailpoet_newsletter_max":["https:\/\/photographer.lu\/wp-content\/uploads\/2022\/10\/8488-L-VIO-1009-Luxembourg-city-spring-season.webp",1200,800,false],"woocommerce_thumbnail":["https:\/\/photographer.lu\/wp-content\/uploads\/2022\/10\/8488-L-VIO-1009-Luxembourg-city-spring-season-600x400.webp",600,400,true],"woocommerce_single":["https:\/\/photographer.lu\/wp-content\/uploads\/2022\/10\/8488-L-VIO-1009-Luxembourg-city-spring-season.webp",1200,800,false],"woocommerce_gallery_thumbnail":["https:\/\/photographer.lu\/wp-content\/uploads\/2022\/10\/8488-L-VIO-1009-Luxembourg-city-spring-season-120x120.webp",120,120,true],"jetpack-portfolio-admin-thumb":["https:\/\/photographer.lu\/wp-content\/uploads\/2022\/10\/8488-L-VIO-1009-Luxembourg-city-spring-season-50x50.webp",50,50,true]},"post_excerpt_stackable_v2":"<p>Luxemburg Stadt im Fr\u00fchling mit Kirschbaumbl\u00fcten<\/p>\n","category_list_v2":"","author_info_v2":{"name":"","url":""},"comments_num_v2":"0 comments","acf":[],"jetpack_sharing_enabled":true,"_links":{"self":[{"href":"https:\/\/photographer.lu\/de\/wp-json\/wp\/v2\/product\/18928","targetHints":{"allow":["GET"]}}],"collection":[{"href":"https:\/\/photographer.lu\/de\/wp-json\/wp\/v2\/product"}],"about":[{"href":"https:\/\/photographer.lu\/de\/wp-json\/wp\/v2\/types\/product"}],"replies":[{"embeddable":true,"href":"https:\/\/photographer.lu\/de\/wp-json\/wp\/v2\/comments?post=18928"}],"wp:featuredmedia":[{"embeddable":true,"href":"https:\/\/photographer.lu\/de\/wp-json\/wp\/v2\/media\/18612"}],"wp:attachment":[{"href":"https:\/\/photographer.lu\/de\/wp-json\/wp\/v2\/media?parent=18928"}],"wp:term":[{"taxonomy":"product_brand","embeddable":true,"href":"https:\/\/photographer.lu\/de\/wp-json\/wp\/v2\/product_brand?post=18928"},{"taxonomy":"product_cat","embeddable":true,"href":"https:\/\/photographer.lu\/de\/wp-json\/wp\/v2\/product_cat?post=18928"},{"taxonomy":"product_tag","embeddable":true,"href":"https:\/\/photographer.lu\/de\/wp-json\/wp\/v2\/product_tag?post=18928"}],"curies":[{"name":"wp","href":"https:\/\/api.w.org\/{rel}","templated":true}]}}