{"id":18930,"date":"2022-11-10T15:07:59","date_gmt":"2022-11-10T15:07:59","guid":{"rendered":"https:\/\/photographer.lu\/photo\/feuerwerk-ueber-der-stadt-luxemburg\/"},"modified":"2023-09-28T03:35:07","modified_gmt":"2023-09-28T03:35:07","slug":"feuerwerk-luxembourg-stadt","status":"publish","type":"product","link":"https:\/\/photographer.lu\/de\/photo\/feuerwerk-luxembourg-stadt\/","title":{"rendered":"Feuerwerk \u00fcber der Stadt Luxemburg"},"content":{"rendered":"<p><span style=\"color: #008000;\">Werbefoto<\/span> vom Feuerwerk zum Nationalfeiertag \u00fcber der n\u00e4chtlichen Skyline von Luxemburg mit beleuchteten alten H\u00e4usern, der Altstadt, der Kirche Saint-Michel und der Abbaye de Neumunster in Grund, gesehen \u00fcber Clausen.<\/p>\n<p>Dieses Bild kann als digitaler Download lizenziert werden.<\/p>\n<p>Es sind Drucke in limitierter Auflage und in offener Auflage erh\u00e4ltlich.<\/p>\n","protected":false},"excerpt":{"rendered":"<p>Feuerwerk zum Nationalfeiertag \u00fcber der n\u00e4chtlichen Skyline von Luxemburg<\/p>\n","protected":false},"featured_media":18694,"comment_status":"closed","ping_status":"closed","template":"","meta":{"pgc_sgb_lightbox_settings":""},"product_brand":[],"product_cat":[671,672],"product_tag":[800,801,802,783,776,777,778,808,674,805,806,766,798,782,807,784,785,767,793,794,803,787,779,764,809,796,763,762,791,789,790,810,797,786,799,792,795,761,781,780,804,788,760],"class_list":{"0":"post-18930","1":"product","2":"type-product","3":"status-publish","4":"has-post-thumbnail","6":"product_cat-kunstdrucke","7":"product_cat-luxemburg-bilder","8":"product_tag-abbaye-de","9":"product_tag-abbaye-de-neumunster-de","10":"product_tag-abtei","11":"product_tag-abtei-neumunster","12":"product_tag-alt","13":"product_tag-alte-stadt","14":"product_tag-architektur","15":"product_tag-beleuchtet","16":"product_tag-druckt","17":"product_tag-feuerwerk","18":"product_tag-feuerwerk-in-luxemburg","19":"product_tag-fotoen-de","20":"product_tag-fotograf-luxembourg","21":"product_tag-grund-de","22":"product_tag-hauser","23":"product_tag-heiliger-michael","24":"product_tag-heiliger-michel","25":"product_tag-ikonisch","26":"product_tag-kapital","27":"product_tag-kathedrale","28":"product_tag-kirche","29":"product_tag-kirche-st-michael","30":"product_tag-kirchen","31":"product_tag-letzebuerg-de","32":"product_tag-lichter","33":"product_tag-luxemburg","34":"product_tag-luxemburg-bilder","35":"product_tag-luxemburg-fotos","36":"product_tag-luxemburgische-fotografie","37":"product_tag-nacht","38":"product_tag-nachtfotografie","39":"product_tag-neumunster-de","40":"product_tag-notre-dame-de","41":"product_tag-skyline-de","42":"product_tag-sonnenuntergang","43":"product_tag-st-michael-de","44":"product_tag-stadt","45":"product_tag-stadt-luxemburg","46":"product_tag-stadtansichten","47":"product_tag-stadtbild","48":"product_tag-stadtzentrum","49":"product_tag-ville-bas-de","50":"product_tag-wahrzeichen","51":"product_shipping_class-drucke","53":"first","54":"instock","55":"taxable","56":"shipping-taxable","57":"purchasable","58":"product-type-variable"},"featured_image_urls_v2":{"full":["https:\/\/photographer.lu\/wp-content\/uploads\/2022\/10\/8523-L-VIO-7716-Fireworks-Luxembourg-city.webp",1200,801,false],"thumbnail":["https:\/\/photographer.lu\/wp-content\/uploads\/2022\/10\/8523-L-VIO-7716-Fireworks-Luxembourg-city-550x367.webp",550,367,true],"medium":["https:\/\/photographer.lu\/wp-content\/uploads\/2022\/10\/8523-L-VIO-7716-Fireworks-Luxembourg-city-300x200.webp",300,200,true],"medium_large":["https:\/\/photographer.lu\/wp-content\/uploads\/2022\/10\/8523-L-VIO-7716-Fireworks-Luxembourg-city-768x513.webp",768,513,true],"large":["https:\/\/photographer.lu\/wp-content\/uploads\/2022\/10\/8523-L-VIO-7716-Fireworks-Luxembourg-city.webp",1200,801,false],"1536x1536":["https:\/\/photographer.lu\/wp-content\/uploads\/2022\/10\/8523-L-VIO-7716-Fireworks-Luxembourg-city.webp",1200,801,false],"2048x2048":["https:\/\/photographer.lu\/wp-content\/uploads\/2022\/10\/8523-L-VIO-7716-Fireworks-Luxembourg-city.webp",1200,801,false],"woocommerce_archive_thumbnail":["https:\/\/photographer.lu\/wp-content\/uploads\/2022\/10\/8523-L-VIO-7716-Fireworks-Luxembourg-city-600x401.webp",600,401,true],"mailpoet_newsletter_max":["https:\/\/photographer.lu\/wp-content\/uploads\/2022\/10\/8523-L-VIO-7716-Fireworks-Luxembourg-city.webp",1200,801,false],"woocommerce_thumbnail":["https:\/\/photographer.lu\/wp-content\/uploads\/2022\/10\/8523-L-VIO-7716-Fireworks-Luxembourg-city-600x401.webp",600,401,true],"woocommerce_single":["https:\/\/photographer.lu\/wp-content\/uploads\/2022\/10\/8523-L-VIO-7716-Fireworks-Luxembourg-city.webp",1200,801,false],"woocommerce_gallery_thumbnail":["https:\/\/photographer.lu\/wp-content\/uploads\/2022\/10\/8523-L-VIO-7716-Fireworks-Luxembourg-city-120x120.webp",120,120,true],"jetpack-portfolio-admin-thumb":["https:\/\/photographer.lu\/wp-content\/uploads\/2022\/10\/8523-L-VIO-7716-Fireworks-Luxembourg-city-50x50.webp",50,50,true]},"post_excerpt_stackable_v2":"<p>Feuerwerk zum Nationalfeiertag \u00fcber der n\u00e4chtlichen Skyline von Luxemburg<\/p>\n","category_list_v2":"","author_info_v2":{"name":"","url":""},"comments_num_v2":"0 comments","acf":[],"jetpack_sharing_enabled":true,"_links":{"self":[{"href":"https:\/\/photographer.lu\/de\/wp-json\/wp\/v2\/product\/18930","targetHints":{"allow":["GET"]}}],"collection":[{"href":"https:\/\/photographer.lu\/de\/wp-json\/wp\/v2\/product"}],"about":[{"href":"https:\/\/photographer.lu\/de\/wp-json\/wp\/v2\/types\/product"}],"replies":[{"embeddable":true,"href":"https:\/\/photographer.lu\/de\/wp-json\/wp\/v2\/comments?post=18930"}],"wp:featuredmedia":[{"embeddable":true,"href":"https:\/\/photographer.lu\/de\/wp-json\/wp\/v2\/media\/18694"}],"wp:attachment":[{"href":"https:\/\/photographer.lu\/de\/wp-json\/wp\/v2\/media?parent=18930"}],"wp:term":[{"taxonomy":"product_brand","embeddable":true,"href":"https:\/\/photographer.lu\/de\/wp-json\/wp\/v2\/product_brand?post=18930"},{"taxonomy":"product_cat","embeddable":true,"href":"https:\/\/photographer.lu\/de\/wp-json\/wp\/v2\/product_cat?post=18930"},{"taxonomy":"product_tag","embeddable":true,"href":"https:\/\/photographer.lu\/de\/wp-json\/wp\/v2\/product_tag?post=18930"}],"curies":[{"name":"wp","href":"https:\/\/api.w.org\/{rel}","templated":true}]}}