{"id":18931,"date":"2022-07-20T22:48:19","date_gmt":"2022-07-20T22:48:19","guid":{"rendered":"https:\/\/photographer.lu\/photo\/luxemburg-grusskarte-frohe-feiertage\/"},"modified":"2023-09-24T16:05:27","modified_gmt":"2023-09-24T16:05:27","slug":"luxemburg-grusskarte-gluckliche-feiertage","status":"publish","type":"product","link":"https:\/\/photographer.lu\/de\/photo\/luxemburg-grusskarte-gluckliche-feiertage\/","title":{"rendered":"Luxemburg Gru\u00dfkarte Frohe Feiertage"},"content":{"rendered":"<p><strong>Luxemburgische Gl\u00fcckwunschkarten<\/strong> im A5-Format (15\u00d721 cm) mit der <strong>Botschaft &#8222;Happy Holidays&#8220;<\/strong> auf der Innenseite. Die Vorderseite ist ein Mixed-Media-Bild, das auf meinem eigenen Foto von <a href=\"https:\/\/stock.photographer.lu\/image\/winter-luxembourg-city\/\">Winterschnee in Luxemburg-Stadt<\/a> basiert, w\u00e4hrend die Innenseite die Botschaft &#8222;Happy Holidays&#8220; in verschiedenen Sprachen enth\u00e4lt: Luxemburgisch, Englisch, Portugiesisch, Franz\u00f6sisch, Deutsch, Griechisch, Ungarisch, Rum\u00e4nisch, Italienisch, Polnisch und Spanisch.<\/p>\n<p>Er wird mit einem blauen oder roten Umschlag (je nach Verf\u00fcgbarkeit) geliefert und ist bereit, an Ihre Lieben verschenkt zu werden.<\/p>\n","protected":false},"excerpt":{"rendered":"<p>Luxemburgische Gl\u00fcckwunschkarten im A5-Format (15\u00d721 cm) mit der Botschaft &#8222;Happy Holidays&#8220; auf der Innenseite. Die Vorderseite ist ein Mixed-Media-Bild, das auf meinem eigenen Foto von Winterschnee in Luxemburg-Stadt basiert, w\u00e4hrend die Innenseite die Botschaft &#8222;Happy Holidays&#8220; in verschiedenen Sprachen enth\u00e4lt: Luxemburgisch, Englisch, Portugiesisch, Franz\u00f6sisch, Deutsch, Griechisch, Ungarisch, Rum\u00e4nisch, Italienisch, Polnisch und Spanisch. Er wird mit [&hellip;]<\/p>\n","protected":false},"featured_media":18344,"comment_status":"open","ping_status":"closed","template":"","meta":{"pgc_sgb_lightbox_settings":""},"product_brand":[],"product_cat":[622],"product_tag":[1353],"class_list":{"0":"post-18931","1":"product","2":"type-product","3":"status-publish","4":"has-post-thumbnail","6":"product_cat-luxemburg-geschenke","7":"product_tag-gruskarten","8":"product_shipping_class-kalendarien","10":"first","11":"outofstock","12":"taxable","13":"shipping-taxable","14":"purchasable","15":"product-type-variable","16":"has-default-attributes"},"featured_image_urls_v2":{"full":["https:\/\/photographer.lu\/wp-content\/uploads\/2022\/09\/luxembourg-greeting-card-happy-holidays_front-back.webp",1200,800,false],"thumbnail":["https:\/\/photographer.lu\/wp-content\/uploads\/2022\/09\/luxembourg-greeting-card-happy-holidays_front-back-550x367.webp",550,367,true],"medium":["https:\/\/photographer.lu\/wp-content\/uploads\/2022\/09\/luxembourg-greeting-card-happy-holidays_front-back-300x200.webp",300,200,true],"medium_large":["https:\/\/photographer.lu\/wp-content\/uploads\/2022\/09\/luxembourg-greeting-card-happy-holidays_front-back-768x512.webp",768,512,true],"large":["https:\/\/photographer.lu\/wp-content\/uploads\/2022\/09\/luxembourg-greeting-card-happy-holidays_front-back.webp",1200,800,false],"1536x1536":["https:\/\/photographer.lu\/wp-content\/uploads\/2022\/09\/luxembourg-greeting-card-happy-holidays_front-back.webp",1200,800,false],"2048x2048":["https:\/\/photographer.lu\/wp-content\/uploads\/2022\/09\/luxembourg-greeting-card-happy-holidays_front-back.webp",1200,800,false],"woocommerce_archive_thumbnail":["https:\/\/photographer.lu\/wp-content\/uploads\/2022\/09\/luxembourg-greeting-card-happy-holidays_front-back-600x400.webp",600,400,true],"mailpoet_newsletter_max":["https:\/\/photographer.lu\/wp-content\/uploads\/2022\/09\/luxembourg-greeting-card-happy-holidays_front-back.webp",1200,800,false],"woocommerce_thumbnail":["https:\/\/photographer.lu\/wp-content\/uploads\/2022\/09\/luxembourg-greeting-card-happy-holidays_front-back-600x400.webp",600,400,true],"woocommerce_single":["https:\/\/photographer.lu\/wp-content\/uploads\/2022\/09\/luxembourg-greeting-card-happy-holidays_front-back.webp",1200,800,false],"woocommerce_gallery_thumbnail":["https:\/\/photographer.lu\/wp-content\/uploads\/2022\/09\/luxembourg-greeting-card-happy-holidays_front-back-120x120.webp",120,120,true],"jetpack-portfolio-admin-thumb":["https:\/\/photographer.lu\/wp-content\/uploads\/2022\/09\/luxembourg-greeting-card-happy-holidays_front-back-50x50.webp",50,50,true]},"post_excerpt_stackable_v2":"<p>Luxemburgische Gl\u00fcckwunschkarten im A5-Format (15\u00d721 cm) mit der Botschaft &#8222;Happy Holidays&#8220; auf der Innenseite. Die Vorderseite ist ein Mixed-Media-Bild, das auf meinem eigenen Foto von Winterschnee in Luxemburg-Stadt basiert, w\u00e4hrend die Innenseite die Botschaft &#8222;Happy Holidays&#8220; in verschiedenen Sprachen enth\u00e4lt: Luxemburgisch, Englisch, Portugiesisch, Franz\u00f6sisch, Deutsch, Griechisch, Ungarisch, Rum\u00e4nisch, Italienisch, Polnisch und Spanisch. Er wird mit einem blauen oder roten Umschlag (je nach Verf\u00fcgbarkeit) geliefert und ist bereit, an Ihre Lieben verschenkt zu werden.<\/p>\n","category_list_v2":"","author_info_v2":{"name":"","url":""},"comments_num_v2":"0 comments","acf":[],"jetpack_sharing_enabled":true,"_links":{"self":[{"href":"https:\/\/photographer.lu\/de\/wp-json\/wp\/v2\/product\/18931","targetHints":{"allow":["GET"]}}],"collection":[{"href":"https:\/\/photographer.lu\/de\/wp-json\/wp\/v2\/product"}],"about":[{"href":"https:\/\/photographer.lu\/de\/wp-json\/wp\/v2\/types\/product"}],"replies":[{"embeddable":true,"href":"https:\/\/photographer.lu\/de\/wp-json\/wp\/v2\/comments?post=18931"}],"wp:featuredmedia":[{"embeddable":true,"href":"https:\/\/photographer.lu\/de\/wp-json\/wp\/v2\/media\/18344"}],"wp:attachment":[{"href":"https:\/\/photographer.lu\/de\/wp-json\/wp\/v2\/media?parent=18931"}],"wp:term":[{"taxonomy":"product_brand","embeddable":true,"href":"https:\/\/photographer.lu\/de\/wp-json\/wp\/v2\/product_brand?post=18931"},{"taxonomy":"product_cat","embeddable":true,"href":"https:\/\/photographer.lu\/de\/wp-json\/wp\/v2\/product_cat?post=18931"},{"taxonomy":"product_tag","embeddable":true,"href":"https:\/\/photographer.lu\/de\/wp-json\/wp\/v2\/product_tag?post=18931"}],"curies":[{"name":"wp","href":"https:\/\/api.w.org\/{rel}","templated":true}]}}