{"id":19256,"date":"2022-10-09T21:19:37","date_gmt":"2022-10-09T21:19:37","guid":{"rendered":"https:\/\/photographer.lu\/photo\/neblige-landschaft-bei-sonnenaufgang-in-luxemburg\/"},"modified":"2023-09-28T12:34:20","modified_gmt":"2023-09-28T12:34:20","slug":"neblige-sonnenaufgang-luxemburgische-landschaft","status":"publish","type":"product","link":"https:\/\/photographer.lu\/de\/photo\/neblige-sonnenaufgang-luxemburgische-landschaft\/","title":{"rendered":"Neblige Landschaft bei Sonnenaufgang in Luxemburg"},"content":{"rendered":"<p><span style=\"color: #008000;\">Werbefoto<\/span> eines nebligen Sonnenaufgangs im Sommer in Altlinster, Gro\u00dfherzogtum Luxemburg. Die Sonnenstrahlen scheinen hinter den Wolken hervor, w\u00e4hrend die B\u00e4ume von Nebel umgeben sind.<\/p>\n<p>Dieses Bild kann als digitaler Download lizenziert werden.<\/p>\n<p>Es sind Drucke in limitierter Auflage und in offener Auflage erh\u00e4ltlich.<\/p>\n","protected":false},"excerpt":{"rendered":"<p>Nebliger Sonnenaufgang im Sommer in Altlinster, Gro\u00dfherzogtum Luxemburg<\/p>\n","protected":false},"featured_media":18644,"comment_status":"open","ping_status":"closed","template":"","meta":{"pgc_sgb_lightbox_settings":""},"product_brand":[],"product_cat":[671],"product_tag":[871,678,674,766,768,873,870,677,764,763,762,791,869,872,814,815,868,874,875,761],"class_list":{"0":"post-19256","1":"product","2":"type-product","3":"status-publish","4":"has-post-thumbnail","6":"product_cat-kunstdrucke","7":"product_tag-altlinster-de","8":"product_tag-das-grosherzogtum-luxemburg","9":"product_tag-druckt","10":"product_tag-fotoen-de","11":"product_tag-jahreszeiten","12":"product_tag-jahreszeiten-in-luxemburg","13":"product_tag-landschaft","14":"product_tag-landschaften","15":"product_tag-letzebuerg-de","16":"product_tag-luxemburg-bilder","17":"product_tag-luxemburg-fotos","18":"product_tag-luxemburgische-fotografie","19":"product_tag-natur","20":"product_tag-naturliche-umwelt","21":"product_tag-nebel","22":"product_tag-neblig","23":"product_tag-sommer","24":"product_tag-sonne","25":"product_tag-sonnenaufgang","26":"product_tag-stadt-luxemburg","27":"product_shipping_class-drucke","29":"first","30":"instock","31":"taxable","32":"shipping-taxable","33":"purchasable","34":"product-type-variable"},"featured_image_urls_v2":{"full":["https:\/\/photographer.lu\/wp-content\/uploads\/2022\/10\/8494-L-VIO-0775-Foggy-sunrise-landscape-Luxembourg.webp",1200,787,false],"thumbnail":["https:\/\/photographer.lu\/wp-content\/uploads\/2022\/10\/8494-L-VIO-0775-Foggy-sunrise-landscape-Luxembourg-550x361.webp",550,361,true],"medium":["https:\/\/photographer.lu\/wp-content\/uploads\/2022\/10\/8494-L-VIO-0775-Foggy-sunrise-landscape-Luxembourg-300x197.webp",300,197,true],"medium_large":["https:\/\/photographer.lu\/wp-content\/uploads\/2022\/10\/8494-L-VIO-0775-Foggy-sunrise-landscape-Luxembourg-768x504.webp",768,504,true],"large":["https:\/\/photographer.lu\/wp-content\/uploads\/2022\/10\/8494-L-VIO-0775-Foggy-sunrise-landscape-Luxembourg.webp",1200,787,false],"1536x1536":["https:\/\/photographer.lu\/wp-content\/uploads\/2022\/10\/8494-L-VIO-0775-Foggy-sunrise-landscape-Luxembourg.webp",1200,787,false],"2048x2048":["https:\/\/photographer.lu\/wp-content\/uploads\/2022\/10\/8494-L-VIO-0775-Foggy-sunrise-landscape-Luxembourg.webp",1200,787,false],"woocommerce_archive_thumbnail":["https:\/\/photographer.lu\/wp-content\/uploads\/2022\/10\/8494-L-VIO-0775-Foggy-sunrise-landscape-Luxembourg-600x394.webp",600,394,true],"mailpoet_newsletter_max":["https:\/\/photographer.lu\/wp-content\/uploads\/2022\/10\/8494-L-VIO-0775-Foggy-sunrise-landscape-Luxembourg.webp",1200,787,false],"woocommerce_thumbnail":["https:\/\/photographer.lu\/wp-content\/uploads\/2022\/10\/8494-L-VIO-0775-Foggy-sunrise-landscape-Luxembourg-600x394.webp",600,394,true],"woocommerce_single":["https:\/\/photographer.lu\/wp-content\/uploads\/2022\/10\/8494-L-VIO-0775-Foggy-sunrise-landscape-Luxembourg.webp",1200,787,false],"woocommerce_gallery_thumbnail":["https:\/\/photographer.lu\/wp-content\/uploads\/2022\/10\/8494-L-VIO-0775-Foggy-sunrise-landscape-Luxembourg-120x120.webp",120,120,true],"jetpack-portfolio-admin-thumb":["https:\/\/photographer.lu\/wp-content\/uploads\/2022\/10\/8494-L-VIO-0775-Foggy-sunrise-landscape-Luxembourg-50x50.webp",50,50,true]},"post_excerpt_stackable_v2":"<p>Nebliger Sonnenaufgang im Sommer in Altlinster, Gro\u00dfherzogtum Luxemburg<\/p>\n","category_list_v2":"","author_info_v2":{"name":"","url":""},"comments_num_v2":"0 comments","acf":[],"jetpack_sharing_enabled":true,"_links":{"self":[{"href":"https:\/\/photographer.lu\/de\/wp-json\/wp\/v2\/product\/19256","targetHints":{"allow":["GET"]}}],"collection":[{"href":"https:\/\/photographer.lu\/de\/wp-json\/wp\/v2\/product"}],"about":[{"href":"https:\/\/photographer.lu\/de\/wp-json\/wp\/v2\/types\/product"}],"replies":[{"embeddable":true,"href":"https:\/\/photographer.lu\/de\/wp-json\/wp\/v2\/comments?post=19256"}],"wp:featuredmedia":[{"embeddable":true,"href":"https:\/\/photographer.lu\/de\/wp-json\/wp\/v2\/media\/18644"}],"wp:attachment":[{"href":"https:\/\/photographer.lu\/de\/wp-json\/wp\/v2\/media?parent=19256"}],"wp:term":[{"taxonomy":"product_brand","embeddable":true,"href":"https:\/\/photographer.lu\/de\/wp-json\/wp\/v2\/product_brand?post=19256"},{"taxonomy":"product_cat","embeddable":true,"href":"https:\/\/photographer.lu\/de\/wp-json\/wp\/v2\/product_cat?post=19256"},{"taxonomy":"product_tag","embeddable":true,"href":"https:\/\/photographer.lu\/de\/wp-json\/wp\/v2\/product_tag?post=19256"}],"curies":[{"name":"wp","href":"https:\/\/api.w.org\/{rel}","templated":true}]}}