{"id":19299,"date":"2022-10-09T19:59:23","date_gmt":"2022-10-09T19:59:23","guid":{"rendered":"https:\/\/photographer.lu\/photo\/bankenturm-in-luxemburg-im-fruehling\/"},"modified":"2023-09-28T04:27:08","modified_gmt":"2023-09-28T04:27:08","slug":"bankenturm-in-luxemburg-im-fruehling","status":"publish","type":"product","link":"https:\/\/photographer.lu\/de\/photo\/bankenturm-in-luxemburg-im-fruehling\/","title":{"rendered":"Bankenturm in Luxemburg im Fr\u00fchling"},"content":{"rendered":"<p><span style=\"color: #008000;\">Werbefoto<\/span> des Spuerkeess-Turms (Banque et Caisse d&#8217;\u00c9pargne de l&#8217;\u00c9tat &#8211; Staatliche Sparkasse &#8211; BCEE) in Luxemburg im Fr\u00fchling mit bl\u00fchenden Magnolienbl\u00fcten.<\/p>\n<p>Dieses Bild kann als digitaler Download lizenziert werden.<\/p>\n<p>Es sind Drucke in limitierter Auflage und in offener Auflage erh\u00e4ltlich.<\/p>\n","protected":false},"excerpt":{"rendered":"<p>Staatssparkasse in Luxemburg im Fr\u00fchling mit bl\u00fchenden Magnolien<\/p>\n","protected":false},"featured_media":18596,"comment_status":"open","ping_status":"closed","template":"","meta":{"pgc_sgb_lightbox_settings":""},"product_brand":[],"product_cat":[671,672],"product_tag":[876,771,772,765,674,773,766,774,775,767,768,764,763,762,877,878,761,770,769,760],"class_list":{"0":"post-19299","1":"product","2":"type-product","3":"status-publish","4":"has-post-thumbnail","6":"product_cat-kunstdrucke","7":"product_cat-luxemburg-bilder","8":"product_tag-bcee-de","9":"product_tag-bluhende","10":"product_tag-bluhender-baum","11":"product_tag-blumen","12":"product_tag-druckt","13":"product_tag-feder","14":"product_tag-fotoen-de","15":"product_tag-fruhlingsbaum","16":"product_tag-fruhlingshaft","17":"product_tag-ikonisch","18":"product_tag-jahreszeiten","19":"product_tag-letzebuerg-de","20":"product_tag-luxemburg-bilder","21":"product_tag-luxemburg-fotos","22":"product_tag-magnolie","23":"product_tag-spuerkeess-de","24":"product_tag-stadt-luxemburg","25":"product_tag-symbole","26":"product_tag-ville-haute-de","27":"product_tag-wahrzeichen","28":"product_shipping_class-drucke","30":"first","31":"instock","32":"taxable","33":"shipping-taxable","34":"purchasable","35":"product-type-variable"},"featured_image_urls_v2":{"full":["https:\/\/photographer.lu\/wp-content\/uploads\/2022\/10\/8483-L-VIO-9355-Bank-tower-Luxembourg-city-spring.webp",1200,800,false],"thumbnail":["https:\/\/photographer.lu\/wp-content\/uploads\/2022\/10\/8483-L-VIO-9355-Bank-tower-Luxembourg-city-spring-550x367.webp",550,367,true],"medium":["https:\/\/photographer.lu\/wp-content\/uploads\/2022\/10\/8483-L-VIO-9355-Bank-tower-Luxembourg-city-spring-300x200.webp",300,200,true],"medium_large":["https:\/\/photographer.lu\/wp-content\/uploads\/2022\/10\/8483-L-VIO-9355-Bank-tower-Luxembourg-city-spring-768x512.webp",768,512,true],"large":["https:\/\/photographer.lu\/wp-content\/uploads\/2022\/10\/8483-L-VIO-9355-Bank-tower-Luxembourg-city-spring.webp",1200,800,false],"1536x1536":["https:\/\/photographer.lu\/wp-content\/uploads\/2022\/10\/8483-L-VIO-9355-Bank-tower-Luxembourg-city-spring.webp",1200,800,false],"2048x2048":["https:\/\/photographer.lu\/wp-content\/uploads\/2022\/10\/8483-L-VIO-9355-Bank-tower-Luxembourg-city-spring.webp",1200,800,false],"woocommerce_archive_thumbnail":["https:\/\/photographer.lu\/wp-content\/uploads\/2022\/10\/8483-L-VIO-9355-Bank-tower-Luxembourg-city-spring-600x400.webp",600,400,true],"mailpoet_newsletter_max":["https:\/\/photographer.lu\/wp-content\/uploads\/2022\/10\/8483-L-VIO-9355-Bank-tower-Luxembourg-city-spring.webp",1200,800,false],"woocommerce_thumbnail":["https:\/\/photographer.lu\/wp-content\/uploads\/2022\/10\/8483-L-VIO-9355-Bank-tower-Luxembourg-city-spring-600x400.webp",600,400,true],"woocommerce_single":["https:\/\/photographer.lu\/wp-content\/uploads\/2022\/10\/8483-L-VIO-9355-Bank-tower-Luxembourg-city-spring.webp",1200,800,false],"woocommerce_gallery_thumbnail":["https:\/\/photographer.lu\/wp-content\/uploads\/2022\/10\/8483-L-VIO-9355-Bank-tower-Luxembourg-city-spring-120x120.webp",120,120,true],"jetpack-portfolio-admin-thumb":["https:\/\/photographer.lu\/wp-content\/uploads\/2022\/10\/8483-L-VIO-9355-Bank-tower-Luxembourg-city-spring-50x50.webp",50,50,true]},"post_excerpt_stackable_v2":"<p>Staatssparkasse in Luxemburg im Fr\u00fchling mit bl\u00fchenden Magnolien<\/p>\n","category_list_v2":"","author_info_v2":{"name":"","url":""},"comments_num_v2":"0 comments","acf":[],"jetpack_sharing_enabled":true,"_links":{"self":[{"href":"https:\/\/photographer.lu\/de\/wp-json\/wp\/v2\/product\/19299","targetHints":{"allow":["GET"]}}],"collection":[{"href":"https:\/\/photographer.lu\/de\/wp-json\/wp\/v2\/product"}],"about":[{"href":"https:\/\/photographer.lu\/de\/wp-json\/wp\/v2\/types\/product"}],"replies":[{"embeddable":true,"href":"https:\/\/photographer.lu\/de\/wp-json\/wp\/v2\/comments?post=19299"}],"wp:featuredmedia":[{"embeddable":true,"href":"https:\/\/photographer.lu\/de\/wp-json\/wp\/v2\/media\/18596"}],"wp:attachment":[{"href":"https:\/\/photographer.lu\/de\/wp-json\/wp\/v2\/media?parent=19299"}],"wp:term":[{"taxonomy":"product_brand","embeddable":true,"href":"https:\/\/photographer.lu\/de\/wp-json\/wp\/v2\/product_brand?post=19299"},{"taxonomy":"product_cat","embeddable":true,"href":"https:\/\/photographer.lu\/de\/wp-json\/wp\/v2\/product_cat?post=19299"},{"taxonomy":"product_tag","embeddable":true,"href":"https:\/\/photographer.lu\/de\/wp-json\/wp\/v2\/product_tag?post=19299"}],"curies":[{"name":"wp","href":"https:\/\/api.w.org\/{rel}","templated":true}]}}