{"id":19342,"date":"2022-09-18T15:15:33","date_gmt":"2022-09-18T15:15:33","guid":{"rendered":"https:\/\/photographer.lu\/photo\/luxemburg-stadt-luftbild-neblige-stadtlandschaft\/"},"modified":"2023-09-28T12:23:30","modified_gmt":"2023-09-28T12:23:30","slug":"luxemburg-stadt-nebelhaftes-stadtbild","status":"publish","type":"product","link":"https:\/\/photographer.lu\/de\/photo\/luxemburg-stadt-nebelhaftes-stadtbild\/","title":{"rendered":"Luxemburg Stadt Luftbild neblige Stadtlandschaft"},"content":{"rendered":"<p>Kommerzielles Foto der Skyline von Luxemburg aus der Vogelperspektive an einem nebligen Herbstmorgen. Zu sehen sind die Wahrzeichen der Stadt, die Kathedrale Notre Dame und die Kirche St. Michael in der Altstadt, die sich mit goldenen B\u00e4umen \u00fcber die Hauptstadt erheben. Ein CFL-Zug des \u00f6ffentlichen Nahverkehrs f\u00e4hrt auf der Pulvermuhl-Viaduktbr\u00fccke \u00fcber das Pfaffenthaler Tal.<\/p>\n<p>Dieses Bild kann als digitaler Download lizenziert werden.<\/p>\n<p>Es sind Drucke in limitierter Auflage und in offener Auflage erh\u00e4ltlich.<\/p>\n","protected":false},"excerpt":{"rendered":"<p>Luxemburg Stadt Skyline Luftaufnahme von Stadtbild w\u00e4hrend einer nebligen Herbstmorgen<\/p>\n","protected":false},"featured_media":18398,"comment_status":"closed","ping_status":"closed","template":"","meta":{"pgc_sgb_lightbox_settings":""},"product_brand":[],"product_cat":[671,672],"product_tag":[776,777,674,677,764,763,762,851,814,815,761,760],"class_list":{"0":"post-19342","1":"product","2":"type-product","3":"status-publish","4":"has-post-thumbnail","6":"product_cat-kunstdrucke","7":"product_cat-luxemburg-bilder","8":"product_tag-alt","9":"product_tag-alte-stadt","10":"product_tag-druckt","11":"product_tag-landschaften","12":"product_tag-letzebuerg-de","13":"product_tag-luxemburg-bilder","14":"product_tag-luxemburg-fotos","15":"product_tag-morgen","16":"product_tag-nebel","17":"product_tag-neblig","18":"product_tag-stadt-luxemburg","19":"product_tag-wahrzeichen","20":"product_shipping_class-drucke","22":"first","23":"instock","24":"taxable","25":"shipping-taxable","26":"purchasable","27":"product-type-variable"},"featured_image_urls_v2":{"full":["https:\/\/photographer.lu\/wp-content\/uploads\/2022\/09\/8415-L-VIO-2569-Luxembourg-city-aerial-foggy-cityscape.webp",1200,801,false],"thumbnail":["https:\/\/photographer.lu\/wp-content\/uploads\/2022\/09\/8415-L-VIO-2569-Luxembourg-city-aerial-foggy-cityscape-550x367.webp",550,367,true],"medium":["https:\/\/photographer.lu\/wp-content\/uploads\/2022\/09\/8415-L-VIO-2569-Luxembourg-city-aerial-foggy-cityscape-300x200.webp",300,200,true],"medium_large":["https:\/\/photographer.lu\/wp-content\/uploads\/2022\/09\/8415-L-VIO-2569-Luxembourg-city-aerial-foggy-cityscape-768x513.webp",768,513,true],"large":["https:\/\/photographer.lu\/wp-content\/uploads\/2022\/09\/8415-L-VIO-2569-Luxembourg-city-aerial-foggy-cityscape.webp",1200,801,false],"1536x1536":["https:\/\/photographer.lu\/wp-content\/uploads\/2022\/09\/8415-L-VIO-2569-Luxembourg-city-aerial-foggy-cityscape.webp",1200,801,false],"2048x2048":["https:\/\/photographer.lu\/wp-content\/uploads\/2022\/09\/8415-L-VIO-2569-Luxembourg-city-aerial-foggy-cityscape.webp",1200,801,false],"woocommerce_archive_thumbnail":["https:\/\/photographer.lu\/wp-content\/uploads\/2022\/09\/8415-L-VIO-2569-Luxembourg-city-aerial-foggy-cityscape-600x401.webp",600,401,true],"mailpoet_newsletter_max":["https:\/\/photographer.lu\/wp-content\/uploads\/2022\/09\/8415-L-VIO-2569-Luxembourg-city-aerial-foggy-cityscape.webp",1200,801,false],"woocommerce_thumbnail":["https:\/\/photographer.lu\/wp-content\/uploads\/2022\/09\/8415-L-VIO-2569-Luxembourg-city-aerial-foggy-cityscape-600x401.webp",600,401,true],"woocommerce_single":["https:\/\/photographer.lu\/wp-content\/uploads\/2022\/09\/8415-L-VIO-2569-Luxembourg-city-aerial-foggy-cityscape.webp",1200,801,false],"woocommerce_gallery_thumbnail":["https:\/\/photographer.lu\/wp-content\/uploads\/2022\/09\/8415-L-VIO-2569-Luxembourg-city-aerial-foggy-cityscape-120x120.webp",120,120,true],"jetpack-portfolio-admin-thumb":["https:\/\/photographer.lu\/wp-content\/uploads\/2022\/09\/8415-L-VIO-2569-Luxembourg-city-aerial-foggy-cityscape-50x50.webp",50,50,true]},"post_excerpt_stackable_v2":"<p>Luxemburg Stadt Skyline Luftaufnahme von Stadtbild w\u00e4hrend einer nebligen Herbstmorgen<\/p>\n","category_list_v2":"","author_info_v2":{"name":"","url":""},"comments_num_v2":"0 comments","acf":[],"jetpack_sharing_enabled":true,"_links":{"self":[{"href":"https:\/\/photographer.lu\/de\/wp-json\/wp\/v2\/product\/19342","targetHints":{"allow":["GET"]}}],"collection":[{"href":"https:\/\/photographer.lu\/de\/wp-json\/wp\/v2\/product"}],"about":[{"href":"https:\/\/photographer.lu\/de\/wp-json\/wp\/v2\/types\/product"}],"replies":[{"embeddable":true,"href":"https:\/\/photographer.lu\/de\/wp-json\/wp\/v2\/comments?post=19342"}],"wp:featuredmedia":[{"embeddable":true,"href":"https:\/\/photographer.lu\/de\/wp-json\/wp\/v2\/media\/18398"}],"wp:attachment":[{"href":"https:\/\/photographer.lu\/de\/wp-json\/wp\/v2\/media?parent=19342"}],"wp:term":[{"taxonomy":"product_brand","embeddable":true,"href":"https:\/\/photographer.lu\/de\/wp-json\/wp\/v2\/product_brand?post=19342"},{"taxonomy":"product_cat","embeddable":true,"href":"https:\/\/photographer.lu\/de\/wp-json\/wp\/v2\/product_cat?post=19342"},{"taxonomy":"product_tag","embeddable":true,"href":"https:\/\/photographer.lu\/de\/wp-json\/wp\/v2\/product_tag?post=19342"}],"curies":[{"name":"wp","href":"https:\/\/api.w.org\/{rel}","templated":true}]}}