{"id":20293,"date":"2022-11-19T19:41:18","date_gmt":"2022-11-19T19:41:18","guid":{"rendered":"https:\/\/photographer.lu\/?post_type=product&#038;p=20293"},"modified":"2023-09-28T02:03:52","modified_gmt":"2023-09-28T02:03:52","slug":"burogebaude-luxemburg-kirchberg-nacht","status":"publish","type":"product","link":"https:\/\/photographer.lu\/de\/photo\/burogebaude-luxemburg-kirchberg-nacht\/","title":{"rendered":"B\u00fcrogeb\u00e4ude in Luxemburg Kirchberg bei Nacht"},"content":{"rendered":"<p><span style=\"color: #008000;\">Kommerzielles<\/span> Foto von modernen B\u00fcrogeb\u00e4uden, die sich im Regenwasser spiegeln und ein Bild in einem Spiegel w\u00e4hrend der Nacht in Kirchberg, Luxemburg-Stadt, erzeugen.<\/p>\n<p>Dieses Bild kann als digitaler Download lizenziert werden.<\/p>\n<p>Es sind Drucke in limitierter Auflage und in offener Auflage erh\u00e4ltlich.<\/p>\n","protected":false},"excerpt":{"rendered":"<p>Nacht in Kirchberg, Luxemburg-Stadt.<\/p>\n","protected":false},"featured_media":20353,"comment_status":"closed","ping_status":"closed","template":"","meta":{"pgc_sgb_lightbox_settings":""},"product_brand":[],"product_cat":[671,672],"product_tag":[778,1018,674,1015,1014,766,1016,764,796,763,762,1017,789,790,1019,1020,761,1013,760,1021],"class_list":{"0":"post-20293","1":"product","2":"type-product","3":"status-publish","4":"has-post-thumbnail","6":"product_cat-kunstdrucke","7":"product_cat-luxemburg-bilder","8":"product_tag-architektur","9":"product_tag-burogebaude","10":"product_tag-druckt","11":"product_tag-europaische-institutionen","12":"product_tag-europaischer-gerichtshof","13":"product_tag-fotoen-de","14":"product_tag-kirchberg-de","15":"product_tag-letzebuerg-de","16":"product_tag-luxemburg","17":"product_tag-luxemburg-bilder","18":"product_tag-luxemburg-fotos","19":"product_tag-modern-de","20":"product_tag-nacht","21":"product_tag-nachtfotografie","22":"product_tag-philharmonie-de","23":"product_tag-regen","24":"product_tag-stadt-luxemburg","25":"product_tag-unternehmen","26":"product_tag-wahrzeichen","27":"product_tag-wasser","28":"product_shipping_class-drucke","30":"first","31":"instock","32":"taxable","33":"shipping-taxable","34":"purchasable","35":"product-type-variable"},"featured_image_urls_v2":{"full":["https:\/\/photographer.lu\/wp-content\/uploads\/2022\/10\/8546-L-VIO-4565-Luxembourg-Kirchberg-business-quarter-night.webp",1200,800,false],"thumbnail":["https:\/\/photographer.lu\/wp-content\/uploads\/2022\/10\/8546-L-VIO-4565-Luxembourg-Kirchberg-business-quarter-night-550x367.webp",550,367,true],"medium":["https:\/\/photographer.lu\/wp-content\/uploads\/2022\/10\/8546-L-VIO-4565-Luxembourg-Kirchberg-business-quarter-night-300x200.webp",300,200,true],"medium_large":["https:\/\/photographer.lu\/wp-content\/uploads\/2022\/10\/8546-L-VIO-4565-Luxembourg-Kirchberg-business-quarter-night-768x512.webp",768,512,true],"large":["https:\/\/photographer.lu\/wp-content\/uploads\/2022\/10\/8546-L-VIO-4565-Luxembourg-Kirchberg-business-quarter-night.webp",1200,800,false],"1536x1536":["https:\/\/photographer.lu\/wp-content\/uploads\/2022\/10\/8546-L-VIO-4565-Luxembourg-Kirchberg-business-quarter-night.webp",1200,800,false],"2048x2048":["https:\/\/photographer.lu\/wp-content\/uploads\/2022\/10\/8546-L-VIO-4565-Luxembourg-Kirchberg-business-quarter-night.webp",1200,800,false],"woocommerce_archive_thumbnail":["https:\/\/photographer.lu\/wp-content\/uploads\/2022\/10\/8546-L-VIO-4565-Luxembourg-Kirchberg-business-quarter-night-600x400.webp",600,400,true],"mailpoet_newsletter_max":["https:\/\/photographer.lu\/wp-content\/uploads\/2022\/10\/8546-L-VIO-4565-Luxembourg-Kirchberg-business-quarter-night.webp",1200,800,false],"woocommerce_thumbnail":["https:\/\/photographer.lu\/wp-content\/uploads\/2022\/10\/8546-L-VIO-4565-Luxembourg-Kirchberg-business-quarter-night-600x400.webp",600,400,true],"woocommerce_single":["https:\/\/photographer.lu\/wp-content\/uploads\/2022\/10\/8546-L-VIO-4565-Luxembourg-Kirchberg-business-quarter-night.webp",1200,800,false],"woocommerce_gallery_thumbnail":["https:\/\/photographer.lu\/wp-content\/uploads\/2022\/10\/8546-L-VIO-4565-Luxembourg-Kirchberg-business-quarter-night-120x120.webp",120,120,true],"jetpack-portfolio-admin-thumb":["https:\/\/photographer.lu\/wp-content\/uploads\/2022\/10\/8546-L-VIO-4565-Luxembourg-Kirchberg-business-quarter-night-50x50.webp",50,50,true]},"post_excerpt_stackable_v2":"<p>Nacht in Kirchberg, Luxemburg-Stadt.<\/p>\n","category_list_v2":"","author_info_v2":{"name":"","url":""},"comments_num_v2":"0 comments","acf":[],"jetpack_sharing_enabled":true,"_links":{"self":[{"href":"https:\/\/photographer.lu\/de\/wp-json\/wp\/v2\/product\/20293","targetHints":{"allow":["GET"]}}],"collection":[{"href":"https:\/\/photographer.lu\/de\/wp-json\/wp\/v2\/product"}],"about":[{"href":"https:\/\/photographer.lu\/de\/wp-json\/wp\/v2\/types\/product"}],"replies":[{"embeddable":true,"href":"https:\/\/photographer.lu\/de\/wp-json\/wp\/v2\/comments?post=20293"}],"wp:featuredmedia":[{"embeddable":true,"href":"https:\/\/photographer.lu\/de\/wp-json\/wp\/v2\/media\/20353"}],"wp:attachment":[{"href":"https:\/\/photographer.lu\/de\/wp-json\/wp\/v2\/media?parent=20293"}],"wp:term":[{"taxonomy":"product_brand","embeddable":true,"href":"https:\/\/photographer.lu\/de\/wp-json\/wp\/v2\/product_brand?post=20293"},{"taxonomy":"product_cat","embeddable":true,"href":"https:\/\/photographer.lu\/de\/wp-json\/wp\/v2\/product_cat?post=20293"},{"taxonomy":"product_tag","embeddable":true,"href":"https:\/\/photographer.lu\/de\/wp-json\/wp\/v2\/product_tag?post=20293"}],"curies":[{"name":"wp","href":"https:\/\/api.w.org\/{rel}","templated":true}]}}