{"id":21849,"date":"2022-10-21T15:24:11","date_gmt":"2022-10-21T15:24:11","guid":{"rendered":"https:\/\/photographer.lu\/?post_type=product&#038;p=21849"},"modified":"2023-09-26T23:41:55","modified_gmt":"2023-09-26T23:41:55","slug":"luxemburg-stadt-nebel-skyline-kirchberg-denkmaler","status":"publish","type":"product","link":"https:\/\/photographer.lu\/de\/photo\/luxemburg-stadt-nebel-skyline-kirchberg-denkmaler\/","title":{"rendered":"Luxemburg Stadt neblige Skyline mit Kirchberg und Wahrzeichen"},"content":{"rendered":"<p><span style=\"color: #008000;\">Kommerzielles<\/span> Foto von modernen Geb\u00e4uden in Kirchberg, Luxemburg Stadt: Europ\u00e4ischer Gerichtshof, Europ\u00e4isches Parlament und Kathedrale Notre Dame mit dem Turm der Spuerkeess Bank im Vordergrund, an einem nebligen Morgen bei Sonnenaufgang.<\/p>\n<p>Dieses Bild kann als digitaler Download lizenziert werden.<\/p>\n<p>Es sind Drucke in limitierter Auflage und in offener Auflage erh\u00e4ltlich.<\/p>\n","protected":false},"excerpt":{"rendered":"<p>Alte und neue Geb\u00e4ude in Luxemburg-Stadt bei nebligem Sonnenaufgang<\/p>\n<p><img decoding=\"async\" class=\"alignnone size-full wp-image-22578\" src=\"https:\/\/photographer.lu\/wp-content\/uploads\/2022\/10\/payment-methods-luxembourg.webp\" alt=\"Zahlungsverfahren\" width=\"581\" height=\"40\" srcset=\"https:\/\/photographer.lu\/wp-content\/uploads\/2022\/10\/payment-methods-luxembourg.webp 581w, https:\/\/photographer.lu\/wp-content\/uploads\/2022\/10\/payment-methods-luxembourg-300x21.webp 300w, https:\/\/photographer.lu\/wp-content\/uploads\/2022\/10\/payment-methods-luxembourg-550x38.webp 550w\" sizes=\"(max-width: 581px) 100vw, 581px\" \/><\/p>\n","protected":false},"featured_media":21590,"comment_status":"closed","ping_status":"closed","template":"","meta":{"pgc_sgb_lightbox_settings":""},"product_brand":[],"product_cat":[671,672],"product_tag":[1150,778,1018,674,1015,766,798,679,793,794,1016,764,763,762,1147,791,1017,1148,814,1149,815,797,786,878,795,761,781,780,1013,760],"class_list":{"0":"post-21849","1":"product","2":"type-product","3":"status-publish","4":"has-post-thumbnail","6":"product_cat-kunstdrucke","7":"product_cat-luxemburg-bilder","8":"product_tag-alt-gegen-neu","9":"product_tag-architektur","10":"product_tag-burogebaude","11":"product_tag-druckt","12":"product_tag-europaische-institutionen","13":"product_tag-fotoen-de","14":"product_tag-fotograf-luxembourg","15":"product_tag-grosherzogtum","16":"product_tag-kapital","17":"product_tag-kathedrale","18":"product_tag-kirchberg-de","19":"product_tag-letzebuerg-de","20":"product_tag-luxemburg-bilder","21":"product_tag-luxemburg-fotos","22":"product_tag-luxemburg-stadt","23":"product_tag-luxemburgische-fotografie","24":"product_tag-modern-de","25":"product_tag-nebel-de","26":"product_tag-nebel","27":"product_tag-neblig-de","28":"product_tag-neblig","29":"product_tag-notre-dame-de","30":"product_tag-skyline-de","31":"product_tag-spuerkeess-de","32":"product_tag-stadt","33":"product_tag-stadt-luxemburg","34":"product_tag-stadtansichten","35":"product_tag-stadtbild","36":"product_tag-unternehmen","37":"product_tag-wahrzeichen","38":"product_shipping_class-drucke","40":"first","41":"instock","42":"taxable","43":"shipping-taxable","44":"purchasable","45":"product-type-variable"},"featured_image_urls_v2":{"full":["https:\/\/photographer.lu\/wp-content\/uploads\/2022\/10\/8585-L-VIO-6623-Luxembourg-skyline-foggy-morning-sunrise.webp",1200,801,false],"thumbnail":["https:\/\/photographer.lu\/wp-content\/uploads\/2022\/10\/8585-L-VIO-6623-Luxembourg-skyline-foggy-morning-sunrise-550x367.webp",550,367,true],"medium":["https:\/\/photographer.lu\/wp-content\/uploads\/2022\/10\/8585-L-VIO-6623-Luxembourg-skyline-foggy-morning-sunrise-300x200.webp",300,200,true],"medium_large":["https:\/\/photographer.lu\/wp-content\/uploads\/2022\/10\/8585-L-VIO-6623-Luxembourg-skyline-foggy-morning-sunrise-768x513.webp",768,513,true],"large":["https:\/\/photographer.lu\/wp-content\/uploads\/2022\/10\/8585-L-VIO-6623-Luxembourg-skyline-foggy-morning-sunrise.webp",1200,801,false],"1536x1536":["https:\/\/photographer.lu\/wp-content\/uploads\/2022\/10\/8585-L-VIO-6623-Luxembourg-skyline-foggy-morning-sunrise.webp",1200,801,false],"2048x2048":["https:\/\/photographer.lu\/wp-content\/uploads\/2022\/10\/8585-L-VIO-6623-Luxembourg-skyline-foggy-morning-sunrise.webp",1200,801,false],"woocommerce_archive_thumbnail":["https:\/\/photographer.lu\/wp-content\/uploads\/2022\/10\/8585-L-VIO-6623-Luxembourg-skyline-foggy-morning-sunrise-600x401.webp",600,401,true],"mailpoet_newsletter_max":["https:\/\/photographer.lu\/wp-content\/uploads\/2022\/10\/8585-L-VIO-6623-Luxembourg-skyline-foggy-morning-sunrise.webp",1200,801,false],"woocommerce_thumbnail":["https:\/\/photographer.lu\/wp-content\/uploads\/2022\/10\/8585-L-VIO-6623-Luxembourg-skyline-foggy-morning-sunrise-600x401.webp",600,401,true],"woocommerce_single":["https:\/\/photographer.lu\/wp-content\/uploads\/2022\/10\/8585-L-VIO-6623-Luxembourg-skyline-foggy-morning-sunrise.webp",1200,801,false],"woocommerce_gallery_thumbnail":["https:\/\/photographer.lu\/wp-content\/uploads\/2022\/10\/8585-L-VIO-6623-Luxembourg-skyline-foggy-morning-sunrise-120x120.webp",120,120,true],"jetpack-portfolio-admin-thumb":["https:\/\/photographer.lu\/wp-content\/uploads\/2022\/10\/8585-L-VIO-6623-Luxembourg-skyline-foggy-morning-sunrise-50x50.webp",50,50,true]},"post_excerpt_stackable_v2":"<p>Alte und neue Geb\u00e4ude in Luxemburg-Stadt bei nebligem Sonnenaufgang<\/p>\n<p><img decoding=\"async\" class=\"alignnone size-full wp-image-22578\" src=\"https:\/\/photographer.lu\/wp-content\/uploads\/2022\/10\/payment-methods-luxembourg.webp\" alt=\"Zahlungsverfahren\" width=\"581\" height=\"40\" srcset=\"https:\/\/photographer.lu\/wp-content\/uploads\/2022\/10\/payment-methods-luxembourg.webp 581w, https:\/\/photographer.lu\/wp-content\/uploads\/2022\/10\/payment-methods-luxembourg-300x21.webp 300w, https:\/\/photographer.lu\/wp-content\/uploads\/2022\/10\/payment-methods-luxembourg-550x38.webp 550w\" sizes=\"(max-width: 581px) 100vw, 581px\" \/><\/p>\n","category_list_v2":"","author_info_v2":{"name":"","url":""},"comments_num_v2":"0 comments","acf":[],"jetpack_sharing_enabled":true,"_links":{"self":[{"href":"https:\/\/photographer.lu\/de\/wp-json\/wp\/v2\/product\/21849","targetHints":{"allow":["GET"]}}],"collection":[{"href":"https:\/\/photographer.lu\/de\/wp-json\/wp\/v2\/product"}],"about":[{"href":"https:\/\/photographer.lu\/de\/wp-json\/wp\/v2\/types\/product"}],"replies":[{"embeddable":true,"href":"https:\/\/photographer.lu\/de\/wp-json\/wp\/v2\/comments?post=21849"}],"wp:featuredmedia":[{"embeddable":true,"href":"https:\/\/photographer.lu\/de\/wp-json\/wp\/v2\/media\/21590"}],"wp:attachment":[{"href":"https:\/\/photographer.lu\/de\/wp-json\/wp\/v2\/media?parent=21849"}],"wp:term":[{"taxonomy":"product_brand","embeddable":true,"href":"https:\/\/photographer.lu\/de\/wp-json\/wp\/v2\/product_brand?post=21849"},{"taxonomy":"product_cat","embeddable":true,"href":"https:\/\/photographer.lu\/de\/wp-json\/wp\/v2\/product_cat?post=21849"},{"taxonomy":"product_tag","embeddable":true,"href":"https:\/\/photographer.lu\/de\/wp-json\/wp\/v2\/product_tag?post=21849"}],"curies":[{"name":"wp","href":"https:\/\/api.w.org\/{rel}","templated":true}]}}