{"id":23044,"date":"2022-07-01T09:52:42","date_gmt":"2022-07-01T09:52:42","guid":{"rendered":"https:\/\/photographer.lu\/photo\/kirchberg-puzzle-1000-teile\/"},"modified":"2022-11-01T10:02:59","modified_gmt":"2022-11-01T10:02:59","slug":"kirchberg-puzzle-1000-teilig","status":"publish","type":"product","link":"https:\/\/photographer.lu\/de\/photo\/kirchberg-puzzle-1000-teilig\/","title":{"rendered":"Kirchberg-Puzzle 1000 Teile"},"content":{"rendered":"<p>Kirchberg in Luxemburg Stadtpuzzle in 1000 Teilen. Das perfekte Geschenk f\u00fcr alle, die Luxemburg lieben (oder gerade dort angekommen sind), egal welchen Alters (5-99)! Gr\u00f6\u00dfe des zusammengesetzten Bildes: 48 x 68 cm. Wird zerlegt in einer blauen Schachtel geliefert.  <a href=\"https:\/\/photographer.lu\/de\/photo\/europaische-institutionen-in-kirchberg-luxembourg\/\" target=\"_blank\" rel=\"noopener\">Erstellt nach meinem Bild der Europ\u00e4ischen Institutionen in Luxemburg.<\/a><\/p>\n","protected":false},"excerpt":{"rendered":"<p>Kirchberg in Luxemburg Stadtpuzzle in 1000 Teilen. Das perfekte Geschenk f\u00fcr jemanden, der Luxemburg liebt!<\/p>\n<p><img decoding=\"async\" class=\"alignnone size-full wp-image-22578\" src=\"https:\/\/photographer.lu\/wp-content\/uploads\/2022\/10\/payment-methods-luxembourg.webp\" alt=\"Zahlungsverfahren\" width=\"581\" height=\"40\" srcset=\"https:\/\/photographer.lu\/wp-content\/uploads\/2022\/10\/payment-methods-luxembourg.webp 581w, https:\/\/photographer.lu\/wp-content\/uploads\/2022\/10\/payment-methods-luxembourg-300x21.webp 300w, https:\/\/photographer.lu\/wp-content\/uploads\/2022\/10\/payment-methods-luxembourg-550x38.webp 550w\" sizes=\"(max-width: 581px) 100vw, 581px\" \/><\/p>\n","protected":false},"featured_media":23043,"comment_status":"closed","ping_status":"closed","template":"","meta":{"pgc_sgb_lightbox_settings":""},"product_brand":[],"product_cat":[622],"product_tag":[1033,1016,1200],"class_list":{"0":"post-23044","1":"product","2":"type-product","3":"status-publish","4":"has-post-thumbnail","6":"product_cat-luxemburg-geschenke","7":"product_tag-geschenke","8":"product_tag-kirchberg-de","9":"product_tag-ratsel","10":"product_shipping_class-geschenke","12":"first","13":"outofstock","14":"taxable","15":"shipping-taxable","16":"purchasable","17":"product-type-simple"},"featured_image_urls_v2":{"full":["https:\/\/photographer.lu\/wp-content\/uploads\/2022\/11\/kirchberg-luxembourg-puzzle-1000pieces.jpg",1200,800,false],"thumbnail":["https:\/\/photographer.lu\/wp-content\/uploads\/2022\/11\/kirchberg-luxembourg-puzzle-1000pieces-550x367.jpg",550,367,true],"medium":["https:\/\/photographer.lu\/wp-content\/uploads\/2022\/11\/kirchberg-luxembourg-puzzle-1000pieces-300x200.jpg",300,200,true],"medium_large":["https:\/\/photographer.lu\/wp-content\/uploads\/2022\/11\/kirchberg-luxembourg-puzzle-1000pieces-768x512.jpg",768,512,true],"large":["https:\/\/photographer.lu\/wp-content\/uploads\/2022\/11\/kirchberg-luxembourg-puzzle-1000pieces.jpg",1200,800,false],"1536x1536":["https:\/\/photographer.lu\/wp-content\/uploads\/2022\/11\/kirchberg-luxembourg-puzzle-1000pieces.jpg",1200,800,false],"2048x2048":["https:\/\/photographer.lu\/wp-content\/uploads\/2022\/11\/kirchberg-luxembourg-puzzle-1000pieces.jpg",1200,800,false],"woocommerce_archive_thumbnail":["https:\/\/photographer.lu\/wp-content\/uploads\/2022\/11\/kirchberg-luxembourg-puzzle-1000pieces-600x400.jpg",600,400,true],"mailpoet_newsletter_max":["https:\/\/photographer.lu\/wp-content\/uploads\/2022\/11\/kirchberg-luxembourg-puzzle-1000pieces.jpg",1200,800,false],"woocommerce_thumbnail":["https:\/\/photographer.lu\/wp-content\/uploads\/2022\/11\/kirchberg-luxembourg-puzzle-1000pieces-600x400.jpg",600,400,true],"woocommerce_single":["https:\/\/photographer.lu\/wp-content\/uploads\/2022\/11\/kirchberg-luxembourg-puzzle-1000pieces.jpg",1200,800,false],"woocommerce_gallery_thumbnail":["https:\/\/photographer.lu\/wp-content\/uploads\/2022\/11\/kirchberg-luxembourg-puzzle-1000pieces-120x120.jpg",120,120,true],"jetpack-portfolio-admin-thumb":["https:\/\/photographer.lu\/wp-content\/uploads\/2022\/11\/kirchberg-luxembourg-puzzle-1000pieces-50x50.jpg",50,50,true]},"post_excerpt_stackable_v2":"<p>Kirchberg in Luxemburg Stadtpuzzle in 1000 Teilen. Das perfekte Geschenk f\u00fcr jemanden, der Luxemburg liebt!<\/p>\n<p><img decoding=\"async\" class=\"alignnone size-full wp-image-22578\" src=\"https:\/\/photographer.lu\/wp-content\/uploads\/2022\/10\/payment-methods-luxembourg.webp\" alt=\"Zahlungsverfahren\" width=\"581\" height=\"40\" srcset=\"https:\/\/photographer.lu\/wp-content\/uploads\/2022\/10\/payment-methods-luxembourg.webp 581w, https:\/\/photographer.lu\/wp-content\/uploads\/2022\/10\/payment-methods-luxembourg-300x21.webp 300w, https:\/\/photographer.lu\/wp-content\/uploads\/2022\/10\/payment-methods-luxembourg-550x38.webp 550w\" sizes=\"(max-width: 581px) 100vw, 581px\" \/><\/p>\n","category_list_v2":"","author_info_v2":{"name":"","url":""},"comments_num_v2":"0 comments","acf":[],"jetpack_sharing_enabled":true,"_links":{"self":[{"href":"https:\/\/photographer.lu\/de\/wp-json\/wp\/v2\/product\/23044","targetHints":{"allow":["GET"]}}],"collection":[{"href":"https:\/\/photographer.lu\/de\/wp-json\/wp\/v2\/product"}],"about":[{"href":"https:\/\/photographer.lu\/de\/wp-json\/wp\/v2\/types\/product"}],"replies":[{"embeddable":true,"href":"https:\/\/photographer.lu\/de\/wp-json\/wp\/v2\/comments?post=23044"}],"wp:featuredmedia":[{"embeddable":true,"href":"https:\/\/photographer.lu\/de\/wp-json\/wp\/v2\/media\/23043"}],"wp:attachment":[{"href":"https:\/\/photographer.lu\/de\/wp-json\/wp\/v2\/media?parent=23044"}],"wp:term":[{"taxonomy":"product_brand","embeddable":true,"href":"https:\/\/photographer.lu\/de\/wp-json\/wp\/v2\/product_brand?post=23044"},{"taxonomy":"product_cat","embeddable":true,"href":"https:\/\/photographer.lu\/de\/wp-json\/wp\/v2\/product_cat?post=23044"},{"taxonomy":"product_tag","embeddable":true,"href":"https:\/\/photographer.lu\/de\/wp-json\/wp\/v2\/product_tag?post=23044"}],"curies":[{"name":"wp","href":"https:\/\/api.w.org\/{rel}","templated":true}]}}