{"id":23237,"date":"2022-11-04T11:01:20","date_gmt":"2022-11-04T11:01:20","guid":{"rendered":"https:\/\/photographer.lu\/?post_type=product&#038;p=23237"},"modified":"2023-02-01T23:59:43","modified_gmt":"2023-02-01T23:59:43","slug":"zahlung-150","status":"publish","type":"product","link":"https:\/\/photographer.lu\/de\/photo\/zahlung-150\/","title":{"rendered":"Zahlung 150"},"content":{"rendered":"<p>Zahlung von 150 E.<\/p>\n","protected":false},"excerpt":{"rendered":"<p>Zahlung von 150E, einschlie\u00dflich Mehrwertsteuer. Wenn Sie eine Rechnung \u00fcber 150 Euro von mir erhalten haben, k\u00f6nnen Sie hier mit verschiedenen Zahlungsarten bezahlen. In den Warenkorb legen und zur Kasse gehen, um zu bezahlen.<\/p>\n<p><img decoding=\"async\" class=\"alignnone size-full wp-image-22578\" src=\"https:\/\/photographer.lu\/wp-content\/uploads\/2022\/10\/payment-methods-luxembourg.webp\" alt=\"Zahlungsverfahren\" width=\"581\" height=\"40\" srcset=\"https:\/\/photographer.lu\/wp-content\/uploads\/2022\/10\/payment-methods-luxembourg.webp 581w, https:\/\/photographer.lu\/wp-content\/uploads\/2022\/10\/payment-methods-luxembourg-300x21.webp 300w, https:\/\/photographer.lu\/wp-content\/uploads\/2022\/10\/payment-methods-luxembourg-550x38.webp 550w\" sizes=\"(max-width: 581px) 100vw, 581px\" \/><\/p>\n<p>&nbsp;<\/p>\n","protected":false},"featured_media":17256,"comment_status":"closed","ping_status":"closed","template":"","meta":{"pgc_sgb_lightbox_settings":""},"product_brand":[],"product_cat":[671],"product_tag":[],"class_list":{"0":"post-23237","1":"product","2":"type-product","3":"status-publish","4":"has-post-thumbnail","6":"product_cat-kunstdrucke","8":"first","9":"instock","10":"virtual","11":"taxable","12":"purchasable","13":"product-type-simple"},"featured_image_urls_v2":{"full":["https:\/\/photographer.lu\/wp-content\/uploads\/2022\/09\/interior-architecture-photographer-luxembourg_0072_.webp",1400,860,false],"thumbnail":["https:\/\/photographer.lu\/wp-content\/uploads\/2022\/09\/interior-architecture-photographer-luxembourg_0072_-550x338.webp",550,338,true],"medium":["https:\/\/photographer.lu\/wp-content\/uploads\/2022\/09\/interior-architecture-photographer-luxembourg_0072_-300x184.webp",300,184,true],"medium_large":["https:\/\/photographer.lu\/wp-content\/uploads\/2022\/09\/interior-architecture-photographer-luxembourg_0072_-768x472.webp",768,472,true],"large":["https:\/\/photographer.lu\/wp-content\/uploads\/2022\/09\/interior-architecture-photographer-luxembourg_0072_-1200x737.webp",1200,737,true],"1536x1536":["https:\/\/photographer.lu\/wp-content\/uploads\/2022\/09\/interior-architecture-photographer-luxembourg_0072_.webp",1400,860,false],"2048x2048":["https:\/\/photographer.lu\/wp-content\/uploads\/2022\/09\/interior-architecture-photographer-luxembourg_0072_.webp",1400,860,false],"woocommerce_archive_thumbnail":["https:\/\/photographer.lu\/wp-content\/uploads\/2022\/09\/interior-architecture-photographer-luxembourg_0072_-600x369.webp",600,369,true],"mailpoet_newsletter_max":["https:\/\/photographer.lu\/wp-content\/uploads\/2022\/09\/interior-architecture-photographer-luxembourg_0072_-1320x811.webp",1320,811,true],"woocommerce_thumbnail":["https:\/\/photographer.lu\/wp-content\/uploads\/2022\/09\/interior-architecture-photographer-luxembourg_0072_-600x369.webp",600,369,true],"woocommerce_single":["https:\/\/photographer.lu\/wp-content\/uploads\/2022\/09\/interior-architecture-photographer-luxembourg_0072_-1200x737.webp",1200,737,true],"woocommerce_gallery_thumbnail":["https:\/\/photographer.lu\/wp-content\/uploads\/2022\/09\/interior-architecture-photographer-luxembourg_0072_-120x120.webp",120,120,true],"jetpack-portfolio-admin-thumb":["https:\/\/photographer.lu\/wp-content\/uploads\/2022\/09\/interior-architecture-photographer-luxembourg_0072_-50x50.webp",50,50,true]},"post_excerpt_stackable_v2":"<p>Zahlung von 150E, einschlie\u00dflich Mehrwertsteuer. Wenn Sie eine Rechnung \u00fcber 150 Euro von mir erhalten haben, k\u00f6nnen Sie hier mit verschiedenen Zahlungsarten bezahlen. In den Warenkorb legen und zur Kasse gehen, um zu bezahlen.<\/p>\n<p><img decoding=\"async\" class=\"alignnone size-full wp-image-22578\" src=\"https:\/\/photographer.lu\/wp-content\/uploads\/2022\/10\/payment-methods-luxembourg.webp\" alt=\"Zahlungsverfahren\" width=\"581\" height=\"40\" srcset=\"https:\/\/photographer.lu\/wp-content\/uploads\/2022\/10\/payment-methods-luxembourg.webp 581w, https:\/\/photographer.lu\/wp-content\/uploads\/2022\/10\/payment-methods-luxembourg-300x21.webp 300w, https:\/\/photographer.lu\/wp-content\/uploads\/2022\/10\/payment-methods-luxembourg-550x38.webp 550w\" sizes=\"(max-width: 581px) 100vw, 581px\" \/><\/p>\n<p>&nbsp;<\/p>\n","category_list_v2":"","author_info_v2":{"name":"","url":""},"comments_num_v2":"0 comments","acf":[],"jetpack_sharing_enabled":true,"_links":{"self":[{"href":"https:\/\/photographer.lu\/de\/wp-json\/wp\/v2\/product\/23237","targetHints":{"allow":["GET"]}}],"collection":[{"href":"https:\/\/photographer.lu\/de\/wp-json\/wp\/v2\/product"}],"about":[{"href":"https:\/\/photographer.lu\/de\/wp-json\/wp\/v2\/types\/product"}],"replies":[{"embeddable":true,"href":"https:\/\/photographer.lu\/de\/wp-json\/wp\/v2\/comments?post=23237"}],"wp:featuredmedia":[{"embeddable":true,"href":"https:\/\/photographer.lu\/de\/wp-json\/wp\/v2\/media\/17256"}],"wp:attachment":[{"href":"https:\/\/photographer.lu\/de\/wp-json\/wp\/v2\/media?parent=23237"}],"wp:term":[{"taxonomy":"product_brand","embeddable":true,"href":"https:\/\/photographer.lu\/de\/wp-json\/wp\/v2\/product_brand?post=23237"},{"taxonomy":"product_cat","embeddable":true,"href":"https:\/\/photographer.lu\/de\/wp-json\/wp\/v2\/product_cat?post=23237"},{"taxonomy":"product_tag","embeddable":true,"href":"https:\/\/photographer.lu\/de\/wp-json\/wp\/v2\/product_tag?post=23237"}],"curies":[{"name":"wp","href":"https:\/\/api.w.org\/{rel}","templated":true}]}}