{"id":23916,"date":"2022-11-12T13:50:52","date_gmt":"2022-11-12T13:50:52","guid":{"rendered":"https:\/\/photographer.lu\/?post_type=product&#038;p=23916"},"modified":"2023-09-27T07:30:12","modified_gmt":"2023-09-27T07:30:12","slug":"luxemburg-nacht-stadtbild-kirchberg-denkmaler","status":"publish","type":"product","link":"https:\/\/photographer.lu\/de\/photo\/luxemburg-nacht-stadtbild-kirchberg-denkmaler\/","title":{"rendered":"Luxemburgs n\u00e4chtliches Stadtbild von Kirchberg und Wahrzeichen"},"content":{"rendered":"<p><span style=\"color: #008000;\">Kommerzielles<\/span> Foto von modernen Geb\u00e4uden in Kirchberg, Luxemburg Stadt: Europ\u00e4ischer Gerichtshof, Europ\u00e4isches Parlament und Kathedrale Notre Dame mit dem Turm der Spuerkeess Bank im Vordergrund, nachts beleuchtet.<\/p>\n<p>Dieses Bild kann als digitaler Download lizenziert werden.<\/p>\n<p>Es sind Drucke in limitierter Auflage und in offener Auflage erh\u00e4ltlich.<\/p>\n","protected":false},"excerpt":{"rendered":"<p>Moderne Geb\u00e4ude in Kirchberg, Luxemburg-Stadt und Wahrzeichen bei Nacht beleuchtet<\/p>\n","protected":false},"featured_media":23277,"comment_status":"closed","ping_status":"closed","template":"","meta":{"pgc_sgb_lightbox_settings":""},"product_brand":[],"product_cat":[671,672],"product_tag":[876,1018,674,766,798,767,793,794,1016,779,764,796,763,762,791,1017,789,790,797,786,878,795,761,781,780,760],"class_list":{"0":"post-23916","1":"product","2":"type-product","3":"status-publish","4":"has-post-thumbnail","6":"product_cat-kunstdrucke","7":"product_cat-luxemburg-bilder","8":"product_tag-bcee-de","9":"product_tag-burogebaude","10":"product_tag-druckt","11":"product_tag-fotoen-de","12":"product_tag-fotograf-luxembourg","13":"product_tag-ikonisch","14":"product_tag-kapital","15":"product_tag-kathedrale","16":"product_tag-kirchberg-de","17":"product_tag-kirchen","18":"product_tag-letzebuerg-de","19":"product_tag-luxemburg","20":"product_tag-luxemburg-bilder","21":"product_tag-luxemburg-fotos","22":"product_tag-luxemburgische-fotografie","23":"product_tag-modern-de","24":"product_tag-nacht","25":"product_tag-nachtfotografie","26":"product_tag-notre-dame-de","27":"product_tag-skyline-de","28":"product_tag-spuerkeess-de","29":"product_tag-stadt","30":"product_tag-stadt-luxemburg","31":"product_tag-stadtansichten","32":"product_tag-stadtbild","33":"product_tag-wahrzeichen","34":"product_shipping_class-drucke","36":"first","37":"instock","38":"taxable","39":"shipping-taxable","40":"purchasable","41":"product-type-variable"},"featured_image_urls_v2":{"full":["https:\/\/photographer.lu\/wp-content\/uploads\/2022\/11\/8599-L-VIO-9727-Kirchberg-Luxembourg-landmarks-night.webp",1200,800,false],"thumbnail":["https:\/\/photographer.lu\/wp-content\/uploads\/2022\/11\/8599-L-VIO-9727-Kirchberg-Luxembourg-landmarks-night-550x367.webp",550,367,true],"medium":["https:\/\/photographer.lu\/wp-content\/uploads\/2022\/11\/8599-L-VIO-9727-Kirchberg-Luxembourg-landmarks-night-300x200.webp",300,200,true],"medium_large":["https:\/\/photographer.lu\/wp-content\/uploads\/2022\/11\/8599-L-VIO-9727-Kirchberg-Luxembourg-landmarks-night-768x512.webp",768,512,true],"large":["https:\/\/photographer.lu\/wp-content\/uploads\/2022\/11\/8599-L-VIO-9727-Kirchberg-Luxembourg-landmarks-night.webp",1200,800,false],"1536x1536":["https:\/\/photographer.lu\/wp-content\/uploads\/2022\/11\/8599-L-VIO-9727-Kirchberg-Luxembourg-landmarks-night.webp",1200,800,false],"2048x2048":["https:\/\/photographer.lu\/wp-content\/uploads\/2022\/11\/8599-L-VIO-9727-Kirchberg-Luxembourg-landmarks-night.webp",1200,800,false],"woocommerce_archive_thumbnail":["https:\/\/photographer.lu\/wp-content\/uploads\/2022\/11\/8599-L-VIO-9727-Kirchberg-Luxembourg-landmarks-night-600x400.webp",600,400,true],"mailpoet_newsletter_max":["https:\/\/photographer.lu\/wp-content\/uploads\/2022\/11\/8599-L-VIO-9727-Kirchberg-Luxembourg-landmarks-night.webp",1200,800,false],"woocommerce_thumbnail":["https:\/\/photographer.lu\/wp-content\/uploads\/2022\/11\/8599-L-VIO-9727-Kirchberg-Luxembourg-landmarks-night-600x400.webp",600,400,true],"woocommerce_single":["https:\/\/photographer.lu\/wp-content\/uploads\/2022\/11\/8599-L-VIO-9727-Kirchberg-Luxembourg-landmarks-night.webp",1200,800,false],"woocommerce_gallery_thumbnail":["https:\/\/photographer.lu\/wp-content\/uploads\/2022\/11\/8599-L-VIO-9727-Kirchberg-Luxembourg-landmarks-night-120x120.webp",120,120,true],"jetpack-portfolio-admin-thumb":["https:\/\/photographer.lu\/wp-content\/uploads\/2022\/11\/8599-L-VIO-9727-Kirchberg-Luxembourg-landmarks-night-50x50.webp",50,50,true]},"post_excerpt_stackable_v2":"<p>Moderne Geb\u00e4ude in Kirchberg, Luxemburg-Stadt und Wahrzeichen bei Nacht beleuchtet<\/p>\n","category_list_v2":"","author_info_v2":{"name":"","url":""},"comments_num_v2":"0 comments","acf":[],"jetpack_sharing_enabled":true,"_links":{"self":[{"href":"https:\/\/photographer.lu\/de\/wp-json\/wp\/v2\/product\/23916","targetHints":{"allow":["GET"]}}],"collection":[{"href":"https:\/\/photographer.lu\/de\/wp-json\/wp\/v2\/product"}],"about":[{"href":"https:\/\/photographer.lu\/de\/wp-json\/wp\/v2\/types\/product"}],"replies":[{"embeddable":true,"href":"https:\/\/photographer.lu\/de\/wp-json\/wp\/v2\/comments?post=23916"}],"wp:featuredmedia":[{"embeddable":true,"href":"https:\/\/photographer.lu\/de\/wp-json\/wp\/v2\/media\/23277"}],"wp:attachment":[{"href":"https:\/\/photographer.lu\/de\/wp-json\/wp\/v2\/media?parent=23916"}],"wp:term":[{"taxonomy":"product_brand","embeddable":true,"href":"https:\/\/photographer.lu\/de\/wp-json\/wp\/v2\/product_brand?post=23916"},{"taxonomy":"product_cat","embeddable":true,"href":"https:\/\/photographer.lu\/de\/wp-json\/wp\/v2\/product_cat?post=23916"},{"taxonomy":"product_tag","embeddable":true,"href":"https:\/\/photographer.lu\/de\/wp-json\/wp\/v2\/product_tag?post=23916"}],"curies":[{"name":"wp","href":"https:\/\/api.w.org\/{rel}","templated":true}]}}