{"id":25051,"date":"2022-07-18T00:37:31","date_gmt":"2022-07-18T00:37:31","guid":{"rendered":"https:\/\/photographer.lu\/?post_type=product&#038;p=25051"},"modified":"2023-09-27T19:40:23","modified_gmt":"2023-09-27T19:40:23","slug":"regentag-luxembourg-strasse","status":"publish","type":"product","link":"https:\/\/photographer.lu\/de\/photo\/regentag-luxembourg-strasse\/","title":{"rendered":"Regentag auf der Luxemburger Stra\u00dfe"},"content":{"rendered":"<p><span style=\"color: #008000;\">Kommerzielle<\/span> Stra\u00dfenfotografie einer Frau, die an einem regnerischen Tag mit einem Regenschirm \u00fcber eine gepflasterte Stra\u00dfe in Luxemburg-Stadt l\u00e4uft.<\/p>\n<p>Dieses Bild kann als digitaler Download lizenziert werden.<\/p>\n<p>Es sind Drucke in limitierter Auflage und in offener Auflage erh\u00e4ltlich.<\/p>\n","protected":false},"excerpt":{"rendered":"<p>Frau auf der Stra\u00dfe in Luxemburg mit Regenschirm<\/p>\n","protected":false},"featured_media":23565,"comment_status":"closed","ping_status":"closed","template":"","meta":{"pgc_sgb_lightbox_settings":""},"product_brand":[],"product_cat":[671,672],"product_tag":[674,766,764,763,762,791,1238,1020,761,1239,902,1273],"class_list":{"0":"post-25051","1":"product","2":"type-product","3":"status-publish","4":"has-post-thumbnail","6":"product_cat-kunstdrucke","7":"product_cat-luxemburg-bilder","8":"product_tag-druckt","9":"product_tag-fotoen-de","10":"product_tag-letzebuerg-de","11":"product_tag-luxemburg-bilder","12":"product_tag-luxemburg-fotos","13":"product_tag-luxemburgische-fotografie","14":"product_tag-menschen","15":"product_tag-regen","16":"product_tag-stadt-luxemburg","17":"product_tag-strase-de","18":"product_tag-strasenfotografie","19":"product_tag-urban-de","20":"product_shipping_class-drucke","22":"first","23":"instock","24":"taxable","25":"shipping-taxable","26":"purchasable","27":"product-type-variable"},"featured_image_urls_v2":{"full":["https:\/\/photographer.lu\/wp-content\/uploads\/2022\/11\/8654-L-IMG-4163-Street-Luxembourg-city-rain.webp",1200,849,false],"thumbnail":["https:\/\/photographer.lu\/wp-content\/uploads\/2022\/11\/8654-L-IMG-4163-Street-Luxembourg-city-rain-550x389.webp",550,389,true],"medium":["https:\/\/photographer.lu\/wp-content\/uploads\/2022\/11\/8654-L-IMG-4163-Street-Luxembourg-city-rain-300x212.webp",300,212,true],"medium_large":["https:\/\/photographer.lu\/wp-content\/uploads\/2022\/11\/8654-L-IMG-4163-Street-Luxembourg-city-rain-768x543.webp",768,543,true],"large":["https:\/\/photographer.lu\/wp-content\/uploads\/2022\/11\/8654-L-IMG-4163-Street-Luxembourg-city-rain.webp",1200,849,false],"1536x1536":["https:\/\/photographer.lu\/wp-content\/uploads\/2022\/11\/8654-L-IMG-4163-Street-Luxembourg-city-rain.webp",1200,849,false],"2048x2048":["https:\/\/photographer.lu\/wp-content\/uploads\/2022\/11\/8654-L-IMG-4163-Street-Luxembourg-city-rain.webp",1200,849,false],"woocommerce_archive_thumbnail":["https:\/\/photographer.lu\/wp-content\/uploads\/2022\/11\/8654-L-IMG-4163-Street-Luxembourg-city-rain-600x425.webp",600,425,true],"mailpoet_newsletter_max":["https:\/\/photographer.lu\/wp-content\/uploads\/2022\/11\/8654-L-IMG-4163-Street-Luxembourg-city-rain.webp",1200,849,false],"woocommerce_thumbnail":["https:\/\/photographer.lu\/wp-content\/uploads\/2022\/11\/8654-L-IMG-4163-Street-Luxembourg-city-rain-600x425.webp",600,425,true],"woocommerce_single":["https:\/\/photographer.lu\/wp-content\/uploads\/2022\/11\/8654-L-IMG-4163-Street-Luxembourg-city-rain.webp",1200,849,false],"woocommerce_gallery_thumbnail":["https:\/\/photographer.lu\/wp-content\/uploads\/2022\/11\/8654-L-IMG-4163-Street-Luxembourg-city-rain-120x120.webp",120,120,true],"jetpack-portfolio-admin-thumb":["https:\/\/photographer.lu\/wp-content\/uploads\/2022\/11\/8654-L-IMG-4163-Street-Luxembourg-city-rain-50x50.webp",50,50,true]},"post_excerpt_stackable_v2":"<p>Frau auf der Stra\u00dfe in Luxemburg mit Regenschirm<\/p>\n","category_list_v2":"","author_info_v2":{"name":"","url":""},"comments_num_v2":"0 comments","acf":[],"jetpack_sharing_enabled":true,"_links":{"self":[{"href":"https:\/\/photographer.lu\/de\/wp-json\/wp\/v2\/product\/25051","targetHints":{"allow":["GET"]}}],"collection":[{"href":"https:\/\/photographer.lu\/de\/wp-json\/wp\/v2\/product"}],"about":[{"href":"https:\/\/photographer.lu\/de\/wp-json\/wp\/v2\/types\/product"}],"replies":[{"embeddable":true,"href":"https:\/\/photographer.lu\/de\/wp-json\/wp\/v2\/comments?post=25051"}],"wp:featuredmedia":[{"embeddable":true,"href":"https:\/\/photographer.lu\/de\/wp-json\/wp\/v2\/media\/23565"}],"wp:attachment":[{"href":"https:\/\/photographer.lu\/de\/wp-json\/wp\/v2\/media?parent=25051"}],"wp:term":[{"taxonomy":"product_brand","embeddable":true,"href":"https:\/\/photographer.lu\/de\/wp-json\/wp\/v2\/product_brand?post=25051"},{"taxonomy":"product_cat","embeddable":true,"href":"https:\/\/photographer.lu\/de\/wp-json\/wp\/v2\/product_cat?post=25051"},{"taxonomy":"product_tag","embeddable":true,"href":"https:\/\/photographer.lu\/de\/wp-json\/wp\/v2\/product_tag?post=25051"}],"curies":[{"name":"wp","href":"https:\/\/api.w.org\/{rel}","templated":true}]}}