{"id":26081,"date":"2022-09-23T16:28:31","date_gmt":"2022-09-23T16:28:31","guid":{"rendered":"https:\/\/photographer.lu\/?post_type=product&#038;p=26081"},"modified":"2023-09-27T23:51:19","modified_gmt":"2023-09-27T23:51:19","slug":"moderne-burogebaude-luxembourg-kirchberg","status":"publish","type":"product","link":"https:\/\/photographer.lu\/de\/photo\/moderne-burogebaude-luxembourg-kirchberg\/","title":{"rendered":"Moderne B\u00fcrogeb\u00e4ude in Luxemburg Kirchberg"},"content":{"rendered":"<p><span style=\"color: #339966;\">Kommerzielles<\/span> Foto einer Gesch\u00e4ftsszene im Europaviertel Kirchberg, Luxemburg-Stadt: Menschen gehen an der Philharmonie vorbei in Richtung B\u00fcrogeb\u00e4ude und lassen das Europ\u00e4ische Parlament, das Infinity-Handelszentrum und den Europ\u00e4ischen Gerichtshof hinter sich.<\/p>\n<p>Dieses Bild kann als digitaler Download lizenziert werden.<\/p>\n<p>Es sind Drucke in limitierter Auflage und in offener Auflage erh\u00e4ltlich.<\/p>\n","protected":false},"excerpt":{"rendered":"<p>Menschen gehen an der Philharmonie im Europaviertel Kirchberg in Luxemburg-Stadt vorbei.<\/p>\n<p><img decoding=\"async\" class=\"alignnone size-full wp-image-22578\" src=\"https:\/\/photographer.lu\/wp-content\/uploads\/2022\/10\/payment-methods-luxembourg.webp\" alt=\"Zahlungsverfahren\" width=\"581\" height=\"40\" srcset=\"https:\/\/photographer.lu\/wp-content\/uploads\/2022\/10\/payment-methods-luxembourg.webp 581w, https:\/\/photographer.lu\/wp-content\/uploads\/2022\/10\/payment-methods-luxembourg-300x21.webp 300w, https:\/\/photographer.lu\/wp-content\/uploads\/2022\/10\/payment-methods-luxembourg-550x38.webp 550w\" sizes=\"(max-width: 581px) 100vw, 581px\" \/><\/p>\n","protected":false},"featured_media":23781,"comment_status":"closed","ping_status":"closed","template":"","meta":{"pgc_sgb_lightbox_settings":""},"product_brand":[],"product_cat":[672],"product_tag":[778,1018,1015,766,1302,1016,764,763,762,1147,791,1238,1017,1019,1303,761,1239,1013,760],"class_list":{"0":"post-26081","1":"product","2":"type-product","3":"status-publish","4":"has-post-thumbnail","6":"product_cat-luxemburg-bilder","7":"product_tag-architektur","8":"product_tag-burogebaude","9":"product_tag-europaische-institutionen","10":"product_tag-fotoen-de","11":"product_tag-fotos-de","12":"product_tag-kirchberg-de","13":"product_tag-letzebuerg-de","14":"product_tag-luxemburg-bilder","15":"product_tag-luxemburg-fotos","16":"product_tag-luxemburg-stadt","17":"product_tag-luxemburgische-fotografie","18":"product_tag-menschen","19":"product_tag-modern-de","20":"product_tag-philharmonie-de","21":"product_tag-philharmonisch","22":"product_tag-stadt-luxemburg","23":"product_tag-strase-de","24":"product_tag-unternehmen","25":"product_tag-wahrzeichen","26":"product_shipping_class-drucke","28":"first","29":"instock","30":"taxable","31":"shipping-taxable","32":"purchasable","33":"product-type-variable"},"featured_image_urls_v2":{"full":["https:\/\/photographer.lu\/wp-content\/uploads\/2022\/11\/8740-L-VIO-1201-Modern-office-buildings-Luxembourg-Kirchberg.webp",1200,800,false],"thumbnail":["https:\/\/photographer.lu\/wp-content\/uploads\/2022\/11\/8740-L-VIO-1201-Modern-office-buildings-Luxembourg-Kirchberg-550x367.webp",550,367,true],"medium":["https:\/\/photographer.lu\/wp-content\/uploads\/2022\/11\/8740-L-VIO-1201-Modern-office-buildings-Luxembourg-Kirchberg-300x200.webp",300,200,true],"medium_large":["https:\/\/photographer.lu\/wp-content\/uploads\/2022\/11\/8740-L-VIO-1201-Modern-office-buildings-Luxembourg-Kirchberg-768x512.webp",768,512,true],"large":["https:\/\/photographer.lu\/wp-content\/uploads\/2022\/11\/8740-L-VIO-1201-Modern-office-buildings-Luxembourg-Kirchberg.webp",1200,800,false],"1536x1536":["https:\/\/photographer.lu\/wp-content\/uploads\/2022\/11\/8740-L-VIO-1201-Modern-office-buildings-Luxembourg-Kirchberg.webp",1200,800,false],"2048x2048":["https:\/\/photographer.lu\/wp-content\/uploads\/2022\/11\/8740-L-VIO-1201-Modern-office-buildings-Luxembourg-Kirchberg.webp",1200,800,false],"woocommerce_archive_thumbnail":["https:\/\/photographer.lu\/wp-content\/uploads\/2022\/11\/8740-L-VIO-1201-Modern-office-buildings-Luxembourg-Kirchberg-600x400.webp",600,400,true],"mailpoet_newsletter_max":["https:\/\/photographer.lu\/wp-content\/uploads\/2022\/11\/8740-L-VIO-1201-Modern-office-buildings-Luxembourg-Kirchberg.webp",1200,800,false],"woocommerce_thumbnail":["https:\/\/photographer.lu\/wp-content\/uploads\/2022\/11\/8740-L-VIO-1201-Modern-office-buildings-Luxembourg-Kirchberg-600x400.webp",600,400,true],"woocommerce_single":["https:\/\/photographer.lu\/wp-content\/uploads\/2022\/11\/8740-L-VIO-1201-Modern-office-buildings-Luxembourg-Kirchberg.webp",1200,800,false],"woocommerce_gallery_thumbnail":["https:\/\/photographer.lu\/wp-content\/uploads\/2022\/11\/8740-L-VIO-1201-Modern-office-buildings-Luxembourg-Kirchberg-120x120.webp",120,120,true],"jetpack-portfolio-admin-thumb":["https:\/\/photographer.lu\/wp-content\/uploads\/2022\/11\/8740-L-VIO-1201-Modern-office-buildings-Luxembourg-Kirchberg-50x50.webp",50,50,true]},"post_excerpt_stackable_v2":"<p>Menschen gehen an der Philharmonie im Europaviertel Kirchberg in Luxemburg-Stadt vorbei.<\/p>\n<p><img decoding=\"async\" class=\"alignnone size-full wp-image-22578\" src=\"https:\/\/photographer.lu\/wp-content\/uploads\/2022\/10\/payment-methods-luxembourg.webp\" alt=\"Zahlungsverfahren\" width=\"581\" height=\"40\" srcset=\"https:\/\/photographer.lu\/wp-content\/uploads\/2022\/10\/payment-methods-luxembourg.webp 581w, https:\/\/photographer.lu\/wp-content\/uploads\/2022\/10\/payment-methods-luxembourg-300x21.webp 300w, https:\/\/photographer.lu\/wp-content\/uploads\/2022\/10\/payment-methods-luxembourg-550x38.webp 550w\" sizes=\"(max-width: 581px) 100vw, 581px\" \/><\/p>\n","category_list_v2":"","author_info_v2":{"name":"","url":""},"comments_num_v2":"0 comments","acf":[],"jetpack_sharing_enabled":true,"_links":{"self":[{"href":"https:\/\/photographer.lu\/de\/wp-json\/wp\/v2\/product\/26081","targetHints":{"allow":["GET"]}}],"collection":[{"href":"https:\/\/photographer.lu\/de\/wp-json\/wp\/v2\/product"}],"about":[{"href":"https:\/\/photographer.lu\/de\/wp-json\/wp\/v2\/types\/product"}],"replies":[{"embeddable":true,"href":"https:\/\/photographer.lu\/de\/wp-json\/wp\/v2\/comments?post=26081"}],"wp:featuredmedia":[{"embeddable":true,"href":"https:\/\/photographer.lu\/de\/wp-json\/wp\/v2\/media\/23781"}],"wp:attachment":[{"href":"https:\/\/photographer.lu\/de\/wp-json\/wp\/v2\/media?parent=26081"}],"wp:term":[{"taxonomy":"product_brand","embeddable":true,"href":"https:\/\/photographer.lu\/de\/wp-json\/wp\/v2\/product_brand?post=26081"},{"taxonomy":"product_cat","embeddable":true,"href":"https:\/\/photographer.lu\/de\/wp-json\/wp\/v2\/product_cat?post=26081"},{"taxonomy":"product_tag","embeddable":true,"href":"https:\/\/photographer.lu\/de\/wp-json\/wp\/v2\/product_tag?post=26081"}],"curies":[{"name":"wp","href":"https:\/\/api.w.org\/{rel}","templated":true}]}}