{"id":26534,"date":"2022-11-23T18:55:08","date_gmt":"2022-11-23T18:55:08","guid":{"rendered":"https:\/\/photographer.lu\/?post_type=product&#038;p=26534"},"modified":"2023-09-28T01:16:27","modified_gmt":"2023-09-28T01:16:27","slug":"spuerkeess-turm-luxemburg-stadt-nacht","status":"publish","type":"product","link":"https:\/\/photographer.lu\/de\/photo\/spuerkeess-turm-luxemburg-stadt-nacht\/","title":{"rendered":"Spuerkeess Turm in Luxemburg Stadt bei Nacht"},"content":{"rendered":"<p><span style=\"color: #339966;\">Kommerzielles<\/span> Stra\u00dfenfoto des Spuerkeess-Turms (Banque et Caisse d&#8217;\u00c9pargne de l&#8217;\u00c9tat &#8211; Staatliche Sparkasse &#8211; BCEE) in Luxemburg bei Nacht. Ein Mann geht auf der Pont-Adolphe-Br\u00fccke in Richtung des Turms, w\u00e4hrend die Stra\u00dfenbahn auf den neuen Gleisen vorbeif\u00e4hrt.<\/p>\n<p>Dieses Bild kann als digitaler Download lizenziert werden.<\/p>\n<p>Es sind Drucke in limitierter Auflage und in offener Auflage erh\u00e4ltlich.<\/p>\n","protected":false},"excerpt":{"rendered":"<p>Ein Mann geht auf der Pont-Adolphe-Br\u00fccke in Richtung des Turms, w\u00e4hrend die Stra\u00dfenbahn auf den neuen Gleisen vorbeif\u00e4hrt.<\/p>\n<p><img decoding=\"async\" class=\"alignnone size-full wp-image-22578\" src=\"https:\/\/photographer.lu\/wp-content\/uploads\/2022\/10\/payment-methods-luxembourg.webp\" alt=\"Zahlungsverfahren\" width=\"581\" height=\"40\" srcset=\"https:\/\/photographer.lu\/wp-content\/uploads\/2022\/10\/payment-methods-luxembourg.webp 581w, https:\/\/photographer.lu\/wp-content\/uploads\/2022\/10\/payment-methods-luxembourg-300x21.webp 300w, https:\/\/photographer.lu\/wp-content\/uploads\/2022\/10\/payment-methods-luxembourg-550x38.webp 550w\" sizes=\"(max-width: 581px) 100vw, 581px\" \/><\/p>\n","protected":false},"featured_media":23301,"comment_status":"closed","ping_status":"closed","template":"","meta":{"pgc_sgb_lightbox_settings":""},"product_brand":[],"product_cat":[671,672],"product_tag":[778,876,674,766,1302,764,809,763,762,1147,791,789,790,878,761,1239,1176,1177,902,760],"class_list":{"0":"post-26534","1":"product","2":"type-product","3":"status-publish","4":"has-post-thumbnail","6":"product_cat-kunstdrucke","7":"product_cat-luxemburg-bilder","8":"product_tag-architektur","9":"product_tag-bcee-de","10":"product_tag-druckt","11":"product_tag-fotoen-de","12":"product_tag-fotos-de","13":"product_tag-letzebuerg-de","14":"product_tag-lichter","15":"product_tag-luxemburg-bilder","16":"product_tag-luxemburg-fotos","17":"product_tag-luxemburg-stadt","18":"product_tag-luxemburgische-fotografie","19":"product_tag-nacht","20":"product_tag-nachtfotografie","21":"product_tag-spuerkeess-de","22":"product_tag-stadt-luxemburg","23":"product_tag-strase-de","24":"product_tag-strasenbahn","25":"product_tag-strasenbahn-de","26":"product_tag-strasenfotografie","27":"product_tag-wahrzeichen","28":"product_shipping_class-drucke","30":"first","31":"instock","32":"taxable","33":"shipping-taxable","34":"purchasable","35":"product-type-variable"},"featured_image_urls_v2":{"full":["https:\/\/photographer.lu\/wp-content\/uploads\/2022\/11\/8602-L-VIO-0045-Spuerkeess-Tower-Luxembourg-night.webp",1200,802,false],"thumbnail":["https:\/\/photographer.lu\/wp-content\/uploads\/2022\/11\/8602-L-VIO-0045-Spuerkeess-Tower-Luxembourg-night-550x368.webp",550,368,true],"medium":["https:\/\/photographer.lu\/wp-content\/uploads\/2022\/11\/8602-L-VIO-0045-Spuerkeess-Tower-Luxembourg-night-300x201.webp",300,201,true],"medium_large":["https:\/\/photographer.lu\/wp-content\/uploads\/2022\/11\/8602-L-VIO-0045-Spuerkeess-Tower-Luxembourg-night-768x513.webp",768,513,true],"large":["https:\/\/photographer.lu\/wp-content\/uploads\/2022\/11\/8602-L-VIO-0045-Spuerkeess-Tower-Luxembourg-night.webp",1200,802,false],"1536x1536":["https:\/\/photographer.lu\/wp-content\/uploads\/2022\/11\/8602-L-VIO-0045-Spuerkeess-Tower-Luxembourg-night.webp",1200,802,false],"2048x2048":["https:\/\/photographer.lu\/wp-content\/uploads\/2022\/11\/8602-L-VIO-0045-Spuerkeess-Tower-Luxembourg-night.webp",1200,802,false],"woocommerce_archive_thumbnail":["https:\/\/photographer.lu\/wp-content\/uploads\/2022\/11\/8602-L-VIO-0045-Spuerkeess-Tower-Luxembourg-night-600x401.webp",600,401,true],"mailpoet_newsletter_max":["https:\/\/photographer.lu\/wp-content\/uploads\/2022\/11\/8602-L-VIO-0045-Spuerkeess-Tower-Luxembourg-night.webp",1200,802,false],"woocommerce_thumbnail":["https:\/\/photographer.lu\/wp-content\/uploads\/2022\/11\/8602-L-VIO-0045-Spuerkeess-Tower-Luxembourg-night-600x401.webp",600,401,true],"woocommerce_single":["https:\/\/photographer.lu\/wp-content\/uploads\/2022\/11\/8602-L-VIO-0045-Spuerkeess-Tower-Luxembourg-night.webp",1200,802,false],"woocommerce_gallery_thumbnail":["https:\/\/photographer.lu\/wp-content\/uploads\/2022\/11\/8602-L-VIO-0045-Spuerkeess-Tower-Luxembourg-night-120x120.webp",120,120,true],"jetpack-portfolio-admin-thumb":["https:\/\/photographer.lu\/wp-content\/uploads\/2022\/11\/8602-L-VIO-0045-Spuerkeess-Tower-Luxembourg-night-50x50.webp",50,50,true]},"post_excerpt_stackable_v2":"<p>Ein Mann geht auf der Pont-Adolphe-Br\u00fccke in Richtung des Turms, w\u00e4hrend die Stra\u00dfenbahn auf den neuen Gleisen vorbeif\u00e4hrt.<\/p>\n<p><img decoding=\"async\" class=\"alignnone size-full wp-image-22578\" src=\"https:\/\/photographer.lu\/wp-content\/uploads\/2022\/10\/payment-methods-luxembourg.webp\" alt=\"Zahlungsverfahren\" width=\"581\" height=\"40\" srcset=\"https:\/\/photographer.lu\/wp-content\/uploads\/2022\/10\/payment-methods-luxembourg.webp 581w, https:\/\/photographer.lu\/wp-content\/uploads\/2022\/10\/payment-methods-luxembourg-300x21.webp 300w, https:\/\/photographer.lu\/wp-content\/uploads\/2022\/10\/payment-methods-luxembourg-550x38.webp 550w\" sizes=\"(max-width: 581px) 100vw, 581px\" \/><\/p>\n","category_list_v2":"","author_info_v2":{"name":"","url":""},"comments_num_v2":"0 comments","acf":[],"jetpack_sharing_enabled":true,"_links":{"self":[{"href":"https:\/\/photographer.lu\/de\/wp-json\/wp\/v2\/product\/26534","targetHints":{"allow":["GET"]}}],"collection":[{"href":"https:\/\/photographer.lu\/de\/wp-json\/wp\/v2\/product"}],"about":[{"href":"https:\/\/photographer.lu\/de\/wp-json\/wp\/v2\/types\/product"}],"replies":[{"embeddable":true,"href":"https:\/\/photographer.lu\/de\/wp-json\/wp\/v2\/comments?post=26534"}],"wp:featuredmedia":[{"embeddable":true,"href":"https:\/\/photographer.lu\/de\/wp-json\/wp\/v2\/media\/23301"}],"wp:attachment":[{"href":"https:\/\/photographer.lu\/de\/wp-json\/wp\/v2\/media?parent=26534"}],"wp:term":[{"taxonomy":"product_brand","embeddable":true,"href":"https:\/\/photographer.lu\/de\/wp-json\/wp\/v2\/product_brand?post=26534"},{"taxonomy":"product_cat","embeddable":true,"href":"https:\/\/photographer.lu\/de\/wp-json\/wp\/v2\/product_cat?post=26534"},{"taxonomy":"product_tag","embeddable":true,"href":"https:\/\/photographer.lu\/de\/wp-json\/wp\/v2\/product_tag?post=26534"}],"curies":[{"name":"wp","href":"https:\/\/api.w.org\/{rel}","templated":true}]}}