{"id":27063,"date":"2024-10-09T16:50:53","date_gmt":"2024-10-09T16:50:53","guid":{"rendered":"https:\/\/photographer.lu\/?post_type=product&#038;p=27063"},"modified":"2023-09-23T19:58:34","modified_gmt":"2023-09-23T19:58:34","slug":"luxemburgische-grusskarten-gluckliche-feiertage","status":"publish","type":"product","link":"https:\/\/photographer.lu\/de\/photo\/luxemburgische-grusskarten-gluckliche-feiertage\/","title":{"rendered":"Luxemburg Gru\u00dfkarten Set Happy Holidays"},"content":{"rendered":"<p><strong>Luxemburgische Gl\u00fcckwunschkarten<\/strong> im A5-Format (15\u00d721 cm) mit der <strong>Botschaft &#8222;Happy Holidays&#8220;<\/strong> auf der Innenseite. Die Vorderseite zeigt ein von mir gestaltetes Foto von festlichen Lichtern in Luxemburg-Stadt, w\u00e4hrend die Innenseite ein winterliches Schneefoto von Luxemburg-Stadt Grund und die Botschaft &#8222;Happy Holidays&#8220; in verschiedenen Sprachen zeigt: Luxemburgisch, Englisch, Portugiesisch, Franz\u00f6sisch, Deutsch, Griechisch, Ungarisch, Rum\u00e4nisch, Italienisch, Polnisch und Spanisch.<\/p>\n<p>Er wird mit einem blauen oder roten Umschlag (je nach Verf\u00fcgbarkeit) mit goldener Innenseite geliefert und ist bereit, Ihren Lieben \u00fcberreicht zu werden.<\/p>\n","protected":false},"excerpt":{"rendered":"<p>Luxemburgische Gl\u00fcckwunschkarten im A5-Format (15\u00d721 cm) mit der Botschaft &#8222;Happy Holidays&#8220; auf der Innenseite. Die Vorderseite zeigt ein von mir gestaltetes Foto von festlichen Lichtern in Luxemburg-Stadt, w\u00e4hrend die Innenseite ein winterliches Schneefoto von Luxemburg-Stadt Grund und die Botschaft &#8222;Happy Holidays&#8220; in verschiedenen Sprachen zeigt: Luxemburgisch, Englisch, Portugiesisch, Franz\u00f6sisch, Deutsch, Griechisch, Ungarisch, Rum\u00e4nisch, Italienisch, Polnisch [&hellip;]<\/p>\n","protected":false},"featured_media":27161,"comment_status":"open","ping_status":"closed","template":"","meta":{"pgc_sgb_lightbox_settings":""},"product_brand":[],"product_cat":[622],"product_tag":[1033,1353],"class_list":{"0":"post-27063","1":"product","2":"type-product","3":"status-publish","4":"has-post-thumbnail","6":"product_cat-luxemburg-geschenke","7":"product_tag-geschenke","8":"product_tag-gruskarten","9":"product_shipping_class-kalendarien","11":"first","12":"outofstock","13":"taxable","14":"shipping-taxable","15":"purchasable","16":"product-type-variable","17":"has-default-attributes"},"featured_image_urls_v2":{"full":["https:\/\/photographer.lu\/wp-content\/uploads\/2022\/11\/Luxembourg-greeting-card-happy-holidays-cover-photodudau.webp",1200,800,false],"thumbnail":["https:\/\/photographer.lu\/wp-content\/uploads\/2022\/11\/Luxembourg-greeting-card-happy-holidays-cover-photodudau-550x367.webp",550,367,true],"medium":["https:\/\/photographer.lu\/wp-content\/uploads\/2022\/11\/Luxembourg-greeting-card-happy-holidays-cover-photodudau-300x200.webp",300,200,true],"medium_large":["https:\/\/photographer.lu\/wp-content\/uploads\/2022\/11\/Luxembourg-greeting-card-happy-holidays-cover-photodudau-768x512.webp",768,512,true],"large":["https:\/\/photographer.lu\/wp-content\/uploads\/2022\/11\/Luxembourg-greeting-card-happy-holidays-cover-photodudau.webp",1200,800,false],"1536x1536":["https:\/\/photographer.lu\/wp-content\/uploads\/2022\/11\/Luxembourg-greeting-card-happy-holidays-cover-photodudau.webp",1200,800,false],"2048x2048":["https:\/\/photographer.lu\/wp-content\/uploads\/2022\/11\/Luxembourg-greeting-card-happy-holidays-cover-photodudau.webp",1200,800,false],"woocommerce_archive_thumbnail":["https:\/\/photographer.lu\/wp-content\/uploads\/2022\/11\/Luxembourg-greeting-card-happy-holidays-cover-photodudau-600x400.webp",600,400,true],"mailpoet_newsletter_max":["https:\/\/photographer.lu\/wp-content\/uploads\/2022\/11\/Luxembourg-greeting-card-happy-holidays-cover-photodudau.webp",1200,800,false],"woocommerce_thumbnail":["https:\/\/photographer.lu\/wp-content\/uploads\/2022\/11\/Luxembourg-greeting-card-happy-holidays-cover-photodudau-600x400.webp",600,400,true],"woocommerce_single":["https:\/\/photographer.lu\/wp-content\/uploads\/2022\/11\/Luxembourg-greeting-card-happy-holidays-cover-photodudau.webp",1200,800,false],"woocommerce_gallery_thumbnail":["https:\/\/photographer.lu\/wp-content\/uploads\/2022\/11\/Luxembourg-greeting-card-happy-holidays-cover-photodudau-120x120.webp",120,120,true],"jetpack-portfolio-admin-thumb":["https:\/\/photographer.lu\/wp-content\/uploads\/2022\/11\/Luxembourg-greeting-card-happy-holidays-cover-photodudau-50x50.webp",50,50,true]},"post_excerpt_stackable_v2":"<p>Luxemburgische Gl\u00fcckwunschkarten im A5-Format (15\u00d721 cm) mit der Botschaft &#8222;Happy Holidays&#8220; auf der Innenseite. Die Vorderseite zeigt ein von mir gestaltetes Foto von festlichen Lichtern in Luxemburg-Stadt, w\u00e4hrend die Innenseite ein winterliches Schneefoto von Luxemburg-Stadt Grund und die Botschaft &#8222;Happy Holidays&#8220; in verschiedenen Sprachen zeigt: Luxemburgisch, Englisch, Portugiesisch, Franz\u00f6sisch, Deutsch, Griechisch, Ungarisch, Rum\u00e4nisch, Italienisch, Polnisch und Spanisch. Er wird mit einem blauen oder roten Umschlag (je nach Verf\u00fcgbarkeit) mit goldener Innenseite geliefert und ist bereit, Ihren Lieben \u00fcberreicht zu werden.<\/p>\n","category_list_v2":"","author_info_v2":{"name":"","url":""},"comments_num_v2":"0 comments","acf":[],"jetpack_sharing_enabled":true,"_links":{"self":[{"href":"https:\/\/photographer.lu\/de\/wp-json\/wp\/v2\/product\/27063","targetHints":{"allow":["GET"]}}],"collection":[{"href":"https:\/\/photographer.lu\/de\/wp-json\/wp\/v2\/product"}],"about":[{"href":"https:\/\/photographer.lu\/de\/wp-json\/wp\/v2\/types\/product"}],"replies":[{"embeddable":true,"href":"https:\/\/photographer.lu\/de\/wp-json\/wp\/v2\/comments?post=27063"}],"wp:featuredmedia":[{"embeddable":true,"href":"https:\/\/photographer.lu\/de\/wp-json\/wp\/v2\/media\/27161"}],"wp:attachment":[{"href":"https:\/\/photographer.lu\/de\/wp-json\/wp\/v2\/media?parent=27063"}],"wp:term":[{"taxonomy":"product_brand","embeddable":true,"href":"https:\/\/photographer.lu\/de\/wp-json\/wp\/v2\/product_brand?post=27063"},{"taxonomy":"product_cat","embeddable":true,"href":"https:\/\/photographer.lu\/de\/wp-json\/wp\/v2\/product_cat?post=27063"},{"taxonomy":"product_tag","embeddable":true,"href":"https:\/\/photographer.lu\/de\/wp-json\/wp\/v2\/product_tag?post=27063"}],"curies":[{"name":"wp","href":"https:\/\/api.w.org\/{rel}","templated":true}]}}