{"id":27092,"date":"2022-11-30T13:45:42","date_gmt":"2022-11-30T13:45:42","guid":{"rendered":"https:\/\/photographer.lu\/?post_type=product&#038;p=27092"},"modified":"2023-11-19T21:24:35","modified_gmt":"2023-11-19T21:24:35","slug":"luxemburgische-gluckwunschkarten-set-frohliche-weihnachten","status":"publish","type":"product","link":"https:\/\/photographer.lu\/de\/photo\/luxemburgische-gluckwunschkarten-set-frohliche-weihnachten\/","title":{"rendered":"Luxemburg Gru\u00dfkarten Set Frohe Weihnachten"},"content":{"rendered":"<p><strong>Luxemburgische Gru\u00dfkarten<\/strong> im A5-Format (15\u00d721 cm) mit einer <strong>frohen Weihnachtsbotschaft<\/strong> auf der Innenseite des Umschlags. Das Titelbild ist mein eigenes Foto eines Weihnachtsbaums in Luxemburg-Stadt, w\u00e4hrend die Innenseite den Weihnachtsmarkt in Luxemburg-Stadt zeigt. Die frohe Weihnachtsbotschaft ist in vielen verschiedenen Sprachen verfasst: Luxemburgisch, Englisch, Portugiesisch, Franz\u00f6sisch, Deutsch, Griechisch, Ungarisch, Rum\u00e4nisch, Italienisch, Polnisch und Spanisch.<\/p>\n<p>Sie wird mit einem blauen oder roten Umschlag (je nach Verf\u00fcgbarkeit) mit wei\u00dfer oder goldener Innenseite (je nach Verf\u00fcgbarkeit) geliefert und ist bereit, Ihren Lieben \u00fcberreicht zu werden.<\/p>\n","protected":false},"excerpt":{"rendered":"<p><strong>Luxemburgische Gru\u00dfkarten<\/strong> im A5-Format (15\u00d721 cm) mit einer <strong>frohen Weihnachtsbotschaft<\/strong> auf der Innenseite des Umschlags. Das Titelbild ist mein Foto eines Weihnachtsbaums in Luxemburg-Stadt, w\u00e4hrend die Innenseite den Weihnachtsmarkt zeigt. Die frohe Weihnachtsbotschaft ist in verschiedenen Sprachen verfasst: Luxemburgisch, Englisch, Portugiesisch, Franz\u00f6sisch, Deutsch, Griechisch, Ungarisch, Rum\u00e4nisch, Italienisch, Polnisch und Spanisch.<\/p>\n<p>Es wird mit einem blauen oder roten Umschlag (je nach Verf\u00fcgbarkeit) mit wei\u00dfer oder goldener Innenseite (je nach Verf\u00fcgbarkeit) geliefert.<\/p>\n","protected":false},"featured_media":27167,"comment_status":"open","ping_status":"closed","template":"","meta":{"pgc_sgb_lightbox_settings":""},"product_brand":[],"product_cat":[622],"product_tag":[1033,1353,1088],"class_list":{"0":"post-27092","1":"product","2":"type-product","3":"status-publish","4":"has-post-thumbnail","6":"product_cat-luxemburg-geschenke","7":"product_tag-geschenke","8":"product_tag-gruskarten","9":"product_tag-weihnachten","10":"product_shipping_class-kalendarien","12":"first","13":"outofstock","14":"taxable","15":"shipping-taxable","16":"purchasable","17":"product-type-variable","18":"has-default-attributes"},"featured_image_urls_v2":{"full":["https:\/\/photographer.lu\/wp-content\/uploads\/2022\/09\/Luxembourg-greeting-card-merry-christmas_new-cover.webp",1200,800,false],"thumbnail":["https:\/\/photographer.lu\/wp-content\/uploads\/2022\/09\/Luxembourg-greeting-card-merry-christmas_new-cover-550x367.webp",550,367,true],"medium":["https:\/\/photographer.lu\/wp-content\/uploads\/2022\/09\/Luxembourg-greeting-card-merry-christmas_new-cover-300x200.webp",300,200,true],"medium_large":["https:\/\/photographer.lu\/wp-content\/uploads\/2022\/09\/Luxembourg-greeting-card-merry-christmas_new-cover-768x512.webp",768,512,true],"large":["https:\/\/photographer.lu\/wp-content\/uploads\/2022\/09\/Luxembourg-greeting-card-merry-christmas_new-cover.webp",1200,800,false],"1536x1536":["https:\/\/photographer.lu\/wp-content\/uploads\/2022\/09\/Luxembourg-greeting-card-merry-christmas_new-cover.webp",1200,800,false],"2048x2048":["https:\/\/photographer.lu\/wp-content\/uploads\/2022\/09\/Luxembourg-greeting-card-merry-christmas_new-cover.webp",1200,800,false],"woocommerce_archive_thumbnail":["https:\/\/photographer.lu\/wp-content\/uploads\/2022\/09\/Luxembourg-greeting-card-merry-christmas_new-cover-600x400.webp",600,400,true],"mailpoet_newsletter_max":["https:\/\/photographer.lu\/wp-content\/uploads\/2022\/09\/Luxembourg-greeting-card-merry-christmas_new-cover.webp",1200,800,false],"woocommerce_thumbnail":["https:\/\/photographer.lu\/wp-content\/uploads\/2022\/09\/Luxembourg-greeting-card-merry-christmas_new-cover-600x400.webp",600,400,true],"woocommerce_single":["https:\/\/photographer.lu\/wp-content\/uploads\/2022\/09\/Luxembourg-greeting-card-merry-christmas_new-cover.webp",1200,800,false],"woocommerce_gallery_thumbnail":["https:\/\/photographer.lu\/wp-content\/uploads\/2022\/09\/Luxembourg-greeting-card-merry-christmas_new-cover-120x120.webp",120,120,true],"jetpack-portfolio-admin-thumb":["https:\/\/photographer.lu\/wp-content\/uploads\/2022\/09\/Luxembourg-greeting-card-merry-christmas_new-cover-50x50.webp",50,50,true]},"post_excerpt_stackable_v2":"<p><strong>Luxemburgische Gru\u00dfkarten<\/strong> im A5-Format (15\u00d721 cm) mit einer <strong>frohen Weihnachtsbotschaft<\/strong> auf der Innenseite des Umschlags. Das Titelbild ist mein Foto eines Weihnachtsbaums in Luxemburg-Stadt, w\u00e4hrend die Innenseite den Weihnachtsmarkt zeigt. Die frohe Weihnachtsbotschaft ist in verschiedenen Sprachen verfasst: Luxemburgisch, Englisch, Portugiesisch, Franz\u00f6sisch, Deutsch, Griechisch, Ungarisch, Rum\u00e4nisch, Italienisch, Polnisch und Spanisch.<\/p>\n<p>Es wird mit einem blauen oder roten Umschlag (je nach Verf\u00fcgbarkeit) mit wei\u00dfer oder goldener Innenseite (je nach Verf\u00fcgbarkeit) geliefert.<\/p>\n","category_list_v2":"","author_info_v2":{"name":"","url":""},"comments_num_v2":"0 comments","acf":[],"jetpack_sharing_enabled":true,"_links":{"self":[{"href":"https:\/\/photographer.lu\/de\/wp-json\/wp\/v2\/product\/27092","targetHints":{"allow":["GET"]}}],"collection":[{"href":"https:\/\/photographer.lu\/de\/wp-json\/wp\/v2\/product"}],"about":[{"href":"https:\/\/photographer.lu\/de\/wp-json\/wp\/v2\/types\/product"}],"replies":[{"embeddable":true,"href":"https:\/\/photographer.lu\/de\/wp-json\/wp\/v2\/comments?post=27092"}],"wp:featuredmedia":[{"embeddable":true,"href":"https:\/\/photographer.lu\/de\/wp-json\/wp\/v2\/media\/27167"}],"wp:attachment":[{"href":"https:\/\/photographer.lu\/de\/wp-json\/wp\/v2\/media?parent=27092"}],"wp:term":[{"taxonomy":"product_brand","embeddable":true,"href":"https:\/\/photographer.lu\/de\/wp-json\/wp\/v2\/product_brand?post=27092"},{"taxonomy":"product_cat","embeddable":true,"href":"https:\/\/photographer.lu\/de\/wp-json\/wp\/v2\/product_cat?post=27092"},{"taxonomy":"product_tag","embeddable":true,"href":"https:\/\/photographer.lu\/de\/wp-json\/wp\/v2\/product_tag?post=27092"}],"curies":[{"name":"wp","href":"https:\/\/api.w.org\/{rel}","templated":true}]}}