{"id":27142,"date":"2022-11-30T10:00:12","date_gmt":"2022-11-30T10:00:12","guid":{"rendered":"https:\/\/photographer.lu\/?post_type=product&#038;p=27142"},"modified":"2022-12-09T16:20:53","modified_gmt":"2022-12-09T16:20:53","slug":"luxembourg-postcard-collection","status":"publish","type":"product","link":"https:\/\/photographer.lu\/de\/photo\/luxembourg-postcard-collection\/","title":{"rendered":"Luxemburg Postkarten-Sammlung"},"content":{"rendered":"<p>Die Luxembourg Postcard Collection besteht aus 15 Postkarten mit ikonischen Bildern von Luxemburg, die Luxemburg-Stadt, Mullerthal, Schloss Vianden, den Upper S\u00fbre See und das Dorf Machtum an der luxemburgischen Mosel zeigen.<\/p>\n<p>Die Luxemburg-Postkarten in dieser Sammlung sind etwas gr\u00f6\u00dfer als normale Postkarten, sie messen 17 x 12 cm. Sie werden in einer flachen Papiermappe geliefert und sind somit ein sch\u00f6nes Geschenk f\u00fcr Ihre Freunde, Familie oder vielleicht Gesch\u00e4ftspartner, die Luxemburg besuchen.<\/p>\n<p>&nbsp;<\/p>\n","protected":false},"excerpt":{"rendered":"<p>Luxemburg-Postkartensammlung des Fotografen Vio Dudau mit 15 Postkarten mit ikonischen Bildern von: Luxemburg-Stadt, Mullerthal, Schloss Vianden, Obersauerlandsee und die luxemburgische Mosel.<\/p>\n<p><img decoding=\"async\" class=\"alignnone wp-image-22578 size-full\" src=\"https:\/\/photographer.lu\/wp-content\/uploads\/2022\/10\/payment-methods-luxembourg.webp\" alt=\"Zahlungsverfahren\" width=\"581\" height=\"40\" srcset=\"https:\/\/photographer.lu\/wp-content\/uploads\/2022\/10\/payment-methods-luxembourg.webp 581w, https:\/\/photographer.lu\/wp-content\/uploads\/2022\/10\/payment-methods-luxembourg-300x21.webp 300w, https:\/\/photographer.lu\/wp-content\/uploads\/2022\/10\/payment-methods-luxembourg-550x38.webp 550w\" sizes=\"(max-width: 581px) 100vw, 581px\" \/><\/p>\n","protected":false},"featured_media":27146,"comment_status":"open","ping_status":"closed","template":"","meta":{"pgc_sgb_lightbox_settings":""},"product_brand":[],"product_cat":[622],"product_tag":[678,1033,625,1357,761],"class_list":{"0":"post-27142","1":"product","2":"type-product","3":"status-publish","4":"has-post-thumbnail","6":"product_cat-luxemburg-geschenke","7":"product_tag-das-grosherzogtum-luxemburg","8":"product_tag-geschenke","9":"product_tag-luxemburgische-magie","10":"product_tag-postkarten","11":"product_tag-stadt-luxemburg","12":"product_shipping_class-geschenke","14":"first","15":"outofstock","16":"taxable","17":"shipping-taxable","18":"purchasable","19":"product-type-simple"},"featured_image_urls_v2":{"full":["https:\/\/photographer.lu\/wp-content\/uploads\/2022\/12\/Luxembourg-postcard-collection-photodudau_box.webp",1200,865,false],"thumbnail":["https:\/\/photographer.lu\/wp-content\/uploads\/2022\/12\/Luxembourg-postcard-collection-photodudau_box-550x396.webp",550,396,true],"medium":["https:\/\/photographer.lu\/wp-content\/uploads\/2022\/12\/Luxembourg-postcard-collection-photodudau_box-300x216.webp",300,216,true],"medium_large":["https:\/\/photographer.lu\/wp-content\/uploads\/2022\/12\/Luxembourg-postcard-collection-photodudau_box-768x554.webp",768,554,true],"large":["https:\/\/photographer.lu\/wp-content\/uploads\/2022\/12\/Luxembourg-postcard-collection-photodudau_box.webp",1200,865,false],"1536x1536":["https:\/\/photographer.lu\/wp-content\/uploads\/2022\/12\/Luxembourg-postcard-collection-photodudau_box.webp",1200,865,false],"2048x2048":["https:\/\/photographer.lu\/wp-content\/uploads\/2022\/12\/Luxembourg-postcard-collection-photodudau_box.webp",1200,865,false],"woocommerce_archive_thumbnail":["https:\/\/photographer.lu\/wp-content\/uploads\/2022\/12\/Luxembourg-postcard-collection-photodudau_box-600x433.webp",600,433,true],"mailpoet_newsletter_max":["https:\/\/photographer.lu\/wp-content\/uploads\/2022\/12\/Luxembourg-postcard-collection-photodudau_box.webp",1200,865,false],"woocommerce_thumbnail":["https:\/\/photographer.lu\/wp-content\/uploads\/2022\/12\/Luxembourg-postcard-collection-photodudau_box-600x433.webp",600,433,true],"woocommerce_single":["https:\/\/photographer.lu\/wp-content\/uploads\/2022\/12\/Luxembourg-postcard-collection-photodudau_box.webp",1200,865,false],"woocommerce_gallery_thumbnail":["https:\/\/photographer.lu\/wp-content\/uploads\/2022\/12\/Luxembourg-postcard-collection-photodudau_box-120x120.webp",120,120,true],"jetpack-portfolio-admin-thumb":["https:\/\/photographer.lu\/wp-content\/uploads\/2022\/12\/Luxembourg-postcard-collection-photodudau_box-50x50.webp",50,50,true]},"post_excerpt_stackable_v2":"<p>Luxemburg-Postkartensammlung des Fotografen Vio Dudau mit 15 Postkarten mit ikonischen Bildern von: Luxemburg-Stadt, Mullerthal, Schloss Vianden, Obersauerlandsee und die luxemburgische Mosel.<\/p>\n<p><img decoding=\"async\" class=\"alignnone wp-image-22578 size-full\" src=\"https:\/\/photographer.lu\/wp-content\/uploads\/2022\/10\/payment-methods-luxembourg.webp\" alt=\"Zahlungsverfahren\" width=\"581\" height=\"40\" srcset=\"https:\/\/photographer.lu\/wp-content\/uploads\/2022\/10\/payment-methods-luxembourg.webp 581w, https:\/\/photographer.lu\/wp-content\/uploads\/2022\/10\/payment-methods-luxembourg-300x21.webp 300w, https:\/\/photographer.lu\/wp-content\/uploads\/2022\/10\/payment-methods-luxembourg-550x38.webp 550w\" sizes=\"(max-width: 581px) 100vw, 581px\" \/><\/p>\n","category_list_v2":"","author_info_v2":{"name":"","url":""},"comments_num_v2":"0 comments","acf":[],"jetpack_sharing_enabled":true,"_links":{"self":[{"href":"https:\/\/photographer.lu\/de\/wp-json\/wp\/v2\/product\/27142","targetHints":{"allow":["GET"]}}],"collection":[{"href":"https:\/\/photographer.lu\/de\/wp-json\/wp\/v2\/product"}],"about":[{"href":"https:\/\/photographer.lu\/de\/wp-json\/wp\/v2\/types\/product"}],"replies":[{"embeddable":true,"href":"https:\/\/photographer.lu\/de\/wp-json\/wp\/v2\/comments?post=27142"}],"wp:featuredmedia":[{"embeddable":true,"href":"https:\/\/photographer.lu\/de\/wp-json\/wp\/v2\/media\/27146"}],"wp:attachment":[{"href":"https:\/\/photographer.lu\/de\/wp-json\/wp\/v2\/media?parent=27142"}],"wp:term":[{"taxonomy":"product_brand","embeddable":true,"href":"https:\/\/photographer.lu\/de\/wp-json\/wp\/v2\/product_brand?post=27142"},{"taxonomy":"product_cat","embeddable":true,"href":"https:\/\/photographer.lu\/de\/wp-json\/wp\/v2\/product_cat?post=27142"},{"taxonomy":"product_tag","embeddable":true,"href":"https:\/\/photographer.lu\/de\/wp-json\/wp\/v2\/product_tag?post=27142"}],"curies":[{"name":"wp","href":"https:\/\/api.w.org\/{rel}","templated":true}]}}