{"id":27976,"date":"2022-12-29T23:49:37","date_gmt":"2022-12-29T23:49:37","guid":{"rendered":"https:\/\/photographer.lu\/?post_type=product&#038;p=27976"},"modified":"2023-09-28T01:15:38","modified_gmt":"2023-09-28T01:15:38","slug":"strasenbahn-kirchberg","status":"publish","type":"product","link":"https:\/\/photographer.lu\/de\/photo\/strasenbahn-kirchberg\/","title":{"rendered":"Stra\u00dfenbahn in Kirchberg"},"content":{"rendered":"<p><span style=\"color: #339966;\">Kommerzielles<\/span> Foto einer rasenden Stra\u00dfenbahn, die an einem B\u00fcrogeb\u00e4ude im Gesch\u00e4ftsviertel Kirchberg vorbeif\u00e4hrt, auf den neuen Stra\u00dfenbahnschienen in Luxemburg-Stadt bei Tag.<\/p>\n<p>Dieses Bild kann als digitaler Download lizenziert werden.<\/p>\n<p>Es sind Drucke in limitierter Auflage und in offener Auflage erh\u00e4ltlich.<\/p>\n","protected":false},"excerpt":{"rendered":"<p>Stra\u00dfenbahn f\u00e4hrt an einem B\u00fcrogeb\u00e4ude im Gesch\u00e4ftsviertel Kirchberg, Luxemburg, vorbei<\/p>\n<p><img decoding=\"async\" class=\"alignnone size-full wp-image-22578\" src=\"https:\/\/photographer.lu\/wp-content\/uploads\/2022\/10\/payment-methods-luxembourg.webp\" alt=\"Zahlungsverfahren\" width=\"581\" height=\"40\" srcset=\"https:\/\/photographer.lu\/wp-content\/uploads\/2022\/10\/payment-methods-luxembourg.webp 581w, https:\/\/photographer.lu\/wp-content\/uploads\/2022\/10\/payment-methods-luxembourg-300x21.webp 300w, https:\/\/photographer.lu\/wp-content\/uploads\/2022\/10\/payment-methods-luxembourg-550x38.webp 550w\" sizes=\"(max-width: 581px) 100vw, 581px\" \/><\/p>\n","protected":false},"featured_media":27324,"comment_status":"closed","ping_status":"closed","template":"","meta":{"pgc_sgb_lightbox_settings":""},"product_brand":[],"product_cat":[672],"product_tag":[778,1018,1016,764,796,763,762,1147,791,1179,1017,1375,761,1176,1376,1377,1013,1273],"class_list":{"0":"post-27976","1":"product","2":"type-product","3":"status-publish","4":"has-post-thumbnail","6":"product_cat-luxemburg-bilder","7":"product_tag-architektur","8":"product_tag-burogebaude","9":"product_tag-kirchberg-de","10":"product_tag-letzebuerg-de","11":"product_tag-luxemburg","12":"product_tag-luxemburg-bilder","13":"product_tag-luxemburg-fotos","14":"product_tag-luxemburg-stadt","15":"product_tag-luxemburgische-fotografie","16":"product_tag-luxtram-de","17":"product_tag-modern-de","18":"product_tag-offentliche-verkehrsmittel","19":"product_tag-stadt-luxemburg","20":"product_tag-strasenbahn","21":"product_tag-strasenbahn-luxembourg","22":"product_tag-transportieren","23":"product_tag-unternehmen","24":"product_tag-urban-de","25":"product_shipping_class-drucke","27":"first","28":"instock","29":"taxable","30":"shipping-taxable","31":"purchasable","32":"product-type-variable"},"featured_image_urls_v2":{"full":["https:\/\/photographer.lu\/wp-content\/uploads\/2022\/12\/8761-L-VIO-9390-Tram-Kirchberg-business-Luxembourg.webp",1200,800,false],"thumbnail":["https:\/\/photographer.lu\/wp-content\/uploads\/2022\/12\/8761-L-VIO-9390-Tram-Kirchberg-business-Luxembourg-550x367.webp",550,367,true],"medium":["https:\/\/photographer.lu\/wp-content\/uploads\/2022\/12\/8761-L-VIO-9390-Tram-Kirchberg-business-Luxembourg-300x200.webp",300,200,true],"medium_large":["https:\/\/photographer.lu\/wp-content\/uploads\/2022\/12\/8761-L-VIO-9390-Tram-Kirchberg-business-Luxembourg-768x512.webp",768,512,true],"large":["https:\/\/photographer.lu\/wp-content\/uploads\/2022\/12\/8761-L-VIO-9390-Tram-Kirchberg-business-Luxembourg.webp",1200,800,false],"1536x1536":["https:\/\/photographer.lu\/wp-content\/uploads\/2022\/12\/8761-L-VIO-9390-Tram-Kirchberg-business-Luxembourg.webp",1200,800,false],"2048x2048":["https:\/\/photographer.lu\/wp-content\/uploads\/2022\/12\/8761-L-VIO-9390-Tram-Kirchberg-business-Luxembourg.webp",1200,800,false],"woocommerce_archive_thumbnail":["https:\/\/photographer.lu\/wp-content\/uploads\/2022\/12\/8761-L-VIO-9390-Tram-Kirchberg-business-Luxembourg-600x400.webp",600,400,true],"mailpoet_newsletter_max":["https:\/\/photographer.lu\/wp-content\/uploads\/2022\/12\/8761-L-VIO-9390-Tram-Kirchberg-business-Luxembourg.webp",1200,800,false],"woocommerce_thumbnail":["https:\/\/photographer.lu\/wp-content\/uploads\/2022\/12\/8761-L-VIO-9390-Tram-Kirchberg-business-Luxembourg-600x400.webp",600,400,true],"woocommerce_single":["https:\/\/photographer.lu\/wp-content\/uploads\/2022\/12\/8761-L-VIO-9390-Tram-Kirchberg-business-Luxembourg.webp",1200,800,false],"woocommerce_gallery_thumbnail":["https:\/\/photographer.lu\/wp-content\/uploads\/2022\/12\/8761-L-VIO-9390-Tram-Kirchberg-business-Luxembourg-120x120.webp",120,120,true],"jetpack-portfolio-admin-thumb":["https:\/\/photographer.lu\/wp-content\/uploads\/2022\/12\/8761-L-VIO-9390-Tram-Kirchberg-business-Luxembourg-50x50.webp",50,50,true]},"post_excerpt_stackable_v2":"<p>Stra\u00dfenbahn f\u00e4hrt an einem B\u00fcrogeb\u00e4ude im Gesch\u00e4ftsviertel Kirchberg, Luxemburg, vorbei<\/p>\n<p><img decoding=\"async\" class=\"alignnone size-full wp-image-22578\" src=\"https:\/\/photographer.lu\/wp-content\/uploads\/2022\/10\/payment-methods-luxembourg.webp\" alt=\"Zahlungsverfahren\" width=\"581\" height=\"40\" srcset=\"https:\/\/photographer.lu\/wp-content\/uploads\/2022\/10\/payment-methods-luxembourg.webp 581w, https:\/\/photographer.lu\/wp-content\/uploads\/2022\/10\/payment-methods-luxembourg-300x21.webp 300w, https:\/\/photographer.lu\/wp-content\/uploads\/2022\/10\/payment-methods-luxembourg-550x38.webp 550w\" sizes=\"(max-width: 581px) 100vw, 581px\" \/><\/p>\n","category_list_v2":"","author_info_v2":{"name":"","url":""},"comments_num_v2":"0 comments","acf":[],"jetpack_sharing_enabled":true,"_links":{"self":[{"href":"https:\/\/photographer.lu\/de\/wp-json\/wp\/v2\/product\/27976","targetHints":{"allow":["GET"]}}],"collection":[{"href":"https:\/\/photographer.lu\/de\/wp-json\/wp\/v2\/product"}],"about":[{"href":"https:\/\/photographer.lu\/de\/wp-json\/wp\/v2\/types\/product"}],"replies":[{"embeddable":true,"href":"https:\/\/photographer.lu\/de\/wp-json\/wp\/v2\/comments?post=27976"}],"wp:featuredmedia":[{"embeddable":true,"href":"https:\/\/photographer.lu\/de\/wp-json\/wp\/v2\/media\/27324"}],"wp:attachment":[{"href":"https:\/\/photographer.lu\/de\/wp-json\/wp\/v2\/media?parent=27976"}],"wp:term":[{"taxonomy":"product_brand","embeddable":true,"href":"https:\/\/photographer.lu\/de\/wp-json\/wp\/v2\/product_brand?post=27976"},{"taxonomy":"product_cat","embeddable":true,"href":"https:\/\/photographer.lu\/de\/wp-json\/wp\/v2\/product_cat?post=27976"},{"taxonomy":"product_tag","embeddable":true,"href":"https:\/\/photographer.lu\/de\/wp-json\/wp\/v2\/product_tag?post=27976"}],"curies":[{"name":"wp","href":"https:\/\/api.w.org\/{rel}","templated":true}]}}