{"id":29681,"date":"2023-01-06T01:25:22","date_gmt":"2023-01-06T01:25:22","guid":{"rendered":"https:\/\/photographer.lu\/?post_type=product&#038;p=29681"},"modified":"2023-09-26T01:45:39","modified_gmt":"2023-09-26T01:45:39","slug":"street-photography-luxembourg","status":"publish","type":"product","link":"https:\/\/photographer.lu\/de\/photo\/street-photography-luxembourg\/","title":{"rendered":"Stra\u00dfenfotografie in Luxemburg"},"content":{"rendered":"<p><span style=\"color: #008000;\">Kommerzielles<\/span> Stra\u00dfenfoto eines Paares, das an einem nebligen Herbstmorgen in Luxemburg-Stadt auf der Stra\u00dfe spazieren geht, w\u00e4hrend die Stra\u00dfenbahn vorbeif\u00e4hrt.<\/p>\n<p>Dieses Bild kann als digitaler Download lizenziert werden.<\/p>\n<p>Es sind Drucke in limitierter Auflage und in offener Auflage erh\u00e4ltlich.<\/p>\n","protected":false},"excerpt":{"rendered":"<p>Paar auf der Stra\u00dfe an einem nebligen Herbstmorgen in Luxemburg<\/p>\n","protected":false},"featured_media":27708,"comment_status":"closed","ping_status":"closed","template":"","meta":{"pgc_sgb_lightbox_settings":""},"product_brand":[],"product_cat":[671,672],"product_tag":[674,766,853,764,763,762,791,1238,814,815,761,1239,1176,902,1273],"class_list":{"0":"post-29681","1":"product","2":"type-product","3":"status-publish","4":"has-post-thumbnail","6":"product_cat-kunstdrucke","7":"product_cat-luxemburg-bilder","8":"product_tag-druckt","9":"product_tag-fotoen-de","10":"product_tag-herbst","11":"product_tag-letzebuerg-de","12":"product_tag-luxemburg-bilder","13":"product_tag-luxemburg-fotos","14":"product_tag-luxemburgische-fotografie","15":"product_tag-menschen","16":"product_tag-nebel","17":"product_tag-neblig","18":"product_tag-stadt-luxemburg","19":"product_tag-strase-de","20":"product_tag-strasenbahn","21":"product_tag-strasenfotografie","22":"product_tag-urban-de","23":"product_shipping_class-drucke","25":"first","26":"instock","27":"taxable","28":"shipping-taxable","29":"purchasable","30":"product-type-variable","31":"has-default-attributes"},"featured_image_urls_v2":{"full":["https:\/\/photographer.lu\/wp-content\/uploads\/2022\/12\/8818-L-VIO-2136-Street-photography-Luxembourg-city-foggy-tram.webp",1200,795,false],"thumbnail":["https:\/\/photographer.lu\/wp-content\/uploads\/2022\/12\/8818-L-VIO-2136-Street-photography-Luxembourg-city-foggy-tram-550x364.webp",550,364,true],"medium":["https:\/\/photographer.lu\/wp-content\/uploads\/2022\/12\/8818-L-VIO-2136-Street-photography-Luxembourg-city-foggy-tram-300x199.webp",300,199,true],"medium_large":["https:\/\/photographer.lu\/wp-content\/uploads\/2022\/12\/8818-L-VIO-2136-Street-photography-Luxembourg-city-foggy-tram-768x509.webp",768,509,true],"large":["https:\/\/photographer.lu\/wp-content\/uploads\/2022\/12\/8818-L-VIO-2136-Street-photography-Luxembourg-city-foggy-tram.webp",1200,795,false],"1536x1536":["https:\/\/photographer.lu\/wp-content\/uploads\/2022\/12\/8818-L-VIO-2136-Street-photography-Luxembourg-city-foggy-tram.webp",1200,795,false],"2048x2048":["https:\/\/photographer.lu\/wp-content\/uploads\/2022\/12\/8818-L-VIO-2136-Street-photography-Luxembourg-city-foggy-tram.webp",1200,795,false],"woocommerce_archive_thumbnail":["https:\/\/photographer.lu\/wp-content\/uploads\/2022\/12\/8818-L-VIO-2136-Street-photography-Luxembourg-city-foggy-tram-600x398.webp",600,398,true],"mailpoet_newsletter_max":["https:\/\/photographer.lu\/wp-content\/uploads\/2022\/12\/8818-L-VIO-2136-Street-photography-Luxembourg-city-foggy-tram.webp",1200,795,false],"woocommerce_thumbnail":["https:\/\/photographer.lu\/wp-content\/uploads\/2022\/12\/8818-L-VIO-2136-Street-photography-Luxembourg-city-foggy-tram-600x398.webp",600,398,true],"woocommerce_single":["https:\/\/photographer.lu\/wp-content\/uploads\/2022\/12\/8818-L-VIO-2136-Street-photography-Luxembourg-city-foggy-tram.webp",1200,795,false],"woocommerce_gallery_thumbnail":["https:\/\/photographer.lu\/wp-content\/uploads\/2022\/12\/8818-L-VIO-2136-Street-photography-Luxembourg-city-foggy-tram-120x120.webp",120,120,true],"jetpack-portfolio-admin-thumb":["https:\/\/photographer.lu\/wp-content\/uploads\/2022\/12\/8818-L-VIO-2136-Street-photography-Luxembourg-city-foggy-tram-50x50.webp",50,50,true]},"post_excerpt_stackable_v2":"<p>Paar auf der Stra\u00dfe an einem nebligen Herbstmorgen in Luxemburg<\/p>\n","category_list_v2":"","author_info_v2":{"name":"","url":""},"comments_num_v2":"0 comments","acf":[],"jetpack_sharing_enabled":true,"_links":{"self":[{"href":"https:\/\/photographer.lu\/de\/wp-json\/wp\/v2\/product\/29681","targetHints":{"allow":["GET"]}}],"collection":[{"href":"https:\/\/photographer.lu\/de\/wp-json\/wp\/v2\/product"}],"about":[{"href":"https:\/\/photographer.lu\/de\/wp-json\/wp\/v2\/types\/product"}],"replies":[{"embeddable":true,"href":"https:\/\/photographer.lu\/de\/wp-json\/wp\/v2\/comments?post=29681"}],"wp:featuredmedia":[{"embeddable":true,"href":"https:\/\/photographer.lu\/de\/wp-json\/wp\/v2\/media\/27708"}],"wp:attachment":[{"href":"https:\/\/photographer.lu\/de\/wp-json\/wp\/v2\/media?parent=29681"}],"wp:term":[{"taxonomy":"product_brand","embeddable":true,"href":"https:\/\/photographer.lu\/de\/wp-json\/wp\/v2\/product_brand?post=29681"},{"taxonomy":"product_cat","embeddable":true,"href":"https:\/\/photographer.lu\/de\/wp-json\/wp\/v2\/product_cat?post=29681"},{"taxonomy":"product_tag","embeddable":true,"href":"https:\/\/photographer.lu\/de\/wp-json\/wp\/v2\/product_tag?post=29681"}],"curies":[{"name":"wp","href":"https:\/\/api.w.org\/{rel}","templated":true}]}}