{"id":30899,"date":"2023-01-27T09:54:45","date_gmt":"2023-01-27T09:54:45","guid":{"rendered":"https:\/\/photographer.lu\/?post_type=product&#038;p=30899"},"modified":"2023-09-28T06:03:01","modified_gmt":"2023-09-28T06:03:01","slug":"europaisches-quartier-kirchberg-luxemburg","status":"publish","type":"product","link":"https:\/\/photographer.lu\/de\/photo\/europaisches-quartier-kirchberg-luxemburg\/","title":{"rendered":"Europaviertel Kirchberg in Luxemburg"},"content":{"rendered":"<p><span style=\"color: #008000;\">Kommerzielles<\/span> Stra\u00dfenfoto des Europaviertels Kirchberg, Luxemburg-Stadt: Frau geht an der Philharmonie vorbei in Richtung B\u00fcrogeb\u00e4ude, Infinity-Gesch\u00e4ftszentrum und EU-Institutionen: Europ\u00e4isches Parlament und Europ\u00e4ischer Gerichtshof in der Ferne.<\/p>\n<p>Dieses Bild kann als digitaler Download lizenziert werden.<\/p>\n<p>Es sind Drucke in limitierter Auflage und in offener Auflage erh\u00e4ltlich.<\/p>\n","protected":false},"excerpt":{"rendered":"<p>Stra\u00dfenfoto des Europaviertels Kirchberg, Luxemburg-Stadt<\/p>\n","protected":false},"featured_media":29944,"comment_status":"closed","ping_status":"closed","template":"","meta":{"pgc_sgb_lightbox_settings":""},"product_brand":[],"product_cat":[671,672],"product_tag":[778,1018,674,1015,766,1016,764,763,762,791,1238,1017,761,1239,902,1013,1273],"class_list":{"0":"post-30899","1":"product","2":"type-product","3":"status-publish","4":"has-post-thumbnail","6":"product_cat-kunstdrucke","7":"product_cat-luxemburg-bilder","8":"product_tag-architektur","9":"product_tag-burogebaude","10":"product_tag-druckt","11":"product_tag-europaische-institutionen","12":"product_tag-fotoen-de","13":"product_tag-kirchberg-de","14":"product_tag-letzebuerg-de","15":"product_tag-luxemburg-bilder","16":"product_tag-luxemburg-fotos","17":"product_tag-luxemburgische-fotografie","18":"product_tag-menschen","19":"product_tag-modern-de","20":"product_tag-stadt-luxemburg","21":"product_tag-strase-de","22":"product_tag-strasenfotografie","23":"product_tag-unternehmen","24":"product_tag-urban-de","25":"product_shipping_class-drucke","27":"first","28":"instock","29":"taxable","30":"shipping-taxable","31":"purchasable","32":"product-type-variable","33":"has-default-attributes"},"featured_image_urls_v2":{"full":["https:\/\/photographer.lu\/wp-content\/uploads\/2023\/01\/8825-L-VIO-1229-European-Kirchberg-Luxembourg-city.webp",1200,800,false],"thumbnail":["https:\/\/photographer.lu\/wp-content\/uploads\/2023\/01\/8825-L-VIO-1229-European-Kirchberg-Luxembourg-city-550x367.webp",550,367,true],"medium":["https:\/\/photographer.lu\/wp-content\/uploads\/2023\/01\/8825-L-VIO-1229-European-Kirchberg-Luxembourg-city-300x200.webp",300,200,true],"medium_large":["https:\/\/photographer.lu\/wp-content\/uploads\/2023\/01\/8825-L-VIO-1229-European-Kirchberg-Luxembourg-city-768x512.webp",768,512,true],"large":["https:\/\/photographer.lu\/wp-content\/uploads\/2023\/01\/8825-L-VIO-1229-European-Kirchberg-Luxembourg-city.webp",1200,800,false],"1536x1536":["https:\/\/photographer.lu\/wp-content\/uploads\/2023\/01\/8825-L-VIO-1229-European-Kirchberg-Luxembourg-city.webp",1200,800,false],"2048x2048":["https:\/\/photographer.lu\/wp-content\/uploads\/2023\/01\/8825-L-VIO-1229-European-Kirchberg-Luxembourg-city.webp",1200,800,false],"woocommerce_archive_thumbnail":["https:\/\/photographer.lu\/wp-content\/uploads\/2023\/01\/8825-L-VIO-1229-European-Kirchberg-Luxembourg-city-600x400.webp",600,400,true],"mailpoet_newsletter_max":["https:\/\/photographer.lu\/wp-content\/uploads\/2023\/01\/8825-L-VIO-1229-European-Kirchberg-Luxembourg-city.webp",1200,800,false],"woocommerce_thumbnail":["https:\/\/photographer.lu\/wp-content\/uploads\/2023\/01\/8825-L-VIO-1229-European-Kirchberg-Luxembourg-city-600x400.webp",600,400,true],"woocommerce_single":["https:\/\/photographer.lu\/wp-content\/uploads\/2023\/01\/8825-L-VIO-1229-European-Kirchberg-Luxembourg-city.webp",1200,800,false],"woocommerce_gallery_thumbnail":["https:\/\/photographer.lu\/wp-content\/uploads\/2023\/01\/8825-L-VIO-1229-European-Kirchberg-Luxembourg-city-120x120.webp",120,120,true],"jetpack-portfolio-admin-thumb":["https:\/\/photographer.lu\/wp-content\/uploads\/2023\/01\/8825-L-VIO-1229-European-Kirchberg-Luxembourg-city-50x50.webp",50,50,true]},"post_excerpt_stackable_v2":"<p>Stra\u00dfenfoto des Europaviertels Kirchberg, Luxemburg-Stadt<\/p>\n","category_list_v2":"","author_info_v2":{"name":"","url":""},"comments_num_v2":"0 comments","acf":[],"jetpack_sharing_enabled":true,"_links":{"self":[{"href":"https:\/\/photographer.lu\/de\/wp-json\/wp\/v2\/product\/30899","targetHints":{"allow":["GET"]}}],"collection":[{"href":"https:\/\/photographer.lu\/de\/wp-json\/wp\/v2\/product"}],"about":[{"href":"https:\/\/photographer.lu\/de\/wp-json\/wp\/v2\/types\/product"}],"replies":[{"embeddable":true,"href":"https:\/\/photographer.lu\/de\/wp-json\/wp\/v2\/comments?post=30899"}],"wp:featuredmedia":[{"embeddable":true,"href":"https:\/\/photographer.lu\/de\/wp-json\/wp\/v2\/media\/29944"}],"wp:attachment":[{"href":"https:\/\/photographer.lu\/de\/wp-json\/wp\/v2\/media?parent=30899"}],"wp:term":[{"taxonomy":"product_brand","embeddable":true,"href":"https:\/\/photographer.lu\/de\/wp-json\/wp\/v2\/product_brand?post=30899"},{"taxonomy":"product_cat","embeddable":true,"href":"https:\/\/photographer.lu\/de\/wp-json\/wp\/v2\/product_cat?post=30899"},{"taxonomy":"product_tag","embeddable":true,"href":"https:\/\/photographer.lu\/de\/wp-json\/wp\/v2\/product_tag?post=30899"}],"curies":[{"name":"wp","href":"https:\/\/api.w.org\/{rel}","templated":true}]}}