{"id":31371,"date":"2023-01-27T22:35:34","date_gmt":"2023-01-27T22:35:34","guid":{"rendered":"https:\/\/photographer.lu\/?post_type=product&#038;p=31371"},"modified":"2023-09-27T08:38:30","modified_gmt":"2023-09-27T08:38:30","slug":"ort-europa-kirchberg-luxembourg-stadt","status":"publish","type":"product","link":"https:\/\/photographer.lu\/de\/photo\/ort-europa-kirchberg-luxembourg-stadt\/","title":{"rendered":"Place Europe in Kirchberg, Luxemburg-Stadt"},"content":{"rendered":"<p><span style=\"color: #008000;\">Kommerzielles<\/span> Stockfoto von Menschen, die an der Philharmonie und den B\u00fcrogeb\u00e4uden des Europ\u00e4ischen Parlaments am Place de l&#8217;Europe im Europaviertel auf dem Kirchberg in Luxemburg-Stadt an einem sonnigen Tag vorbeigehen.<\/p>\n<p>Dieses Bild kann als digitaler Download lizenziert werden.<\/p>\n<p>Es sind Drucke in limitierter Auflage und in offener Auflage erh\u00e4ltlich.<\/p>\n","protected":false},"excerpt":{"rendered":"<p>Spazierg\u00e4nger auf dem Place de l&#8217;Europe im Europaviertel auf dem Kirchberg, Luxemburg-Stadt<\/p>\n","protected":false},"featured_media":30016,"comment_status":"closed","ping_status":"closed","template":"","meta":{"pgc_sgb_lightbox_settings":""},"product_brand":[],"product_cat":[672],"product_tag":[778,1018,674,1015,766,1016,764,763,762,791,1238,1017,1019,1488,761,902,1013,1273,760],"class_list":{"0":"post-31371","1":"product","2":"type-product","3":"status-publish","4":"has-post-thumbnail","6":"product_cat-luxemburg-bilder","7":"product_tag-architektur","8":"product_tag-burogebaude","9":"product_tag-druckt","10":"product_tag-europaische-institutionen","11":"product_tag-fotoen-de","12":"product_tag-kirchberg-de","13":"product_tag-letzebuerg-de","14":"product_tag-luxemburg-bilder","15":"product_tag-luxemburg-fotos","16":"product_tag-luxemburgische-fotografie","17":"product_tag-menschen","18":"product_tag-modern-de","19":"product_tag-philharmonie-de","20":"product_tag-platz-europa","21":"product_tag-stadt-luxemburg","22":"product_tag-strasenfotografie","23":"product_tag-unternehmen","24":"product_tag-urban-de","25":"product_tag-wahrzeichen","26":"product_shipping_class-drucke","28":"first","29":"instock","30":"taxable","31":"shipping-taxable","32":"purchasable","33":"product-type-variable","34":"has-default-attributes"},"featured_image_urls_v2":{"full":["https:\/\/photographer.lu\/wp-content\/uploads\/2023\/01\/8858-L-VIO-6043-Business-Kirchberg-Luxembourg-city.webp",1200,800,false],"thumbnail":["https:\/\/photographer.lu\/wp-content\/uploads\/2023\/01\/8858-L-VIO-6043-Business-Kirchberg-Luxembourg-city-550x367.webp",550,367,true],"medium":["https:\/\/photographer.lu\/wp-content\/uploads\/2023\/01\/8858-L-VIO-6043-Business-Kirchberg-Luxembourg-city-300x200.webp",300,200,true],"medium_large":["https:\/\/photographer.lu\/wp-content\/uploads\/2023\/01\/8858-L-VIO-6043-Business-Kirchberg-Luxembourg-city-768x512.webp",768,512,true],"large":["https:\/\/photographer.lu\/wp-content\/uploads\/2023\/01\/8858-L-VIO-6043-Business-Kirchberg-Luxembourg-city.webp",1200,800,false],"1536x1536":["https:\/\/photographer.lu\/wp-content\/uploads\/2023\/01\/8858-L-VIO-6043-Business-Kirchberg-Luxembourg-city.webp",1200,800,false],"2048x2048":["https:\/\/photographer.lu\/wp-content\/uploads\/2023\/01\/8858-L-VIO-6043-Business-Kirchberg-Luxembourg-city.webp",1200,800,false],"woocommerce_archive_thumbnail":["https:\/\/photographer.lu\/wp-content\/uploads\/2023\/01\/8858-L-VIO-6043-Business-Kirchberg-Luxembourg-city-600x400.webp",600,400,true],"mailpoet_newsletter_max":["https:\/\/photographer.lu\/wp-content\/uploads\/2023\/01\/8858-L-VIO-6043-Business-Kirchberg-Luxembourg-city.webp",1200,800,false],"woocommerce_thumbnail":["https:\/\/photographer.lu\/wp-content\/uploads\/2023\/01\/8858-L-VIO-6043-Business-Kirchberg-Luxembourg-city-600x400.webp",600,400,true],"woocommerce_single":["https:\/\/photographer.lu\/wp-content\/uploads\/2023\/01\/8858-L-VIO-6043-Business-Kirchberg-Luxembourg-city.webp",1200,800,false],"woocommerce_gallery_thumbnail":["https:\/\/photographer.lu\/wp-content\/uploads\/2023\/01\/8858-L-VIO-6043-Business-Kirchberg-Luxembourg-city-120x120.webp",120,120,true],"jetpack-portfolio-admin-thumb":["https:\/\/photographer.lu\/wp-content\/uploads\/2023\/01\/8858-L-VIO-6043-Business-Kirchberg-Luxembourg-city-50x50.webp",50,50,true]},"post_excerpt_stackable_v2":"<p>Spazierg\u00e4nger auf dem Place de l&#8217;Europe im Europaviertel auf dem Kirchberg, Luxemburg-Stadt<\/p>\n","category_list_v2":"","author_info_v2":{"name":"","url":""},"comments_num_v2":"0 comments","acf":[],"jetpack_sharing_enabled":true,"_links":{"self":[{"href":"https:\/\/photographer.lu\/de\/wp-json\/wp\/v2\/product\/31371","targetHints":{"allow":["GET"]}}],"collection":[{"href":"https:\/\/photographer.lu\/de\/wp-json\/wp\/v2\/product"}],"about":[{"href":"https:\/\/photographer.lu\/de\/wp-json\/wp\/v2\/types\/product"}],"replies":[{"embeddable":true,"href":"https:\/\/photographer.lu\/de\/wp-json\/wp\/v2\/comments?post=31371"}],"wp:featuredmedia":[{"embeddable":true,"href":"https:\/\/photographer.lu\/de\/wp-json\/wp\/v2\/media\/30016"}],"wp:attachment":[{"href":"https:\/\/photographer.lu\/de\/wp-json\/wp\/v2\/media?parent=31371"}],"wp:term":[{"taxonomy":"product_brand","embeddable":true,"href":"https:\/\/photographer.lu\/de\/wp-json\/wp\/v2\/product_brand?post=31371"},{"taxonomy":"product_cat","embeddable":true,"href":"https:\/\/photographer.lu\/de\/wp-json\/wp\/v2\/product_cat?post=31371"},{"taxonomy":"product_tag","embeddable":true,"href":"https:\/\/photographer.lu\/de\/wp-json\/wp\/v2\/product_tag?post=31371"}],"curies":[{"name":"wp","href":"https:\/\/api.w.org\/{rel}","templated":true}]}}