{"id":32061,"date":"2023-02-06T01:23:58","date_gmt":"2023-02-06T01:23:58","guid":{"rendered":"https:\/\/photographer.lu\/?post_type=product&#038;p=32061"},"modified":"2023-02-06T01:29:37","modified_gmt":"2023-02-06T01:29:37","slug":"zahlungsvorgange","status":"publish","type":"product","link":"https:\/\/photographer.lu\/de\/photo\/zahlungsvorgange\/","title":{"rendered":"Zahlungsvorg\u00e4nge"},"content":{"rendered":"<p>Zahlung von 150 E \/ Stunde.<\/p>\n","protected":false},"excerpt":{"rendered":"<p>Bezahlung von 150E pro Stunde, inklusive Mehrwertsteuer. Wenn Sie f\u00fcr eine Veranstaltung bezahlen m\u00fcssen, k\u00f6nnen Sie hier mit verschiedenen Zahlungsmitteln bezahlen, in Vielfachen von 150E. W\u00e4hlen Sie die Anzahl der Stunden, legen Sie sie in den Warenkorb und gehen Sie zur Kasse.<\/p>\n<p><img decoding=\"async\" class=\"alignnone size-full wp-image-22578\" src=\"https:\/\/photographer.lu\/wp-content\/uploads\/2022\/10\/payment-methods-luxembourg.webp\" alt=\"Zahlungsverfahren\" width=\"581\" height=\"40\" srcset=\"https:\/\/photographer.lu\/wp-content\/uploads\/2022\/10\/payment-methods-luxembourg.webp 581w, https:\/\/photographer.lu\/wp-content\/uploads\/2022\/10\/payment-methods-luxembourg-300x21.webp 300w, https:\/\/photographer.lu\/wp-content\/uploads\/2022\/10\/payment-methods-luxembourg-550x38.webp 550w\" sizes=\"(max-width: 581px) 100vw, 581px\" \/><\/p>\n<p>&nbsp;<\/p>\n","protected":false},"featured_media":22033,"comment_status":"closed","ping_status":"closed","template":"","meta":{"pgc_sgb_lightbox_settings":""},"product_brand":[],"product_cat":[671],"product_tag":[],"class_list":{"0":"post-32061","1":"product","2":"type-product","3":"status-publish","4":"has-post-thumbnail","6":"product_cat-kunstdrucke","8":"first","9":"instock","10":"virtual","11":"taxable","12":"purchasable","13":"product-type-simple"},"featured_image_urls_v2":{"full":["https:\/\/photographer.lu\/wp-content\/uploads\/2022\/10\/photo-events_PhotoDudau.webp",800,544,false],"thumbnail":["https:\/\/photographer.lu\/wp-content\/uploads\/2022\/10\/photo-events_PhotoDudau-550x374.webp",550,374,true],"medium":["https:\/\/photographer.lu\/wp-content\/uploads\/2022\/10\/photo-events_PhotoDudau-300x204.webp",300,204,true],"medium_large":["https:\/\/photographer.lu\/wp-content\/uploads\/2022\/10\/photo-events_PhotoDudau-768x522.webp",768,522,true],"large":["https:\/\/photographer.lu\/wp-content\/uploads\/2022\/10\/photo-events_PhotoDudau.webp",800,544,false],"1536x1536":["https:\/\/photographer.lu\/wp-content\/uploads\/2022\/10\/photo-events_PhotoDudau.webp",800,544,false],"2048x2048":["https:\/\/photographer.lu\/wp-content\/uploads\/2022\/10\/photo-events_PhotoDudau.webp",800,544,false],"woocommerce_archive_thumbnail":["https:\/\/photographer.lu\/wp-content\/uploads\/2022\/10\/photo-events_PhotoDudau-600x408.webp",600,408,true],"mailpoet_newsletter_max":["https:\/\/photographer.lu\/wp-content\/uploads\/2022\/10\/photo-events_PhotoDudau.webp",800,544,false],"woocommerce_thumbnail":["https:\/\/photographer.lu\/wp-content\/uploads\/2022\/10\/photo-events_PhotoDudau-600x408.webp",600,408,true],"woocommerce_single":["https:\/\/photographer.lu\/wp-content\/uploads\/2022\/10\/photo-events_PhotoDudau.webp",800,544,false],"woocommerce_gallery_thumbnail":["https:\/\/photographer.lu\/wp-content\/uploads\/2022\/10\/photo-events_PhotoDudau-120x120.webp",120,120,true],"jetpack-portfolio-admin-thumb":["https:\/\/photographer.lu\/wp-content\/uploads\/2022\/10\/photo-events_PhotoDudau-50x50.webp",50,50,true]},"post_excerpt_stackable_v2":"<p>Bezahlung von 150E pro Stunde, inklusive Mehrwertsteuer. Wenn Sie f\u00fcr eine Veranstaltung bezahlen m\u00fcssen, k\u00f6nnen Sie hier mit verschiedenen Zahlungsmitteln bezahlen, in Vielfachen von 150E. W\u00e4hlen Sie die Anzahl der Stunden, legen Sie sie in den Warenkorb und gehen Sie zur Kasse.<\/p>\n<p><img decoding=\"async\" class=\"alignnone size-full wp-image-22578\" src=\"https:\/\/photographer.lu\/wp-content\/uploads\/2022\/10\/payment-methods-luxembourg.webp\" alt=\"Zahlungsverfahren\" width=\"581\" height=\"40\" srcset=\"https:\/\/photographer.lu\/wp-content\/uploads\/2022\/10\/payment-methods-luxembourg.webp 581w, https:\/\/photographer.lu\/wp-content\/uploads\/2022\/10\/payment-methods-luxembourg-300x21.webp 300w, https:\/\/photographer.lu\/wp-content\/uploads\/2022\/10\/payment-methods-luxembourg-550x38.webp 550w\" sizes=\"(max-width: 581px) 100vw, 581px\" \/><\/p>\n<p>&nbsp;<\/p>\n","category_list_v2":"","author_info_v2":{"name":"","url":""},"comments_num_v2":"0 comments","acf":[],"jetpack_sharing_enabled":true,"_links":{"self":[{"href":"https:\/\/photographer.lu\/de\/wp-json\/wp\/v2\/product\/32061","targetHints":{"allow":["GET"]}}],"collection":[{"href":"https:\/\/photographer.lu\/de\/wp-json\/wp\/v2\/product"}],"about":[{"href":"https:\/\/photographer.lu\/de\/wp-json\/wp\/v2\/types\/product"}],"replies":[{"embeddable":true,"href":"https:\/\/photographer.lu\/de\/wp-json\/wp\/v2\/comments?post=32061"}],"wp:featuredmedia":[{"embeddable":true,"href":"https:\/\/photographer.lu\/de\/wp-json\/wp\/v2\/media\/22033"}],"wp:attachment":[{"href":"https:\/\/photographer.lu\/de\/wp-json\/wp\/v2\/media?parent=32061"}],"wp:term":[{"taxonomy":"product_brand","embeddable":true,"href":"https:\/\/photographer.lu\/de\/wp-json\/wp\/v2\/product_brand?post=32061"},{"taxonomy":"product_cat","embeddable":true,"href":"https:\/\/photographer.lu\/de\/wp-json\/wp\/v2\/product_cat?post=32061"},{"taxonomy":"product_tag","embeddable":true,"href":"https:\/\/photographer.lu\/de\/wp-json\/wp\/v2\/product_tag?post=32061"}],"curies":[{"name":"wp","href":"https:\/\/api.w.org\/{rel}","templated":true}]}}