{"id":32109,"date":"2022-03-27T09:21:54","date_gmt":"2022-03-27T09:21:54","guid":{"rendered":"https:\/\/photographer.lu\/?post_type=product&#038;p=32109"},"modified":"2023-09-22T20:20:45","modified_gmt":"2023-09-22T20:20:45","slug":"luxemburgische-gruskarten-set-ostern-fruhling","status":"publish","type":"product","link":"https:\/\/photographer.lu\/de\/photo\/luxemburgische-gruskarten-set-ostern-fruhling\/","title":{"rendered":"Luxemburg Gru\u00dfkarten Set Ostern \/ Fr\u00fchling"},"content":{"rendered":"<p><strong>Luxemburgische Gru\u00dfkarten<\/strong> im A5-Format (15\u00d721 cm) mit <b>Fr\u00fchlings- oder Ostermotiv<\/b>. Das Titelbild ist ein von mir erstelltes Foto der Kathedrale Notre Dame zwischen bl\u00fchenden Fr\u00fchlingsb\u00e4umen, w\u00e4hrend die Innenseite die Kirche Saint-Michel in Luxemburg-Stadt zwischen Kirschbaumbl\u00fcten zeigt.<\/p>\n<p>Er wird mit einem fr\u00fchlingsgr\u00fcnen oder roten Umschlag (je nach Verf\u00fcgbarkeit) geliefert und ist bereit, an Ihre Lieben verschenkt zu werden.<\/p>\n","protected":false},"excerpt":{"rendered":"<p><strong>Luxemburgische Gru\u00dfkarten<\/strong> 15\u00d721 cm mit dem <b>Thema Fr\u00fchling\/Ostern<\/b><\/p>\n","protected":false},"featured_media":32119,"comment_status":"open","ping_status":"closed","template":"","meta":{"pgc_sgb_lightbox_settings":""},"product_brand":[],"product_cat":[622],"product_tag":[1033,1353],"class_list":{"0":"post-32109","1":"product","2":"type-product","3":"status-publish","4":"has-post-thumbnail","6":"product_cat-luxemburg-geschenke","7":"product_tag-geschenke","8":"product_tag-gruskarten","9":"product_shipping_class-kalendarien","11":"first","12":"outofstock","13":"taxable","14":"shipping-taxable","15":"purchasable","16":"product-type-variable"},"featured_image_urls_v2":{"full":["https:\/\/photographer.lu\/wp-content\/uploads\/2023\/03\/Luxembourg-Spring-greeting-card-Easter-carte-voeux-Paques-printemps_.webp",1200,803,false],"thumbnail":["https:\/\/photographer.lu\/wp-content\/uploads\/2023\/03\/Luxembourg-Spring-greeting-card-Easter-carte-voeux-Paques-printemps_-550x368.webp",550,368,true],"medium":["https:\/\/photographer.lu\/wp-content\/uploads\/2023\/03\/Luxembourg-Spring-greeting-card-Easter-carte-voeux-Paques-printemps_-300x201.webp",300,201,true],"medium_large":["https:\/\/photographer.lu\/wp-content\/uploads\/2023\/03\/Luxembourg-Spring-greeting-card-Easter-carte-voeux-Paques-printemps_-768x514.webp",768,514,true],"large":["https:\/\/photographer.lu\/wp-content\/uploads\/2023\/03\/Luxembourg-Spring-greeting-card-Easter-carte-voeux-Paques-printemps_.webp",1200,803,false],"1536x1536":["https:\/\/photographer.lu\/wp-content\/uploads\/2023\/03\/Luxembourg-Spring-greeting-card-Easter-carte-voeux-Paques-printemps_.webp",1200,803,false],"2048x2048":["https:\/\/photographer.lu\/wp-content\/uploads\/2023\/03\/Luxembourg-Spring-greeting-card-Easter-carte-voeux-Paques-printemps_.webp",1200,803,false],"woocommerce_archive_thumbnail":["https:\/\/photographer.lu\/wp-content\/uploads\/2023\/03\/Luxembourg-Spring-greeting-card-Easter-carte-voeux-Paques-printemps_-600x402.webp",600,402,true],"mailpoet_newsletter_max":["https:\/\/photographer.lu\/wp-content\/uploads\/2023\/03\/Luxembourg-Spring-greeting-card-Easter-carte-voeux-Paques-printemps_.webp",1200,803,false],"woocommerce_thumbnail":["https:\/\/photographer.lu\/wp-content\/uploads\/2023\/03\/Luxembourg-Spring-greeting-card-Easter-carte-voeux-Paques-printemps_-600x402.webp",600,402,true],"woocommerce_single":["https:\/\/photographer.lu\/wp-content\/uploads\/2023\/03\/Luxembourg-Spring-greeting-card-Easter-carte-voeux-Paques-printemps_.webp",1200,803,false],"woocommerce_gallery_thumbnail":["https:\/\/photographer.lu\/wp-content\/uploads\/2023\/03\/Luxembourg-Spring-greeting-card-Easter-carte-voeux-Paques-printemps_-120x120.webp",120,120,true],"jetpack-portfolio-admin-thumb":["https:\/\/photographer.lu\/wp-content\/uploads\/2023\/03\/Luxembourg-Spring-greeting-card-Easter-carte-voeux-Paques-printemps_-50x50.webp",50,50,true]},"post_excerpt_stackable_v2":"<p><strong>Luxemburgische Gru\u00dfkarten<\/strong> 15\u00d721 cm mit dem <b>Thema Fr\u00fchling\/Ostern<\/b><\/p>\n","category_list_v2":"","author_info_v2":{"name":"","url":""},"comments_num_v2":"0 comments","acf":[],"jetpack_sharing_enabled":true,"_links":{"self":[{"href":"https:\/\/photographer.lu\/de\/wp-json\/wp\/v2\/product\/32109","targetHints":{"allow":["GET"]}}],"collection":[{"href":"https:\/\/photographer.lu\/de\/wp-json\/wp\/v2\/product"}],"about":[{"href":"https:\/\/photographer.lu\/de\/wp-json\/wp\/v2\/types\/product"}],"replies":[{"embeddable":true,"href":"https:\/\/photographer.lu\/de\/wp-json\/wp\/v2\/comments?post=32109"}],"wp:featuredmedia":[{"embeddable":true,"href":"https:\/\/photographer.lu\/de\/wp-json\/wp\/v2\/media\/32119"}],"wp:attachment":[{"href":"https:\/\/photographer.lu\/de\/wp-json\/wp\/v2\/media?parent=32109"}],"wp:term":[{"taxonomy":"product_brand","embeddable":true,"href":"https:\/\/photographer.lu\/de\/wp-json\/wp\/v2\/product_brand?post=32109"},{"taxonomy":"product_cat","embeddable":true,"href":"https:\/\/photographer.lu\/de\/wp-json\/wp\/v2\/product_cat?post=32109"},{"taxonomy":"product_tag","embeddable":true,"href":"https:\/\/photographer.lu\/de\/wp-json\/wp\/v2\/product_tag?post=32109"}],"curies":[{"name":"wp","href":"https:\/\/api.w.org\/{rel}","templated":true}]}}