{"id":33251,"date":"2023-09-20T14:58:21","date_gmt":"2023-09-20T14:58:21","guid":{"rendered":"https:\/\/photographer.lu\/?post_type=product&#038;p=33251"},"modified":"2023-09-27T08:39:36","modified_gmt":"2023-09-27T08:39:36","slug":"nebel-kirchberg-luxembourg-stadt","status":"publish","type":"product","link":"https:\/\/photographer.lu\/de\/photo\/nebel-kirchberg-luxembourg-stadt\/","title":{"rendered":"Nebel \u00fcber dem Kirchberg in Luxemburg-Stadt"},"content":{"rendered":"<p><span style=\"color: #008000;\">Kommerzielles<\/span> Foto eines Nebels, der moderne Geb\u00e4ude in Kirchberg, Luxemburg-Stadt, verdeckt: Europ\u00e4ischer Gerichtshof, Europ\u00e4isches Parlament und Europ\u00e4isches Kongresszentrum.<\/p>\n<p>Dieses Bild kann als digitaler Download lizenziert werden.<\/p>\n<p>Es sind Drucke in limitierter Auflage und in offener Auflage erh\u00e4ltlich.<\/p>\n","protected":false},"excerpt":{"rendered":"<p>Europ\u00e4ische Institutionen in Kirchberg, Luxemburg-Stadt<\/p>\n<p><img decoding=\"async\" class=\"alignnone size-full wp-image-22578\" src=\"https:\/\/photographer.lu\/wp-content\/uploads\/2022\/10\/payment-methods-luxembourg.webp\" alt=\"Zahlungsverfahren\" width=\"581\" height=\"40\" srcset=\"https:\/\/photographer.lu\/wp-content\/uploads\/2022\/10\/payment-methods-luxembourg.webp 581w, https:\/\/photographer.lu\/wp-content\/uploads\/2022\/10\/payment-methods-luxembourg-300x21.webp 300w, https:\/\/photographer.lu\/wp-content\/uploads\/2022\/10\/payment-methods-luxembourg-550x38.webp 550w\" sizes=\"(max-width: 581px) 100vw, 581px\" \/><\/p>\n","protected":false},"featured_media":30328,"comment_status":"closed","ping_status":"closed","template":"","meta":{"pgc_sgb_lightbox_settings":""},"product_brand":[],"product_cat":[672],"product_tag":[778,1018,674,1015,1014,1137,766,793,1016,764,763,762,791,1017,851,814,815,1019,795,761,1013],"class_list":{"0":"post-33251","1":"product","2":"type-product","3":"status-publish","4":"has-post-thumbnail","6":"product_cat-luxemburg-bilder","7":"product_tag-architektur","8":"product_tag-burogebaude","9":"product_tag-druckt","10":"product_tag-europaische-institutionen","11":"product_tag-europaischer-gerichtshof","12":"product_tag-europaisches-kongresszentrum","13":"product_tag-fotoen-de","14":"product_tag-kapital","15":"product_tag-kirchberg-de","16":"product_tag-letzebuerg-de","17":"product_tag-luxemburg-bilder","18":"product_tag-luxemburg-fotos","19":"product_tag-luxemburgische-fotografie","20":"product_tag-modern-de","21":"product_tag-morgen","22":"product_tag-nebel","23":"product_tag-neblig","24":"product_tag-philharmonie-de","25":"product_tag-stadt","26":"product_tag-stadt-luxemburg","27":"product_tag-unternehmen","28":"product_shipping_class-drucke","30":"first","31":"instock","32":"taxable","33":"shipping-taxable","34":"purchasable","35":"product-type-variable"},"featured_image_urls_v2":{"full":["https:\/\/photographer.lu\/wp-content\/uploads\/2023\/01\/9017-L-IMG-7673-Kirchberg-Luxembourg-city-foggy.webp",1200,800,false],"thumbnail":["https:\/\/photographer.lu\/wp-content\/uploads\/2023\/01\/9017-L-IMG-7673-Kirchberg-Luxembourg-city-foggy-550x367.webp",550,367,true],"medium":["https:\/\/photographer.lu\/wp-content\/uploads\/2023\/01\/9017-L-IMG-7673-Kirchberg-Luxembourg-city-foggy-300x200.webp",300,200,true],"medium_large":["https:\/\/photographer.lu\/wp-content\/uploads\/2023\/01\/9017-L-IMG-7673-Kirchberg-Luxembourg-city-foggy-768x512.webp",768,512,true],"large":["https:\/\/photographer.lu\/wp-content\/uploads\/2023\/01\/9017-L-IMG-7673-Kirchberg-Luxembourg-city-foggy.webp",1200,800,false],"1536x1536":["https:\/\/photographer.lu\/wp-content\/uploads\/2023\/01\/9017-L-IMG-7673-Kirchberg-Luxembourg-city-foggy.webp",1200,800,false],"2048x2048":["https:\/\/photographer.lu\/wp-content\/uploads\/2023\/01\/9017-L-IMG-7673-Kirchberg-Luxembourg-city-foggy.webp",1200,800,false],"woocommerce_archive_thumbnail":["https:\/\/photographer.lu\/wp-content\/uploads\/2023\/01\/9017-L-IMG-7673-Kirchberg-Luxembourg-city-foggy-600x400.webp",600,400,true],"mailpoet_newsletter_max":["https:\/\/photographer.lu\/wp-content\/uploads\/2023\/01\/9017-L-IMG-7673-Kirchberg-Luxembourg-city-foggy.webp",1200,800,false],"woocommerce_thumbnail":["https:\/\/photographer.lu\/wp-content\/uploads\/2023\/01\/9017-L-IMG-7673-Kirchberg-Luxembourg-city-foggy-600x400.webp",600,400,true],"woocommerce_single":["https:\/\/photographer.lu\/wp-content\/uploads\/2023\/01\/9017-L-IMG-7673-Kirchberg-Luxembourg-city-foggy.webp",1200,800,false],"woocommerce_gallery_thumbnail":["https:\/\/photographer.lu\/wp-content\/uploads\/2023\/01\/9017-L-IMG-7673-Kirchberg-Luxembourg-city-foggy-120x120.webp",120,120,true],"jetpack-portfolio-admin-thumb":["https:\/\/photographer.lu\/wp-content\/uploads\/2023\/01\/9017-L-IMG-7673-Kirchberg-Luxembourg-city-foggy-50x50.webp",50,50,true]},"post_excerpt_stackable_v2":"<p>Europ\u00e4ische Institutionen in Kirchberg, Luxemburg-Stadt<\/p>\n<p><img decoding=\"async\" class=\"alignnone size-full wp-image-22578\" src=\"https:\/\/photographer.lu\/wp-content\/uploads\/2022\/10\/payment-methods-luxembourg.webp\" alt=\"Zahlungsverfahren\" width=\"581\" height=\"40\" srcset=\"https:\/\/photographer.lu\/wp-content\/uploads\/2022\/10\/payment-methods-luxembourg.webp 581w, https:\/\/photographer.lu\/wp-content\/uploads\/2022\/10\/payment-methods-luxembourg-300x21.webp 300w, https:\/\/photographer.lu\/wp-content\/uploads\/2022\/10\/payment-methods-luxembourg-550x38.webp 550w\" sizes=\"(max-width: 581px) 100vw, 581px\" \/><\/p>\n","category_list_v2":"","author_info_v2":{"name":"","url":""},"comments_num_v2":"0 comments","acf":[],"jetpack_sharing_enabled":true,"_links":{"self":[{"href":"https:\/\/photographer.lu\/de\/wp-json\/wp\/v2\/product\/33251","targetHints":{"allow":["GET"]}}],"collection":[{"href":"https:\/\/photographer.lu\/de\/wp-json\/wp\/v2\/product"}],"about":[{"href":"https:\/\/photographer.lu\/de\/wp-json\/wp\/v2\/types\/product"}],"replies":[{"embeddable":true,"href":"https:\/\/photographer.lu\/de\/wp-json\/wp\/v2\/comments?post=33251"}],"wp:featuredmedia":[{"embeddable":true,"href":"https:\/\/photographer.lu\/de\/wp-json\/wp\/v2\/media\/30328"}],"wp:attachment":[{"href":"https:\/\/photographer.lu\/de\/wp-json\/wp\/v2\/media?parent=33251"}],"wp:term":[{"taxonomy":"product_brand","embeddable":true,"href":"https:\/\/photographer.lu\/de\/wp-json\/wp\/v2\/product_brand?post=33251"},{"taxonomy":"product_cat","embeddable":true,"href":"https:\/\/photographer.lu\/de\/wp-json\/wp\/v2\/product_cat?post=33251"},{"taxonomy":"product_tag","embeddable":true,"href":"https:\/\/photographer.lu\/de\/wp-json\/wp\/v2\/product_tag?post=33251"}],"curies":[{"name":"wp","href":"https:\/\/api.w.org\/{rel}","templated":true}]}}