{"id":33380,"date":"2023-09-20T21:04:17","date_gmt":"2023-09-20T21:04:17","guid":{"rendered":"https:\/\/photographer.lu\/?post_type=product&#038;p=33380"},"modified":"2023-09-28T11:02:33","modified_gmt":"2023-09-28T11:02:33","slug":"luxemburg-nationalfeiertag-feuerwerk","status":"publish","type":"product","link":"https:\/\/photographer.lu\/de\/photo\/luxemburg-nationalfeiertag-feuerwerk\/","title":{"rendered":"Feuerwerk zum luxemburgischen Nationalfeiertag"},"content":{"rendered":"<p><span style=\"color: #008000;\">Werbebild<\/span> des Feuerwerks zum Nationalfeiertag \u00fcber der n\u00e4chtlichen Skyline von Luxemburg mit beleuchteten alten H\u00e4usern, der Kathedrale Notre Dame, der Abbaye de Neumunster, dem Chemin de la Corniche und der Pfaffenthalbr\u00fccke.<\/p>\n<p>Dieses Bild kann als digitaler Download lizenziert werden.<\/p>\n<p>Es sind Drucke in limitierter Auflage und in offener Auflage erh\u00e4ltlich.<\/p>\n","protected":false},"excerpt":{"rendered":"<p>Feuerwerk zum Nationalfeiertag \u00fcber der n\u00e4chtlichen Skyline von Luxemburg<\/p>\n","protected":false},"featured_media":30352,"comment_status":"closed","ping_status":"closed","template":"","meta":{"pgc_sgb_lightbox_settings":""},"product_brand":[],"product_cat":[671,672],"product_tag":[800,801,802,783,776,777,778,808,674,805,806,766,798,782,807,767,793,794,803,779,764,809,796,763,762,791,789,790,810,797,786,795,761,781,780,804,788,760],"class_list":{"0":"post-33380","1":"product","2":"type-product","3":"status-publish","4":"has-post-thumbnail","6":"product_cat-kunstdrucke","7":"product_cat-luxemburg-bilder","8":"product_tag-abbaye-de","9":"product_tag-abbaye-de-neumunster-de","10":"product_tag-abtei","11":"product_tag-abtei-neumunster","12":"product_tag-alt","13":"product_tag-alte-stadt","14":"product_tag-architektur","15":"product_tag-beleuchtet","16":"product_tag-druckt","17":"product_tag-feuerwerk","18":"product_tag-feuerwerk-in-luxemburg","19":"product_tag-fotoen-de","20":"product_tag-fotograf-luxembourg","21":"product_tag-grund-de","22":"product_tag-hauser","23":"product_tag-ikonisch","24":"product_tag-kapital","25":"product_tag-kathedrale","26":"product_tag-kirche","27":"product_tag-kirchen","28":"product_tag-letzebuerg-de","29":"product_tag-lichter","30":"product_tag-luxemburg","31":"product_tag-luxemburg-bilder","32":"product_tag-luxemburg-fotos","33":"product_tag-luxemburgische-fotografie","34":"product_tag-nacht","35":"product_tag-nachtfotografie","36":"product_tag-neumunster-de","37":"product_tag-notre-dame-de","38":"product_tag-skyline-de","39":"product_tag-stadt","40":"product_tag-stadt-luxemburg","41":"product_tag-stadtansichten","42":"product_tag-stadtbild","43":"product_tag-stadtzentrum","44":"product_tag-ville-bas-de","45":"product_tag-wahrzeichen","46":"product_shipping_class-drucke","48":"first","49":"instock","50":"taxable","51":"shipping-taxable","52":"purchasable","53":"product-type-variable"},"featured_image_urls_v2":{"full":["https:\/\/photographer.lu\/wp-content\/uploads\/2023\/01\/9027-L-IMG-7770-Luxembourg-city-National-Day-fireworks-photographer-photodudau.webp",1200,800,false],"thumbnail":["https:\/\/photographer.lu\/wp-content\/uploads\/2023\/01\/9027-L-IMG-7770-Luxembourg-city-National-Day-fireworks-photographer-photodudau-550x367.webp",550,367,true],"medium":["https:\/\/photographer.lu\/wp-content\/uploads\/2023\/01\/9027-L-IMG-7770-Luxembourg-city-National-Day-fireworks-photographer-photodudau-300x200.webp",300,200,true],"medium_large":["https:\/\/photographer.lu\/wp-content\/uploads\/2023\/01\/9027-L-IMG-7770-Luxembourg-city-National-Day-fireworks-photographer-photodudau-768x512.webp",768,512,true],"large":["https:\/\/photographer.lu\/wp-content\/uploads\/2023\/01\/9027-L-IMG-7770-Luxembourg-city-National-Day-fireworks-photographer-photodudau.webp",1200,800,false],"1536x1536":["https:\/\/photographer.lu\/wp-content\/uploads\/2023\/01\/9027-L-IMG-7770-Luxembourg-city-National-Day-fireworks-photographer-photodudau.webp",1200,800,false],"2048x2048":["https:\/\/photographer.lu\/wp-content\/uploads\/2023\/01\/9027-L-IMG-7770-Luxembourg-city-National-Day-fireworks-photographer-photodudau.webp",1200,800,false],"woocommerce_archive_thumbnail":["https:\/\/photographer.lu\/wp-content\/uploads\/2023\/01\/9027-L-IMG-7770-Luxembourg-city-National-Day-fireworks-photographer-photodudau-600x400.webp",600,400,true],"mailpoet_newsletter_max":["https:\/\/photographer.lu\/wp-content\/uploads\/2023\/01\/9027-L-IMG-7770-Luxembourg-city-National-Day-fireworks-photographer-photodudau.webp",1200,800,false],"woocommerce_thumbnail":["https:\/\/photographer.lu\/wp-content\/uploads\/2023\/01\/9027-L-IMG-7770-Luxembourg-city-National-Day-fireworks-photographer-photodudau-600x400.webp",600,400,true],"woocommerce_single":["https:\/\/photographer.lu\/wp-content\/uploads\/2023\/01\/9027-L-IMG-7770-Luxembourg-city-National-Day-fireworks-photographer-photodudau.webp",1200,800,false],"woocommerce_gallery_thumbnail":["https:\/\/photographer.lu\/wp-content\/uploads\/2023\/01\/9027-L-IMG-7770-Luxembourg-city-National-Day-fireworks-photographer-photodudau-120x120.webp",120,120,true],"jetpack-portfolio-admin-thumb":["https:\/\/photographer.lu\/wp-content\/uploads\/2023\/01\/9027-L-IMG-7770-Luxembourg-city-National-Day-fireworks-photographer-photodudau-50x50.webp",50,50,true]},"post_excerpt_stackable_v2":"<p>Feuerwerk zum Nationalfeiertag \u00fcber der n\u00e4chtlichen Skyline von Luxemburg<\/p>\n","category_list_v2":"","author_info_v2":{"name":"","url":""},"comments_num_v2":"0 comments","acf":[],"jetpack_sharing_enabled":true,"_links":{"self":[{"href":"https:\/\/photographer.lu\/de\/wp-json\/wp\/v2\/product\/33380","targetHints":{"allow":["GET"]}}],"collection":[{"href":"https:\/\/photographer.lu\/de\/wp-json\/wp\/v2\/product"}],"about":[{"href":"https:\/\/photographer.lu\/de\/wp-json\/wp\/v2\/types\/product"}],"replies":[{"embeddable":true,"href":"https:\/\/photographer.lu\/de\/wp-json\/wp\/v2\/comments?post=33380"}],"wp:featuredmedia":[{"embeddable":true,"href":"https:\/\/photographer.lu\/de\/wp-json\/wp\/v2\/media\/30352"}],"wp:attachment":[{"href":"https:\/\/photographer.lu\/de\/wp-json\/wp\/v2\/media?parent=33380"}],"wp:term":[{"taxonomy":"product_brand","embeddable":true,"href":"https:\/\/photographer.lu\/de\/wp-json\/wp\/v2\/product_brand?post=33380"},{"taxonomy":"product_cat","embeddable":true,"href":"https:\/\/photographer.lu\/de\/wp-json\/wp\/v2\/product_cat?post=33380"},{"taxonomy":"product_tag","embeddable":true,"href":"https:\/\/photographer.lu\/de\/wp-json\/wp\/v2\/product_tag?post=33380"}],"curies":[{"name":"wp","href":"https:\/\/api.w.org\/{rel}","templated":true}]}}