{"id":33496,"date":"2023-09-20T21:27:39","date_gmt":"2023-09-20T21:27:39","guid":{"rendered":"https:\/\/photographer.lu\/?post_type=product&#038;p=33496"},"modified":"2023-09-28T06:00:27","modified_gmt":"2023-09-28T06:00:27","slug":"luxemburg-stadt-sonnenuntergang-pfaffenthal-tal","status":"publish","type":"product","link":"https:\/\/photographer.lu\/de\/photo\/luxemburg-stadt-sonnenuntergang-pfaffenthal-tal\/","title":{"rendered":"Sonnenuntergang in Luxemburg-Stadt \u00fcber dem Pfaffenthal-Tal"},"content":{"rendered":"<p><span style=\"color: #339966;\">Kommerzielles<\/span> Nachtfoto des Sonnenuntergangs \u00fcber der Luxemburger Stadtlandschaft, Blick \u00fcber das Pfaffenthal und die Zugfahrt auf der Pulverm\u00fchlbr\u00fccke in Richtung der Luxemburger Stadtsilhouette mit den Bockkasematten, der Kirche St. Michel und der Kathedrale Notre Dame.<\/p>\n<p>Dieses Bild kann als digitaler Download lizenziert werden.<\/p>\n<p>Es sind Drucke in limitierter Auflage und in offener Auflage erh\u00e4ltlich.<\/p>\n","protected":false},"excerpt":{"rendered":"<p>Sonnenuntergang \u00fcber dem Luxemburger Stadtbild, Blick \u00fcber das Pfaffenthal und Zugfahrt auf der Pulverm\u00fchlbr\u00fccke in Richtung Luxemburger Stadtsilhouette<\/p>\n<p><img decoding=\"async\" class=\"alignnone size-full wp-image-22578\" src=\"https:\/\/photographer.lu\/wp-content\/uploads\/2022\/10\/payment-methods-luxembourg.webp\" alt=\"Zahlungsverfahren\" width=\"581\" height=\"40\" srcset=\"https:\/\/photographer.lu\/wp-content\/uploads\/2022\/10\/payment-methods-luxembourg.webp 581w, https:\/\/photographer.lu\/wp-content\/uploads\/2022\/10\/payment-methods-luxembourg-300x21.webp 300w, https:\/\/photographer.lu\/wp-content\/uploads\/2022\/10\/payment-methods-luxembourg-550x38.webp 550w\" sizes=\"(max-width: 581px) 100vw, 581px\" \/><\/p>\n","protected":false},"featured_media":30376,"comment_status":"closed","ping_status":"closed","template":"","meta":{"pgc_sgb_lightbox_settings":""},"product_brand":[],"product_cat":[671,672],"product_tag":[777,778,1101,1206,674,766,798,1302,782,785,767,793,764,809,796,763,762,1147,791,789,790,1554,1555,909,786,1556,792,795,761,781,780,1362,804,760,1208],"class_list":{"0":"post-33496","1":"product","2":"type-product","3":"status-publish","4":"has-post-thumbnail","6":"product_cat-kunstdrucke","7":"product_cat-luxemburg-bilder","8":"product_tag-alte-stadt","9":"product_tag-architektur","10":"product_tag-bockkasematten","11":"product_tag-center-de","12":"product_tag-druckt","13":"product_tag-fotoen-de","14":"product_tag-fotograf-luxembourg","15":"product_tag-fotos-de","16":"product_tag-grund-de","17":"product_tag-heiliger-michel","18":"product_tag-ikonisch","19":"product_tag-kapital","20":"product_tag-letzebuerg-de","21":"product_tag-lichter","22":"product_tag-luxemburg","23":"product_tag-luxemburg-bilder","24":"product_tag-luxemburg-fotos","25":"product_tag-luxemburg-stadt","26":"product_tag-luxemburgische-fotografie","27":"product_tag-nacht","28":"product_tag-nachtfotografie","29":"product_tag-pfaffenthal-de","30":"product_tag-pulvermuhl-de","31":"product_tag-schlossbrucke","32":"product_tag-skyline-de","33":"product_tag-sonnenuntergange","34":"product_tag-st-michael-de","35":"product_tag-stadt","36":"product_tag-stadt-luxemburg","37":"product_tag-stadtansichten","38":"product_tag-stadtbild","39":"product_tag-stadtlichter","40":"product_tag-stadtzentrum","41":"product_tag-wahrzeichen","42":"product_tag-zentrum","43":"product_shipping_class-drucke","45":"first","46":"instock","47":"taxable","48":"shipping-taxable","49":"purchasable","50":"product-type-variable"},"featured_image_urls_v2":{"full":["https:\/\/photographer.lu\/wp-content\/uploads\/2023\/01\/9029-L-VIO-8836-Luxembourg-city-skyline-sunset-Pfaffenthal-photodudau.webp",1200,802,false],"thumbnail":["https:\/\/photographer.lu\/wp-content\/uploads\/2023\/01\/9029-L-VIO-8836-Luxembourg-city-skyline-sunset-Pfaffenthal-photodudau-550x368.webp",550,368,true],"medium":["https:\/\/photographer.lu\/wp-content\/uploads\/2023\/01\/9029-L-VIO-8836-Luxembourg-city-skyline-sunset-Pfaffenthal-photodudau-300x201.webp",300,201,true],"medium_large":["https:\/\/photographer.lu\/wp-content\/uploads\/2023\/01\/9029-L-VIO-8836-Luxembourg-city-skyline-sunset-Pfaffenthal-photodudau-768x513.webp",768,513,true],"large":["https:\/\/photographer.lu\/wp-content\/uploads\/2023\/01\/9029-L-VIO-8836-Luxembourg-city-skyline-sunset-Pfaffenthal-photodudau.webp",1200,802,false],"1536x1536":["https:\/\/photographer.lu\/wp-content\/uploads\/2023\/01\/9029-L-VIO-8836-Luxembourg-city-skyline-sunset-Pfaffenthal-photodudau.webp",1200,802,false],"2048x2048":["https:\/\/photographer.lu\/wp-content\/uploads\/2023\/01\/9029-L-VIO-8836-Luxembourg-city-skyline-sunset-Pfaffenthal-photodudau.webp",1200,802,false],"woocommerce_archive_thumbnail":["https:\/\/photographer.lu\/wp-content\/uploads\/2023\/01\/9029-L-VIO-8836-Luxembourg-city-skyline-sunset-Pfaffenthal-photodudau-600x401.webp",600,401,true],"mailpoet_newsletter_max":["https:\/\/photographer.lu\/wp-content\/uploads\/2023\/01\/9029-L-VIO-8836-Luxembourg-city-skyline-sunset-Pfaffenthal-photodudau.webp",1200,802,false],"woocommerce_thumbnail":["https:\/\/photographer.lu\/wp-content\/uploads\/2023\/01\/9029-L-VIO-8836-Luxembourg-city-skyline-sunset-Pfaffenthal-photodudau-600x401.webp",600,401,true],"woocommerce_single":["https:\/\/photographer.lu\/wp-content\/uploads\/2023\/01\/9029-L-VIO-8836-Luxembourg-city-skyline-sunset-Pfaffenthal-photodudau.webp",1200,802,false],"woocommerce_gallery_thumbnail":["https:\/\/photographer.lu\/wp-content\/uploads\/2023\/01\/9029-L-VIO-8836-Luxembourg-city-skyline-sunset-Pfaffenthal-photodudau-120x120.webp",120,120,true],"jetpack-portfolio-admin-thumb":["https:\/\/photographer.lu\/wp-content\/uploads\/2023\/01\/9029-L-VIO-8836-Luxembourg-city-skyline-sunset-Pfaffenthal-photodudau-50x50.webp",50,50,true]},"post_excerpt_stackable_v2":"<p>Sonnenuntergang \u00fcber dem Luxemburger Stadtbild, Blick \u00fcber das Pfaffenthal und Zugfahrt auf der Pulverm\u00fchlbr\u00fccke in Richtung Luxemburger Stadtsilhouette<\/p>\n<p><img decoding=\"async\" class=\"alignnone size-full wp-image-22578\" src=\"https:\/\/photographer.lu\/wp-content\/uploads\/2022\/10\/payment-methods-luxembourg.webp\" alt=\"Zahlungsverfahren\" width=\"581\" height=\"40\" srcset=\"https:\/\/photographer.lu\/wp-content\/uploads\/2022\/10\/payment-methods-luxembourg.webp 581w, https:\/\/photographer.lu\/wp-content\/uploads\/2022\/10\/payment-methods-luxembourg-300x21.webp 300w, https:\/\/photographer.lu\/wp-content\/uploads\/2022\/10\/payment-methods-luxembourg-550x38.webp 550w\" sizes=\"(max-width: 581px) 100vw, 581px\" \/><\/p>\n","category_list_v2":"","author_info_v2":{"name":"","url":""},"comments_num_v2":"0 comments","acf":[],"jetpack_sharing_enabled":true,"_links":{"self":[{"href":"https:\/\/photographer.lu\/de\/wp-json\/wp\/v2\/product\/33496","targetHints":{"allow":["GET"]}}],"collection":[{"href":"https:\/\/photographer.lu\/de\/wp-json\/wp\/v2\/product"}],"about":[{"href":"https:\/\/photographer.lu\/de\/wp-json\/wp\/v2\/types\/product"}],"replies":[{"embeddable":true,"href":"https:\/\/photographer.lu\/de\/wp-json\/wp\/v2\/comments?post=33496"}],"wp:featuredmedia":[{"embeddable":true,"href":"https:\/\/photographer.lu\/de\/wp-json\/wp\/v2\/media\/30376"}],"wp:attachment":[{"href":"https:\/\/photographer.lu\/de\/wp-json\/wp\/v2\/media?parent=33496"}],"wp:term":[{"taxonomy":"product_brand","embeddable":true,"href":"https:\/\/photographer.lu\/de\/wp-json\/wp\/v2\/product_brand?post=33496"},{"taxonomy":"product_cat","embeddable":true,"href":"https:\/\/photographer.lu\/de\/wp-json\/wp\/v2\/product_cat?post=33496"},{"taxonomy":"product_tag","embeddable":true,"href":"https:\/\/photographer.lu\/de\/wp-json\/wp\/v2\/product_tag?post=33496"}],"curies":[{"name":"wp","href":"https:\/\/api.w.org\/{rel}","templated":true}]}}