{"id":34795,"date":"2022-11-30T10:50:45","date_gmt":"2022-11-30T10:50:45","guid":{"rendered":"https:\/\/photographer.lu\/?post_type=product&#038;p=34795"},"modified":"2024-12-13T00:00:59","modified_gmt":"2024-12-13T00:00:59","slug":"luxemburg-puzzle-1000-teile-copy","status":"publish","type":"product","link":"https:\/\/photographer.lu\/de\/photo\/luxemburg-puzzle-1000-teile-copy\/","title":{"rendered":"Nuit au Luxembourg puzzle 1000 Teile"},"content":{"rendered":"<p>Nuit au Luxembourg Puzzle in 1000 Teilen. Das perfekte Geschenk f\u00fcr alle, die Luxemburg lieben (oder gerade dort angekommen sind), egal welchen Alters (5-99)! Gr\u00f6\u00dfe des zusammengesetzten Bildes: 65 x 45 cm. Wird zerlegt in einer Schachtel geliefert.<\/p>\n","protected":false},"excerpt":{"rendered":"<p>Nacht in Luxemburg Stadt Puzzle in 1000 Teilen. Das perfekte Geschenk f\u00fcr jemanden, der Luxemburg liebt!<\/p>\n<p><img decoding=\"async\" class=\"alignnone size-full wp-image-22578\" src=\"https:\/\/photographer.lu\/wp-content\/uploads\/2022\/10\/payment-methods-luxembourg.webp\" alt=\"Zahlungsverfahren\" width=\"581\" height=\"40\" srcset=\"https:\/\/photographer.lu\/wp-content\/uploads\/2022\/10\/payment-methods-luxembourg.webp 581w, https:\/\/photographer.lu\/wp-content\/uploads\/2022\/10\/payment-methods-luxembourg-300x21.webp 300w, https:\/\/photographer.lu\/wp-content\/uploads\/2022\/10\/payment-methods-luxembourg-550x38.webp 550w\" sizes=\"(max-width: 581px) 100vw, 581px\" \/><\/p>\n","protected":false},"featured_media":34798,"comment_status":"open","ping_status":"closed","template":"","meta":{"pgc_sgb_lightbox_settings":""},"product_brand":[],"product_cat":[622],"product_tag":[1033,1577,1200,761],"class_list":{"0":"post-34795","1":"product","2":"type-product","3":"status-publish","4":"has-post-thumbnail","6":"product_cat-luxemburg-geschenke","7":"product_tag-geschenke","8":"product_tag-luxemburg-ratsel","9":"product_tag-ratsel","10":"product_tag-stadt-luxemburg","11":"product_shipping_class-geschenke","13":"first","14":"outofstock","15":"taxable","16":"shipping-taxable","17":"purchasable","18":"product-type-simple"},"featured_image_urls_v2":{"full":["https:\/\/photographer.lu\/wp-content\/uploads\/2024\/12\/Luxembourg_puzzle_1000_pieces-night-photodudau-.webp",1200,812,false],"thumbnail":["https:\/\/photographer.lu\/wp-content\/uploads\/2024\/12\/Luxembourg_puzzle_1000_pieces-night-photodudau--550x372.webp",550,372,true],"medium":["https:\/\/photographer.lu\/wp-content\/uploads\/2024\/12\/Luxembourg_puzzle_1000_pieces-night-photodudau--300x203.webp",300,203,true],"medium_large":["https:\/\/photographer.lu\/wp-content\/uploads\/2024\/12\/Luxembourg_puzzle_1000_pieces-night-photodudau--768x520.webp",768,520,true],"large":["https:\/\/photographer.lu\/wp-content\/uploads\/2024\/12\/Luxembourg_puzzle_1000_pieces-night-photodudau-.webp",1200,812,false],"1536x1536":["https:\/\/photographer.lu\/wp-content\/uploads\/2024\/12\/Luxembourg_puzzle_1000_pieces-night-photodudau-.webp",1200,812,false],"2048x2048":["https:\/\/photographer.lu\/wp-content\/uploads\/2024\/12\/Luxembourg_puzzle_1000_pieces-night-photodudau-.webp",1200,812,false],"woocommerce_archive_thumbnail":["https:\/\/photographer.lu\/wp-content\/uploads\/2024\/12\/Luxembourg_puzzle_1000_pieces-night-photodudau--600x406.webp",600,406,true],"mailpoet_newsletter_max":["https:\/\/photographer.lu\/wp-content\/uploads\/2024\/12\/Luxembourg_puzzle_1000_pieces-night-photodudau-.webp",1200,812,false],"woocommerce_thumbnail":["https:\/\/photographer.lu\/wp-content\/uploads\/2024\/12\/Luxembourg_puzzle_1000_pieces-night-photodudau--600x406.webp",600,406,true],"woocommerce_single":["https:\/\/photographer.lu\/wp-content\/uploads\/2024\/12\/Luxembourg_puzzle_1000_pieces-night-photodudau-.webp",1200,812,false],"woocommerce_gallery_thumbnail":["https:\/\/photographer.lu\/wp-content\/uploads\/2024\/12\/Luxembourg_puzzle_1000_pieces-night-photodudau--120x120.webp",120,120,true],"jetpack-portfolio-admin-thumb":["https:\/\/photographer.lu\/wp-content\/uploads\/2024\/12\/Luxembourg_puzzle_1000_pieces-night-photodudau--50x50.webp",50,50,true]},"post_excerpt_stackable_v2":"<p>Nacht in Luxemburg Stadt Puzzle in 1000 Teilen. Das perfekte Geschenk f\u00fcr jemanden, der Luxemburg liebt!<\/p>\n<p><img decoding=\"async\" class=\"alignnone size-full wp-image-22578\" src=\"https:\/\/photographer.lu\/wp-content\/uploads\/2022\/10\/payment-methods-luxembourg.webp\" alt=\"Zahlungsverfahren\" width=\"581\" height=\"40\" srcset=\"https:\/\/photographer.lu\/wp-content\/uploads\/2022\/10\/payment-methods-luxembourg.webp 581w, https:\/\/photographer.lu\/wp-content\/uploads\/2022\/10\/payment-methods-luxembourg-300x21.webp 300w, https:\/\/photographer.lu\/wp-content\/uploads\/2022\/10\/payment-methods-luxembourg-550x38.webp 550w\" sizes=\"(max-width: 581px) 100vw, 581px\" \/><\/p>\n","category_list_v2":"","author_info_v2":{"name":"","url":""},"comments_num_v2":"0 comments","acf":[],"jetpack_sharing_enabled":true,"_links":{"self":[{"href":"https:\/\/photographer.lu\/de\/wp-json\/wp\/v2\/product\/34795","targetHints":{"allow":["GET"]}}],"collection":[{"href":"https:\/\/photographer.lu\/de\/wp-json\/wp\/v2\/product"}],"about":[{"href":"https:\/\/photographer.lu\/de\/wp-json\/wp\/v2\/types\/product"}],"replies":[{"embeddable":true,"href":"https:\/\/photographer.lu\/de\/wp-json\/wp\/v2\/comments?post=34795"}],"wp:featuredmedia":[{"embeddable":true,"href":"https:\/\/photographer.lu\/de\/wp-json\/wp\/v2\/media\/34798"}],"wp:attachment":[{"href":"https:\/\/photographer.lu\/de\/wp-json\/wp\/v2\/media?parent=34795"}],"wp:term":[{"taxonomy":"product_brand","embeddable":true,"href":"https:\/\/photographer.lu\/de\/wp-json\/wp\/v2\/product_brand?post=34795"},{"taxonomy":"product_cat","embeddable":true,"href":"https:\/\/photographer.lu\/de\/wp-json\/wp\/v2\/product_cat?post=34795"},{"taxonomy":"product_tag","embeddable":true,"href":"https:\/\/photographer.lu\/de\/wp-json\/wp\/v2\/product_tag?post=34795"}],"curies":[{"name":"wp","href":"https:\/\/api.w.org\/{rel}","templated":true}]}}