{"id":18732,"date":"2022-09-27T22:42:43","date_gmt":"2022-09-27T22:42:43","guid":{"rendered":"https:\/\/photographer.lu\/politique-de-remboursement-et-de-retour\/"},"modified":"2022-10-11T23:45:58","modified_gmt":"2022-10-11T23:45:58","slug":"politique-de-remboursement-et-de-retour","status":"publish","type":"page","link":"https:\/\/photographer.lu\/fr\/politique-de-remboursement-et-de-retour\/","title":{"rendered":"Politique de remboursement et de retour"},"content":{"rendered":"\n<p>Bienvenue sur mon Photographer.LU, le site du <a href=\"https:\/\/photographer.lu\/fr\/\" data-type=\"URL\" data-id=\"https:\/\/photographer.lu\/fr\/\">photographe luxembourgeois Vio Dudau<\/a>. En passant une commande de photos du Luxembourg, de tirages d&rsquo;art du Luxembourg, de calendriers du Luxembourg ou d&rsquo;autres cadeaux du Luxembourg, vous acceptez la pr\u00e9sente politique qui r\u00e9git ma boutique en ligne.<\/p>\n\n<h2 class=\"wp-block-heading\"><strong>Annulation d&rsquo;une commande effectu\u00e9e par erreur<\/strong><\/h2>\n\n<p>Si vous avez command\u00e9 le mauvais produit\/la mauvaise taille ou si vous avez pass\u00e9 une commande par erreur, il suffit de <a href=\"https:\/\/photographer.lu\/fr\/?page_id=18716\">me le faire savoir<\/a> dans les 15 jours et votre commande sera annul\u00e9e et un remboursement sera effectu\u00e9 dans les 2-3 jours ouvrables. Veuillez noter qu&rsquo;une transaction de d\u00e9bit peut appara\u00eetre sur votre relev\u00e9 de carte de cr\u00e9dit car elle se produit instantan\u00e9ment lors de la commande. Une op\u00e9ration de cr\u00e9dit suivra dans quelques jours.<\/p>\n\n<p>Si vous avez d\u00e9j\u00e0 re\u00e7u le produit ou si les 15 jours depuis la commande sont pass\u00e9s, nous passons \u00e0 l&rsquo;\u00e9tape suivante :<\/p>\n\n<h2 class=\"wp-block-heading\"><strong>Retour et remboursement<\/strong><\/h2>\n\n<p>Lorsque vous recevez un produit photo ou une image num\u00e9rique command\u00e9 sur ce site, vous pouvez le retourner dans les 15 jours. Pour pouvoir \u00eatre retourn\u00e9, le produit doit \u00eatre dans le m\u00eame \u00e9tat que celui dans lequel vous l&rsquo;avez re\u00e7u, non utilis\u00e9 et de pr\u00e9f\u00e9rence dans le m\u00eame emballage (dans la mesure du possible). Bien s\u00fbr, ceci n&rsquo;est valable que pour les produits physiques, pas pour les t\u00e9l\u00e9chargements num\u00e9riques.  <\/p>\n\n<p>Plusieurs types de marchandises sont exempts de retour. Seuls les produits fabriqu\u00e9s en s\u00e9rie peuvent \u00eatre retourn\u00e9s et rembours\u00e9s. Les produits fabriqu\u00e9s sur commande ou les articles personnalis\u00e9s ne peuvent faire l&rsquo;objet d&rsquo;un remboursement, sauf si les produits pr\u00e9sentent un d\u00e9faut imputable au vendeur.  <\/p>\n\n<p>Articles suppl\u00e9mentaires non retournables :<\/p>\n\n<ul class=\"wp-block-list\"><li>Cartes cadeaux<\/li><li>Bons d&rsquo;achat<\/li><li>Produits logiciels t\u00e9l\u00e9chargeables<\/li><\/ul>\n\n<p>Dans certaines situations, seuls des remboursements partiels sont accord\u00e9s :<\/p>\n\n<ul class=\"wp-block-list\"><li>Livre avec des signes \u00e9vidents d&rsquo;utilisation<\/li><li>Tout article qui n&rsquo;est pas dans son \u00e9tat d&rsquo;origine, qui est endommag\u00e9 ou auquel il manque des pi\u00e8ces pour des raisons qui ne sont pas dues \u00e0 mon erreur.<\/li><li>Tout article retourn\u00e9 plus de 15 jours apr\u00e8s la livraison.<\/li><\/ul>\n\n<p>Pour compl\u00e9ter votre retour, il peut vous \u00eatre demand\u00e9 de pr\u00e9senter un re\u00e7u ou une preuve d&rsquo;achat.<\/p>\n\n<p>Lorsque vous renvoyez un produit command\u00e9 sur ce site, veuillez l&#8217;emballer dans l&#8217;emballage d&rsquo;origine si possible.<\/p>\n\n<p>Avant de retourner les articles, veuillez me contacter. Tous les frais d&rsquo;exp\u00e9dition sont \u00e0 la charge du client.  <\/p>\n\n<p>Veuillez noter que le remboursement ne peut \u00eatre effectu\u00e9 que sur votre mode de paiement initial (carte, Paypal, virement bancaire ou compte Amazon). Veuillez pr\u00e9voir quelques jours pour que le remboursement soit effectu\u00e9.<\/p>\n\n<h2 class=\"wp-block-heading\">Exp\u00e9dition et manutention<\/h2>\n\n<p>Toutes les commandes seront trait\u00e9es dans les 5 jours civils suivant la r\u00e9ception de la commande. En cas de force majeure, il peut y avoir des retards dans l&rsquo;exp\u00e9dition des produits (lockdowns, gr\u00e8ves). Les tirages d&rsquo;art, les tirages de galerie, les tirages acryliques flottants, les posters rigides et les tirages de bureau peuvent prendre jusqu&rsquo;\u00e0 15 jours pour \u00eatre produits.<\/p>\n\n<p>Certaines commandes peuvent \u00eatre livr\u00e9es en personne, tandis que d&rsquo;autres seront livr\u00e9es par diff\u00e9rents services postaux, en fonction de ma disponibilit\u00e9 et de votre localisation.<\/p>\n\n<h2 class=\"wp-block-heading\">Exchange  <\/h2>\n\n<p>Nous ne rempla\u00e7ons les articles que s&rsquo;ils sont d\u00e9fectueux ou endommag\u00e9s.<\/p>\n\n<h2 class=\"wp-block-heading\"><strong>Droits de douane, frais d&rsquo;importation et TVA<\/strong><\/h2>\n\n<p>Les produits vendus sur Photographer.Lu incluent la TVA, qui peut \u00eatre d\u00e9duite du prix si vous r\u00e9sidez dans l&rsquo;un des pays de l&rsquo;Union europ\u00e9enne hors Luxembourg et disposez d&rsquo;un num\u00e9ro de TVA valide. Veuillez me contacter avant de passer votre commande pour plus de d\u00e9tails.<\/p>\n\n<p>Tous les droits de douane et les frais d&rsquo;importation pour les commandes en dehors de l&rsquo;UE restent \u00e0 la charge du client.<\/p>\n\n<p>Pour toute question concernant les commandes, veuillez <a href=\"https:\/\/photographer.lu\/fr\/?page_id=18716\">me contacter<\/a>.<\/p>\n","protected":false},"excerpt":{"rendered":"<p>Bienvenue sur mon Photographer.LU, le site du photographe luxembourgeois Vio Dudau. En passant une commande de photos du Luxembourg, de tirages d&rsquo;art du Luxembourg, de calendriers du Luxembourg ou d&rsquo;autres cadeaux du Luxembourg, vous acceptez la pr\u00e9sente politique qui r\u00e9git ma boutique en ligne. Annulation d&rsquo;une commande effectu\u00e9e par erreur Si vous avez command\u00e9 le [&hellip;]<\/p>\n","protected":false},"author":2,"featured_media":0,"parent":0,"menu_order":0,"comment_status":"closed","ping_status":"closed","template":"","meta":{"pgc_sgb_lightbox_settings":"","footnotes":""},"class_list":["post-18732","page","type-page","status-publish","hentry"],"blocksy_meta":{"styles_descriptor":{"styles":{"desktop":"","tablet":"","mobile":""},"google_fonts":[],"version":6}},"featured_image_urls_v2":{"full":"","thumbnail":"","medium":"","medium_large":"","large":"","1536x1536":"","2048x2048":"","woocommerce_archive_thumbnail":"","mailpoet_newsletter_max":"","woocommerce_thumbnail":"","woocommerce_single":"","woocommerce_gallery_thumbnail":"","jetpack-portfolio-admin-thumb":""},"post_excerpt_stackable_v2":"<p>Bienvenue sur mon Photographer.LU, le site du photographe luxembourgeois Vio Dudau. En passant une commande de photos du Luxembourg, de tirages d&rsquo;art du Luxembourg, de calendriers du Luxembourg ou d&rsquo;autres cadeaux du Luxembourg, vous acceptez la pr\u00e9sente politique qui r\u00e9git ma boutique en ligne. Annulation d&rsquo;une commande effectu\u00e9e par erreur Si vous avez command\u00e9 le mauvais produit\/la mauvaise taille ou si vous avez pass\u00e9 une commande par erreur, il suffit de me le faire savoir dans les 15 jours et votre commande sera annul\u00e9e et un remboursement sera effectu\u00e9 dans les 2-3 jours ouvrables. Veuillez noter qu&rsquo;une transaction de d\u00e9bit\u2026<\/p>\n","category_list_v2":"","author_info_v2":{"name":"Photo Dudau Luxembourg","url":"https:\/\/photographer.lu\/fr\/author\/dudau\/"},"comments_num_v2":"0 commentaire","acf":[],"jetpack_sharing_enabled":true,"_links":{"self":[{"href":"https:\/\/photographer.lu\/fr\/wp-json\/wp\/v2\/pages\/18732","targetHints":{"allow":["GET"]}}],"collection":[{"href":"https:\/\/photographer.lu\/fr\/wp-json\/wp\/v2\/pages"}],"about":[{"href":"https:\/\/photographer.lu\/fr\/wp-json\/wp\/v2\/types\/page"}],"author":[{"embeddable":true,"href":"https:\/\/photographer.lu\/fr\/wp-json\/wp\/v2\/users\/2"}],"replies":[{"embeddable":true,"href":"https:\/\/photographer.lu\/fr\/wp-json\/wp\/v2\/comments?post=18732"}],"version-history":[{"count":0,"href":"https:\/\/photographer.lu\/fr\/wp-json\/wp\/v2\/pages\/18732\/revisions"}],"wp:attachment":[{"href":"https:\/\/photographer.lu\/fr\/wp-json\/wp\/v2\/media?parent=18732"}],"curies":[{"name":"wp","href":"https:\/\/api.w.org\/{rel}","templated":true}]}}