{"id":18742,"date":"2022-10-04T09:26:44","date_gmt":"2022-10-04T09:26:44","guid":{"rendered":"https:\/\/photographer.lu\/prix\/"},"modified":"2023-02-19T22:04:24","modified_gmt":"2023-02-19T22:04:24","slug":"prix","status":"publish","type":"page","link":"https:\/\/photographer.lu\/fr\/prix\/","title":{"rendered":"Prix"},"content":{"rendered":"\n<p>Pour les s\u00e9ances de photos r\u00e9guli\u00e8res, avec une date et une dur\u00e9e fixes, je facture g\u00e9n\u00e9ralement \u00e0 l&rsquo;heure, et non \u00e0 la photo. Cela signifie que, apr\u00e8s s\u00e9lection et post-traitement, vous obtiendrez la plupart des photos de votre s\u00e9ance ou de votre \u00e9v\u00e9nement, au format num\u00e9rique, en pleine r\u00e9solution.<\/p>\n\n<p>Les prix pour la plupart de mes <strong>services de photographie<\/strong> (\u00e9v\u00e9nements, conf\u00e9rences, photographie sportive, interviews de presse et photoreportages, portraits d&rsquo;entreprise) commencent \u00e0 <strong>environ 175 euros par heure<\/strong> pass\u00e9e sur place. Cependant, comme chaque projet est unique, nous devons vraiment parler sp\u00e9cifiquement du v\u00f4tre et d\u00e9cider de la formule et du prix qui conviennent le mieux.<\/p>\n\n<p>Pour les <strong>mariages<\/strong>, \u00e9tant donn\u00e9 que le processus de photographie est plus intense et n\u00e9cessite de prendre beaucoup plus de photos en peu de temps, le prix est de <strong>200 euros par heure<\/strong> pass\u00e9e sur place.<\/p>\n\n<p>Si le but de votre projet est d&rsquo;obtenir des images sp\u00e9cifiques (photographie conceptuelle, paysages ou paysages urbains, architecture, etc.), nous pouvons \u00e9galement travailler sur un prix par image si vous le pr\u00e9f\u00e9rez, auquel cas vous n&rsquo;avez pas \u00e0 vous soucier du temps que je consacre \u00e0 la prise de vue pour votre projet. Je prendrai mon temps et m&rsquo;efforcerai d&rsquo;obtenir les meilleurs r\u00e9sultats, quel que soit le temps que cela prendra.<\/p>\n\n<p>S&rsquo;il vous pla\u00eet <strong>\n  <a href=\"https:\/\/maxi.lu\/contact\/\">contactez-moi<\/a>\n<\/strong> et essayez de fournir le plus de d\u00e9tails possible sur votre projet photo (ou vid\u00e9o ?) et je vous r\u00e9pondrai rapidement avec un bon devis, afin que nous puissions tous \u00eatre heureux.<\/p>\n\n<p><\/p>\n","protected":false},"excerpt":{"rendered":"<p>Pour les s\u00e9ances de photos r\u00e9guli\u00e8res, avec une date et une dur\u00e9e fixes, je facture g\u00e9n\u00e9ralement \u00e0 l&rsquo;heure, et non \u00e0 la photo. Cela signifie que, apr\u00e8s s\u00e9lection et post-traitement, vous obtiendrez la plupart des photos de votre s\u00e9ance ou de votre \u00e9v\u00e9nement, au format num\u00e9rique, en pleine r\u00e9solution. Les prix pour la plupart de [&hellip;]<\/p>\n","protected":false},"author":2,"featured_media":0,"parent":0,"menu_order":0,"comment_status":"closed","ping_status":"closed","template":"","meta":{"pgc_sgb_lightbox_settings":"","footnotes":""},"class_list":["post-18742","page","type-page","status-publish","hentry"],"blocksy_meta":{"styles_descriptor":{"styles":{"desktop":"","tablet":"","mobile":""},"google_fonts":[],"version":6}},"featured_image_urls_v2":{"full":"","thumbnail":"","medium":"","medium_large":"","large":"","1536x1536":"","2048x2048":"","woocommerce_archive_thumbnail":"","mailpoet_newsletter_max":"","woocommerce_thumbnail":"","woocommerce_single":"","woocommerce_gallery_thumbnail":"","jetpack-portfolio-admin-thumb":""},"post_excerpt_stackable_v2":"<p>Pour les s\u00e9ances de photos r\u00e9guli\u00e8res, avec une date et une dur\u00e9e fixes, je facture g\u00e9n\u00e9ralement \u00e0 l&rsquo;heure, et non \u00e0 la photo. Cela signifie que, apr\u00e8s s\u00e9lection et post-traitement, vous obtiendrez la plupart des photos de votre s\u00e9ance ou de votre \u00e9v\u00e9nement, au format num\u00e9rique, en pleine r\u00e9solution. Les prix pour la plupart de mes services de photographie (\u00e9v\u00e9nements, conf\u00e9rences, photographie sportive, interviews de presse et photoreportages, portraits d&rsquo;entreprise) commencent \u00e0 environ 175 euros par heure pass\u00e9e sur place. Cependant, comme chaque projet est unique, nous devons vraiment parler sp\u00e9cifiquement du v\u00f4tre et d\u00e9cider de la formule et du\u2026<\/p>\n","category_list_v2":"","author_info_v2":{"name":"Photo Dudau Luxembourg","url":"https:\/\/photographer.lu\/fr\/author\/dudau\/"},"comments_num_v2":"0 commentaire","acf":[],"jetpack_sharing_enabled":true,"_links":{"self":[{"href":"https:\/\/photographer.lu\/fr\/wp-json\/wp\/v2\/pages\/18742","targetHints":{"allow":["GET"]}}],"collection":[{"href":"https:\/\/photographer.lu\/fr\/wp-json\/wp\/v2\/pages"}],"about":[{"href":"https:\/\/photographer.lu\/fr\/wp-json\/wp\/v2\/types\/page"}],"author":[{"embeddable":true,"href":"https:\/\/photographer.lu\/fr\/wp-json\/wp\/v2\/users\/2"}],"replies":[{"embeddable":true,"href":"https:\/\/photographer.lu\/fr\/wp-json\/wp\/v2\/comments?post=18742"}],"version-history":[{"count":0,"href":"https:\/\/photographer.lu\/fr\/wp-json\/wp\/v2\/pages\/18742\/revisions"}],"wp:attachment":[{"href":"https:\/\/photographer.lu\/fr\/wp-json\/wp\/v2\/media?parent=18742"}],"curies":[{"name":"wp","href":"https:\/\/api.w.org\/{rel}","templated":true}]}}