{"id":18748,"date":"2022-10-06T23:35:06","date_gmt":"2022-10-06T23:35:06","guid":{"rendered":"https:\/\/photographer.lu\/conditions-generales-pour-les-impressions-et-les-telechargements-numeriques\/"},"modified":"2023-01-03T22:49:05","modified_gmt":"2023-01-03T22:49:05","slug":"conditions-generales-pour-les-impressions-et-les-telechargements-numeriques","status":"publish","type":"page","link":"https:\/\/photographer.lu\/fr\/conditions-generales-pour-les-impressions-et-les-telechargements-numeriques\/","title":{"rendered":"Conditions g\u00e9n\u00e9rales pour les impressions et les t\u00e9l\u00e9chargements num\u00e9riques"},"content":{"rendered":"\n<p>Vous pouvez trouver la <a href=\"https:\/\/photographer.lu\/fr\/politique-de-confidentialite\/\" data-type=\"URL\" data-id=\"https:\/\/photographer.lu\/privacy-policy\/\">politique de confidentialit\u00e9 ici<\/a>. Vous pouvez trouver les <a href=\"https:\/\/photographer.lu\/fr\/infos-legales\/\" data-type=\"URL\" data-id=\"https:\/\/photographer.lu\/legal-info\/\">informations juridiques ici<\/a>. Vous pouvez trouver la <a href=\"https:\/\/photographer.lu\/fr\/politique-de-remboursement-et-de-retour\/\" data-type=\"URL\" data-id=\"https:\/\/photographer.lu\/refund-returns\/\">politique de retours et de remboursements ici<\/a>.<\/p>\n\n<h3 class=\"wp-block-heading\">Avis de droit d&rsquo;auteur :<\/h3>\n\n<p>&#8211; Les images, les photos, les vid\u00e9os et les \u0153uvres d&rsquo;art figurant sur ce site web sont prot\u00e9g\u00e9es par les lois sur le droit d&rsquo;auteur et ne peuvent \u00eatre utilis\u00e9es \u00e0 des fins commerciales ou non commerciales sans l&rsquo;autorisation \u00e9crite expresse du d\u00e9tenteur du droit d&rsquo;auteur (Vio Dudau, photographe) ou sans le paiement d&rsquo;une redevance appropri\u00e9e pour l&rsquo;utilisation pr\u00e9vue, comme indiqu\u00e9 dans les prix affich\u00e9s \u00e0 c\u00f4t\u00e9 de chaque image disponible pour l&rsquo;octroi de licences.  <\/p>\n\n<p>&#8211; Toute utilisation non autoris\u00e9e des photos, des vid\u00e9os, des images ou de toute \u0153uvre d&rsquo;art sur ce site web, y compris, mais sans s&rsquo;y limiter, la formation AI, est strictement interdite et peut entra\u00eener des poursuites judiciaires.<\/p>\n\n<p>&#8211; En acc\u00e9dant \u00e0 ce site, vous acceptez de vous conformer \u00e0 ces conditions et de respecter le droit d&rsquo;auteur des images affich\u00e9es sur ce site.<\/p>\n\n<p>&#8211; Le titulaire du droit d&rsquo;auteur (Vio Dudau) se r\u00e9serve le droit de modifier ces conditions \u00e0 tout moment et sans pr\u00e9avis.<\/p>\n\n<h3 class=\"wp-block-heading\">Informations sur les licences<\/h3>\n\n<p>Toutes les images num\u00e9riques t\u00e9l\u00e9charg\u00e9es sur ce site sont vendues dans le cadre d&rsquo;un contrat de licence.  <strong>Libre de droits  <\/strong>une licence, ce qui signifie que vous ne devez payer qu&rsquo;une seule fois pour t\u00e9l\u00e9charger une image et que vous pouvez ensuite l&rsquo;utiliser sans limite pour vos projets.  <strong>ou pour un seul client<\/strong>si vous respectez les termes et conditions d&rsquo;utilisation. Si vous \u00eates un designer professionnel ou une agence (de publicit\u00e9\/de design) et que vous avez l&rsquo;intention d&rsquo;utiliser une image pour plusieurs clients, vous devez acheter une licence pour chaque client diff\u00e9rent (pas pour chaque projet diff\u00e9rent du m\u00eame client).<\/p>\n\n<p>Je propose deux types d&rsquo;images : <strong>Commercial<\/strong> et <strong>Editorial <\/strong>(voir la description de chaque image).<\/p>\n\n<p>La licence <strong>commerciale libre de droits<\/strong> vous donne le droit d&rsquo;utiliser les images dans des projets commerciaux et \u00e9ditoriaux, tandis que la licence <strong>\u00e9ditoriale libre de droits<\/strong> vous donne le droit d&rsquo;utiliser les images uniquement dans des projets \u00e9ditoriaux. Pour chacune de ces licences, il existe 3 tailles disponibles :<\/p>\n\n<ul class=\"wp-block-list\">\n<li>Taille Web : 1200 pixels sur la longueur (g\u00e9n\u00e9ralement, cela signifie 1200X800px), ce qui est suffisant pour une utilisation sur un site Web, un blog ou des messages sur les m\u00e9dias sociaux.<\/li>\n\n\n\n<li>Taille moyenne : 2500 pixels sur la longueur (g\u00e9n\u00e9ralement, cela signifie 2500x1667px), suffisante pour une impression au format A5 (21x15cm) \u00e0 300 dpi.<\/li>\n\n\n\n<li>Grande taille : environ 5000 pixels sur la longueur (g\u00e9n\u00e9ralement 5000x3333px ou plus), suffisante pour une impression en grand format.<\/li>\n<\/ul>\n\n<p>Toutes les dimensions sp\u00e9cifi\u00e9es sont approximatives et sujettes \u00e0 de l\u00e9g\u00e8res variations. Si vous n&rsquo;\u00eates pas s\u00fbr qu&rsquo;une image convienne \u00e0 la mise en page de votre projet, veuillez utiliser la page de contact pour le demander.<\/p>\n\n<p>En plus de ces licences, je propose \u00e9galement une licence de <strong>droits \u00e9tendus<\/strong> pour chaque image fixe (photos et illustrations), disponible uniquement dans la plus grande taille : environ 5000 pixels sur la longueur.<\/p>\n\n<p><strong>La licence de droits \u00e9tendus pour Commercial<\/strong>  images convient \u00e0 ceux qui ont l&rsquo;intention de vendre des articles physiques ou num\u00e9riques comportant l&rsquo;image de mani\u00e8re essentielle : tirages d&rsquo;art ou posters, tapis de souris, tasses, cartes postales\/cartes de v\u0153ux, t-shirts, calendriers, sacs imprim\u00e9s, mais aussi fonds d&rsquo;\u00e9cran, mod\u00e8les de sites web, \u00e9conomiseurs d&rsquo;\u00e9cran, cartes \u00e9lectroniques, pr\u00e9sentations Powerpoint ou autres mod\u00e8les num\u00e9riques destin\u00e9s \u00e0 \u00eatre vendus \u00e0 plus d&rsquo;un client final.<\/p>\n\n<p>La licence de droits \u00e9tendus ou la licence vid\u00e9o \u00e9tendue est \u00e9galement n\u00e9cessaire pour utiliser les images\/vid\u00e9os sur des panneaux d&rsquo;affichage imprim\u00e9s ou num\u00e9riques de grande taille, des publicit\u00e9s dans la rue et tout autre affichage de plus de 100 centim\u00e8tres (sur la longueur) dans des lieux publics, auxquels le public a acc\u00e8s avec ou sans billet d&rsquo;entr\u00e9e. Toutefois, cette licence n&rsquo;est pas n\u00e9cessaire pour les grands affichages dans des lieux priv\u00e9s o\u00f9 seul le personnel autoris\u00e9 peut entrer (int\u00e9rieur des bureaux d&rsquo;une entreprise priv\u00e9e par exemple).<\/p>\n\n<p>La licence de droits \u00e9tendus contient \u00e9galement la licence libre de droits ordinaire, de sorte que vous pourrez utiliser les images \u00e0 la fois pour la vente d&rsquo;articles physiques ou num\u00e9riques comportant les images de mani\u00e8re essentielle, et pour l&rsquo;utilisation ordinaire expliqu\u00e9e ci-dessus.<\/p>\n\n<p>J&rsquo;offre \u00e9galement la possibilit\u00e9 d&rsquo;une licence de <strong>droits exclusifs complets<\/strong> pour le premier acheteur de chaque image, commerciale ou \u00e9ditoriale, disponible en taille r\u00e9elle (environ 5000px sur la longueur). Cette licence vous accorde les droits exclusifs d&rsquo;utilisation de l&rsquo;image achet\u00e9e, y compris les droits libres de droits et les droits \u00e9tendus expliqu\u00e9s ci-dessus, mais ne vous transf\u00e8re pas le droit d&rsquo;auteur et vous ne pouvez pas d\u00e9clarer que vous en \u00eates l&rsquo;auteur. Je pourrai toujours pr\u00e9senter l&rsquo;image dans mon portfolio, mais je ne la c\u00e9derai plus jamais \u00e0 personne. Cette licence est adapt\u00e9e aux grandes campagnes ou aux couvertures de livres\/documentaires importants, afin d&rsquo;\u00e9liminer le risque de voir la m\u00eame image utilis\u00e9e par la concurrence au m\u00eame moment, pour une campagne diff\u00e9rente. En raison de sa sp\u00e9cificit\u00e9, cette licence n&rsquo;est disponible que pour le premier acheteur d&rsquo;une image. Une fois que l&rsquo;image a \u00e9t\u00e9 achet\u00e9e au moins une fois par quelqu&rsquo;un d&rsquo;autre pour une licence r\u00e9guli\u00e8re, quelle que soit la taille (les tirages sont exclus du calcul), l&rsquo;option d&rsquo;achat de droits exclusifs complets n&rsquo;est plus disponible, sauf si vous  <a href=\"https:\/\/photographer.lu\/contactt\/\" data-type=\"URL\" data-id=\"https:\/\/photographer.lu\/contactt\/\" target=\"_blank\" rel=\"noreferrer noopener\">le demander<\/a>en sachant que l&rsquo;image a \u00e9t\u00e9 utilis\u00e9e auparavant et qu&rsquo;elle peut \u00eatre utilis\u00e9e \u00e0 nouveau par un acheteur pr\u00e9c\u00e9dent.<\/p>\n\n<p>Les droits exclusifs complets ne s&rsquo;appliquent qu&rsquo;\u00e0 l&rsquo;octroi de licences. Les images resteront disponibles sous forme de tirages d&rsquo;art en \u00e9dition limit\u00e9e. Si vous voulez \u00e9liminer la possibilit\u00e9 que le photographe vende des tirages de l&rsquo;image, vous devez \u00e9galement acheter le tirage exclusif unique de la m\u00eame image.<\/p>\n\n<p><\/p>\n\n<h3 class=\"wp-block-heading\">Informations sur les impressions d&rsquo;art<\/h3>\n\n<p>Je propose \u00e9galement <a href=\"https:\/\/stock.photographer.lu\/image\/category\/prints\/\" target=\"_blank\" rel=\"noreferrer noopener\">\n  <strong>Tirages d&rsquo;art<\/strong>\n<\/a> pour certaines des photos de ce site. Les tirages sont <strong>sign\u00e9s et num\u00e9rot\u00e9s<\/strong> et seront livr\u00e9s \u00e0 l&rsquo;adresse indiqu\u00e9e dans votre compte (si vous n&rsquo;avez pas indiqu\u00e9 d&rsquo;adresse, veuillez <a href=\"https:\/\/stock.photographer.lu\/account\/\">modifier votre profil<\/a> avant de passer une commande). Par d\u00e9faut, les tirages sont d&rsquo;environ 40\u00d760 cm (le papier est de 42\u00d759,4 cm mais l&rsquo;image r\u00e9elle est de 40\u00d758 cm pour laisser de la place pour la signature en dessous) et sont accompagn\u00e9s d&rsquo;un certificat d&rsquo;authenticit\u00e9. Si je peux livrer moi-m\u00eame, <strong>si vous habitez au Luxembourg ou dans les environs, je vous les livrerai d\u00e9j\u00e0 encadr\u00e9s<\/strong>. Si vous habitez dans un autre pays, les tirages vous parviendront par d\u00e9faut non encadr\u00e9s. Si vous habitez dans un autre pays et que vous souhaitez que les tirages soient d\u00e9j\u00e0 encadr\u00e9s, veuillez me contacter et je le ferai, moyennant un suppl\u00e9ment de 50 euros (les frais d&rsquo;exp\u00e9dition sont tr\u00e8s \u00e9lev\u00e9s).<\/p>\n\n<p>Certaines images peuvent \u00eatre command\u00e9es en tant que <strong>tirages exclusifs UNIQUES<\/strong>, ce qui signifie que vous serez la seule personne au monde \u00e0 poss\u00e9der un tirage d&rsquo;art sign\u00e9 de cette image. L&rsquo;achat d&rsquo;une impression en exclusivit\u00e9 unique ne supprime pas l&rsquo;image de la licence, mais les autres clients ne pourront plus acheter une impression d&rsquo;art en \u00e9dition limit\u00e9e.<\/p>\n\n<p>Pour commander des tirages \u00e0 une taille diff\u00e9rente, veuillez utiliser la page <a href=\"https:\/\/photographer.lu\/fr\/contact\/\" target=\"_blank\" rel=\"noreferrer noopener\">Contact<\/a> et me faire savoir quelle taille vous souhaitez, afin que je puisse vous indiquer le prix. Tous les prix incluent la livraison.<\/p>\n\n<p><em>Avis de droit d&rsquo;auteur pour les tirages :<\/em> Lorsque vous m&rsquo;achetez un tirage, vous n&rsquo;achetez que le tirage physique et le droit de l&rsquo;exposer, vous n&rsquo;achetez donc pas les droits de l&rsquo;image. Le droit d&rsquo;auteur de l&rsquo;image restera toujours le mien. Vous pouvez revendre le tirage original que vous m&rsquo;avez achet\u00e9, mais vous ne pouvez en aucun cas vendre des r\u00e9impressions ou des adaptations de celui-ci. Vous ne pouvez pas scanner, photographier, dupliquer, copier, publier ou utiliser l&rsquo;image de quelque mani\u00e8re que ce soit sans mon autorisation \u00e9crite pr\u00e9alable. Si vous souhaitez utiliser l&rsquo;image \u00e0 des fins \u00e9ditoriales ou commerciales, vous devez acheter un permis, m\u00eame si vous avez d\u00e9j\u00e0 achet\u00e9 une impression.<\/p>\n\n<p>En cas de doute, veuillez utiliser la <a href=\"https:\/\/photographer.lu\/fr\/contact\/\" target=\"_blank\" rel=\"noreferrer noopener\">page de contact<\/a> pour poser vos questions, et je r\u00e9pondrai g\u00e9n\u00e9ralement en moins de 12 heures (je r\u00e9ponds rarement au t\u00e9l\u00e9phone, mais je lis tous les courriels, y compris ceux qui n&rsquo;aboutissent pas dans la bo\u00eete de r\u00e9ception, alors veuillez utiliser le courriel lorsque vous me contactez).<\/p>\n","protected":false},"excerpt":{"rendered":"<p>Vous pouvez trouver la politique de confidentialit\u00e9 ici. Vous pouvez trouver les informations juridiques ici. Vous pouvez trouver la politique de retours et de remboursements ici. Avis de droit d&rsquo;auteur : &#8211; Les images, les photos, les vid\u00e9os et les \u0153uvres d&rsquo;art figurant sur ce site web sont prot\u00e9g\u00e9es par les lois sur le droit [&hellip;]<\/p>\n","protected":false},"author":2,"featured_media":0,"parent":0,"menu_order":0,"comment_status":"closed","ping_status":"closed","template":"","meta":{"pgc_sgb_lightbox_settings":"","footnotes":""},"class_list":["post-18748","page","type-page","status-publish","hentry"],"blocksy_meta":{"styles_descriptor":{"styles":{"desktop":"","tablet":"","mobile":""},"google_fonts":[],"version":6}},"featured_image_urls_v2":{"full":"","thumbnail":"","medium":"","medium_large":"","large":"","1536x1536":"","2048x2048":"","woocommerce_archive_thumbnail":"","mailpoet_newsletter_max":"","woocommerce_thumbnail":"","woocommerce_single":"","woocommerce_gallery_thumbnail":"","jetpack-portfolio-admin-thumb":""},"post_excerpt_stackable_v2":"<p>Vous pouvez trouver la politique de confidentialit\u00e9 ici. Vous pouvez trouver les informations juridiques ici. Vous pouvez trouver la politique de retours et de remboursements ici. Avis de droit d&rsquo;auteur : &#8211; Les images, les photos, les vid\u00e9os et les \u0153uvres d&rsquo;art figurant sur ce site web sont prot\u00e9g\u00e9es par les lois sur le droit d&rsquo;auteur et ne peuvent \u00eatre utilis\u00e9es \u00e0 des fins commerciales ou non commerciales sans l&rsquo;autorisation \u00e9crite expresse du d\u00e9tenteur du droit d&rsquo;auteur (Vio Dudau, photographe) ou sans le paiement d&rsquo;une redevance appropri\u00e9e pour l&rsquo;utilisation pr\u00e9vue, comme indiqu\u00e9 dans les prix affich\u00e9s \u00e0 c\u00f4t\u00e9 de chaque\u2026<\/p>\n","category_list_v2":"","author_info_v2":{"name":"Photo Dudau Luxembourg","url":"https:\/\/photographer.lu\/fr\/author\/dudau\/"},"comments_num_v2":"0 commentaire","acf":[],"jetpack_sharing_enabled":true,"_links":{"self":[{"href":"https:\/\/photographer.lu\/fr\/wp-json\/wp\/v2\/pages\/18748","targetHints":{"allow":["GET"]}}],"collection":[{"href":"https:\/\/photographer.lu\/fr\/wp-json\/wp\/v2\/pages"}],"about":[{"href":"https:\/\/photographer.lu\/fr\/wp-json\/wp\/v2\/types\/page"}],"author":[{"embeddable":true,"href":"https:\/\/photographer.lu\/fr\/wp-json\/wp\/v2\/users\/2"}],"replies":[{"embeddable":true,"href":"https:\/\/photographer.lu\/fr\/wp-json\/wp\/v2\/comments?post=18748"}],"version-history":[{"count":0,"href":"https:\/\/photographer.lu\/fr\/wp-json\/wp\/v2\/pages\/18748\/revisions"}],"wp:attachment":[{"href":"https:\/\/photographer.lu\/fr\/wp-json\/wp\/v2\/media?parent=18748"}],"curies":[{"name":"wp","href":"https:\/\/api.w.org\/{rel}","templated":true}]}}