{"id":22583,"date":"2022-10-31T22:49:20","date_gmt":"2022-10-31T22:49:20","guid":{"rendered":"https:\/\/photographer.lu\/methodes-de-paiement\/"},"modified":"2022-10-31T22:52:57","modified_gmt":"2022-10-31T22:52:57","slug":"methodes-de-paiement","status":"publish","type":"page","link":"https:\/\/photographer.lu\/fr\/methodes-de-paiement\/","title":{"rendered":"M\u00e9thodes de paiement"},"content":{"rendered":"\n<p>Tous les paiements effectu\u00e9s sur ce site sont trait\u00e9s par les processeurs de paiement officiels affich\u00e9s lors du passage \u00e0 la caisse. Je ne traite pas les paiements moi-m\u00eame, et je ne peux pas voir les informations de paiement que vous remplissez pendant le paiement. Tout ce que je peux voir, c&rsquo;est le nom du processeur de paiement que vous avez s\u00e9lectionn\u00e9 (par exemple Payconiq) et, bien s\u00fbr, le produit command\u00e9 et le prix pay\u00e9, mais pas les d\u00e9tails de la carte ni le solde de votre compte.  <\/p>\n\n<div class=\"wp-block-stackable-image stk-block-image stk-block stk-6d59823\" data-block-id=\"6d59823\"><style>.stk-6d59823 .stk-img-wrapper{width:50% !important}<\/style><figure class=\"stk-img-wrapper stk-image--shape-stretch\"><img decoding=\"async\" class=\"stk-img wp-image-22578\" src=\"https:\/\/photographer.lu\/wp-content\/uploads\/2022\/10\/payment-methods-luxembourg.webp\" width=\"581\" height=\"40\" alt=\"les m&#xE9;thodes de paiement\" srcset=\"https:\/\/photographer.lu\/wp-content\/uploads\/2022\/10\/payment-methods-luxembourg.webp 581w, https:\/\/photographer.lu\/wp-content\/uploads\/2022\/10\/payment-methods-luxembourg-300x21.webp 300w, https:\/\/photographer.lu\/wp-content\/uploads\/2022\/10\/payment-methods-luxembourg-550x38.webp 550w\" sizes=\"(max-width: 581px) 100vw, 581px\" \/><\/figure><\/div>\n\n<p>Pour comprendre le processus, l&rsquo;argent que vous payez va directement \u00e0 la soci\u00e9t\u00e9 de traitement des paiements, et de l\u00e0, en quelques jours, sur mon compte bancaire. La seule exception est lorsque vous payez par virement bancaire. Dans ce cas, bien s\u00fbr, vous devez effectuer le virement directement sur mon compte bancaire, mais c&rsquo;est \u00e9galement la m\u00e9thode de paiement qui retardera l&rsquo;exp\u00e9dition de votre commande ou la possibilit\u00e9 de t\u00e9l\u00e9charger les fichiers num\u00e9riques jusqu&rsquo;\u00e0 ce que je puisse v\u00e9rifier que l&rsquo;argent est entr\u00e9 sur mon compte bancaire.<\/p>\n\n<p>J&rsquo;accepte actuellement les modes de paiement suivants, disponibles <strong>lors du processus de paiement<\/strong> (apr\u00e8s avoir ajout\u00e9 les produits \u00e0 votre panier et cliqu\u00e9 ou appuy\u00e9 sur le bouton \u00ab\u00a0Commander\u00a0\u00bb). Si vous ajoutez un article \u00e0 votre panier, vous pouvez voir certains de ces modes de paiement directement dans le panier (pour une commande simplifi\u00e9e), mais pour avoir acc\u00e8s \u00e0 tous les modes de paiement, vous devez vous rendre \u00e0 la caisse et s\u00e9lectionner un mode de paiement en bas de la page, sous les d\u00e9tails de votre commande et le prix \u00e0 payer.<\/p>\n\n<ol class=\"wp-block-list\"><li><strong>Paypal<\/strong> (trait\u00e9 par PayPal) &#8211; cela vous dirigera vers Paypal, o\u00f9 vous pourrez payer avec l&rsquo;argent que vous avez sur votre compte PayPal, mais aussi avec une carte ou un compte bancaire (si vous avez li\u00e9 votre compte bancaire \u00e0 PayPal).<\/li><li><strong>Paiements Amazon<\/strong> (trait\u00e9s par Amazon Europe) &#8211; vous serez dirig\u00e9 vers Amazon, o\u00f9 vous pourrez payer avec les m\u00e9thodes de paiement pr\u00e9f\u00e9r\u00e9es que vous avez enregistr\u00e9es dans votre compte Amazon.<\/li><li><strong>Payconiq<\/strong> (anciennement Digicash pour les utilisateurs luxembourgeois) &#8211; ce mode de paiement affiche un code QR \u00e0 la fin du processus de paiement, que vous pouvez scanner avec votre application Payconiq (ou la section Payconiq de votre application mobile S-net) pour effectuer le paiement.<\/li><li><strong>Virement bancaire<\/strong> &#8211; cette option vous permettra de terminer votre commande, mais vous recevrez des instructions sur l&rsquo;endroit o\u00f9 transf\u00e9rer l&rsquo;argent, afin que la commande soit compl\u00e8te. Ce n&rsquo;est qu&rsquo;apr\u00e8s avoir re\u00e7u l&rsquo;argent sur mon compte bancaire que la commande sera consid\u00e9r\u00e9e comme compl\u00e8te et que les produits seront exp\u00e9di\u00e9s, ou que les t\u00e9l\u00e9chargements num\u00e9riques seront disponibles. Si vous n&rsquo;\u00eates pas un adepte des achats en ligne ou du remplissage de vos donn\u00e9es de paiement en ligne, vous pouvez choisir cette m\u00e9thode, mais sachez qu&rsquo;elle sera \u00e9galement la plus lente dans le traitement de votre commande.<\/li><li><strong>Visa, Mastercard et autres cartes principales<\/strong> (trait\u00e9es par Stripe) &#8211; o\u00f9 vous pouvez simplement ins\u00e9rer les donn\u00e9es de votre carte de cr\u00e9dit et passer par la v\u00e9rification si celle-ci est activ\u00e9e.<\/li><li>En fonction de la mani\u00e8re dont vous commandez sur ce site web, \u00e0 partir de quel appareil ou navigateur, vous pouvez voir disponible \u00e9galement <strong>Google Pay<\/strong> ou <strong>Apple Pay<\/strong> &#8211; ceux-ci sont trait\u00e9s par Google ou Apple. Vous devez \u00eatre connect\u00e9 \u00e0 votre compte Google sur ce navigateur pour voir Google Pay, ou acheter depuis un navigateur Safari sur votre iPhone pour voir Apple Pay.<\/li><\/ol>\n\n<p>Au cas o\u00f9 vous voudriez  <a href=\"https:\/\/photographer.lu\/fr\/politique-de-remboursement-et-de-retour\/\" data-type=\"URL\" data-id=\"https:\/\/photographer.lu\/refund-returns\/\">annuler ou rembourser<\/a>  une commande que vous avez d\u00e9j\u00e0 pay\u00e9e, veuillez comprendre qu&rsquo;il peut s&rsquo;\u00e9couler quelques jours, jusqu&rsquo;\u00e0 deux semaines, avant que l&rsquo;argent ne vous parvienne, car, comme je l&rsquo;ai expliqu\u00e9 au d\u00e9but, l&rsquo;argent n&rsquo;entre pas imm\u00e9diatement sur mon compte bancaire, il passe d&rsquo;abord par la soci\u00e9t\u00e9 de traitement des paiements.<\/p>\n\n<p>Vous trouverez ici mes <a href=\"https:\/\/photographer.lu\/fr\/infos-legales\/\" data-type=\"URL\" data-id=\"https:\/\/photographer.lu\/legal-info\/\">informations juridiques<\/a>, au cas o\u00f9 vous en auriez besoin, et ici les <a href=\"https:\/\/photographer.lu\/fr\/conditions-generales-pour-les-impressions-et-les-telechargements-numeriques\/\" data-type=\"URL\" data-id=\"https:\/\/photographer.lu\/terms-conditions\/\">conditions<\/a> de commande sur mon site web.<\/p>\n\n<p>C&rsquo;est tout, <a href=\"https:\/\/photographer.lu\/shop-luxembourg-gifts\/\" data-type=\"URL\" data-id=\"https:\/\/photographer.lu\/shop-luxembourg-gifts\/\">bon shopping<\/a>!<\/p>\n","protected":false},"excerpt":{"rendered":"<p>Tous les paiements effectu\u00e9s sur ce site sont trait\u00e9s par les processeurs de paiement officiels affich\u00e9s lors du passage \u00e0 la caisse. Je ne traite pas les paiements moi-m\u00eame, et je ne peux pas voir les informations de paiement que vous remplissez pendant le paiement. Tout ce que je peux voir, c&rsquo;est le nom du [&hellip;]<\/p>\n","protected":false},"author":2,"featured_media":0,"parent":0,"menu_order":0,"comment_status":"closed","ping_status":"closed","template":"","meta":{"pgc_sgb_lightbox_settings":"","footnotes":""},"class_list":["post-22583","page","type-page","status-publish","hentry"],"blocksy_meta":{"styles_descriptor":{"styles":{"desktop":"","tablet":"","mobile":""},"google_fonts":[],"version":6}},"featured_image_urls_v2":{"full":"","thumbnail":"","medium":"","medium_large":"","large":"","1536x1536":"","2048x2048":"","woocommerce_archive_thumbnail":"","mailpoet_newsletter_max":"","woocommerce_thumbnail":"","woocommerce_single":"","woocommerce_gallery_thumbnail":"","jetpack-portfolio-admin-thumb":""},"post_excerpt_stackable_v2":"<p>Tous les paiements effectu\u00e9s sur ce site sont trait\u00e9s par les processeurs de paiement officiels affich\u00e9s lors du passage \u00e0 la caisse. Je ne traite pas les paiements moi-m\u00eame, et je ne peux pas voir les informations de paiement que vous remplissez pendant le paiement. Tout ce que je peux voir, c&rsquo;est le nom du processeur de paiement que vous avez s\u00e9lectionn\u00e9 (par exemple Payconiq) et, bien s\u00fbr, le produit command\u00e9 et le prix pay\u00e9, mais pas les d\u00e9tails de la carte ni le solde de votre compte. Pour comprendre le processus, l&rsquo;argent que vous payez va directement \u00e0 la\u2026<\/p>\n","category_list_v2":"","author_info_v2":{"name":"Photo Dudau Luxembourg","url":"https:\/\/photographer.lu\/fr\/author\/dudau\/"},"comments_num_v2":"0 commentaire","acf":[],"jetpack_sharing_enabled":true,"_links":{"self":[{"href":"https:\/\/photographer.lu\/fr\/wp-json\/wp\/v2\/pages\/22583","targetHints":{"allow":["GET"]}}],"collection":[{"href":"https:\/\/photographer.lu\/fr\/wp-json\/wp\/v2\/pages"}],"about":[{"href":"https:\/\/photographer.lu\/fr\/wp-json\/wp\/v2\/types\/page"}],"author":[{"embeddable":true,"href":"https:\/\/photographer.lu\/fr\/wp-json\/wp\/v2\/users\/2"}],"replies":[{"embeddable":true,"href":"https:\/\/photographer.lu\/fr\/wp-json\/wp\/v2\/comments?post=22583"}],"version-history":[{"count":0,"href":"https:\/\/photographer.lu\/fr\/wp-json\/wp\/v2\/pages\/22583\/revisions"}],"wp:attachment":[{"href":"https:\/\/photographer.lu\/fr\/wp-json\/wp\/v2\/media?parent=22583"}],"curies":[{"name":"wp","href":"https:\/\/api.w.org\/{rel}","templated":true}]}}