{"id":18800,"date":"2022-09-16T21:18:13","date_gmt":"2022-09-16T21:18:13","guid":{"rendered":"https:\/\/photographer.lu\/photo\/livre-photo-luxembourg-magic-a-la-decouverte-du-grand-duche\/"},"modified":"2023-09-27T05:00:54","modified_gmt":"2023-09-27T05:00:54","slug":"livre-photo-luxembourg-magie-decouverte-grand-duchy","status":"publish","type":"product","link":"https:\/\/photographer.lu\/fr\/photo\/livre-photo-luxembourg-magie-decouverte-grand-duchy\/","title":{"rendered":"Livre photo &#8211; Luxembourg Magic : D\u00e9couvrir le Grand-Duch\u00e9"},"content":{"rendered":"<p>Le livre de photos <strong>Luxembourg Magic : D\u00e9couvrir le Grand-Duch\u00e9 (Discovering the Grand-Duch\u00e9). <\/strong> <\/p>\n<p>Ce livre de table \u00e0 caf\u00e9 pr\u00e9sente <strong>100 images<\/strong> de la s\u00e9rie Luxembourg Magic, ainsi que <strong>5000 mots<\/strong> du photographe <a href=\"https:\/\/photographer.lu\/fr\/\" target=\"_blank\" rel=\"noopener noreferrer\">Vio Dudau<\/a> dans un livre reli\u00e9 de <strong>156 pages<\/strong>. Le format du livre est de 20x30cm (A4). Veuillez noter que si vous choisissez le format num\u00e9rique pour l&rsquo;achat, le nombre de pages sera de 134, car la mise en page num\u00e9rique est adapt\u00e9e \u00e0 la lecture sur des appareils num\u00e9riques (ordinateurs\/tablettes\/t\u00e9l\u00e9phones).<\/p>\n<p>Le texte est r\u00e9dig\u00e9 en <strong>deux langues : anglais et fran\u00e7ais<\/strong>. Le livre imprim\u00e9 est \u00e9galement disponible sur <a href=\"https:\/\/www.amazon.de\/gp\/product\/2919960784\/ref=as_li_tl?ie=UTF8&amp;camp=1638&amp;creative=6742&amp;creativeASIN=2919960784&amp;linkCode=as2&amp;tag=pagin-21&amp;linkId=e900a2131c7611b9a7d562437b0ff06a\" target=\"_blank\" rel=\"noopener\">Amazon<\/a> ou <a href=\"https:\/\/letzshop.lu\/fr\/products\/luxembourg-magic-decouvrir-le-grand-duche-cce420\" target=\"_blank\" rel=\"noopener\">Letzshop<\/a>.<\/p>\n<p>Ce livre de photos se concentre sur la <strong>ville de Luxembourg<\/strong>, mais contient \u00e9galement des images des <strong>villes et villages<\/strong>, des <strong>paysages<\/strong> et des <strong>ch\u00e2teaux du Luxembourg<\/strong>. Il s&rsquo;agit du premier livre d&rsquo;une s\u00e9rie de 7. \u00c0 un moment donn\u00e9, vous voudrez probablement avoir toute la collection, il est donc peut-\u00eatre sage de commencer par le premier, au cas o\u00f9 vous ne le retrouveriez pas plus tard.<\/p>\n","protected":false},"excerpt":{"rendered":"<p>Le livre de photos <strong>Luxembourg Magic : D\u00e9couvrir le Grand-Duch\u00e9 <\/strong>, du photographe Vio Dudau. NOUVEAU : ebook \u00e9galement disponible ! Cliquez sur le pouce ci-dessous pour voir un bref aper\u00e7u (1\/3 du livre) :  [real3dflipbook id=\"2\" mode=\"lightbox\"]<\/p>\n","protected":false},"featured_media":18175,"comment_status":"open","ping_status":"closed","template":"","meta":{"pgc_sgb_lightbox_settings":""},"product_brand":[],"product_cat":[627,628],"product_tag":[709,631,630,712],"class_list":{"0":"post-18800","1":"product","2":"type-product","3":"status-publish","4":"has-post-thumbnail","6":"product_cat-cadeaux-luxembourgeois","7":"product_cat-livres","8":"product_tag-le-grand-duche-de-luxembourg","9":"product_tag-livres","10":"product_tag-luxembourg-magic-fr","11":"product_tag-ville-de-luxembourg","12":"product_shipping_class-livres","14":"first","15":"outofstock","16":"taxable","17":"shipping-taxable","18":"purchasable","19":"product-type-variable"},"featured_image_urls_v2":{"full":["https:\/\/photographer.lu\/wp-content\/uploads\/2022\/09\/Luxembourg-Magic-Photo-Book_Discovering-Grand-Duchy_.webp",1500,931,false],"thumbnail":["https:\/\/photographer.lu\/wp-content\/uploads\/2022\/09\/Luxembourg-Magic-Photo-Book_Discovering-Grand-Duchy_.webp",550,341,false],"medium":["https:\/\/photographer.lu\/wp-content\/uploads\/2022\/09\/Luxembourg-Magic-Photo-Book_Discovering-Grand-Duchy_.webp",300,186,false],"medium_large":["https:\/\/photographer.lu\/wp-content\/uploads\/2022\/09\/Luxembourg-Magic-Photo-Book_Discovering-Grand-Duchy_.webp",768,477,false],"large":["https:\/\/photographer.lu\/wp-content\/uploads\/2022\/09\/Luxembourg-Magic-Photo-Book_Discovering-Grand-Duchy_.webp",1200,745,false],"1536x1536":["https:\/\/photographer.lu\/wp-content\/uploads\/2022\/09\/Luxembourg-Magic-Photo-Book_Discovering-Grand-Duchy_.webp",1500,931,false],"2048x2048":["https:\/\/photographer.lu\/wp-content\/uploads\/2022\/09\/Luxembourg-Magic-Photo-Book_Discovering-Grand-Duchy_.webp",1500,931,false],"woocommerce_archive_thumbnail":["https:\/\/photographer.lu\/wp-content\/uploads\/2022\/09\/Luxembourg-Magic-Photo-Book_Discovering-Grand-Duchy_-600x372.webp",600,372,true],"mailpoet_newsletter_max":["https:\/\/photographer.lu\/wp-content\/uploads\/2022\/09\/Luxembourg-Magic-Photo-Book_Discovering-Grand-Duchy_.webp",1320,819,false],"woocommerce_thumbnail":["https:\/\/photographer.lu\/wp-content\/uploads\/2022\/09\/Luxembourg-Magic-Photo-Book_Discovering-Grand-Duchy_-600x372.webp",600,372,true],"woocommerce_single":["https:\/\/photographer.lu\/wp-content\/uploads\/2022\/09\/Luxembourg-Magic-Photo-Book_Discovering-Grand-Duchy_-1200x745.webp",1200,745,true],"woocommerce_gallery_thumbnail":["https:\/\/photographer.lu\/wp-content\/uploads\/2022\/09\/Luxembourg-Magic-Photo-Book_Discovering-Grand-Duchy_-120x120.webp",120,120,true],"jetpack-portfolio-admin-thumb":["https:\/\/photographer.lu\/wp-content\/uploads\/2022\/09\/Luxembourg-Magic-Photo-Book_Discovering-Grand-Duchy_.webp",50,31,false]},"post_excerpt_stackable_v2":"<p>Le livre de photos <strong>Luxembourg Magic : D\u00e9couvrir le Grand-Duch\u00e9 <\/strong>, du photographe Vio Dudau. NOUVEAU : ebook \u00e9galement disponible ! Cliquez sur le pouce ci-dessous pour voir un bref aper\u00e7u (1\/3 du livre) :  [real3dflipbook id=\"2\" mode=\"lightbox\"]<\/p>\n","category_list_v2":"","author_info_v2":{"name":"","url":""},"comments_num_v2":"0 commentaire","acf":[],"jetpack_sharing_enabled":true,"_links":{"self":[{"href":"https:\/\/photographer.lu\/fr\/wp-json\/wp\/v2\/product\/18800","targetHints":{"allow":["GET"]}}],"collection":[{"href":"https:\/\/photographer.lu\/fr\/wp-json\/wp\/v2\/product"}],"about":[{"href":"https:\/\/photographer.lu\/fr\/wp-json\/wp\/v2\/types\/product"}],"replies":[{"embeddable":true,"href":"https:\/\/photographer.lu\/fr\/wp-json\/wp\/v2\/comments?post=18800"}],"wp:featuredmedia":[{"embeddable":true,"href":"https:\/\/photographer.lu\/fr\/wp-json\/wp\/v2\/media\/18175"}],"wp:attachment":[{"href":"https:\/\/photographer.lu\/fr\/wp-json\/wp\/v2\/media?parent=18800"}],"wp:term":[{"taxonomy":"product_brand","embeddable":true,"href":"https:\/\/photographer.lu\/fr\/wp-json\/wp\/v2\/product_brand?post=18800"},{"taxonomy":"product_cat","embeddable":true,"href":"https:\/\/photographer.lu\/fr\/wp-json\/wp\/v2\/product_cat?post=18800"},{"taxonomy":"product_tag","embeddable":true,"href":"https:\/\/photographer.lu\/fr\/wp-json\/wp\/v2\/product_tag?post=18800"}],"curies":[{"name":"wp","href":"https:\/\/api.w.org\/{rel}","templated":true}]}}