{"id":18810,"date":"2022-09-17T15:39:06","date_gmt":"2022-09-17T15:39:06","guid":{"rendered":"https:\/\/photographer.lu\/photo\/impression-de-la-trilogie-misty-luxembourg\/"},"modified":"2022-10-11T23:47:37","modified_gmt":"2022-10-11T23:47:37","slug":"impression-de-la-trilogie-misty-luxembourg","status":"publish","type":"product","link":"https:\/\/photographer.lu\/fr\/photo\/impression-de-la-trilogie-misty-luxembourg\/","title":{"rendered":"Impression de la trilogie : Misty Luxembourg"},"content":{"rendered":"<p>La trilogie d&rsquo;impressions <strong>Misty Luxembourg. <\/strong>Ce set comprend trois tirages de 18x25cm chacun (taille d\u00e9pli\u00e9e : 25x55cm), mont\u00e9s sur une couverture en cuir synth\u00e9tique, au toucher tr\u00e8s doux et luxueux. Les trois tirages pr\u00e9sentent quelques-unes des plus belles vues de la ville de Luxembourg, photographi\u00e9es lors de matins brumeux.<\/p>\n<p>L&rsquo;impression de la trilogie constitue un excellent cadeau pour une personne qui aime le Luxembourg et peut \u00eatre expos\u00e9e comme un objet de d\u00e9coration lorsqu&rsquo;elle est d\u00e9pli\u00e9e, ou comme un livre lorsqu&rsquo;elle est pli\u00e9e en trois.<\/p>\n<p>&nbsp;<\/p>\n","protected":false},"excerpt":{"rendered":"<p>Le tirage de la trilogie <strong>Misty Luxembourg<\/strong><strong> <\/strong>du photographe Vio Dudau.<\/p>\n","protected":false},"featured_media":18177,"comment_status":"open","ping_status":"closed","template":"","meta":{"pgc_sgb_lightbox_settings":""},"product_brand":[],"product_cat":[627],"product_tag":[631,630],"class_list":{"0":"post-18810","1":"product","2":"type-product","3":"status-publish","4":"has-post-thumbnail","6":"product_cat-cadeaux-luxembourgeois","7":"product_tag-livres","8":"product_tag-luxembourg-magic-fr","9":"product_shipping_class-cadeaux","11":"first","12":"outofstock","13":"taxable","14":"shipping-taxable","15":"purchasable","16":"product-type-simple"},"featured_image_urls_v2":{"full":["https:\/\/photographer.lu\/wp-content\/uploads\/2022\/09\/Misty-Luxembourg-Trilogy-Print-gift-VIO_4629.webp",1200,797,false],"thumbnail":["https:\/\/photographer.lu\/wp-content\/uploads\/2022\/09\/Misty-Luxembourg-Trilogy-Print-gift-VIO_4629.webp",550,365,false],"medium":["https:\/\/photographer.lu\/wp-content\/uploads\/2022\/09\/Misty-Luxembourg-Trilogy-Print-gift-VIO_4629.webp",300,199,false],"medium_large":["https:\/\/photographer.lu\/wp-content\/uploads\/2022\/09\/Misty-Luxembourg-Trilogy-Print-gift-VIO_4629.webp",768,510,false],"large":["https:\/\/photographer.lu\/wp-content\/uploads\/2022\/09\/Misty-Luxembourg-Trilogy-Print-gift-VIO_4629.webp",1200,797,false],"1536x1536":["https:\/\/photographer.lu\/wp-content\/uploads\/2022\/09\/Misty-Luxembourg-Trilogy-Print-gift-VIO_4629.webp",1200,797,false],"2048x2048":["https:\/\/photographer.lu\/wp-content\/uploads\/2022\/09\/Misty-Luxembourg-Trilogy-Print-gift-VIO_4629.webp",1200,797,false],"woocommerce_archive_thumbnail":["https:\/\/photographer.lu\/wp-content\/uploads\/2022\/09\/Misty-Luxembourg-Trilogy-Print-gift-VIO_4629-600x399.webp",600,399,true],"mailpoet_newsletter_max":["https:\/\/photographer.lu\/wp-content\/uploads\/2022\/09\/Misty-Luxembourg-Trilogy-Print-gift-VIO_4629.webp",1200,797,false],"woocommerce_thumbnail":["https:\/\/photographer.lu\/wp-content\/uploads\/2022\/09\/Misty-Luxembourg-Trilogy-Print-gift-VIO_4629-600x399.webp",600,399,true],"woocommerce_single":["https:\/\/photographer.lu\/wp-content\/uploads\/2022\/09\/Misty-Luxembourg-Trilogy-Print-gift-VIO_4629.webp",1200,797,false],"woocommerce_gallery_thumbnail":["https:\/\/photographer.lu\/wp-content\/uploads\/2022\/09\/Misty-Luxembourg-Trilogy-Print-gift-VIO_4629-120x120.webp",120,120,true],"jetpack-portfolio-admin-thumb":["https:\/\/photographer.lu\/wp-content\/uploads\/2022\/09\/Misty-Luxembourg-Trilogy-Print-gift-VIO_4629.webp",50,33,false]},"post_excerpt_stackable_v2":"<p>Le tirage de la trilogie <strong>Misty Luxembourg<\/strong><strong> <\/strong>du photographe Vio Dudau.<\/p>\n","category_list_v2":"","author_info_v2":{"name":"","url":""},"comments_num_v2":"0 commentaire","acf":[],"jetpack_sharing_enabled":true,"_links":{"self":[{"href":"https:\/\/photographer.lu\/fr\/wp-json\/wp\/v2\/product\/18810","targetHints":{"allow":["GET"]}}],"collection":[{"href":"https:\/\/photographer.lu\/fr\/wp-json\/wp\/v2\/product"}],"about":[{"href":"https:\/\/photographer.lu\/fr\/wp-json\/wp\/v2\/types\/product"}],"replies":[{"embeddable":true,"href":"https:\/\/photographer.lu\/fr\/wp-json\/wp\/v2\/comments?post=18810"}],"wp:featuredmedia":[{"embeddable":true,"href":"https:\/\/photographer.lu\/fr\/wp-json\/wp\/v2\/media\/18177"}],"wp:attachment":[{"href":"https:\/\/photographer.lu\/fr\/wp-json\/wp\/v2\/media?parent=18810"}],"wp:term":[{"taxonomy":"product_brand","embeddable":true,"href":"https:\/\/photographer.lu\/fr\/wp-json\/wp\/v2\/product_brand?post=18810"},{"taxonomy":"product_cat","embeddable":true,"href":"https:\/\/photographer.lu\/fr\/wp-json\/wp\/v2\/product_cat?post=18810"},{"taxonomy":"product_tag","embeddable":true,"href":"https:\/\/photographer.lu\/fr\/wp-json\/wp\/v2\/product_tag?post=18810"}],"curies":[{"name":"wp","href":"https:\/\/api.w.org\/{rel}","templated":true}]}}