{"id":18817,"date":"2022-09-06T21:46:37","date_gmt":"2022-09-06T21:46:37","guid":{"rendered":"https:\/\/photographer.lu\/photo\/impression-de-la-trilogie-luxembourg-de-nuit\/"},"modified":"2022-10-16T15:58:20","modified_gmt":"2022-10-16T15:58:20","slug":"trilogie-print-luxembourg-nuit","status":"publish","type":"product","link":"https:\/\/photographer.lu\/fr\/photo\/trilogie-print-luxembourg-nuit\/","title":{"rendered":"Impression de la trilogie : Luxembourg de nuit"},"content":{"rendered":"<p>La trilogie de tirages <strong>Luxembourg by Night. <\/strong>Ce set comprend trois tirages de 18x25cm chacun (taille d\u00e9pli\u00e9e : 25x55cm), mont\u00e9s sur une couverture en cuir synth\u00e9tique, avec un rev\u00eatement tr\u00e8s doux et luxueux. Les trois tirages pr\u00e9sentent quelques-uns des points de rep\u00e8re les plus importants du Luxembourg, photographi\u00e9s de nuit.<\/p>\n<p>L&rsquo;impression de la trilogie constitue un excellent cadeau pour une personne qui aime le Luxembourg et peut \u00eatre expos\u00e9e comme un objet de d\u00e9coration lorsqu&rsquo;elle est d\u00e9pli\u00e9e, ou comme un livre lorsqu&rsquo;elle est pli\u00e9e en trois.<\/p>\n","protected":false},"excerpt":{"rendered":"<p>Le tirage de la trilogie<strong> Luxembourg by Night<\/strong><strong> <\/strong>du photographe Vio Dudau.<\/p>\n","protected":false},"featured_media":18181,"comment_status":"open","ping_status":"closed","template":"","meta":{"pgc_sgb_lightbox_settings":""},"product_brand":[],"product_cat":[627],"product_tag":[1035,824,826,712],"class_list":{"0":"post-18817","1":"product","2":"type-product","3":"status-publish","4":"has-post-thumbnail","6":"product_cat-cadeaux-luxembourgeois","7":"product_tag-cadeaux","8":"product_tag-nuit","9":"product_tag-photographie-de-nuit","10":"product_tag-ville-de-luxembourg","11":"product_shipping_class-cadeaux","13":"first","14":"outofstock","15":"taxable","16":"shipping-taxable","17":"purchasable","18":"product-type-simple"},"featured_image_urls_v2":{"full":["https:\/\/photographer.lu\/wp-content\/uploads\/2022\/09\/Luxembourg-Night-Trilogy-Print-gift-VIO_4612.webp",1200,797,false],"thumbnail":["https:\/\/photographer.lu\/wp-content\/uploads\/2022\/09\/Luxembourg-Night-Trilogy-Print-gift-VIO_4612.webp",550,365,false],"medium":["https:\/\/photographer.lu\/wp-content\/uploads\/2022\/09\/Luxembourg-Night-Trilogy-Print-gift-VIO_4612.webp",300,199,false],"medium_large":["https:\/\/photographer.lu\/wp-content\/uploads\/2022\/09\/Luxembourg-Night-Trilogy-Print-gift-VIO_4612.webp",768,510,false],"large":["https:\/\/photographer.lu\/wp-content\/uploads\/2022\/09\/Luxembourg-Night-Trilogy-Print-gift-VIO_4612.webp",1200,797,false],"1536x1536":["https:\/\/photographer.lu\/wp-content\/uploads\/2022\/09\/Luxembourg-Night-Trilogy-Print-gift-VIO_4612.webp",1200,797,false],"2048x2048":["https:\/\/photographer.lu\/wp-content\/uploads\/2022\/09\/Luxembourg-Night-Trilogy-Print-gift-VIO_4612.webp",1200,797,false],"woocommerce_archive_thumbnail":["https:\/\/photographer.lu\/wp-content\/uploads\/2022\/09\/Luxembourg-Night-Trilogy-Print-gift-VIO_4612-600x399.webp",600,399,true],"mailpoet_newsletter_max":["https:\/\/photographer.lu\/wp-content\/uploads\/2022\/09\/Luxembourg-Night-Trilogy-Print-gift-VIO_4612.webp",1200,797,false],"woocommerce_thumbnail":["https:\/\/photographer.lu\/wp-content\/uploads\/2022\/09\/Luxembourg-Night-Trilogy-Print-gift-VIO_4612-600x399.webp",600,399,true],"woocommerce_single":["https:\/\/photographer.lu\/wp-content\/uploads\/2022\/09\/Luxembourg-Night-Trilogy-Print-gift-VIO_4612.webp",1200,797,false],"woocommerce_gallery_thumbnail":["https:\/\/photographer.lu\/wp-content\/uploads\/2022\/09\/Luxembourg-Night-Trilogy-Print-gift-VIO_4612-120x120.webp",120,120,true],"jetpack-portfolio-admin-thumb":["https:\/\/photographer.lu\/wp-content\/uploads\/2022\/09\/Luxembourg-Night-Trilogy-Print-gift-VIO_4612.webp",50,33,false]},"post_excerpt_stackable_v2":"<p>Le tirage de la trilogie<strong> Luxembourg by Night<\/strong><strong> <\/strong>du photographe Vio Dudau.<\/p>\n","category_list_v2":"","author_info_v2":{"name":"","url":""},"comments_num_v2":"0 commentaire","acf":[],"jetpack_sharing_enabled":true,"_links":{"self":[{"href":"https:\/\/photographer.lu\/fr\/wp-json\/wp\/v2\/product\/18817","targetHints":{"allow":["GET"]}}],"collection":[{"href":"https:\/\/photographer.lu\/fr\/wp-json\/wp\/v2\/product"}],"about":[{"href":"https:\/\/photographer.lu\/fr\/wp-json\/wp\/v2\/types\/product"}],"replies":[{"embeddable":true,"href":"https:\/\/photographer.lu\/fr\/wp-json\/wp\/v2\/comments?post=18817"}],"wp:featuredmedia":[{"embeddable":true,"href":"https:\/\/photographer.lu\/fr\/wp-json\/wp\/v2\/media\/18181"}],"wp:attachment":[{"href":"https:\/\/photographer.lu\/fr\/wp-json\/wp\/v2\/media?parent=18817"}],"wp:term":[{"taxonomy":"product_brand","embeddable":true,"href":"https:\/\/photographer.lu\/fr\/wp-json\/wp\/v2\/product_brand?post=18817"},{"taxonomy":"product_cat","embeddable":true,"href":"https:\/\/photographer.lu\/fr\/wp-json\/wp\/v2\/product_cat?post=18817"},{"taxonomy":"product_tag","embeddable":true,"href":"https:\/\/photographer.lu\/fr\/wp-json\/wp\/v2\/product_tag?post=18817"}],"curies":[{"name":"wp","href":"https:\/\/api.w.org\/{rel}","templated":true}]}}