{"id":18866,"date":"2022-10-09T19:59:23","date_gmt":"2022-10-09T19:59:23","guid":{"rendered":"https:\/\/photographer.lu\/photo\/tour-de-la-banque-a-luxembourg-au-printemps\/"},"modified":"2023-09-26T02:07:26","modified_gmt":"2023-09-26T02:07:26","slug":"tour-de-la-banque-a-luxembourg-au-printemps","status":"publish","type":"product","link":"https:\/\/photographer.lu\/fr\/photo\/tour-de-la-banque-a-luxembourg-au-printemps\/","title":{"rendered":"Tour de la Banque \u00e0 Luxembourg au printemps"},"content":{"rendered":"<p>Photo <span style=\"color: #008000;\">commerciale<\/span> de la Tour Spuerkeess (Banque et Caisse d&rsquo;\u00c9pargne de l&rsquo;\u00c9tat &#8211; BCEE) \u00e0 Luxembourg au printemps avec des fleurs de magnolia \u00e9panouies.<\/p>\n<p>Cette image est disponible sous licence en t\u00e9l\u00e9chargement num\u00e9rique.<\/p>\n<p>Des tirages limit\u00e9s et des tirages libres sont disponibles.<\/p>\n","protected":false},"excerpt":{"rendered":"<p>La State Savings Bank \u00e0 Luxembourg au printemps avec des magnolias en fleurs.<\/p>\n","protected":false},"featured_media":18595,"comment_status":"open","ping_status":"closed","template":"","meta":{"pgc_sgb_lightbox_settings":""},"product_brand":[],"product_cat":[703,702],"product_tag":[727,724,722,723,716,718,714,705,715,725,717,713,711,728,726,719,729,721,712,720],"class_list":{"0":"post-18866","1":"product","2":"type-product","3":"status-publish","4":"has-post-thumbnail","6":"product_cat-luxembourg-images-fr","7":"product_cat-tirages-dart","8":"product_tag-arbre-de-printemps","9":"product_tag-arbre-en-fleurs","10":"product_tag-bcee-fr","11":"product_tag-fleuri","12":"product_tag-fleurs","13":"product_tag-iconique","14":"product_tag-images-du-luxembourg","15":"product_tag-imprime","16":"product_tag-letzebuerg-fr","17":"product_tag-magnolia-fr","18":"product_tag-photoen","19":"product_tag-photos-du-luxembourg","20":"product_tag-points-de-repere","21":"product_tag-printemps-fr","22":"product_tag-printemps","23":"product_tag-saisons","24":"product_tag-spuerkeess-fr","25":"product_tag-symboles","26":"product_tag-ville-de-luxembourg","27":"product_tag-ville-haute-fr","28":"product_shipping_class-imprimes","30":"first","31":"instock","32":"taxable","33":"shipping-taxable","34":"purchasable","35":"product-type-variable"},"featured_image_urls_v2":{"full":["https:\/\/photographer.lu\/wp-content\/uploads\/2022\/10\/8483-L-VIO-9355-Bank-tower-Luxembourg-city-spring.webp",1200,800,false],"thumbnail":["https:\/\/photographer.lu\/wp-content\/uploads\/2022\/10\/8483-L-VIO-9355-Bank-tower-Luxembourg-city-spring-550x367.webp",550,367,true],"medium":["https:\/\/photographer.lu\/wp-content\/uploads\/2022\/10\/8483-L-VIO-9355-Bank-tower-Luxembourg-city-spring-300x200.webp",300,200,true],"medium_large":["https:\/\/photographer.lu\/wp-content\/uploads\/2022\/10\/8483-L-VIO-9355-Bank-tower-Luxembourg-city-spring-768x512.webp",768,512,true],"large":["https:\/\/photographer.lu\/wp-content\/uploads\/2022\/10\/8483-L-VIO-9355-Bank-tower-Luxembourg-city-spring.webp",1200,800,false],"1536x1536":["https:\/\/photographer.lu\/wp-content\/uploads\/2022\/10\/8483-L-VIO-9355-Bank-tower-Luxembourg-city-spring.webp",1200,800,false],"2048x2048":["https:\/\/photographer.lu\/wp-content\/uploads\/2022\/10\/8483-L-VIO-9355-Bank-tower-Luxembourg-city-spring.webp",1200,800,false],"woocommerce_archive_thumbnail":["https:\/\/photographer.lu\/wp-content\/uploads\/2022\/10\/8483-L-VIO-9355-Bank-tower-Luxembourg-city-spring-600x400.webp",600,400,true],"mailpoet_newsletter_max":["https:\/\/photographer.lu\/wp-content\/uploads\/2022\/10\/8483-L-VIO-9355-Bank-tower-Luxembourg-city-spring.webp",1200,800,false],"woocommerce_thumbnail":["https:\/\/photographer.lu\/wp-content\/uploads\/2022\/10\/8483-L-VIO-9355-Bank-tower-Luxembourg-city-spring-600x400.webp",600,400,true],"woocommerce_single":["https:\/\/photographer.lu\/wp-content\/uploads\/2022\/10\/8483-L-VIO-9355-Bank-tower-Luxembourg-city-spring.webp",1200,800,false],"woocommerce_gallery_thumbnail":["https:\/\/photographer.lu\/wp-content\/uploads\/2022\/10\/8483-L-VIO-9355-Bank-tower-Luxembourg-city-spring-120x120.webp",120,120,true],"jetpack-portfolio-admin-thumb":["https:\/\/photographer.lu\/wp-content\/uploads\/2022\/10\/8483-L-VIO-9355-Bank-tower-Luxembourg-city-spring-50x50.webp",50,50,true]},"post_excerpt_stackable_v2":"<p>La State Savings Bank \u00e0 Luxembourg au printemps avec des magnolias en fleurs.<\/p>\n","category_list_v2":"","author_info_v2":{"name":"","url":""},"comments_num_v2":"0 commentaire","acf":[],"jetpack_sharing_enabled":true,"_links":{"self":[{"href":"https:\/\/photographer.lu\/fr\/wp-json\/wp\/v2\/product\/18866","targetHints":{"allow":["GET"]}}],"collection":[{"href":"https:\/\/photographer.lu\/fr\/wp-json\/wp\/v2\/product"}],"about":[{"href":"https:\/\/photographer.lu\/fr\/wp-json\/wp\/v2\/types\/product"}],"replies":[{"embeddable":true,"href":"https:\/\/photographer.lu\/fr\/wp-json\/wp\/v2\/comments?post=18866"}],"wp:featuredmedia":[{"embeddable":true,"href":"https:\/\/photographer.lu\/fr\/wp-json\/wp\/v2\/media\/18595"}],"wp:attachment":[{"href":"https:\/\/photographer.lu\/fr\/wp-json\/wp\/v2\/media?parent=18866"}],"wp:term":[{"taxonomy":"product_brand","embeddable":true,"href":"https:\/\/photographer.lu\/fr\/wp-json\/wp\/v2\/product_brand?post=18866"},{"taxonomy":"product_cat","embeddable":true,"href":"https:\/\/photographer.lu\/fr\/wp-json\/wp\/v2\/product_cat?post=18866"},{"taxonomy":"product_tag","embeddable":true,"href":"https:\/\/photographer.lu\/fr\/wp-json\/wp\/v2\/product_tag?post=18866"}],"curies":[{"name":"wp","href":"https:\/\/api.w.org\/{rel}","templated":true}]}}