{"id":18867,"date":"2022-09-06T21:45:54","date_gmt":"2022-09-06T21:45:54","guid":{"rendered":"https:\/\/photographer.lu\/photo\/carte-de-visite-magique-du-luxembourg\/"},"modified":"2022-10-16T16:03:23","modified_gmt":"2022-10-16T16:03:23","slug":"carte-de-visite-magique-du-luxembourg","status":"publish","type":"product","link":"https:\/\/photographer.lu\/fr\/photo\/carte-de-visite-magique-du-luxembourg\/","title":{"rendered":"Carte de visite magique du Luxembourg"},"content":{"rendered":"<p>La carte de visite magique du Luxembourg est une petite collection de certaines de mes meilleures images du Luxembourg, pr\u00e9sent\u00e9es dans un livret carr\u00e9 au format de poche. Tout comme le Luxembourg, il semble petit \u00e0 premi\u00e8re vue, en seulement 7,5\u00d77,5 cm, mais il se d\u00e9ploie \u00e0 l&rsquo;\u0153il curieux pour montrer sa v\u00e9ritable beaut\u00e9 \u00e0 l&rsquo;int\u00e9rieur, lorsqu&rsquo;il est expos\u00e9 dans sa pleine longueur de 70 cm.<\/p>\n<p>La carte de visite du Luxembourg montre 5 des vues et des points de rep\u00e8re les plus embl\u00e9matiques de la ville de Luxembourg au recto, tandis qu&rsquo;au verso, elle pr\u00e9sente 8 des plus beaux endroits du reste du Grand-Duch\u00e9 : le ch\u00e2teau de Vianden, le ch\u00e2teau de Bourscheid, Mullerthal, Diekirch, Esch-sur-Alzette, le ch\u00e2teau de Clervaux, le lac de la Haute-S\u00fbre et la grotte de Hohllay \u00e0 Berdorf.<\/p>\n<p>Il est pr\u00e9sent\u00e9 dans une petite bo\u00eete blanche \u00e9l\u00e9gante, ce qui en fait un cadeau id\u00e9al pour vos amis, votre famille ou vos partenaires commerciaux en visite au Luxembourg. La garantie de faire une excellente premi\u00e8re impression !<\/p>\n<p>&nbsp;<\/p>\n","protected":false},"excerpt":{"rendered":"<p>La carte de visite magique du Luxembourg du photographe Vio Dudau.<\/p>\n","protected":false},"featured_media":18183,"comment_status":"open","ping_status":"closed","template":"","meta":{"pgc_sgb_lightbox_settings":""},"product_brand":[],"product_cat":[627],"product_tag":[1035,709,631,630,712],"class_list":{"0":"post-18867","1":"product","2":"type-product","3":"status-publish","4":"has-post-thumbnail","6":"product_cat-cadeaux-luxembourgeois","7":"product_tag-cadeaux","8":"product_tag-le-grand-duche-de-luxembourg","9":"product_tag-livres","10":"product_tag-luxembourg-magic-fr","11":"product_tag-ville-de-luxembourg","12":"product_shipping_class-cadeaux","14":"first","15":"outofstock","16":"taxable","17":"shipping-taxable","18":"purchasable","19":"product-type-simple"},"featured_image_urls_v2":{"full":["https:\/\/photographer.lu\/wp-content\/uploads\/2022\/09\/Luxembourg-Magical-Visit-Card_4251_photodudau.webp",1200,800,false],"thumbnail":["https:\/\/photographer.lu\/wp-content\/uploads\/2022\/09\/Luxembourg-Magical-Visit-Card_4251_photodudau.webp",550,367,false],"medium":["https:\/\/photographer.lu\/wp-content\/uploads\/2022\/09\/Luxembourg-Magical-Visit-Card_4251_photodudau.webp",300,200,false],"medium_large":["https:\/\/photographer.lu\/wp-content\/uploads\/2022\/09\/Luxembourg-Magical-Visit-Card_4251_photodudau.webp",768,512,false],"large":["https:\/\/photographer.lu\/wp-content\/uploads\/2022\/09\/Luxembourg-Magical-Visit-Card_4251_photodudau.webp",1200,800,false],"1536x1536":["https:\/\/photographer.lu\/wp-content\/uploads\/2022\/09\/Luxembourg-Magical-Visit-Card_4251_photodudau.webp",1200,800,false],"2048x2048":["https:\/\/photographer.lu\/wp-content\/uploads\/2022\/09\/Luxembourg-Magical-Visit-Card_4251_photodudau.webp",1200,800,false],"woocommerce_archive_thumbnail":["https:\/\/photographer.lu\/wp-content\/uploads\/2022\/09\/Luxembourg-Magical-Visit-Card_4251_photodudau-600x400.webp",600,400,true],"mailpoet_newsletter_max":["https:\/\/photographer.lu\/wp-content\/uploads\/2022\/09\/Luxembourg-Magical-Visit-Card_4251_photodudau.webp",1200,800,false],"woocommerce_thumbnail":["https:\/\/photographer.lu\/wp-content\/uploads\/2022\/09\/Luxembourg-Magical-Visit-Card_4251_photodudau-600x400.webp",600,400,true],"woocommerce_single":["https:\/\/photographer.lu\/wp-content\/uploads\/2022\/09\/Luxembourg-Magical-Visit-Card_4251_photodudau.webp",1200,800,false],"woocommerce_gallery_thumbnail":["https:\/\/photographer.lu\/wp-content\/uploads\/2022\/09\/Luxembourg-Magical-Visit-Card_4251_photodudau-120x120.webp",120,120,true],"jetpack-portfolio-admin-thumb":["https:\/\/photographer.lu\/wp-content\/uploads\/2022\/09\/Luxembourg-Magical-Visit-Card_4251_photodudau.webp",50,33,false]},"post_excerpt_stackable_v2":"<p>La carte de visite magique du Luxembourg du photographe Vio Dudau.<\/p>\n","category_list_v2":"","author_info_v2":{"name":"","url":""},"comments_num_v2":"0 commentaire","acf":[],"jetpack_sharing_enabled":true,"_links":{"self":[{"href":"https:\/\/photographer.lu\/fr\/wp-json\/wp\/v2\/product\/18867","targetHints":{"allow":["GET"]}}],"collection":[{"href":"https:\/\/photographer.lu\/fr\/wp-json\/wp\/v2\/product"}],"about":[{"href":"https:\/\/photographer.lu\/fr\/wp-json\/wp\/v2\/types\/product"}],"replies":[{"embeddable":true,"href":"https:\/\/photographer.lu\/fr\/wp-json\/wp\/v2\/comments?post=18867"}],"wp:featuredmedia":[{"embeddable":true,"href":"https:\/\/photographer.lu\/fr\/wp-json\/wp\/v2\/media\/18183"}],"wp:attachment":[{"href":"https:\/\/photographer.lu\/fr\/wp-json\/wp\/v2\/media?parent=18867"}],"wp:term":[{"taxonomy":"product_brand","embeddable":true,"href":"https:\/\/photographer.lu\/fr\/wp-json\/wp\/v2\/product_brand?post=18867"},{"taxonomy":"product_cat","embeddable":true,"href":"https:\/\/photographer.lu\/fr\/wp-json\/wp\/v2\/product_cat?post=18867"},{"taxonomy":"product_tag","embeddable":true,"href":"https:\/\/photographer.lu\/fr\/wp-json\/wp\/v2\/product_tag?post=18867"}],"curies":[{"name":"wp","href":"https:\/\/api.w.org\/{rel}","templated":true}]}}