{"id":18898,"date":"2022-07-20T22:48:19","date_gmt":"2022-07-20T22:48:19","guid":{"rendered":"https:\/\/photographer.lu\/photo\/carte-de-voeux-luxembourgeoise-joyeuses-fetes\/"},"modified":"2023-09-24T16:05:20","modified_gmt":"2023-09-24T16:05:20","slug":"luxembourg-carte-de-souhaits-de-vacances","status":"publish","type":"product","link":"https:\/\/photographer.lu\/fr\/photo\/luxembourg-carte-de-souhaits-de-vacances\/","title":{"rendered":"Carte de v\u0153ux Luxembourg Joyeuses F\u00eates"},"content":{"rendered":"<p><strong>Cartes de v\u0153ux luxembourgeoises<\/strong> au format A5 (15\u00d721 cm) avec un <strong>message \u00ab\u00a0Joyeuses F\u00eates\u00a0\u00bb<\/strong> \u00e9crit \u00e0 l&rsquo;int\u00e9rieur. Le recto est une image mixte bas\u00e9e sur ma propre photo de la <a href=\"https:\/\/stock.photographer.lu\/image\/winter-luxembourg-city\/\">neige d&rsquo;hiver dans la ville de Luxembourg<\/a>, tandis que l&rsquo;int\u00e9rieur est le message \u00ab\u00a0Joyeuses f\u00eates\u00a0\u00bb \u00e9crit en plusieurs langues : luxembourgeois, anglais, portugais, fran\u00e7ais, allemand, grec, hongrois, roumain, italien, polonais et espagnol.<\/p>\n<p>Il est accompagn\u00e9 d&rsquo;une enveloppe bleue ou rouge (selon la disponibilit\u00e9), pr\u00eate \u00e0 \u00eatre offerte \u00e0 vos proches.<\/p>\n","protected":false},"excerpt":{"rendered":"<p>Cartes de v\u0153ux luxembourgeoises au format A5 (15\u00d721 cm) avec un message \u00ab\u00a0Joyeuses F\u00eates\u00a0\u00bb \u00e9crit \u00e0 l&rsquo;int\u00e9rieur. Le recto est une image mixte bas\u00e9e sur ma propre photo de la neige d&rsquo;hiver dans la ville de Luxembourg, tandis que l&rsquo;int\u00e9rieur est le message \u00ab\u00a0Joyeuses f\u00eates\u00a0\u00bb \u00e9crit en plusieurs langues : luxembourgeois, anglais, portugais, fran\u00e7ais, allemand, [&hellip;]<\/p>\n","protected":false},"featured_media":18343,"comment_status":"open","ping_status":"closed","template":"","meta":{"pgc_sgb_lightbox_settings":""},"product_brand":[],"product_cat":[627],"product_tag":[1354],"class_list":{"0":"post-18898","1":"product","2":"type-product","3":"status-publish","4":"has-post-thumbnail","6":"product_cat-cadeaux-luxembourgeois","7":"product_tag-cartes-de-voeux","8":"product_shipping_class-calendriers","10":"first","11":"outofstock","12":"taxable","13":"shipping-taxable","14":"purchasable","15":"product-type-variable","16":"has-default-attributes"},"featured_image_urls_v2":{"full":["https:\/\/photographer.lu\/wp-content\/uploads\/2022\/09\/luxembourg-greeting-card-happy-holidays_front-back.webp",1200,800,false],"thumbnail":["https:\/\/photographer.lu\/wp-content\/uploads\/2022\/09\/luxembourg-greeting-card-happy-holidays_front-back.webp",550,367,false],"medium":["https:\/\/photographer.lu\/wp-content\/uploads\/2022\/09\/luxembourg-greeting-card-happy-holidays_front-back.webp",300,200,false],"medium_large":["https:\/\/photographer.lu\/wp-content\/uploads\/2022\/09\/luxembourg-greeting-card-happy-holidays_front-back.webp",768,512,false],"large":["https:\/\/photographer.lu\/wp-content\/uploads\/2022\/09\/luxembourg-greeting-card-happy-holidays_front-back.webp",1200,800,false],"1536x1536":["https:\/\/photographer.lu\/wp-content\/uploads\/2022\/09\/luxembourg-greeting-card-happy-holidays_front-back.webp",1200,800,false],"2048x2048":["https:\/\/photographer.lu\/wp-content\/uploads\/2022\/09\/luxembourg-greeting-card-happy-holidays_front-back.webp",1200,800,false],"woocommerce_archive_thumbnail":["https:\/\/photographer.lu\/wp-content\/uploads\/2022\/09\/luxembourg-greeting-card-happy-holidays_front-back-600x400.webp",600,400,true],"mailpoet_newsletter_max":["https:\/\/photographer.lu\/wp-content\/uploads\/2022\/09\/luxembourg-greeting-card-happy-holidays_front-back.webp",1200,800,false],"woocommerce_thumbnail":["https:\/\/photographer.lu\/wp-content\/uploads\/2022\/09\/luxembourg-greeting-card-happy-holidays_front-back-600x400.webp",600,400,true],"woocommerce_single":["https:\/\/photographer.lu\/wp-content\/uploads\/2022\/09\/luxembourg-greeting-card-happy-holidays_front-back.webp",1200,800,false],"woocommerce_gallery_thumbnail":["https:\/\/photographer.lu\/wp-content\/uploads\/2022\/09\/luxembourg-greeting-card-happy-holidays_front-back-120x120.webp",120,120,true],"jetpack-portfolio-admin-thumb":["https:\/\/photographer.lu\/wp-content\/uploads\/2022\/09\/luxembourg-greeting-card-happy-holidays_front-back.webp",50,33,false]},"post_excerpt_stackable_v2":"<p>Cartes de v\u0153ux luxembourgeoises au format A5 (15\u00d721 cm) avec un message \u00ab\u00a0Joyeuses F\u00eates\u00a0\u00bb \u00e9crit \u00e0 l&rsquo;int\u00e9rieur. Le recto est une image mixte bas\u00e9e sur ma propre photo de la neige d&rsquo;hiver dans la ville de Luxembourg, tandis que l&rsquo;int\u00e9rieur est le message \u00ab\u00a0Joyeuses f\u00eates\u00a0\u00bb \u00e9crit en plusieurs langues : luxembourgeois, anglais, portugais, fran\u00e7ais, allemand, grec, hongrois, roumain, italien, polonais et espagnol. Il est accompagn\u00e9 d&rsquo;une enveloppe bleue ou rouge (selon la disponibilit\u00e9), pr\u00eate \u00e0 \u00eatre offerte \u00e0 vos proches.<\/p>\n","category_list_v2":"","author_info_v2":{"name":"","url":""},"comments_num_v2":"0 commentaire","acf":[],"jetpack_sharing_enabled":true,"_links":{"self":[{"href":"https:\/\/photographer.lu\/fr\/wp-json\/wp\/v2\/product\/18898","targetHints":{"allow":["GET"]}}],"collection":[{"href":"https:\/\/photographer.lu\/fr\/wp-json\/wp\/v2\/product"}],"about":[{"href":"https:\/\/photographer.lu\/fr\/wp-json\/wp\/v2\/types\/product"}],"replies":[{"embeddable":true,"href":"https:\/\/photographer.lu\/fr\/wp-json\/wp\/v2\/comments?post=18898"}],"wp:featuredmedia":[{"embeddable":true,"href":"https:\/\/photographer.lu\/fr\/wp-json\/wp\/v2\/media\/18343"}],"wp:attachment":[{"href":"https:\/\/photographer.lu\/fr\/wp-json\/wp\/v2\/media?parent=18898"}],"wp:term":[{"taxonomy":"product_brand","embeddable":true,"href":"https:\/\/photographer.lu\/fr\/wp-json\/wp\/v2\/product_brand?post=18898"},{"taxonomy":"product_cat","embeddable":true,"href":"https:\/\/photographer.lu\/fr\/wp-json\/wp\/v2\/product_cat?post=18898"},{"taxonomy":"product_tag","embeddable":true,"href":"https:\/\/photographer.lu\/fr\/wp-json\/wp\/v2\/product_tag?post=18898"}],"curies":[{"name":"wp","href":"https:\/\/api.w.org\/{rel}","templated":true}]}}