{"id":18921,"date":"2024-09-18T12:53:38","date_gmt":"2024-09-18T12:53:38","guid":{"rendered":"https:\/\/photographer.lu\/photo\/calendrier-luxembourg-magique-2023\/"},"modified":"2026-02-12T19:11:30","modified_gmt":"2026-02-12T19:11:30","slug":"calendrier-luxembourg-magique","status":"publish","type":"product","link":"https:\/\/photographer.lu\/fr\/photo\/calendrier-luxembourg-magique\/","title":{"rendered":"Calendrier Luxembourg 2025"},"content":{"rendered":"<p><strong>Luxembourg Magique 2025 calendriers<\/strong> en <strong>2 formats diff\u00e9rents<\/strong>: un grand et magnifique <strong>calendrier mural<\/strong> 40x30cm (A3) et un grand et magnifique <strong>calendrier de bureau<\/strong> 30x20cm (A4). Leurs photos et leur mise en page sont les m\u00eames, seule la taille est diff\u00e9rente. Tous les calendriers luxembourgeois comportent 53 pages, une par semaine, en 26 feuilles imprim\u00e9es recto-verso.<\/p>\n<p>Le <strong>Calendrier Luxembourg<\/strong> <strong>2025<\/strong> comprend des photos de tout le Grand-Duch\u00e9 de Luxembourg. L&rsquo;\u00e9dition 2025 comprend 21 photos de la ville de Luxembourg, 15 photos des ch\u00e2teaux luxembourgeois, de la photographie de rue, des paysages, des villes et des villages : Mamer, Bertrange, Strassen, Lac Haute S\u00fbre, Esch-sur-S\u00fbre, Kehlen, Ettelbruck, Diekirch, Schengen, Wellenstein, Arsdorf, Munsbach, Niederanven, Beaufort, Machtum, Clervaux, Vianden, Bourscheid, Cruchten, Bettborn, Colpach, Bourglinster, Moselle, Lenningen, Septfontaines, Differdange et Wiltz.<\/p>\n<p>Les l\u00e9gendes des photos sont r\u00e9dig\u00e9es en anglais, tandis que les mois, les semaines et les jours de la semaine sont \u00e9crits en fran\u00e7ais, anglais, allemand et luxembourgeois. C&rsquo;est un produit charmant, orient\u00e9 vers la communaut\u00e9 internationale.<\/p>\n<p><span style=\"color: #ff0000;\"><strong>Les ventes se terminent le 13 d\u00e9cembre 2024.<\/strong><\/span><\/p>\n","protected":false},"excerpt":{"rendered":"<p><strong>Luxembourg Magique 2025 calendrier hebdomadaire : 53 pages, 53 images, une page par semaine.<\/strong>  Le calendrier luxembourgeois 2025 comprend des photos de la ville de Luxembourg et du reste du Grand-Duch\u00e9 (Mamer, Bertrange, Strassen, Lac Haute S\u00fbre, Esch-sur-S\u00fbre, Kehlen, Ettelbruck, Diekirch, Schengen, Wellenstein, Arsdorf, Munsbach, Niederanven, Beaufort, Machtum, Clervaux, Vianden, Bourscheid, Cruchten, Bettborn, Colpach, Bourglinster, Moselle, Lenningen, Septfontaines, Differdange et Wiltz). Payez avec votre m\u00e9thode de paiement pr\u00e9f\u00e9r\u00e9e lors de la v\u00e9rification.  <span style=\"color: #ff0000;\"><strong>Les ventes se terminent le 13 d\u00e9cembre 2024.<\/strong><\/span><\/p>\n<p><img decoding=\"async\" class=\"alignnone size-full wp-image-22578\" src=\"https:\/\/photographer.lu\/wp-content\/uploads\/2022\/10\/payment-methods-luxembourg.webp\" alt=\"les m\u00e9thodes de paiement\" width=\"581\" height=\"40\" srcset=\"https:\/\/photographer.lu\/wp-content\/uploads\/2022\/10\/payment-methods-luxembourg.webp 581w, https:\/\/photographer.lu\/wp-content\/uploads\/2022\/10\/payment-methods-luxembourg-300x21.webp 300w, https:\/\/photographer.lu\/wp-content\/uploads\/2022\/10\/payment-methods-luxembourg-550x38.webp 550w\" sizes=\"(max-width: 581px) 100vw, 581px\" \/><\/p>\n","protected":false},"featured_media":34605,"comment_status":"open","ping_status":"closed","template":"","meta":{"pgc_sgb_lightbox_settings":""},"product_brand":[],"product_cat":[627],"product_tag":[1047,1048,1049,1568,1567,1574,1573,709,1051,712],"class_list":{"0":"post-18921","1":"product","2":"type-product","3":"status-publish","4":"has-post-thumbnail","6":"product_cat-cadeaux-luxembourgeois","7":"product_tag-calendrier","8":"product_tag-calendrier-du-luxembourg","9":"product_tag-calendrier-luxembourg-fr","10":"product_tag-calendrier-luxembourg-2025-fr","11":"product_tag-calendrier-luxembourgeois-2025","12":"product_tag-kalender-luxemburg-fr","13":"product_tag-kalenner-letzebuerg-fr","14":"product_tag-le-grand-duche-de-luxembourg","15":"product_tag-luxembourg-magique-fr","16":"product_tag-ville-de-luxembourg","17":"product_shipping_class-calendriers","19":"first","20":"outofstock","21":"taxable","22":"shipping-taxable","23":"purchasable","24":"product-type-variable"},"featured_image_urls_v2":{"full":["https:\/\/photographer.lu\/wp-content\/uploads\/2023\/09\/luxembourg-calendar-2025.webp",1500,1080,false],"thumbnail":["https:\/\/photographer.lu\/wp-content\/uploads\/2023\/09\/luxembourg-calendar-2025-550x396.webp",550,396,true],"medium":["https:\/\/photographer.lu\/wp-content\/uploads\/2023\/09\/luxembourg-calendar-2025-300x216.webp",300,216,true],"medium_large":["https:\/\/photographer.lu\/wp-content\/uploads\/2023\/09\/luxembourg-calendar-2025-768x553.webp",768,553,true],"large":["https:\/\/photographer.lu\/wp-content\/uploads\/2023\/09\/luxembourg-calendar-2025-1200x864.webp",1200,864,true],"1536x1536":["https:\/\/photographer.lu\/wp-content\/uploads\/2023\/09\/luxembourg-calendar-2025.webp",1500,1080,false],"2048x2048":["https:\/\/photographer.lu\/wp-content\/uploads\/2023\/09\/luxembourg-calendar-2025.webp",1500,1080,false],"woocommerce_archive_thumbnail":["https:\/\/photographer.lu\/wp-content\/uploads\/2023\/09\/luxembourg-calendar-2025-600x432.webp",600,432,true],"mailpoet_newsletter_max":["https:\/\/photographer.lu\/wp-content\/uploads\/2023\/09\/luxembourg-calendar-2025-1320x950.webp",1320,950,true],"woocommerce_thumbnail":["https:\/\/photographer.lu\/wp-content\/uploads\/2023\/09\/luxembourg-calendar-2025-600x432.webp",600,432,true],"woocommerce_single":["https:\/\/photographer.lu\/wp-content\/uploads\/2023\/09\/luxembourg-calendar-2025-1200x864.webp",1200,864,true],"woocommerce_gallery_thumbnail":["https:\/\/photographer.lu\/wp-content\/uploads\/2023\/09\/luxembourg-calendar-2025-120x120.webp",120,120,true],"jetpack-portfolio-admin-thumb":["https:\/\/photographer.lu\/wp-content\/uploads\/2023\/09\/luxembourg-calendar-2025-50x50.webp",50,50,true]},"post_excerpt_stackable_v2":"<p><strong>Luxembourg Magique 2025 calendrier hebdomadaire : 53 pages, 53 images, une page par semaine.<\/strong>  Le calendrier luxembourgeois 2025 comprend des photos de la ville de Luxembourg et du reste du Grand-Duch\u00e9 (Mamer, Bertrange, Strassen, Lac Haute S\u00fbre, Esch-sur-S\u00fbre, Kehlen, Ettelbruck, Diekirch, Schengen, Wellenstein, Arsdorf, Munsbach, Niederanven, Beaufort, Machtum, Clervaux, Vianden, Bourscheid, Cruchten, Bettborn, Colpach, Bourglinster, Moselle, Lenningen, Septfontaines, Differdange et Wiltz). Payez avec votre m\u00e9thode de paiement pr\u00e9f\u00e9r\u00e9e lors de la v\u00e9rification.  <span style=\"color: #ff0000;\"><strong>Les ventes se terminent le 13 d\u00e9cembre 2024.<\/strong><\/span><\/p>\n<p><img decoding=\"async\" class=\"alignnone size-full wp-image-22578\" src=\"https:\/\/photographer.lu\/wp-content\/uploads\/2022\/10\/payment-methods-luxembourg.webp\" alt=\"les m\u00e9thodes de paiement\" width=\"581\" height=\"40\" srcset=\"https:\/\/photographer.lu\/wp-content\/uploads\/2022\/10\/payment-methods-luxembourg.webp 581w, https:\/\/photographer.lu\/wp-content\/uploads\/2022\/10\/payment-methods-luxembourg-300x21.webp 300w, https:\/\/photographer.lu\/wp-content\/uploads\/2022\/10\/payment-methods-luxembourg-550x38.webp 550w\" sizes=\"(max-width: 581px) 100vw, 581px\" \/><\/p>\n","category_list_v2":"","author_info_v2":{"name":"","url":""},"comments_num_v2":"0 commentaire","acf":[],"jetpack_sharing_enabled":true,"_links":{"self":[{"href":"https:\/\/photographer.lu\/fr\/wp-json\/wp\/v2\/product\/18921","targetHints":{"allow":["GET"]}}],"collection":[{"href":"https:\/\/photographer.lu\/fr\/wp-json\/wp\/v2\/product"}],"about":[{"href":"https:\/\/photographer.lu\/fr\/wp-json\/wp\/v2\/types\/product"}],"replies":[{"embeddable":true,"href":"https:\/\/photographer.lu\/fr\/wp-json\/wp\/v2\/comments?post=18921"}],"wp:featuredmedia":[{"embeddable":true,"href":"https:\/\/photographer.lu\/fr\/wp-json\/wp\/v2\/media\/34605"}],"wp:attachment":[{"href":"https:\/\/photographer.lu\/fr\/wp-json\/wp\/v2\/media?parent=18921"}],"wp:term":[{"taxonomy":"product_brand","embeddable":true,"href":"https:\/\/photographer.lu\/fr\/wp-json\/wp\/v2\/product_brand?post=18921"},{"taxonomy":"product_cat","embeddable":true,"href":"https:\/\/photographer.lu\/fr\/wp-json\/wp\/v2\/product_cat?post=18921"},{"taxonomy":"product_tag","embeddable":true,"href":"https:\/\/photographer.lu\/fr\/wp-json\/wp\/v2\/product_tag?post=18921"}],"curies":[{"name":"wp","href":"https:\/\/api.w.org\/{rel}","templated":true}]}}