{"id":18994,"date":"2022-10-09T20:46:08","date_gmt":"2022-10-09T20:46:08","guid":{"rendered":"https:\/\/photographer.lu\/photo\/la-ville-de-luxembourg-au-printemps\/"},"modified":"2023-09-28T04:19:00","modified_gmt":"2023-09-28T04:19:00","slug":"la-ville-de-luxembourg-au-printemps","status":"publish","type":"product","link":"https:\/\/photographer.lu\/fr\/photo\/la-ville-de-luxembourg-au-printemps\/","title":{"rendered":"La ville de Luxembourg au printemps"},"content":{"rendered":"<p>Photo <span style=\"color: #008000;\">commerciale<\/span> d&rsquo;arbres en fleurs dans la ville de Luxembourg au printemps. La cath\u00e9drale Notre-Dame est visible dans la vieille ville \u00e0 travers les fleurs de cerisier.<\/p>\n<p>Cette image est disponible sous licence en t\u00e9l\u00e9chargement num\u00e9rique.<\/p>\n<p>Des tirages limit\u00e9s et des tirages libres sont disponibles.<\/p>\n","protected":false},"excerpt":{"rendered":"<p>Ville de Luxembourg au printemps avec des cerisiers en fleurs<\/p>\n","protected":false},"featured_media":18611,"comment_status":"open","ping_status":"closed","template":"","meta":{"pgc_sgb_lightbox_settings":""},"product_brand":[],"product_cat":[703,702],"product_tag":[727,724,723,716,718,714,705,715,717,713,711,726,728,719,721,712,720],"class_list":{"0":"post-18994","1":"product","2":"type-product","3":"status-publish","4":"has-post-thumbnail","6":"product_cat-luxembourg-images-fr","7":"product_cat-tirages-dart","8":"product_tag-arbre-de-printemps","9":"product_tag-arbre-en-fleurs","10":"product_tag-fleuri","11":"product_tag-fleurs","12":"product_tag-iconique","13":"product_tag-images-du-luxembourg","14":"product_tag-imprime","15":"product_tag-letzebuerg-fr","16":"product_tag-photoen","17":"product_tag-photos-du-luxembourg","18":"product_tag-points-de-repere","19":"product_tag-printemps","20":"product_tag-printemps-fr","21":"product_tag-saisons","22":"product_tag-symboles","23":"product_tag-ville-de-luxembourg","24":"product_tag-ville-haute-fr","25":"product_shipping_class-imprimes","27":"first","28":"instock","29":"taxable","30":"shipping-taxable","31":"purchasable","32":"product-type-variable"},"featured_image_urls_v2":{"full":["https:\/\/photographer.lu\/wp-content\/uploads\/2022\/10\/8488-L-VIO-1009-Luxembourg-city-spring-season.webp",1200,800,false],"thumbnail":["https:\/\/photographer.lu\/wp-content\/uploads\/2022\/10\/8488-L-VIO-1009-Luxembourg-city-spring-season-550x367.webp",550,367,true],"medium":["https:\/\/photographer.lu\/wp-content\/uploads\/2022\/10\/8488-L-VIO-1009-Luxembourg-city-spring-season-300x200.webp",300,200,true],"medium_large":["https:\/\/photographer.lu\/wp-content\/uploads\/2022\/10\/8488-L-VIO-1009-Luxembourg-city-spring-season-768x512.webp",768,512,true],"large":["https:\/\/photographer.lu\/wp-content\/uploads\/2022\/10\/8488-L-VIO-1009-Luxembourg-city-spring-season.webp",1200,800,false],"1536x1536":["https:\/\/photographer.lu\/wp-content\/uploads\/2022\/10\/8488-L-VIO-1009-Luxembourg-city-spring-season.webp",1200,800,false],"2048x2048":["https:\/\/photographer.lu\/wp-content\/uploads\/2022\/10\/8488-L-VIO-1009-Luxembourg-city-spring-season.webp",1200,800,false],"woocommerce_archive_thumbnail":["https:\/\/photographer.lu\/wp-content\/uploads\/2022\/10\/8488-L-VIO-1009-Luxembourg-city-spring-season-600x400.webp",600,400,true],"mailpoet_newsletter_max":["https:\/\/photographer.lu\/wp-content\/uploads\/2022\/10\/8488-L-VIO-1009-Luxembourg-city-spring-season.webp",1200,800,false],"woocommerce_thumbnail":["https:\/\/photographer.lu\/wp-content\/uploads\/2022\/10\/8488-L-VIO-1009-Luxembourg-city-spring-season-600x400.webp",600,400,true],"woocommerce_single":["https:\/\/photographer.lu\/wp-content\/uploads\/2022\/10\/8488-L-VIO-1009-Luxembourg-city-spring-season.webp",1200,800,false],"woocommerce_gallery_thumbnail":["https:\/\/photographer.lu\/wp-content\/uploads\/2022\/10\/8488-L-VIO-1009-Luxembourg-city-spring-season-120x120.webp",120,120,true],"jetpack-portfolio-admin-thumb":["https:\/\/photographer.lu\/wp-content\/uploads\/2022\/10\/8488-L-VIO-1009-Luxembourg-city-spring-season-50x50.webp",50,50,true]},"post_excerpt_stackable_v2":"<p>Ville de Luxembourg au printemps avec des cerisiers en fleurs<\/p>\n","category_list_v2":"","author_info_v2":{"name":"","url":""},"comments_num_v2":"0 commentaire","acf":[],"jetpack_sharing_enabled":true,"_links":{"self":[{"href":"https:\/\/photographer.lu\/fr\/wp-json\/wp\/v2\/product\/18994","targetHints":{"allow":["GET"]}}],"collection":[{"href":"https:\/\/photographer.lu\/fr\/wp-json\/wp\/v2\/product"}],"about":[{"href":"https:\/\/photographer.lu\/fr\/wp-json\/wp\/v2\/types\/product"}],"replies":[{"embeddable":true,"href":"https:\/\/photographer.lu\/fr\/wp-json\/wp\/v2\/comments?post=18994"}],"wp:featuredmedia":[{"embeddable":true,"href":"https:\/\/photographer.lu\/fr\/wp-json\/wp\/v2\/media\/18611"}],"wp:attachment":[{"href":"https:\/\/photographer.lu\/fr\/wp-json\/wp\/v2\/media?parent=18994"}],"wp:term":[{"taxonomy":"product_brand","embeddable":true,"href":"https:\/\/photographer.lu\/fr\/wp-json\/wp\/v2\/product_brand?post=18994"},{"taxonomy":"product_cat","embeddable":true,"href":"https:\/\/photographer.lu\/fr\/wp-json\/wp\/v2\/product_cat?post=18994"},{"taxonomy":"product_tag","embeddable":true,"href":"https:\/\/photographer.lu\/fr\/wp-json\/wp\/v2\/product_tag?post=18994"}],"curies":[{"name":"wp","href":"https:\/\/api.w.org\/{rel}","templated":true}]}}